{"id":7240,"date":"2019-12-02T16:17:03","date_gmt":"2019-12-02T15:17:03","guid":{"rendered":"https:\/\/visionzero.lu\/fr\/?page_id=7240"},"modified":"2026-02-23T15:13:04","modified_gmt":"2026-02-23T14:13:04","slug":"__trashed","status":"publish","type":"page","link":"https:\/\/visionzero.lu\/fr\/liste-des-adherents\/","title":{"rendered":"Liste des adh\u00e9rents"},"content":{"rendered":"<p>L\u2019adh\u00e9sion des entreprises \u00e0 la VISION ZERO est un engagement volontaire pour r\u00e9duire le nombre et la gravit\u00e9 des accidents du travail, des accidents de trajet et des maladies professionnelles. Nous tenons \u00e0 f\u00e9liciter les <span id=\"entreprisecount\"><\/span> entreprises reprises ci-dessous pour leur engagement.<\/p>\n<p><a href=\"https:\/\/visionzero.lu\/adhesion\/\"><button class=\"inscriptionButton\">Adh\u00e9sion \u00e0 la VISION ZERO<\/button><\/a><\/p>","protected":false},"excerpt":{"rendered":"<p>L\u2019adh\u00e9sion des entreprises \u00e0 la VISION ZERO est un engagement volontaire pour r\u00e9duire le nombre et la gravit\u00e9 des accidents du travail, des accidents de trajet et des maladies professionnelles. Nous tenons \u00e0 f\u00e9liciter les entreprises reprises ci-dessous pour leur engagement. Adh\u00e9sion \u00e0 la VISION ZERO<\/p>\n","protected":false},"author":1,"featured_media":26824,"parent":0,"menu_order":26,"comment_status":"closed","ping_status":"closed","template":"template-partners-list.php","meta":{"_acf_changed":false,"footnotes":""},"class_list":["post-7240","page","type-page","status-publish","has-post-thumbnail","hentry"],"acf":{"logo_page":true,"certified":false,"header_color":"blue","custom_header_logo":"https:\/\/visionzero.lu\/wp-content\/uploads\/2026\/02\/logo-slogal-fr.jpg"},"_links":{"self":[{"href":"https:\/\/visionzero.lu\/fr\/wp-json\/wp\/v2\/pages\/7240","targetHints":{"allow":["GET"]}}],"collection":[{"href":"https:\/\/visionzero.lu\/fr\/wp-json\/wp\/v2\/pages"}],"about":[{"href":"https:\/\/visionzero.lu\/fr\/wp-json\/wp\/v2\/types\/page"}],"author":[{"embeddable":true,"href":"https:\/\/visionzero.lu\/fr\/wp-json\/wp\/v2\/users\/1"}],"replies":[{"embeddable":true,"href":"https:\/\/visionzero.lu\/fr\/wp-json\/wp\/v2\/comments?post=7240"}],"version-history":[{"count":5,"href":"https:\/\/visionzero.lu\/fr\/wp-json\/wp\/v2\/pages\/7240\/revisions"}],"predecessor-version":[{"id":26832,"href":"https:\/\/visionzero.lu\/fr\/wp-json\/wp\/v2\/pages\/7240\/revisions\/26832"}],"wp:featuredmedia":[{"embeddable":true,"href":"https:\/\/visionzero.lu\/fr\/wp-json\/wp\/v2\/media\/26824"}],"wp:attachment":[{"href":"https:\/\/visionzero.lu\/fr\/wp-json\/wp\/v2\/media?parent=7240"}],"curies":[{"name":"wp","href":"https:\/\/api.w.org\/{rel}","templated":true}]}}