{"id":704,"date":"2019-06-25T14:26:28","date_gmt":"2019-06-25T12:26:28","guid":{"rendered":"https:\/\/visionzero.lu\/?page_id=704"},"modified":"2026-02-23T15:10:02","modified_gmt":"2026-02-23T14:10:02","slug":"adhesion-a-la-vision-zero-2","status":"publish","type":"page","link":"https:\/\/visionzero.lu\/fr\/adhesion\/inscription\/","title":{"rendered":"Adh\u00e9sion VISION ZERO"},"content":{"rendered":"<p>\u2026 et r\u00e9duisons ensemble le nombre et la gravit\u00e9 des accidents du travail, des accidents de trajet et des maladies professionnelles. Pour adh\u00e9rer \u00e0 la strat\u00e9gie nationale, remplissez le formulaire ci-dessous.<\/p>","protected":false},"excerpt":{"rendered":"<p>\u2026 et r\u00e9duisons ensemble le nombre et la gravit\u00e9 des accidents du travail, des accidents de trajet et des maladies professionnelles. Pour adh\u00e9rer \u00e0 la strat\u00e9gie nationale, remplissez le formulaire ci-dessous.<\/p>\n","protected":false},"author":1,"featured_media":26824,"parent":372,"menu_order":3,"comment_status":"closed","ping_status":"closed","template":"template-subscription.php","meta":{"_acf_changed":false,"footnotes":""},"class_list":["post-704","page","type-page","status-publish","has-post-thumbnail","hentry"],"acf":{"has_description":true,"subtitle":"Engagez-vous en mati\u00e8re de s\u00e9curit\u00e9-sant\u00e9 au travail","agree":"<p>J\u2019accepte les <a href=\"https:\/\/visionzero.lu\/conditions\/\">Conditions g\u00e9n\u00e9rales<\/a> et les dispositions sur la <a href=\"https:\/\/visionzero.lu\/protection-des-donnees\/\">Protection des donn\u00e9es<\/a>.<\/p>\n","has_footer":true,"footer":"","has_gray_line":true,"actual_inscriptions":"255","header_color":"blue","custom_header_logo":"https:\/\/visionzero.lu\/wp-content\/uploads\/2026\/02\/logo-slogal-fr.jpg"},"_links":{"self":[{"href":"https:\/\/visionzero.lu\/fr\/wp-json\/wp\/v2\/pages\/704","targetHints":{"allow":["GET"]}}],"collection":[{"href":"https:\/\/visionzero.lu\/fr\/wp-json\/wp\/v2\/pages"}],"about":[{"href":"https:\/\/visionzero.lu\/fr\/wp-json\/wp\/v2\/types\/page"}],"author":[{"embeddable":true,"href":"https:\/\/visionzero.lu\/fr\/wp-json\/wp\/v2\/users\/1"}],"replies":[{"embeddable":true,"href":"https:\/\/visionzero.lu\/fr\/wp-json\/wp\/v2\/comments?post=704"}],"version-history":[{"count":2,"href":"https:\/\/visionzero.lu\/fr\/wp-json\/wp\/v2\/pages\/704\/revisions"}],"predecessor-version":[{"id":26830,"href":"https:\/\/visionzero.lu\/fr\/wp-json\/wp\/v2\/pages\/704\/revisions\/26830"}],"up":[{"embeddable":true,"href":"https:\/\/visionzero.lu\/fr\/wp-json\/wp\/v2\/pages\/372"}],"wp:featuredmedia":[{"embeddable":true,"href":"https:\/\/visionzero.lu\/fr\/wp-json\/wp\/v2\/media\/26824"}],"wp:attachment":[{"href":"https:\/\/visionzero.lu\/fr\/wp-json\/wp\/v2\/media?parent=704"}],"curies":[{"name":"wp","href":"https:\/\/api.w.org\/{rel}","templated":true}]}}