{"id":496,"date":"2019-06-19T11:30:35","date_gmt":"2019-06-19T09:30:35","guid":{"rendered":"https:\/\/visionzero.lu\/?page_id=496"},"modified":"2019-10-25T11:20:11","modified_gmt":"2019-10-25T09:20:11","slug":"bonnes-pratiques-2","status":"publish","type":"page","link":"https:\/\/visionzero.lu\/fr\/bonnes-pratiques\/exemples\/","title":{"rendered":"Bonnes pratiques"},"content":{"rendered":"<p><\/p>\n<h2>Bonnes pratiques des entreprises<\/h2>\n<p>Ci-dessous les bonnes pratiques d\u2019entreprises luxembourgeoises en s\u00e9curit\u00e9-sant\u00e9 au travail. Gr\u00e2ce au module de recherche et aux diff\u00e9rents filtres, vous pouvez affiner votre recherche pour consulter les bonnes pratiques souhait\u00e9es.<\/p>\n<p>Les entreprises luxembourgeoises souhaitant partager leurs bonnes pratiques, peuvent se rendre \u00e0 la page <a href=\"https:\/\/visionzero.lu\/fr\/bonnes-pratiques\/demarche-2\/\">D\u00e9marche de publication<\/a> qui regroupe les crit\u00e8res d\u2019admission et les modalit\u00e9s pratiques.<\/p>","protected":false},"excerpt":{"rendered":"<p>Bonnes pratiques des entreprises Ci-dessous les bonnes pratiques d\u2019entreprises luxembourgeoises en s\u00e9curit\u00e9-sant\u00e9 au travail. Gr\u00e2ce au module de recherche et aux diff\u00e9rents filtres, vous pouvez affiner votre recherche pour consulter les bonnes pratiques souhait\u00e9es. Les entreprises luxembourgeoises souhaitant partager leurs bonnes pratiques, peuvent se rendre \u00e0 la page D\u00e9marche de publication qui regroupe les crit\u00e8res [&hellip;]<\/p>\n","protected":false},"author":1,"featured_media":468,"parent":1139,"menu_order":2,"comment_status":"closed","ping_status":"closed","template":"template-bonne-pratique.php","meta":{"_acf_changed":false,"footnotes":""},"class_list":["post-496","page","type-page","status-publish","has-post-thumbnail","hentry"],"acf":{"has_description":false,"subtitle":"Bonnes pratiques des entreprises","has_footer":false,"footer":""},"_links":{"self":[{"href":"https:\/\/visionzero.lu\/fr\/wp-json\/wp\/v2\/pages\/496","targetHints":{"allow":["GET"]}}],"collection":[{"href":"https:\/\/visionzero.lu\/fr\/wp-json\/wp\/v2\/pages"}],"about":[{"href":"https:\/\/visionzero.lu\/fr\/wp-json\/wp\/v2\/types\/page"}],"author":[{"embeddable":true,"href":"https:\/\/visionzero.lu\/fr\/wp-json\/wp\/v2\/users\/1"}],"replies":[{"embeddable":true,"href":"https:\/\/visionzero.lu\/fr\/wp-json\/wp\/v2\/comments?post=496"}],"version-history":[{"count":0,"href":"https:\/\/visionzero.lu\/fr\/wp-json\/wp\/v2\/pages\/496\/revisions"}],"up":[{"embeddable":true,"href":"https:\/\/visionzero.lu\/fr\/wp-json\/wp\/v2\/pages\/1139"}],"wp:featuredmedia":[{"embeddable":true,"href":"https:\/\/visionzero.lu\/fr\/wp-json\/wp\/v2\/media\/468"}],"wp:attachment":[{"href":"https:\/\/visionzero.lu\/fr\/wp-json\/wp\/v2\/media?parent=496"}],"curies":[{"name":"wp","href":"https:\/\/api.w.org\/{rel}","templated":true}]}}