{"id":456,"date":"2019-06-19T10:12:22","date_gmt":"2019-06-19T08:12:54","guid":{"rendered":"https:\/\/visionzero.lu\/?page_id=456"},"modified":"2019-09-12T17:12:45","modified_gmt":"2019-09-12T15:12:45","slug":"demarche","status":"publish","type":"page","link":"https:\/\/visionzero.lu\/fr\/bonnes-pratiques\/demarche-2\/","title":{"rendered":"Bonnes pratiques"},"content":{"rendered":"<p><\/p>\n<h2>D\u00e9marche de publication de bonnes pratiques<\/h2>\n<p>Les entreprises souhaitant partager une bonne pratique, trouveront ci-dessous les crit\u00e8res d\u2019admission et les modalit\u00e9s pratiques.<\/p>\n<p><u>Crit\u00e8res d\u2019admission (au niveau de l\u2019entreprise) :<\/u><\/p>\n<ul>\n<li>Entreprise luxembourgeoise<\/li>\n<li>Entreprise (au moins une des conditions suivantes doit \u00eatre remplie)\n<ul>\n<li>Adh\u00e9rent VISION ZERO<\/li>\n<li>Entreprise certifi\u00e9e label \u00ab S\u00e9cher &amp; Gesond mat System \u00bb de l\u2019AAA<\/li>\n<li>Entreprise certifi\u00e9e label \u00ab ESR- ENTREPRISE RESPONSABLE \u00bb de l\u2019INDR<\/li>\n<li>Syst\u00e8me de management de s\u00e9curit\u00e9 et de sant\u00e9 au travail (p.ex. : ISO 45001, OHSAS 18001, MASE, VCA)<\/li>\n<li>Laur\u00e9at Prix national SST (anciennement Prix Pr\u00e9vention)<\/li>\n<\/ul>\n<\/li>\n<\/ul>\n<p><u>Crit\u00e8res d\u2019admission (au niveau des bonnes pratiques) :<\/u><\/p>\n<p>L\u2019exemple de bonne pratique doit r\u00e9pondre aux crit\u00e8res suivants\u00a0:<\/p>\n<ul>\n<li>Favoriser la s\u00e9curit\u00e9 et la sant\u00e9 au travail \u00e0 travers la coop\u00e9ration des dirigeants et des travailleurs.<\/li>\n<li>Aller au-del\u00e0 du cadre l\u00e9gal en mati\u00e8re de s\u00e9curit\u00e9-sant\u00e9 au travail<\/li>\n<li>Reprendre l\u2019objectif, le descriptif et les r\u00e9sultats de la bonne pratique mis en \u0153uvre dans l\u2019entreprise<\/li>\n<\/ul>\n<p><u>Modalit\u00e9s pratiques :<\/u><\/p>\n<ul>\n<li>Une entreprise peut envoyer plusieurs bonnes pratiques, mais introduire chaque bonne pratique s\u00e9par\u00e9ment via <a href=\"https:\/\/visionzero.lu\/fr\/bonnes-pratiques\/partage\/\">ce formulaire<\/a>.<\/li>\n<li>Par demande plusieurs fichiers peuvent \u00eatre envoy\u00e9s (p.ex. documents office, vid\u00e9os, fichiers audio, \u2026). L\u2019entreprise peut fournir une photo cl\u00e9 (\u00ab key photo \u00bb) qui pourra \u00eatre reprise dans la rubrique \u00ab Bonnes pratiques \u00bb.<\/li>\n<li>Apr\u00e8s l\u2019envoi de la demande, vous recevrez une copie par mail de votre demande.<\/li>\n<li>Apr\u00e8s consultation du dossier, l\u2019entreprise sera contact\u00e9e et inform\u00e9e si la bonne pratique sera publi\u00e9e sur le site Internet de la VISION ZERO.<\/li>\n<\/ul>\n<p><\/p>","protected":false},"excerpt":{"rendered":"<p>D\u00e9marche de publication de bonnes pratiques Les entreprises souhaitant partager une bonne pratique, trouveront ci-dessous les crit\u00e8res d\u2019admission et les modalit\u00e9s pratiques. Crit\u00e8res d\u2019admission (au niveau de l\u2019entreprise) : Entreprise luxembourgeoise Entreprise (au moins une des conditions suivantes doit \u00eatre remplie) Adh\u00e9rent VISION ZERO Entreprise certifi\u00e9e label \u00ab S\u00e9cher &amp; Gesond mat System \u00bb de [&hellip;]<\/p>\n","protected":false},"author":1,"featured_media":0,"parent":1139,"menu_order":3,"comment_status":"closed","ping_status":"closed","template":"","meta":{"_acf_changed":false,"footnotes":""},"class_list":["post-456","page","type-page","status-publish","hentry"],"acf":{"subtitle":"D\u00e9marche de publication","content":false,"has_subtitle":false,"pages":false,"gray_line":true,"has_logo_page":true,"size_content":"9","logo_page":"https:\/\/visionzero.lu\/wp-content\/uploads\/2019\/06\/Vison_Zero_logo_Outil_Q.png"},"_links":{"self":[{"href":"https:\/\/visionzero.lu\/fr\/wp-json\/wp\/v2\/pages\/456","targetHints":{"allow":["GET"]}}],"collection":[{"href":"https:\/\/visionzero.lu\/fr\/wp-json\/wp\/v2\/pages"}],"about":[{"href":"https:\/\/visionzero.lu\/fr\/wp-json\/wp\/v2\/types\/page"}],"author":[{"embeddable":true,"href":"https:\/\/visionzero.lu\/fr\/wp-json\/wp\/v2\/users\/1"}],"replies":[{"embeddable":true,"href":"https:\/\/visionzero.lu\/fr\/wp-json\/wp\/v2\/comments?post=456"}],"version-history":[{"count":0,"href":"https:\/\/visionzero.lu\/fr\/wp-json\/wp\/v2\/pages\/456\/revisions"}],"up":[{"embeddable":true,"href":"https:\/\/visionzero.lu\/fr\/wp-json\/wp\/v2\/pages\/1139"}],"wp:attachment":[{"href":"https:\/\/visionzero.lu\/fr\/wp-json\/wp\/v2\/media?parent=456"}],"curies":[{"name":"wp","href":"https:\/\/api.w.org\/{rel}","templated":true}]}}