{"id":397,"date":"2019-06-18T11:20:32","date_gmt":"2019-06-18T09:20:32","guid":{"rendered":"https:\/\/visionzero.lu\/?page_id=397"},"modified":"2025-10-21T16:09:16","modified_gmt":"2025-10-21T14:09:16","slug":"contact","status":"publish","type":"page","link":"https:\/\/visionzero.lu\/fr\/contact\/","title":{"rendered":"Contact"},"content":{"rendered":"<p>En remplissant le formulaire ci-dessous, votre demande de contact sera envoy\u00e9e au Service Pr\u00e9vention de l\u2019Association d\u2019assurance accident (AAA). Vous trouvez les coordonn\u00e9es des initiateurs de la VISION ZERO (AAA, UEL, INDR) au bas de ce formulaire.<\/p>","protected":false},"excerpt":{"rendered":"<p>En remplissant le formulaire ci-dessous, votre demande de contact sera envoy\u00e9e au Service Pr\u00e9vention de l\u2019Association d\u2019assurance accident (AAA). Vous trouvez les coordonn\u00e9es des initiateurs de la VISION ZERO (AAA, UEL, INDR) au bas de ce formulaire.<\/p>\n","protected":false},"author":1,"featured_media":0,"parent":0,"menu_order":66,"comment_status":"closed","ping_status":"closed","template":"template-contact.php","meta":{"_acf_changed":false,"footnotes":""},"class_list":["post-397","page","type-page","status-publish","hentry"],"acf":{"subjects":[{"subject_text":"Adh\u00e9sion VISION ZERO","subject_value":"Adhesion"},{"subject_text":"Forum SST","subject_value":"Forum SST"},{"subject_text":"Prix SST","subject_value":"Prix SST"},{"subject_text":"\u00c9v\u00e9nements","subject_value":"\u00c9v\u00e9nements"},{"subject_text":"Bonnes pratiques","subject_value":"Bonnes pratiques"},{"subject_text":"Label","subject_value":"Label"},{"subject_text":"Presse","subject_value":"Presse"},{"subject_text":"Autre","subject_value":"Autre"}],"agree":"<p>J\u2019accepte les <strong><a href=\"https:\/\/visionzero.lu\/fr\/conditions\/\">conditions d\u2019utilisation<\/a><\/strong> ainsi que la <strong><a href=\"https:\/\/visionzero.lu\/fr\/protection-des-donnees\/\">politique de confidentialit\u00e9<\/a><\/strong>.<\/p>\n","initiator":[{"logo":"https:\/\/visionzero.lu\/wp-content\/uploads\/2019\/09\/aaa_logo.png","content":"<h3>Association d\u2019assurance accident<\/h3>\n<p>Service Pr\u00e9vention<br \/>\n4, rue Mercier<br \/>\nL-2144 Luxembourg<\/p>\n<p>T\u00e9l : (+352) 26 19 15 \u2013 22 01<br \/>\nE-mail : <a href=\"mailto:prevention.aaa@secu.lu\" target=\"_blank\" rel=\"noopener\">prevention.aaa@secu.lu<\/a><br \/>\nSite web : <a href=\"http:\/\/www.aaa.lu\" target=\"_blank\" rel=\"noopener\">www.aaa.lu<\/a><\/p>\n","social":[{"type_social":"linkedin","url_social":"https:\/\/www.linkedin.com\/company\/aaa_luxembourg"},{"type_social":"facebook","url_social":"https:\/\/www.facebook.com\/AssociationAssuranceAccident\/"}]},{"logo":"https:\/\/visionzero.lu\/wp-content\/uploads\/2025\/10\/Logotype_RVB_Couleurs-2-scaled.png","content":"<h3>UEL<\/h3>\n<p>7, rue Alcide de Gasperi<br \/>\nBo\u00eete postale 3024<br \/>\nL-1030 Luxembourg<\/p>\n<p>T\u00e9l : (+352) 26 009 \u2013 1<br \/>\nE-mail : <a href=\"mailto:uel@uel.lu\" target=\"_blank\" rel=\"noopener\">uel@uel.lu<\/a><br \/>\nSite web : <a href=\"http:\/\/www.uel.lu\" target=\"_blank\" rel=\"noopener\">www.uel.lu<\/a><\/p>\n","social":[{"type_social":"linkedin","url_social":"https:\/\/www.linkedin.com\/company\/union-des-entreprises-luxembourgeoises---uel\/"},{"type_social":"twitter","url_social":"https:\/\/twitter.com\/uel_lu"}]},{"logo":"https:\/\/visionzero.lu\/wp-content\/uploads\/2019\/09\/logo-indr.png","content":"<h3>INDR<\/h3>\n<p>7, rue Alcide de Gasperi<br \/>\nBo\u00eete postale 3024<br \/>\nL-1030 Luxembourg<\/p>\n<p>T\u00e9l : (+352) 27 33 0 \u2013 1<br \/>\nE-mail : <a href=\"mailto:indr@indr.lu\" target=\"_blank\" rel=\"noopener\">indr@indr.lu<\/a><br \/>\nSite web : <a href=\"http:\/\/www.indr.lu\" target=\"_blank\" rel=\"noopener\">www.indr.lu<\/a><\/p>\n","social":[{"type_social":"linkedin","url_social":"https:\/\/www.linkedin.com\/company\/indr---institut-national-pour-le-d-veloppement-durable-et-la-responsabilit-des-entreprises\/"},{"type_social":"facebook","url_social":"https:\/\/www.facebook.com\/INDR.lu\/"}]}],"email":"prevention.aaa@secu.lu","email_subject":"","actual_inscriptions":"1106","header_color":"gray"},"_links":{"self":[{"href":"https:\/\/visionzero.lu\/fr\/wp-json\/wp\/v2\/pages\/397","targetHints":{"allow":["GET"]}}],"collection":[{"href":"https:\/\/visionzero.lu\/fr\/wp-json\/wp\/v2\/pages"}],"about":[{"href":"https:\/\/visionzero.lu\/fr\/wp-json\/wp\/v2\/types\/page"}],"author":[{"embeddable":true,"href":"https:\/\/visionzero.lu\/fr\/wp-json\/wp\/v2\/users\/1"}],"replies":[{"embeddable":true,"href":"https:\/\/visionzero.lu\/fr\/wp-json\/wp\/v2\/comments?post=397"}],"version-history":[{"count":7,"href":"https:\/\/visionzero.lu\/fr\/wp-json\/wp\/v2\/pages\/397\/revisions"}],"predecessor-version":[{"id":26454,"href":"https:\/\/visionzero.lu\/fr\/wp-json\/wp\/v2\/pages\/397\/revisions\/26454"}],"wp:attachment":[{"href":"https:\/\/visionzero.lu\/fr\/wp-json\/wp\/v2\/media?parent=397"}],"curies":[{"name":"wp","href":"https:\/\/api.w.org\/{rel}","templated":true}]}}