{"id":372,"date":"2019-06-17T17:24:22","date_gmt":"2019-06-17T15:24:22","guid":{"rendered":"https:\/\/visionzero.lu\/?page_id=372"},"modified":"2026-02-25T12:07:21","modified_gmt":"2026-02-25T11:07:21","slug":"adhesion-a-la-vision-zero","status":"publish","type":"page","link":"https:\/\/visionzero.lu\/fr\/adhesion\/","title":{"rendered":"Adh\u00e9sion \u00e0 la VISION ZERO"},"content":{"rendered":"<p>L\u2019adh\u00e9sion des entreprises et des partenaires institutionnels \u00e0 la VISION ZERO est un engagement volontaire pour r\u00e9duire le nombre et la gravit\u00e9 des accidents du travail, des accidents de trajet et des maladies professionnelles.<\/p>\n<p>L\u2019adh\u00e9sion \u00e0 la VISION ZERO est r\u00e9serv\u00e9e aux entreprises et partenaires institutionnels \u00e9tablis au Luxembourg.<\/p>\n<p><a href=\"https:\/\/visionzero.lu\/fr\/actuality\/nouveautes-pour-les-adherents-de-la-premiere-phase-2016-2022-de-la-vision-zero\/\">D\u00e9couvrez les nouveaut\u00e9s pour les adh\u00e9rents de la premi\u00e8re phase (2016 &#8211; 2022) de la VISION ZERO<\/a><\/p>\n<h3 data-start=\"92\" data-end=\"122\">Nouveau logo VISION ZERO<\/h3>\n<p data-start=\"124\" data-end=\"267\">Les adh\u00e9rents peuvent d\u00e9sormais utiliser le <strong data-start=\"168\" data-end=\"217\">nouveau logo de la VISION ZERO \u2013 Tous engag\u00e9s<\/strong> pour leurs communications internes et externes.<\/p>\n<p data-start=\"269\" data-end=\"323\">Le logo vous sera prochainement envoy\u00e9 par courriel.<\/p>\n<p data-start=\"325\" data-end=\"442\">Pour toute demande urgente, veuillez contacter le <strong data-start=\"375\" data-end=\"400\">Service Communication<\/strong> de l\u2019AAA :<\/p>\n<p><a href=\"mailto:communication.aaa@secu.lu\">communication.aaa@secu.lu<\/a><\/p>","protected":false},"excerpt":{"rendered":"<p>L\u2019adh\u00e9sion des entreprises et des partenaires institutionnels \u00e0 la VISION ZERO est un engagement volontaire pour r\u00e9duire le nombre et la gravit\u00e9 des accidents du travail, des accidents de trajet et des maladies professionnelles. L\u2019adh\u00e9sion \u00e0 la VISION ZERO est r\u00e9serv\u00e9e aux entreprises et partenaires institutionnels \u00e9tablis au Luxembourg. D\u00e9couvrez les nouveaut\u00e9s pour les adh\u00e9rents [&hellip;]<\/p>\n","protected":false},"author":1,"featured_media":19,"parent":0,"menu_order":28,"comment_status":"closed","ping_status":"closed","template":"","meta":{"_acf_changed":false,"footnotes":""},"class_list":["post-372","page","type-page","status-publish","has-post-thumbnail","hentry"],"acf":{"has_subtitle":false,"pages":[{"page":"https:\/\/visionzero.lu\/fr\/adhesion\/demarche\/","icon":"https:\/\/visionzero.lu\/wp-content\/uploads\/2019\/06\/Groupe-49@2x.png","title":"D\u00e9marche","external_page":false,"url":""},{"page":"https:\/\/visionzero.lu\/fr\/adhesion\/avantages\/","icon":"https:\/\/visionzero.lu\/wp-content\/uploads\/2019\/06\/Groupe-67.png","title":"Avantages de l\u2019adh\u00e9sion","external_page":false,"url":""},{"page":"https:\/\/visionzero.lu\/fr\/adhesion\/inscription\/","icon":"https:\/\/visionzero.lu\/wp-content\/uploads\/2019\/07\/inscription-01.png","title":"Inscription","external_page":false,"url":""}],"subtitle":"Adh\u00e9sion \u00e0 la VISION ZERO","gray_line":true,"has_logo_page":true,"logo_page":false,"size_content":"9","content":[{"type_content":"grid_landscape","text_block":{"text_description":"","logo":false},"image_text_block":{"side_image":false,"text_description":"","image":false,"image_caption":""},"gallery_block":{"title_gallery":"","gallery":null},"images_grid_block":{"title":"","slider":false,"gallery":false,"gallery_de":false,"images_en":false,"button_text":"","button_link":"","zip_file":false,"zip_file_text":""},"documents_block":{"title_block_documents":"","file_document":false},"subject_block":{"title_subject_block":"","page":false},"new_layout":false,"grid_landscape":[{"external_page":false,"mediatheque":false,"title":"D\u00e9marche","page":"https:\/\/visionzero.lu\/fr\/adhesion\/demarche\/","url":"","mediaurl":"https:\/\/visionzero.lu\/en\/media-library\/?typeFile=videos","icon":"https:\/\/visionzero.lu\/wp-content\/uploads\/2019\/06\/Groupe-49@2x-1.png"},{"external_page":false,"mediatheque":false,"title":"Inscription","page":"https:\/\/visionzero.lu\/fr\/adhesion\/inscription\/","url":"","mediaurl":"https:\/\/visionzero.lu\/en\/media-library\/?typeFile=videos","icon":"https:\/\/visionzero.lu\/wp-content\/uploads\/2019\/07\/inscription-01.png"},{"external_page":false,"mediatheque":false,"title":"Liste des adh\u00e9rents","page":"https:\/\/visionzero.lu\/fr\/liste-des-adherents\/","url":"","mediaurl":"https:\/\/visionzero.lu\/en\/media-library\/?typeFile=videos","icon":"https:\/\/visionzero.lu\/wp-content\/uploads\/2019\/07\/Groupe-37.png"}],"grid_square":{"size_edition_label":false,"num_culomns":4,"small_edition":false,"side_edition_label":false,"big_edition_label":false,"edition_block":""},"grid_campagne":{"title":"","campagnes":null},"partners":{"title":"","type_partners":false},"partners_pick":{"title":"","type_partners":null},"editions":{"title":"","edition":false},"collapse_labels":false,"testimonial_gallery":false,"testimonial_media":{"title":"","media_testimonial":false},"title_gallery":"","gallery":false,"tab_content":{"tab_list":false},"image_text_block_2":{"image":false,"logo":false,"text_description":""}},{"type_content":"text_block","text_block":{"text_description":"<h3 class=\"lateralGrayline\">Avantages de l\u2019adh\u00e9sion pour votre entreprise<\/h3>\n<p>L\u2019adh\u00e9sion \u00e0 la VISION ZERO est un engagement volontaire pour r\u00e9duire le nombre et la gravit\u00e9 des accidents du travail, des accidents de trajet et des maladies professionnelles. Les avantages sont multiples:<\/p>\n<ul>\n<li>Diminution des accidents du travail, des accidents de trajet et des maladies professionnelles<\/li>\n<li>Protection des salari\u00e9s et augmentation de la motivation de chacun<\/li>\n<li>Am\u00e9lioration de la productivit\u00e9<\/li>\n<li>Contribution \u00e0 une image corporative positive<\/li>\n<li>Participation active \u00e0 la r\u00e9ussite de la strat\u00e9gie nationale VISION ZERO<\/li>\n<li>Mise \u00e0 disposition des logos sp\u00e9cifiques de la VISION ZERO<\/li>\n<\/ul>\n","logo":false},"image_text_block":{"side_image":false,"text_description":"","image":false,"image_caption":""},"gallery_block":{"title_gallery":"","gallery":null},"images_grid_block":{"title":"","slider":false,"gallery":false,"gallery_de":false,"images_en":false,"button_text":"","button_link":"","zip_file":false,"zip_file_text":""},"documents_block":{"title_block_documents":"","file_document":false},"subject_block":{"title_subject_block":"","page":false},"new_layout":false,"grid_landscape":false,"grid_square":{"size_edition_label":false,"num_culomns":4,"small_edition":false,"side_edition_label":false,"big_edition_label":false,"edition_block":""},"grid_campagne":{"title":"","campagnes":null},"partners":{"title":"","type_partners":false},"partners_pick":{"title":"","type_partners":null},"editions":{"title":"","edition":false},"collapse_labels":false,"testimonial_gallery":false,"testimonial_media":{"title":"","media_testimonial":false},"title_gallery":"","gallery":false,"tab_content":{"tab_list":false},"image_text_block_2":{"image":false,"logo":false,"text_description":""}}],"header_color":"blue"},"_links":{"self":[{"href":"https:\/\/visionzero.lu\/fr\/wp-json\/wp\/v2\/pages\/372","targetHints":{"allow":["GET"]}}],"collection":[{"href":"https:\/\/visionzero.lu\/fr\/wp-json\/wp\/v2\/pages"}],"about":[{"href":"https:\/\/visionzero.lu\/fr\/wp-json\/wp\/v2\/types\/page"}],"author":[{"embeddable":true,"href":"https:\/\/visionzero.lu\/fr\/wp-json\/wp\/v2\/users\/1"}],"replies":[{"embeddable":true,"href":"https:\/\/visionzero.lu\/fr\/wp-json\/wp\/v2\/comments?post=372"}],"version-history":[{"count":2,"href":"https:\/\/visionzero.lu\/fr\/wp-json\/wp\/v2\/pages\/372\/revisions"}],"predecessor-version":[{"id":26876,"href":"https:\/\/visionzero.lu\/fr\/wp-json\/wp\/v2\/pages\/372\/revisions\/26876"}],"wp:featuredmedia":[{"embeddable":true,"href":"https:\/\/visionzero.lu\/fr\/wp-json\/wp\/v2\/media\/19"}],"wp:attachment":[{"href":"https:\/\/visionzero.lu\/fr\/wp-json\/wp\/v2\/media?parent=372"}],"curies":[{"name":"wp","href":"https:\/\/api.w.org\/{rel}","templated":true}]}}