{"id":364,"date":"2019-06-17T17:08:28","date_gmt":"2019-06-17T15:08:28","guid":{"rendered":"https:\/\/visionzero.lu\/?page_id=364"},"modified":"2023-01-26T15:26:56","modified_gmt":"2023-01-26T14:26:56","slug":"avantages-de-ladhesion","status":"publish","type":"page","link":"https:\/\/visionzero.lu\/fr\/adhesion\/avantages\/","title":{"rendered":"Adh\u00e9sion VISION ZERO"},"content":{"rendered":"<p>L&rsquo;adh\u00e9sion \u00e0 la VISION ZERO est un engagement volontaire pour r\u00e9duire le nombre et la gravit\u00e9 des accidents du travail, des accidents de trajet et des maladies professionnelles. Les avantages sont multiples:<\/p>\n<ul>\n<li>Diminution des accidents du travail, des accidents de trajet et des maladies professionnelles<\/li>\n<li>Protection des salari\u00e9s et augmentation de la motivation de chacun<\/li>\n<li>Am\u00e9lioration de la productivit\u00e9<\/li>\n<li>Contribution \u00e0 une image corporative positive<\/li>\n<li>Participation active \u00e0 la r\u00e9ussite de la strat\u00e9gie nationale VISION ZERO<\/li>\n<li>Mise \u00e0 disposition des logos sp\u00e9cifiques de la VISION ZERO<\/li>\n<\/ul>\n<p><\/p>","protected":false},"excerpt":{"rendered":"<p>L&rsquo;adh\u00e9sion \u00e0 la VISION ZERO est un engagement volontaire pour r\u00e9duire le nombre et la gravit\u00e9 des accidents du travail, des accidents de trajet et des maladies professionnelles. Les avantages sont multiples: Diminution des accidents du travail, des accidents de trajet et des maladies professionnelles Protection des salari\u00e9s et augmentation de la motivation de chacun [&hellip;]<\/p>\n","protected":false},"author":1,"featured_media":0,"parent":372,"menu_order":1,"comment_status":"closed","ping_status":"closed","template":"","meta":{"_acf_changed":false,"footnotes":""},"class_list":["post-364","page","type-page","status-publish","hentry"],"acf":{"pages":false,"has_subtitle":true,"subtitle":"Avantages de l\u2019adh\u00e9sion pour votre entreprise","gray_line":true,"has_logo_page":true,"logo_page":"https:\/\/visionzero.lu\/wp-content\/uploads\/2019\/10\/Vison_Zero_logo_EntrepriseEngagee_Q.png","size_content":"9","content":false},"_links":{"self":[{"href":"https:\/\/visionzero.lu\/fr\/wp-json\/wp\/v2\/pages\/364","targetHints":{"allow":["GET"]}}],"collection":[{"href":"https:\/\/visionzero.lu\/fr\/wp-json\/wp\/v2\/pages"}],"about":[{"href":"https:\/\/visionzero.lu\/fr\/wp-json\/wp\/v2\/types\/page"}],"author":[{"embeddable":true,"href":"https:\/\/visionzero.lu\/fr\/wp-json\/wp\/v2\/users\/1"}],"replies":[{"embeddable":true,"href":"https:\/\/visionzero.lu\/fr\/wp-json\/wp\/v2\/comments?post=364"}],"version-history":[{"count":0,"href":"https:\/\/visionzero.lu\/fr\/wp-json\/wp\/v2\/pages\/364\/revisions"}],"up":[{"embeddable":true,"href":"https:\/\/visionzero.lu\/fr\/wp-json\/wp\/v2\/pages\/372"}],"wp:attachment":[{"href":"https:\/\/visionzero.lu\/fr\/wp-json\/wp\/v2\/media?parent=364"}],"curies":[{"name":"wp","href":"https:\/\/api.w.org\/{rel}","templated":true}]}}