{"id":321,"date":"2019-06-13T11:03:03","date_gmt":"2019-06-13T09:03:03","guid":{"rendered":"https:\/\/visionzero.lu\/?page_id=321"},"modified":"2023-05-24T17:00:30","modified_gmt":"2023-05-24T15:00:30","slug":"mediatheque","status":"publish","type":"page","link":"https:\/\/visionzero.lu\/fr\/mediatheque\/","title":{"rendered":"M\u00e9diath\u00e8que"},"content":{"rendered":"<p>Vous trouverez dans la m\u00e9diath\u00e8que des brochures, des affiches, des vid\u00e9os et de nombreux autres outils des initiateurs et des partenaires de la VISION ZERO au sujet de la s\u00e9curit\u00e9 et de la sant\u00e9 au travail. Gr\u00e2ce au module de recherche et aux diff\u00e9rents filtres, vous pouvez affiner votre recherche pour consulter la documentation souhait\u00e9e.<\/p>","protected":false},"excerpt":{"rendered":"<p>Vous trouverez dans la m\u00e9diath\u00e8que des brochures, des affiches, des vid\u00e9os et de nombreux autres outils des initiateurs et des partenaires de la VISION ZERO au sujet de la s\u00e9curit\u00e9 et de la sant\u00e9 au travail. Gr\u00e2ce au module de recherche et aux diff\u00e9rents filtres, vous pouvez affiner votre recherche pour consulter la documentation souhait\u00e9e.<\/p>\n","protected":false},"author":1,"featured_media":0,"parent":0,"menu_order":44,"comment_status":"closed","ping_status":"closed","template":"template-mediatheque.php","meta":{"_acf_changed":false,"footnotes":""},"class_list":["post-321","page","type-page","status-publish","hentry"],"acf":{"header_color":"turquoise"},"_links":{"self":[{"href":"https:\/\/visionzero.lu\/fr\/wp-json\/wp\/v2\/pages\/321","targetHints":{"allow":["GET"]}}],"collection":[{"href":"https:\/\/visionzero.lu\/fr\/wp-json\/wp\/v2\/pages"}],"about":[{"href":"https:\/\/visionzero.lu\/fr\/wp-json\/wp\/v2\/types\/page"}],"author":[{"embeddable":true,"href":"https:\/\/visionzero.lu\/fr\/wp-json\/wp\/v2\/users\/1"}],"replies":[{"embeddable":true,"href":"https:\/\/visionzero.lu\/fr\/wp-json\/wp\/v2\/comments?post=321"}],"version-history":[{"count":1,"href":"https:\/\/visionzero.lu\/fr\/wp-json\/wp\/v2\/pages\/321\/revisions"}],"predecessor-version":[{"id":21314,"href":"https:\/\/visionzero.lu\/fr\/wp-json\/wp\/v2\/pages\/321\/revisions\/21314"}],"wp:attachment":[{"href":"https:\/\/visionzero.lu\/fr\/wp-json\/wp\/v2\/media?parent=321"}],"curies":[{"name":"wp","href":"https:\/\/api.w.org\/{rel}","templated":true}]}}