{"id":308,"date":"2019-06-12T18:00:48","date_gmt":"2019-06-12T16:00:48","guid":{"rendered":"https:\/\/visionzero.lu\/?page_id=308"},"modified":"2025-11-04T07:47:16","modified_gmt":"2025-11-04T06:47:16","slug":"label-entreprise-responsable","status":"publish","type":"page","link":"https:\/\/visionzero.lu\/fr\/label-esr\/","title":{"rendered":"Label ESR"},"content":{"rendered":"<p>Gr\u00e2ce \u00e0 des services adapt\u00e9s \u00e0 leurs besoins, le Programme National ESR &#8211; Entreprise Responsable aide les entreprises \u00e0 se transformer pour relever les d\u00e9fis du d\u00e9veloppement durable et \u00e0 renforcer leurs impacts positifs \u2013 \u00e9conomiques, sociaux et environnementaux.<\/p>\n<p>D\u00e9velopp\u00e9 en collaboration avec les principaux acteurs nationaux de la RSE, le r\u00e9f\u00e9rentiel ESR constitue le cadre de r\u00e9f\u00e9rence des entreprises luxembourgeoises pour structurer une d\u00e9marche de performance durable. Il reprend les principales th\u00e9matiques de la RSE jug\u00e9es pertinentes dans le contexte luxembourgeois, tout en se basant sur les principaux standards internationaux. Il offre ainsi une vue d\u2019ensemble claire des principales attentes de la soci\u00e9t\u00e9 \u00e0 l\u2019\u00e9gard des entreprises.<\/p>\n<p>Accessible via la plateforme en ligne, <a href=\"http:\/\/www.esr.lu\" target=\"_blank\" rel=\"noopener\">www.esr.lu<\/a> le r\u00e9f\u00e9rentiel ESR permet \u00e0 chaque entreprise d\u2019\u00e9valuer sa maturit\u00e9 en mati\u00e8re de responsabilit\u00e9 soci\u00e9tale et d\u2019engager une d\u00e9marche d\u2019am\u00e9lioration continue, quels que soient sa taille et son secteur d\u2019activit\u00e9.<\/p>\n<p>L\u2019\u00e9valuation r\u00e9alis\u00e9e \u00e0 partir du r\u00e9f\u00e9rentiel constitue la premi\u00e8re \u00e9tape du processus de labellisation ESR. Apr\u00e8s une v\u00e9rification sur site par un expert agr\u00e9\u00e9, gage de robustesse et d\u2019objectivit\u00e9, l\u2019entreprise re\u00e7oit des recommandations cibl\u00e9es pour planifier ses axes d\u2019am\u00e9lioration et renforcer sa d\u00e9marche.<\/p>\n<p>En conclusion, le label ESR \u2013 Entreprise Responsable permet \u00e0 chaque entreprise de structurer sa strat\u00e9gie RSE, de valoriser ses engagements et de s\u2019inscrire dans une dynamique d\u2019am\u00e9lioration continue reconnue par ses parties prenantes au niveau national et europ\u00e9en.<\/p>\n<pre class=\"moz-quote-pre\"><\/pre>\n<p><\/p>","protected":false},"excerpt":{"rendered":"<p>Gr\u00e2ce \u00e0 des services adapt\u00e9s \u00e0 leurs besoins, le Programme National ESR &#8211; Entreprise Responsable aide les entreprises \u00e0 se transformer pour relever les d\u00e9fis du d\u00e9veloppement durable et \u00e0 renforcer leurs impacts positifs \u2013 \u00e9conomiques, sociaux et environnementaux. D\u00e9velopp\u00e9 en collaboration avec les principaux acteurs nationaux de la RSE, le r\u00e9f\u00e9rentiel ESR constitue le [&hellip;]<\/p>\n","protected":false},"author":1,"featured_media":0,"parent":0,"menu_order":61,"comment_status":"closed","ping_status":"closed","template":"","meta":{"_acf_changed":false,"footnotes":""},"class_list":["post-308","page","type-page","status-publish","hentry"],"acf":{"pages":[{"page":"https:\/\/visionzero.lu\/fr\/agenda\/","icon":"https:\/\/visionzero.lu\/wp-content\/uploads\/2019\/06\/Groupe-53.png","title":"Plus d\u2019informations  sur le label ESR","external_page":true,"url":"http:\/\/indr.lu\/label-esr\/presentation\/"},{"page":"https:\/\/visionzero.lu\/fr\/politique-de-confidentialite\/","icon":"https:\/\/visionzero.lu\/wp-content\/uploads\/2019\/06\/open-book.png","title":"Consultez le guide ESR","external_page":true,"url":"https:\/\/www.esr.lu\/fr\/accueil"},{"page":null,"icon":"https:\/\/visionzero.lu\/wp-content\/uploads\/2019\/06\/Groupe-47.png","title":"Entreprises labellis\u00e9es","external_page":true,"url":"http:\/\/indr.lu\/label-esr\/entreprises-labellisees-esr\/"}],"has_subtitle":false,"has_logo_page":true,"logo_page":"https:\/\/visionzero.lu\/wp-content\/uploads\/2019\/06\/Logo_ESR_Q.png","size_content":"9","content":[{"type_content":"grid_landscape","text_block":{"text_description":"","logo":false},"image_text_block":{"side_image":false,"text_description":"","image":false,"image_caption":""},"gallery_block":{"title_gallery":"","gallery":null},"images_grid_block":{"title":"","slider":false,"gallery":false,"gallery_de":false,"images_en":false,"button_text":"","button_link":"","zip_file":false,"zip_file_text":""},"documents_block":{"title_block_documents":"","file_document":false},"subject_block":{"title_subject_block":"","page":false},"new_layout":false,"grid_landscape":[{"external_page":true,"mediatheque":false,"title":"Plus d\u2019informations  sur le label ESR","page":null,"url":"https:\/\/indr.lu\/beneficier-du-label-esr\/","mediaurl":"https:\/\/visionzero.lu\/en\/media-library\/?typeFile=videos","icon":"https:\/\/visionzero.lu\/wp-content\/uploads\/2019\/06\/Groupe-53.png"},{"external_page":true,"mediatheque":false,"title":"Consulter le r\u00e9f\u00e9rentiel ESR","page":null,"url":"https:\/\/esr.lu\/home","mediaurl":"https:\/\/visionzero.lu\/en\/media-library\/?typeFile=videos","icon":"https:\/\/visionzero.lu\/wp-content\/uploads\/2019\/06\/open-book@2x.png"},{"external_page":true,"mediatheque":false,"title":"Entreprises labellis\u00e9es","page":null,"url":"https:\/\/indr.lu\/fr\/les-services-aux-entreprises\/beneficier-du-label-esr\/entreprises-labellisees-esr\/","mediaurl":"https:\/\/visionzero.lu\/en\/media-library\/?typeFile=videos","icon":"https:\/\/visionzero.lu\/wp-content\/uploads\/2019\/06\/Groupe-47@2x-1.png"}],"grid_square":{"size_edition_label":false,"num_culomns":4,"small_edition":false,"side_edition_label":false,"big_edition_label":false,"edition_block":""},"grid_campagne":{"title":"","campagnes":null},"partners":{"title":"","type_partners":false},"partners_pick":{"title":"","type_partners":null},"editions":{"title":"","edition":false},"collapse_labels":false,"testimonial_gallery":false,"testimonial_media":{"title":"","media_testimonial":false},"title_gallery":"","gallery":false,"tab_content":{"tab_list":false},"image_text_block_2":{"image":false,"logo":false,"text_description":""}}],"header_color":"purple"},"_links":{"self":[{"href":"https:\/\/visionzero.lu\/fr\/wp-json\/wp\/v2\/pages\/308","targetHints":{"allow":["GET"]}}],"collection":[{"href":"https:\/\/visionzero.lu\/fr\/wp-json\/wp\/v2\/pages"}],"about":[{"href":"https:\/\/visionzero.lu\/fr\/wp-json\/wp\/v2\/types\/page"}],"author":[{"embeddable":true,"href":"https:\/\/visionzero.lu\/fr\/wp-json\/wp\/v2\/users\/1"}],"replies":[{"embeddable":true,"href":"https:\/\/visionzero.lu\/fr\/wp-json\/wp\/v2\/comments?post=308"}],"version-history":[{"count":6,"href":"https:\/\/visionzero.lu\/fr\/wp-json\/wp\/v2\/pages\/308\/revisions"}],"predecessor-version":[{"id":26495,"href":"https:\/\/visionzero.lu\/fr\/wp-json\/wp\/v2\/pages\/308\/revisions\/26495"}],"wp:attachment":[{"href":"https:\/\/visionzero.lu\/fr\/wp-json\/wp\/v2\/media?parent=308"}],"curies":[{"name":"wp","href":"https:\/\/api.w.org\/{rel}","templated":true}]}}