{"id":292,"date":"2019-06-12T16:34:19","date_gmt":"2019-06-12T14:34:19","guid":{"rendered":"https:\/\/visionzero.lu\/?page_id=292"},"modified":"2023-05-24T17:05:08","modified_gmt":"2023-05-24T15:05:08","slug":"label-secher-gesond-mat-system","status":"publish","type":"page","link":"https:\/\/visionzero.lu\/fr\/label-sgs\/","title":{"rendered":"Label \u00ab S\u00e9cher a Gesond mat System \u00bb"},"content":{"rendered":"<p>Dans un souci d\u2019aider les entreprises \u00e0 mettre en place une gestion efficace de la s\u00e9curit\u00e9 et de la sant\u00e9 au travail, l\u2019Association d\u2019assurance accident (AAA) a cr\u00e9\u00e9 un label de qualit\u00e9 en mati\u00e8re de s\u00e9curit\u00e9 et de sant\u00e9 au travail, d\u00e9nomm\u00e9 \u00ab S\u00e9cher a Gesond mat System \u00bb. Avec ce label, destin\u00e9 aux petites et moyennes entreprises, l\u2019AAA aimerait encourager les efforts particuliers des employeurs en mati\u00e8re de pr\u00e9vention des risques, tout en minimisant le volet administratif.<\/p>\n<p>Le label offre aux entreprises une image de qualit\u00e9 en mati\u00e8re de s\u00e9curit\u00e9 et de sant\u00e9 au travail et leur permet surtout de b\u00e9n\u00e9ficier d\u2019un conseil personnalis\u00e9 et d\u2019un accompagnement par les agents du service pr\u00e9vention de l\u2019AAA.<\/p>\n<p>Les frais d\u2019assistance et de conseil aux entreprises par les agents du service de pr\u00e9vention de l\u2019AAA, ainsi que les frais des audits sont pris en charge par l\u2019AAA. Les autres frais, notamment ceux en relation avec la mise en conformit\u00e9 avec les dispositions l\u00e9gales et r\u00e9glementaires en mati\u00e8re de s\u00e9curit\u00e9 et de sant\u00e9 au travail sont \u00e0 la charge des entreprises.<\/p>\n<p>La Chambre de Commerce, la Chambre des M\u00e9tiers et l\u2019Institut national pour le d\u00e9veloppement durable et la responsabilit\u00e9 sociale des entreprises (INDR) s\u2019engagent par le biais d\u2019une convention \u00e0 coop\u00e9rer avec l\u2019Association d\u2019assurance accident en vue de promouvoir l\u2019action de conseil et de labellisation aupr\u00e8s de leurs ressortissants et membres.<\/p>","protected":false},"excerpt":{"rendered":"<p>Dans un souci d\u2019aider les entreprises \u00e0 mettre en place une gestion efficace de la s\u00e9curit\u00e9 et de la sant\u00e9 au travail, l\u2019Association d\u2019assurance accident (AAA) a cr\u00e9\u00e9 un label de qualit\u00e9 en mati\u00e8re de s\u00e9curit\u00e9 et de sant\u00e9 au travail, d\u00e9nomm\u00e9 \u00ab S\u00e9cher a Gesond mat System \u00bb. Avec ce label, destin\u00e9 aux petites [&hellip;]<\/p>\n","protected":false},"author":1,"featured_media":14561,"parent":0,"menu_order":60,"comment_status":"closed","ping_status":"closed","template":"","meta":{"_acf_changed":false,"footnotes":""},"class_list":["post-292","page","type-page","status-publish","has-post-thumbnail","hentry"],"acf":{"pages":[{"page":null,"icon":"https:\/\/visionzero.lu\/wp-content\/uploads\/2019\/06\/Groupe-49@2x-1.png","title":"D\u00e9marche","external_page":false,"url":""},{"page":"https:\/\/visionzero.lu\/fr\/label-sgs\/questionnaire-en-ligne\/","icon":"https:\/\/visionzero.lu\/wp-content\/uploads\/2019\/06\/survey@2x-1.png","title":"Questionnaire en ligne","external_page":false,"url":""},{"page":"https:\/\/visionzero.lu\/fr\/label-sgs\/entreprises-certifiees\/","icon":"https:\/\/visionzero.lu\/wp-content\/uploads\/2019\/06\/Groupe-47.png","title":"Enterprises certifi\u00e9es","external_page":false,"url":""}],"has_subtitle":false,"subtitle":"","has_logo_page":true,"logo_page":"https:\/\/visionzero.lu\/wp-content\/uploads\/2022\/05\/RVB_SST_Label.png","size_content":"9","content":[{"type_content":"grid_landscape","text_block":{"text_description":"","logo":false},"image_text_block":{"side_image":false,"text_description":"","image":false,"image_caption":""},"gallery_block":{"title_gallery":"","gallery":null},"images_grid_block":{"title":"","slider":false,"gallery":false,"gallery_de":false,"images_en":false,"button_text":"","button_link":"","zip_file":false,"zip_file_text":""},"documents_block":{"title_block_documents":"","file_document":false},"subject_block":{"title_subject_block":"","page":false},"new_layout":false,"grid_landscape":[{"external_page":false,"mediatheque":false,"title":"D\u00e9marche","page":"https:\/\/visionzero.lu\/fr\/label-sgs\/demarche-4\/","url":"","mediaurl":"https:\/\/visionzero.lu\/en\/media-library\/?typeFile=videos","icon":"https:\/\/visionzero.lu\/wp-content\/uploads\/2019\/06\/Groupe-49@2x-1.png"},{"external_page":false,"mediatheque":false,"title":"Questionnaire en ligne","page":"https:\/\/visionzero.lu\/fr\/label-sgs\/questionnaire-en-ligne\/","url":"","mediaurl":"https:\/\/visionzero.lu\/en\/media-library\/?typeFile=videos","icon":"https:\/\/visionzero.lu\/wp-content\/uploads\/2019\/06\/survey@2x-1.png"},{"external_page":false,"mediatheque":false,"title":"Entreprises certifi\u00e9es","page":"https:\/\/visionzero.lu\/fr\/label-sgs\/entreprises-certifiees\/","url":"","mediaurl":"https:\/\/visionzero.lu\/en\/media-library\/?typeFile=videos","icon":"https:\/\/visionzero.lu\/wp-content\/uploads\/2019\/06\/Groupe-47@2x.png"}],"grid_square":{"size_edition_label":false,"num_culomns":4,"small_edition":false,"side_edition_label":false,"big_edition_label":false,"edition_block":""},"grid_campagne":{"title":"","campagnes":null},"partners":{"title":"","type_partners":false},"partners_pick":{"title":"","type_partners":null},"editions":{"title":"","edition":false},"collapse_labels":false,"testimonial_gallery":false,"testimonial_media":{"title":"","media_testimonial":false},"title_gallery":"","gallery":false,"tab_content":{"tab_list":false},"image_text_block_2":{"image":false,"logo":false,"text_description":""}}],"header_color":"purple"},"_links":{"self":[{"href":"https:\/\/visionzero.lu\/fr\/wp-json\/wp\/v2\/pages\/292","targetHints":{"allow":["GET"]}}],"collection":[{"href":"https:\/\/visionzero.lu\/fr\/wp-json\/wp\/v2\/pages"}],"about":[{"href":"https:\/\/visionzero.lu\/fr\/wp-json\/wp\/v2\/types\/page"}],"author":[{"embeddable":true,"href":"https:\/\/visionzero.lu\/fr\/wp-json\/wp\/v2\/users\/1"}],"replies":[{"embeddable":true,"href":"https:\/\/visionzero.lu\/fr\/wp-json\/wp\/v2\/comments?post=292"}],"version-history":[{"count":3,"href":"https:\/\/visionzero.lu\/fr\/wp-json\/wp\/v2\/pages\/292\/revisions"}],"predecessor-version":[{"id":26161,"href":"https:\/\/visionzero.lu\/fr\/wp-json\/wp\/v2\/pages\/292\/revisions\/26161"}],"wp:featuredmedia":[{"embeddable":true,"href":"https:\/\/visionzero.lu\/fr\/wp-json\/wp\/v2\/media\/14561"}],"wp:attachment":[{"href":"https:\/\/visionzero.lu\/fr\/wp-json\/wp\/v2\/media?parent=292"}],"curies":[{"name":"wp","href":"https:\/\/api.w.org\/{rel}","templated":true}]}}