{"id":2623,"date":"2019-08-05T10:12:25","date_gmt":"2019-08-05T08:12:25","guid":{"rendered":"https:\/\/visionzero.lu\/fr\/?page_id=2623"},"modified":"2024-12-19T10:50:21","modified_gmt":"2024-12-19T09:50:21","slug":"forum-sst-2016","status":"publish","type":"page","link":"https:\/\/visionzero.lu\/fr\/forum-sst-16\/","title":{"rendered":"Forum s\u00e9curit\u00e9-sant\u00e9 au travail 2016"},"content":{"rendered":"<p>La 10\u00e8me \u00e9dition du Forum s\u00e9curit\u00e9-sant\u00e9 au travail marque une nouvelle \u00e9tape dans la volont\u00e9 solidaire des acteurs nationaux \u00e0 faire progresser la s\u00e9curit\u00e9 et la sant\u00e9 au travail au Luxembourg. Lors de la s\u00e9ance acad\u00e9mique pour laquelle les organisateurs ont eu l\u2019honneur d\u2019accueillir Leurs Altesses Royales le Grand-Duc H\u00e9ritier et la Grande-Duchesse H\u00e9riti\u00e8re, les acteurs nationaux impliqu\u00e9s ont annonc\u00e9 une nouvelle strat\u00e9gie nationale commune pour promouvoir la s\u00e9curit\u00e9, la sant\u00e9 et le bien-\u00eatre au travail bas\u00e9e sur la \u00ab VISION ZERO \u00bb.<\/p>\n<p>Pour marquer le pas et pour sortir de l&rsquo;\u00e9tat de stagnation des accidents du travail depuis les derni\u00e8res ann\u00e9es, les acteurs nationaux ont sign\u00e9 une Charte nationale \u00ab VISION ZERO \u00bb. Les signataires sont : Minist\u00e8re de la S\u00e9curit\u00e9 sociale, Minist\u00e8re du Travail, de l\u2019Emploi et de l\u2019Economie sociale et solidaire, Minist\u00e8re de la Sant\u00e9, Minist\u00e8re de l\u2019Int\u00e9rieur, Minist\u00e8re du D\u00e9veloppement durable et des Infrastructures, Minist\u00e8re de la Fonction publique et de la R\u00e9forme administrative, les syndicats nationaux CGFP, LCGB et OGBL ainsi que les initiateurs de la charte, l\u2019AAA, l&rsquo;UEL et l&rsquo;INDR.<\/p>","protected":false},"excerpt":{"rendered":"<p>La 10\u00e8me \u00e9dition du Forum s\u00e9curit\u00e9-sant\u00e9 au travail marque une nouvelle \u00e9tape dans la volont\u00e9 solidaire des acteurs nationaux \u00e0 faire progresser la s\u00e9curit\u00e9 et la sant\u00e9 au travail au Luxembourg. Lors de la s\u00e9ance acad\u00e9mique pour laquelle les organisateurs ont eu l\u2019honneur d\u2019accueillir Leurs Altesses Royales le Grand-Duc H\u00e9ritier et la Grande-Duchesse H\u00e9riti\u00e8re, les [&hellip;]<\/p>\n","protected":false},"author":1,"featured_media":0,"parent":0,"menu_order":29,"comment_status":"closed","ping_status":"closed","template":"","meta":{"_acf_changed":false,"footnotes":""},"class_list":["post-2623","page","type-page","status-publish","hentry"],"acf":{"has_subtitle":false,"has_logo_page":true,"logo_page":"https:\/\/visionzero.lu\/wp-content\/uploads\/2022\/04\/RVB_SST_Forum-fr.png","size_content":"9","content":[{"type_content":"grid_square","text_block":{"text_description":"","logo":false},"image_text_block":{"side_image":false,"text_description":"","image":false,"image_caption":""},"gallery_block":{"title_gallery":"","gallery":null},"images_grid_block":{"title":"","slider":false,"gallery":false,"gallery_de":false,"images_en":false,"button_text":"","button_link":"","zip_file":false,"zip_file_text":""},"documents_block":{"title_block_documents":"","file_document":false},"subject_block":{"title_subject_block":"","page":false},"new_layout":false,"grid_landscape":false,"grid_square":{"size_edition_label":false,"num_culomns":"4","small_edition":[{"type_block":"red","icon":"https:\/\/visionzero.lu\/wp-content\/uploads\/2019\/07\/timetable.png","title":"Programme","external_page":"file","page":"https:\/\/visionzero.lu\/fr\/forum-sst-2019-2\/programme-2019\/","url":"","file":"https:\/\/visionzero.lu\/wp-content\/uploads\/2019\/09\/Forum-SST-2016-Programme.pdf","edition_block":"","size_edition_label":1,"mediatech_link":null},{"type_block":"red","icon":"https:\/\/visionzero.lu\/wp-content\/uploads\/2019\/07\/workshop-03.png","title":"Workshops","external_page":"file","page":"https:\/\/visionzero.lu\/fr\/forum-sst-2019-2\/workshops-2019\/","url":"http:\/\/www.google.lu","file":"https:\/\/visionzero.lu\/wp-content\/uploads\/2019\/09\/Forum-SST-2016-Programme.pdf","edition_block":"","size_edition_label":1,"mediatech_link":null},{"type_block":"red","icon":"https:\/\/visionzero.lu\/wp-content\/uploads\/2019\/07\/list.png","title":"List des exposants","external_page":"file","page":"https:\/\/visionzero.lu\/fr\/adhesion\/liste-adherents\/","url":"","file":"https:\/\/visionzero.lu\/wp-content\/uploads\/2019\/09\/Forum-SST-2016-Exposants.pdf","edition_block":"","size_edition_label":1,"mediatech_link":null},{"type_block":"label","icon":false,"title":"","external_page":false,"page":null,"url":"","file":false,"edition_block":"<p>Edition du<\/p>\n<h1>24 mars 2016<\/h1>\n<h2>LUXEXPO THE BOX<\/h2>\n<p><span style=\"color: #999999;\">Format avec stands exposants<\/span><\/p>\n","size_edition_label":"1","mediatech_link":null},{"type_block":"blue","icon":"https:\/\/visionzero.lu\/wp-content\/uploads\/2019\/10\/gallery@2x-1.png","title":"Galerie photos","external_page":"int","page":"https:\/\/visionzero.lu\/fr\/gallery\/forum-sst-2016\/","url":"","file":false,"edition_block":"","size_edition_label":1,"mediatech_link":null},{"type_block":"blue","icon":"https:\/\/visionzero.lu\/wp-content\/uploads\/2019\/07\/video-play.png","title":"Vid\u00e9os","external_page":"ext","page":"https:\/\/visionzero.lu\/fr\/gallery\/test-gallery-4\/","url":"https:\/\/visionzero.lu\/fr\/mediatheque\/?subject=week&type=videos&year=2016","file":false,"edition_block":"","size_edition_label":1,"mediatech_link":false},{"type_block":"blue","icon":"https:\/\/visionzero.lu\/wp-content\/uploads\/2019\/10\/Group-46@2x-1.png","title":"Comuniqu\u00e9 de presse","external_page":"file","page":"","url":"","file":"https:\/\/visionzero.lu\/wp-content\/uploads\/2019\/09\/Forum-SST-2016-Communique\u0301.pdf","edition_block":"","size_edition_label":1,"mediatech_link":null},{"type_block":"blue","icon":"https:\/\/visionzero.lu\/wp-content\/uploads\/2019\/07\/mail.png","title":"Invitation","external_page":"file","page":"","url":"","file":"https:\/\/visionzero.lu\/wp-content\/uploads\/2019\/09\/Forum-SST-2016-Invitation.pdf","edition_block":"","size_edition_label":1,"mediatech_link":null}],"side_edition_label":"left","big_edition_label":false,"edition_block":"<p>Edition du<\/p>\n<h1>24 mars 2016<\/h1>\n<h2>Luxexpo The Box<\/h2>\n<p><span style=\"color: #999999;\">Format avec stands exposants<\/span><\/p>\n"},"grid_campagne":{"title":"","campagnes":null},"partners":{"title":"","type_partners":false},"partners_pick":{"title":"","type_partners":null},"editions":{"title":"","edition":false},"collapse_labels":false,"testimonial_gallery":false,"testimonial_media":{"title":"","media_testimonial":false},"title_gallery":"","gallery":false,"tab_content":{"tab_list":false},"image_text_block_2":{"image":false,"logo":false,"text_description":""}},{"type_content":"collaborator-pick","text_block":{"text_description":"","logo":false},"image_text_block":{"side_image":false,"text_description":"","image":false,"image_caption":""},"gallery_block":{"title_gallery":"","gallery":null},"images_grid_block":{"title":"","slider":false,"gallery":false,"gallery_de":false,"images_en":false,"button_text":"","button_link":"","zip_file":false,"zip_file_text":""},"documents_block":{"title_block_documents":"","file_document":false},"subject_block":{"title_subject_block":"","page":false},"new_layout":false,"grid_landscape":false,"grid_square":{"size_edition_label":false,"num_culomns":4,"small_edition":false,"side_edition_label":false,"big_edition_label":false,"edition_block":""},"grid_campagne":{"title":"","campagnes":null},"partners":{"title":"Organisateurs","type_partners":[{"term_id":6,"name":"Organiser","slug":"organiser","term_group":0,"term_taxonomy_id":6,"taxonomy":"relationship","description":"","parent":0,"count":4,"filter":"raw","term_order":"0","i18n_config":{"name":{"ts":{"fr":"Organiser"}}}}]},"partners_pick":{"title":"Organisateurs","type_partners":[{"ID":6124,"post_author":"1","post_date":"2019-09-02 15:45:43","post_date_gmt":"2019-09-02 13:45:43","post_content":"","post_title":"AAA","post_excerpt":"","post_status":"publish","comment_status":"closed","ping_status":"closed","post_password":"","post_name":"aaa","to_ping":"","pinged":"","post_modified":"2019-10-01 16:06:12","post_modified_gmt":"2019-10-01 14:06:12","post_content_filtered":"","post_parent":0,"guid":"https:\/\/visionzero.lu\/fr\/?post_type=partner&#038;p=6124","menu_order":0,"post_type":"partner","post_mime_type":"","comment_count":"0","filter":"raw"},{"ID":6126,"post_author":"1","post_date":"2019-09-02 15:46:03","post_date_gmt":"2019-09-02 13:46:03","post_content":"","post_title":"UEL","post_excerpt":"","post_status":"publish","comment_status":"closed","ping_status":"closed","post_password":"","post_name":"uel","to_ping":"","pinged":"","post_modified":"2025-10-21 15:13:55","post_modified_gmt":"2025-10-21 13:13:55","post_content_filtered":"","post_parent":0,"guid":"https:\/\/visionzero.lu\/fr\/?post_type=partner&#038;p=6126","menu_order":1,"post_type":"partner","post_mime_type":"","comment_count":"0","filter":"raw"},{"ID":6133,"post_author":"1","post_date":"2019-09-02 15:47:12","post_date_gmt":"2019-09-02 13:47:12","post_content":"","post_title":"INDR","post_excerpt":"","post_status":"publish","comment_status":"closed","ping_status":"closed","post_password":"","post_name":"indr","to_ping":"","pinged":"","post_modified":"2019-09-25 16:37:10","post_modified_gmt":"2019-09-25 14:37:10","post_content_filtered":"","post_parent":0,"guid":"https:\/\/visionzero.lu\/fr\/?post_type=partner&#038;p=6133","menu_order":2,"post_type":"partner","post_mime_type":"","comment_count":"0","filter":"raw"}]},"editions":{"title":"","edition":false},"collapse_labels":false,"testimonial_gallery":false,"testimonial_media":{"title":"","media_testimonial":false},"title_gallery":"","gallery":false,"tab_content":{"tab_list":false},"image_text_block_2":{"image":false,"logo":false,"text_description":""}},{"type_content":"collaborator-pick","text_block":{"text_description":"","logo":false},"image_text_block":{"side_image":false,"text_description":"","image":false,"image_caption":""},"gallery_block":{"title_gallery":"","gallery":null},"images_grid_block":{"title":"","slider":false,"gallery":false,"gallery_de":false,"images_en":false,"button_text":"","button_link":"","zip_file":false,"zip_file_text":""},"documents_block":{"title_block_documents":"","file_document":false},"subject_block":{"title_subject_block":"","page":false},"new_layout":false,"grid_landscape":false,"grid_square":{"size_edition_label":false,"num_culomns":4,"small_edition":false,"side_edition_label":false,"big_edition_label":false,"edition_block":""},"grid_campagne":{"title":"","campagnes":null},"partners":{"title":"Partenaires","type_partners":[{"term_id":5,"name":"Partner","slug":"partner","term_group":0,"term_taxonomy_id":5,"taxonomy":"relationship","description":"","parent":0,"count":4,"filter":"raw","term_order":"0","i18n_config":{"name":{"ts":{"fr":"Partner"}}}}]},"partners_pick":{"title":"Partenaires","type_partners":[{"ID":2158,"post_author":"2","post_date":"2019-07-30 17:47:47","post_date_gmt":"2019-07-30 15:47:47","post_content":"","post_title":"ArcelorMittal","post_excerpt":"","post_status":"publish","comment_status":"closed","ping_status":"closed","post_password":"","post_name":"arcelormittal","to_ping":"","pinged":"","post_modified":"2019-09-25 16:38:10","post_modified_gmt":"2019-09-25 14:38:10","post_content_filtered":"","post_parent":0,"guid":"https:\/\/visionzero.lu\/fr\/?post_type=partner&#038;p=2158","menu_order":3,"post_type":"partner","post_mime_type":"","comment_count":"0","filter":"raw"},{"ID":6142,"post_author":"1","post_date":"2019-09-02 16:16:52","post_date_gmt":"2019-09-02 14:16:52","post_content":"","post_title":"ITM","post_excerpt":"","post_status":"publish","comment_status":"closed","ping_status":"closed","post_password":"","post_name":"itm","to_ping":"","pinged":"","post_modified":"2022-07-05 16:42:55","post_modified_gmt":"2022-07-05 14:42:55","post_content_filtered":"","post_parent":0,"guid":"https:\/\/visionzero.lu\/fr\/?post_type=partner&#038;p=6142","menu_order":4,"post_type":"partner","post_mime_type":"","comment_count":"0","filter":"raw"},{"ID":2166,"post_author":"2","post_date":"2019-07-30 17:50:03","post_date_gmt":"2019-07-30 15:50:03","post_content":"","post_title":"IFSB","post_excerpt":"","post_status":"publish","comment_status":"closed","ping_status":"closed","post_password":"","post_name":"ifsb","to_ping":"","pinged":"","post_modified":"2019-09-25 16:38:00","post_modified_gmt":"2019-09-25 14:38:00","post_content_filtered":"","post_parent":0,"guid":"https:\/\/visionzero.lu\/fr\/?post_type=partner&#038;p=2166","menu_order":5,"post_type":"partner","post_mime_type":"","comment_count":"0","filter":"raw"},{"ID":6176,"post_author":"1","post_date":"2019-09-02 16:53:50","post_date_gmt":"2019-09-02 14:53:50","post_content":"","post_title":"AXA","post_excerpt":"","post_status":"publish","comment_status":"closed","ping_status":"closed","post_password":"","post_name":"axa","to_ping":"","pinged":"","post_modified":"2019-09-02 16:53:50","post_modified_gmt":"2019-09-02 14:53:50","post_content_filtered":"","post_parent":0,"guid":"https:\/\/visionzero.lu\/fr\/?post_type=partner&#038;p=6176","menu_order":9,"post_type":"partner","post_mime_type":"","comment_count":"0","filter":"raw"},{"ID":6147,"post_author":"1","post_date":"2019-09-02 16:24:09","post_date_gmt":"2019-09-02 14:24:09","post_content":"","post_title":"Direction de la sant\u00e9 - DSAT","post_excerpt":"","post_status":"publish","comment_status":"closed","ping_status":"closed","post_password":"","post_name":"dsate","to_ping":"","pinged":"","post_modified":"2023-12-11 09:38:43","post_modified_gmt":"2023-12-11 08:38:43","post_content_filtered":"","post_parent":0,"guid":"https:\/\/visionzero.lu\/fr\/?post_type=partner&#038;p=6147","menu_order":6,"post_type":"partner","post_mime_type":"","comment_count":"0","filter":"raw","post_title_ml":"[:fr]Direction de la sant\u00e9 - DSAT[:de]DSATE[:en]DSATE[:]","post_title_langs":{"fr":true,"de":true,"en":true}}]},"editions":{"title":"","edition":false},"collapse_labels":false,"testimonial_gallery":false,"testimonial_media":{"title":"","media_testimonial":false},"title_gallery":"","gallery":false,"tab_content":{"tab_list":false},"image_text_block_2":{"image":false,"logo":false,"text_description":""}},{"type_content":"edition","text_block":{"text_description":"","logo":false},"image_text_block":{"side_image":false,"text_description":"","image":false,"image_caption":""},"gallery_block":{"title_gallery":"","gallery":null},"images_grid_block":{"title":"","slider":false,"gallery":false,"gallery_de":false,"images_en":false,"button_text":"","button_link":"","zip_file":false,"zip_file_text":""},"documents_block":{"title_block_documents":"","file_document":false},"subject_block":{"title_subject_block":"","page":false},"new_layout":false,"grid_landscape":false,"grid_square":{"size_edition_label":false,"num_culomns":4,"small_edition":false,"side_edition_label":false,"big_edition_label":false,"edition_block":""},"grid_campagne":{"title":"","campagnes":null},"partners":{"title":"","type_partners":false},"partners_pick":{"title":"","type_partners":null},"editions":{"title":"Editions pr\u00e9c\u00e9dentes","edition":[{"title":"Edition 2019","description":"Format conf\u00e9rence","page":"https:\/\/visionzero.lu\/fr\/forum-sst-2019-2\/"},{"title":"Edition 2018","description":"Format avec exposants","page":"https:\/\/visionzero.lu\/fr\/forum-sst-2018\/"},{"title":"Edition 2017","description":"Format conf\u00e9rence","page":"https:\/\/visionzero.lu\/fr\/forum-sst-2017\/"}]},"collapse_labels":false,"testimonial_gallery":false,"testimonial_media":{"title":"","media_testimonial":false},"title_gallery":"","gallery":false,"tab_content":{"tab_list":false},"image_text_block_2":{"image":false,"logo":false,"text_description":""}}],"header_color":"orange"},"_links":{"self":[{"href":"https:\/\/visionzero.lu\/fr\/wp-json\/wp\/v2\/pages\/2623","targetHints":{"allow":["GET"]}}],"collection":[{"href":"https:\/\/visionzero.lu\/fr\/wp-json\/wp\/v2\/pages"}],"about":[{"href":"https:\/\/visionzero.lu\/fr\/wp-json\/wp\/v2\/types\/page"}],"author":[{"embeddable":true,"href":"https:\/\/visionzero.lu\/fr\/wp-json\/wp\/v2\/users\/1"}],"replies":[{"embeddable":true,"href":"https:\/\/visionzero.lu\/fr\/wp-json\/wp\/v2\/comments?post=2623"}],"version-history":[{"count":2,"href":"https:\/\/visionzero.lu\/fr\/wp-json\/wp\/v2\/pages\/2623\/revisions"}],"predecessor-version":[{"id":25799,"href":"https:\/\/visionzero.lu\/fr\/wp-json\/wp\/v2\/pages\/2623\/revisions\/25799"}],"wp:attachment":[{"href":"https:\/\/visionzero.lu\/fr\/wp-json\/wp\/v2\/media?parent=2623"}],"curies":[{"name":"wp","href":"https:\/\/api.w.org\/{rel}","templated":true}]}}