{"id":26,"date":"2019-06-04T15:21:52","date_gmt":"2019-06-04T13:21:52","guid":{"rendered":"https:\/\/visionzero.lu\/?page_id=26"},"modified":"2019-10-25T14:54:33","modified_gmt":"2019-10-25T12:54:33","slug":"actualites","status":"publish","type":"page","link":"https:\/\/visionzero.lu\/fr\/actualites\/","title":{"rendered":"Actualit\u00e9s"},"content":{"rendered":"<p>D\u00e9couvrez les actualit\u00e9s en mati\u00e8re de s\u00e9curit\u00e9 et de sant\u00e9 au travail et de la strat\u00e9gie nationale VISION ZERO.<\/p>","protected":false},"excerpt":{"rendered":"<p>D\u00e9couvrez les actualit\u00e9s en mati\u00e8re de s\u00e9curit\u00e9 et de sant\u00e9 au travail et de la strat\u00e9gie nationale VISION ZERO.<\/p>\n","protected":false},"author":1,"featured_media":0,"parent":0,"menu_order":63,"comment_status":"closed","ping_status":"closed","template":"template-actuality.php","meta":{"_acf_changed":false,"footnotes":""},"class_list":["post-26","page","type-page","status-publish","hentry"],"acf":{"secher_&_gesond":false,"management":false,"esr":false},"_links":{"self":[{"href":"https:\/\/visionzero.lu\/fr\/wp-json\/wp\/v2\/pages\/26","targetHints":{"allow":["GET"]}}],"collection":[{"href":"https:\/\/visionzero.lu\/fr\/wp-json\/wp\/v2\/pages"}],"about":[{"href":"https:\/\/visionzero.lu\/fr\/wp-json\/wp\/v2\/types\/page"}],"author":[{"embeddable":true,"href":"https:\/\/visionzero.lu\/fr\/wp-json\/wp\/v2\/users\/1"}],"replies":[{"embeddable":true,"href":"https:\/\/visionzero.lu\/fr\/wp-json\/wp\/v2\/comments?post=26"}],"version-history":[{"count":0,"href":"https:\/\/visionzero.lu\/fr\/wp-json\/wp\/v2\/pages\/26\/revisions"}],"wp:attachment":[{"href":"https:\/\/visionzero.lu\/fr\/wp-json\/wp\/v2\/media?parent=26"}],"curies":[{"name":"wp","href":"https:\/\/api.w.org\/{rel}","templated":true}]}}