{"id":25863,"date":"2025-01-14T11:48:50","date_gmt":"2025-01-14T10:48:50","guid":{"rendered":"https:\/\/visionzero.lu\/fr\/?page_id=25863"},"modified":"2025-01-14T16:42:45","modified_gmt":"2025-01-14T15:42:45","slug":"declaration-daccessibilite","status":"publish","type":"page","link":"https:\/\/visionzero.lu\/fr\/declaration-daccessibilite\/","title":{"rendered":"Accessibilit\u00e9"},"content":{"rendered":"<p>Les organismes d\u00e9clarants \u00ab\u00a0Association d\u2019assurance accident (AAA)\u00a0\u00bb, \u00ab\u00a0Union des Entreprises Luxembourgeoises (UEL)\u00a0\u00bb, \u00ab\u00a0Institut national pour le d\u00e9veloppement durable et la RSE (INDR)\u00a0\u00bb repr\u00e9sentant la \u00ab\u00a0VISION ZERO\u00a0\u00bb s\u2019engagent \u00e0 rendre son site internet accessible, conform\u00e9ment \u00e0 la\u00a0<a href=\"https:\/\/legilux.public.lu\/eli\/etat\/leg\/loi\/2019\/05\/28\/a373\/jo\" target=\"_blank\" rel=\"noopener\">loi du 28 mai 2019<\/a>\u00a0relative \u00e0 l\u2019accessibilit\u00e9 des sites internet et des applications mobiles des organismes du secteur public. La pr\u00e9sente d\u00e9claration sur l&rsquo;accessibilit\u00e9 s&rsquo;applique \u00e0 :\u00a0<a href=\"https:\/\/visionzero.lu\/\">https:\/\/visionzero.lu\/<\/a><\/p>\n<h4><strong>Qu\u2019est-ce que l\u2019accessibilit\u00e9 num\u00e9rique ?<\/strong><\/h4>\n<p>Chacun doit pouvoir utiliser et consulter facilement les informations figurant sur un site web ou une application notamment les personnes pr\u00e9sentant un handicap et\/ou utilisant des logiciels d\u2019assistance ou du mat\u00e9riel sp\u00e9cialis\u00e9 (ex : handicaps visuels, auditifs, physiques, cognitifs, etc.).<\/p>\n<h4><strong>\u00c9tat de conformit\u00e9<\/strong><\/h4>\n<p>Le pr\u00e9sent site internet est en\u00a0<strong>conformit\u00e9 partielle<\/strong>\u00a0\u00e0 la norme europ\u00e9enne\u00a0<a href=\"https:\/\/www.etsi.org\/deliver\/etsi_en\/301500_301599\/301549\/03.02.01_60\/en_301549v030201p.pdf\" target=\"_blank\" rel=\"noopener\">EN 301 549<\/a>\u00a0ainsi qu&rsquo;au\u00a0<a href=\"https:\/\/accessibilite.public.lu\/fr\/raweb1\/\" target=\"_blank\" rel=\"noopener\">R\u00e9f\u00e9rentiel d&rsquo;\u00e9valuation de l&rsquo;Accessibilit\u00e9 Web (RAWeb) v1<\/a>\u00a0qui l\u2019impl\u00e9mente, en raison des \u00e9l\u00e9ments \u00e9num\u00e9r\u00e9s ci-dessous.<\/p>\n<h4><strong>Contenu non accessible<\/strong><\/h4>\n<p>Le contenu vis\u00e9 ci-apr\u00e8s n&rsquo;est pas accessible pour la\/les raison(s) suivante(s)\u00a0:<\/p>\n<h4><strong>Non-conformit\u00e9s<\/strong><\/h4>\n<ul>\n<li>Certains formulaires et fichiers PDF ne sont pas accessibles ;<\/li>\n<li>Certaines images n&rsquo;ont pas de texte alternatif ou n&rsquo;ont pas un texte alternatif pertinent;<\/li>\n<li>Le slider de la page d\u2019accueil ne dispose pas de traductions en anglais et en allemand\u00a0;<\/li>\n<li>La m\u00e9diath\u00e8que ne dispose pas de traductions en anglais et en allemand\u00a0;<\/li>\n<li>Absence de transcription textuelle et de sous-titres sur tous les vid\u00e9os.<\/li>\n<\/ul>\n<p>Nous nous engageons \u00e0 corriger ces points dans les meilleurs d\u00e9lais.<\/p>\n<h4><strong>Charge disproportionn\u00e9e<\/strong><\/h4>\n<p>La mise en conformit\u00e9 des formats de fichiers bureautiques repr\u00e9sente une charge disproportionn\u00e9e.<\/p>\n<h4><strong>Contenu n&rsquo;entrant pas dans le champ d&rsquo;application de la\u00a0<\/strong><a href=\"https:\/\/legilux.public.lu\/eli\/etat\/leg\/loi\/2019\/05\/28\/a373\/jo\" target=\"_blank\" rel=\"noopener\"><strong>loi du 28 mai 2019<\/strong><\/a><\/h4>\n<ul>\n<li>La fen\u00eatre et le bandeau de gestion des cookies;<\/li>\n<li>Le module ReCAPTCHA de la page de contact;<\/li>\n<li>Les formats de fichiers bureautiques publi\u00e9s avant le 23 septembre 2018, sauf si ces contenus sont n\u00e9cessaires pour les besoins de processus administratifs actifs concernant des t\u00e2ches effectu\u00e9es par l\u2019organisme du secteur public concern\u00e9\u00a0;<\/li>\n<li>Les documents en t\u00e9l\u00e9chargement fournis par des administrations tierces ne sont pas sous notre contr\u00f4le.<\/li>\n<\/ul>\n<h4><strong>Fonctionnalit\u00e9s d&rsquo;accessibilit\u00e9<\/strong><\/h4>\n<p>Les modes contraste renforc\u00e9 ainsi que noir et blanc peuvent \u00eatre activ\u00e9es via les options d&rsquo;accessibilit\u00e9 disponibles dans le menu sup\u00e9rieur.<\/p>\n<h4><strong>Pr\u00e9paration de la pr\u00e9sente d\u00e9claration sur l&rsquo;accessibilit\u00e9<\/strong><\/h4>\n<p>La pr\u00e9sente d\u00e9claration a \u00e9t\u00e9 pr\u00e9par\u00e9e le\u00a06 janvier 2025. Les mentions figurant dans cette d\u00e9claration sont exactes et fond\u00e9es sur une \u00e9valuation effective de la conformit\u00e9 du pr\u00e9sent site internet avec les exigences fix\u00e9es dans le\u00a0<a href=\"https:\/\/accessibilite.public.lu\/fr\/raweb1\/\" target=\"_blank\" rel=\"noopener\">RAWeb 1<\/a>\u00a0, telle qu&rsquo;une auto-\u00e9valuation r\u00e9alis\u00e9e par les organismes d\u00e9clarants \u00ab\u00a0Association d\u2019assurance accident (AAA)\u00a0\u00bb, \u00ab\u00a0Union des Entreprises Luxembourgeoises (UEL)\u00a0\u00bb, \u00ab\u00a0Institut national pour le d\u00e9veloppement durable et la RSE (INDR)\u00a0\u00bb de la \u00ab\u00a0VISION ZERO\u00a0\u00bb.<\/p>\n<h4><strong>Retour d&rsquo;information et coordonn\u00e9es de contact<\/strong><\/h4>\n<p>Si vous constatez un d\u00e9faut d\u2019accessibilit\u00e9, envoyez-nous un courriel \u00e0\u00a0<a href=\"mailto:prevention.aaa@secu.lu\">prevention.aaa@secu.lu<\/a> \u00a0: d\u00e9crivez votre probl\u00e8me et indiquez-nous la page concern\u00e9e. Nous nous engageons \u00e0 vous r\u00e9pondre par courriel dans un d\u00e9lai d&rsquo;un mois au plus tard. Pour rem\u00e9dier au probl\u00e8me de mani\u00e8re durable et dans la mesure du raisonnable, la correction en ligne du d\u00e9faut d\u2019accessibilit\u00e9 sera privil\u00e9gi\u00e9e. Si cela ne peut \u00eatre fait, l\u2019information souhait\u00e9e vous sera transmise dans un format accessible selon vos souhaits :<\/p>\n<ul>\n<li>par \u00e9crit dans un document ou courriel ;<\/li>\n<li>\u00e0 l\u2019oral lors d&rsquo;un entretien.<\/li>\n<\/ul>\n<h4><strong>Proc\u00e9dure permettant d&rsquo;assurer le respect des dispositions<\/strong><\/h4>\n<p>En cas de r\u00e9ponse non satisfaisante, vous avez \u00e9galement la possibilit\u00e9 d\u2019en informer le\u00a0<a href=\"https:\/\/sip.gouvernement.lu\" target=\"_blank\" rel=\"noopener\">Service information et presse<\/a>, organisme responsable du contr\u00f4le de l\u2019accessibilit\u00e9, via son\u00a0<a href=\"https:\/\/sip.gouvernement.lu\/fr\/support\/reclamation-accessibilite.html\" target=\"_blank\" rel=\"noopener\">formulaire de r\u00e9clamation en ligne<\/a>, ou\u00a0<a href=\"https:\/\/www.ombudsman.lu\" target=\"_blank\" rel=\"noopener\">l\u2019Ombudsman<\/a>, m\u00e9diateur du Grand-Duch\u00e9 de Luxembourg.<\/p>\n<p>La pr\u00e9sente d\u00e9claration se base sur le mod\u00e8le d\u00e9fini par la\u00a0<a href=\"https:\/\/eur-lex.europa.eu\/legal-content\/FR\/TXT\/?uri=CELEX%3A32018D1523\" target=\"_blank\" rel=\"noopener\">d\u00e9cision d&rsquo;ex\u00e9cution (UE) 2018\/1523<\/a>. Ce mod\u00e8le appartient \u00e0 l\u2019Union europ\u00e9enne et est publi\u00e9 sous licence\u00a0<a href=\"https:\/\/creativecommons.org\/licenses\/by\/4.0\/\" target=\"_blank\" rel=\"noopener\">Creative Commons Attribution 4.0 International<\/a>.<\/p>\n<p>&nbsp;<\/p>","protected":false},"excerpt":{"rendered":"<p>Les organismes d\u00e9clarants \u00ab\u00a0Association d\u2019assurance accident (AAA)\u00a0\u00bb, \u00ab\u00a0Union des Entreprises Luxembourgeoises (UEL)\u00a0\u00bb, \u00ab\u00a0Institut national pour le d\u00e9veloppement durable et la RSE (INDR)\u00a0\u00bb repr\u00e9sentant la \u00ab\u00a0VISION ZERO\u00a0\u00bb s\u2019engagent \u00e0 rendre son site internet accessible, conform\u00e9ment \u00e0 la\u00a0loi du 28 mai 2019\u00a0relative \u00e0 l\u2019accessibilit\u00e9 des sites internet et des applications mobiles des organismes du secteur public. La [&hellip;]<\/p>\n","protected":false},"author":288,"featured_media":0,"parent":0,"menu_order":0,"comment_status":"closed","ping_status":"closed","template":"","meta":{"_acf_changed":false,"footnotes":""},"class_list":["post-25863","page","type-page","status-publish","hentry"],"acf":{"header_color":"blue","has_subtitle":false,"has_logo_page":false,"size_content":"12","content":false},"_links":{"self":[{"href":"https:\/\/visionzero.lu\/fr\/wp-json\/wp\/v2\/pages\/25863","targetHints":{"allow":["GET"]}}],"collection":[{"href":"https:\/\/visionzero.lu\/fr\/wp-json\/wp\/v2\/pages"}],"about":[{"href":"https:\/\/visionzero.lu\/fr\/wp-json\/wp\/v2\/types\/page"}],"author":[{"embeddable":true,"href":"https:\/\/visionzero.lu\/fr\/wp-json\/wp\/v2\/users\/288"}],"replies":[{"embeddable":true,"href":"https:\/\/visionzero.lu\/fr\/wp-json\/wp\/v2\/comments?post=25863"}],"version-history":[{"count":4,"href":"https:\/\/visionzero.lu\/fr\/wp-json\/wp\/v2\/pages\/25863\/revisions"}],"predecessor-version":[{"id":25868,"href":"https:\/\/visionzero.lu\/fr\/wp-json\/wp\/v2\/pages\/25863\/revisions\/25868"}],"wp:attachment":[{"href":"https:\/\/visionzero.lu\/fr\/wp-json\/wp\/v2\/media?parent=25863"}],"curies":[{"name":"wp","href":"https:\/\/api.w.org\/{rel}","templated":true}]}}