{"id":24027,"date":"2024-04-29T13:06:05","date_gmt":"2024-04-29T11:06:05","guid":{"rendered":"https:\/\/visionzero.lu\/fr\/prix-sst-2024\/prix-securite-sante-au-travail-laureats-2022-2\/"},"modified":"2024-08-01T09:06:38","modified_gmt":"2024-08-01T07:06:38","slug":"prix-securite-sante-au-travail-laureats-2022-2","status":"publish","type":"page","link":"https:\/\/visionzero.lu\/fr\/prix-sst-2026\/laureats-2024\/","title":{"rendered":"Prix s\u00e9curit\u00e9-sant\u00e9 au Travail &#8211; Laur\u00e9ats 2024"},"content":{"rendered":"<p><strong>Dussmann Service<\/strong> avec son projet \u00ab\u00a0Formation, \u00e9volution et protection des collaborateurs\u00a0\u00bb remporte le Prix du Public 2024!<\/p>\n<p>D\u00e9couvrez ci-dessous tous les laur\u00e9ats du Prix s\u00e9curit\u00e9-sant\u00e9 au travail 2024.<\/p>","protected":false},"excerpt":{"rendered":"<p>Dussmann Service avec son projet \u00ab\u00a0Formation, \u00e9volution et protection des collaborateurs\u00a0\u00bb remporte le Prix du Public 2024! D\u00e9couvrez ci-dessous tous les laur\u00e9ats du Prix s\u00e9curit\u00e9-sant\u00e9 au travail 2024.<\/p>\n","protected":false},"author":2,"featured_media":13859,"parent":640,"menu_order":7,"comment_status":"closed","ping_status":"closed","template":"template-laureatsliste.php","meta":{"_acf_changed":false,"footnotes":""},"class_list":["post-24027","page","type-page","status-publish","has-post-thumbnail","hentry"],"acf":{"has_subtitle":false,"has_logo_page":false,"size_content":"9","content":false,"header_color":"orange","top_description":"<p>Merci pour votre soutien pour le projet.<br \/>\nPour voter, veuillez indiquer ici votre nom et votre adresse email<\/p>\n","bottom_description":"<p>Votre vote sera pris en compte d\u00e8s que vous l\u2019aurez confirm\u00e9 en cliquant sur le lien indiqu\u00e9 dans l\u2019email qui vous sera envoy\u00e9. Un seul vote par personne est admis.<br \/>\nEn participant au vote, j\u2019autorise les organisateurs du Prix SST 2024 ainsi que les entreprises charg\u00e9es par ceux-ci, de proc\u00e9der \u00e0 l\u2019enregistrement, au traitement et \u00e0 l\u2019utilisation de mes donn\u00e9es \u00e0 caract\u00e8re personnel ainsi que de m\u2019informer sur les r\u00e9sultats du Prix de public.<\/p>\n"},"_links":{"self":[{"href":"https:\/\/visionzero.lu\/fr\/wp-json\/wp\/v2\/pages\/24027","targetHints":{"allow":["GET"]}}],"collection":[{"href":"https:\/\/visionzero.lu\/fr\/wp-json\/wp\/v2\/pages"}],"about":[{"href":"https:\/\/visionzero.lu\/fr\/wp-json\/wp\/v2\/types\/page"}],"author":[{"embeddable":true,"href":"https:\/\/visionzero.lu\/fr\/wp-json\/wp\/v2\/users\/2"}],"replies":[{"embeddable":true,"href":"https:\/\/visionzero.lu\/fr\/wp-json\/wp\/v2\/comments?post=24027"}],"version-history":[{"count":12,"href":"https:\/\/visionzero.lu\/fr\/wp-json\/wp\/v2\/pages\/24027\/revisions"}],"predecessor-version":[{"id":25494,"href":"https:\/\/visionzero.lu\/fr\/wp-json\/wp\/v2\/pages\/24027\/revisions\/25494"}],"up":[{"embeddable":true,"href":"https:\/\/visionzero.lu\/fr\/wp-json\/wp\/v2\/pages\/640"}],"wp:featuredmedia":[{"embeddable":true,"href":"https:\/\/visionzero.lu\/fr\/wp-json\/wp\/v2\/media\/13859"}],"wp:attachment":[{"href":"https:\/\/visionzero.lu\/fr\/wp-json\/wp\/v2\/media?parent=24027"}],"curies":[{"name":"wp","href":"https:\/\/api.w.org\/{rel}","templated":true}]}}