{"id":23173,"date":"2024-02-26T09:56:32","date_gmt":"2024-02-26T08:56:32","guid":{"rendered":"https:\/\/visionzero.lu\/fr\/se-rendre-au-forum-sst-2\/"},"modified":"2024-12-10T14:38:10","modified_gmt":"2024-12-10T13:38:10","slug":"se-rendre-au-forum-sst-2","status":"publish","type":"page","link":"https:\/\/visionzero.lu\/fr\/vison-zero-award-2023\/","title":{"rendered":"VISION ZERO Award : l\u2019AAA r\u00e9compens\u00e9e \u00e0 Sydney"},"content":{"rendered":"<p><figure id=\"attachment_23172\" aria-describedby=\"caption-attachment-23172\" style=\"width: 640px\" class=\"wp-caption aligncenter\"><img loading=\"lazy\" decoding=\"async\" class=\"wp-image-23172 size-large\" src=\"https:\/\/visionzero.lu\/wp-content\/uploads\/2024\/02\/VZ-Award-AAA-3-copyright-AAA-1024x966.jpg\" alt=\"\" width=\"640\" height=\"604\" srcset=\"https:\/\/visionzero.lu\/wp-content\/uploads\/2024\/02\/VZ-Award-AAA-3-copyright-AAA-1024x966.jpg 1024w, https:\/\/visionzero.lu\/wp-content\/uploads\/2024\/02\/VZ-Award-AAA-3-copyright-AAA-300x283.jpg 300w, https:\/\/visionzero.lu\/wp-content\/uploads\/2024\/02\/VZ-Award-AAA-3-copyright-AAA-768x724.jpg 768w, https:\/\/visionzero.lu\/wp-content\/uploads\/2024\/02\/VZ-Award-AAA-3-copyright-AAA-1536x1449.jpg 1536w, https:\/\/visionzero.lu\/wp-content\/uploads\/2024\/02\/VZ-Award-AAA-3-copyright-AAA-2048x1932.jpg 2048w\" sizes=\"auto, (max-width: 640px) 100vw, 640px\" \/><figcaption id=\"caption-attachment-23172\" class=\"wp-caption-text\">La d\u00e9l\u00e9gation de l\u2019AAA lors du 23e congr\u00e8s mondial sur la s\u00e9curit\u00e9 et la sant\u00e9 au travail \u00a9AAA<\/figcaption><\/figure><\/p>","protected":false},"excerpt":{"rendered":"","protected":false},"author":423,"featured_media":0,"parent":0,"menu_order":0,"comment_status":"closed","ping_status":"closed","template":"","meta":{"_acf_changed":false,"footnotes":""},"class_list":["post-23173","page","type-page","status-publish","hentry"],"acf":{"header_color":"blue","has_subtitle":false,"has_logo_page":true,"size_content":"12","content":[{"type_content":"text_block","text_block":{"text_description":"<p>C\u2019est au 23<sup>e<\/sup> congr\u00e8s mondial sur la s\u00e9curit\u00e9 et la sant\u00e9 au travail que l\u2019Association d\u2019assurance accident (AAA) s\u2019est vu attribuer le Prix Vision Z\u00e9ro par l\u2019Association internationale de la s\u00e9curit\u00e9 sociale (AISS) \u00e0 Sydney en Australie, en novembre 2023. Organis\u00e9 tous les trois ans, le congr\u00e8s mondial est un forum international unique qui r\u00e9unit quelque 3.000 experts, d\u00e9cideurs du monde du travail, de la s\u00e9curit\u00e9 sociale et du secteur public ainsi que des repr\u00e9sentants des employeurs et des travailleurs du monde entier. Il sert de plateforme pour \u00e9changer des id\u00e9es, des r\u00e9sultats de recherches et des bonnes pratiques sur des questions tr\u00e8s actuelles dans le domaine de la s\u00e9curit\u00e9 et de la sant\u00e9 au travail.<\/p>\n<p>La Vision Z\u00e9ro \u00e9tait l&rsquo;un des th\u00e8mes majeurs de cet \u00e9v\u00e9nement. Dans son discours d&rsquo;ouverture du congr\u00e8s, le Pr\u00e9sident de l\u2019AISS, Dr Azman, a soulign\u00e9 : \u00ab La strat\u00e9gie Vision Z\u00e9ro permet \u00e0 chaque lieu de travail, chaque entreprise et chaque industrie dans chaque r\u00e9gion du monde, de construire sa propre culture de pr\u00e9vention. \u00bb. Lanc\u00e9e en 2017 lors du congr\u00e8s mondial \u00e0 Singapour, la Vision Z\u00e9ro est depuis devenue une strat\u00e9gie mondiale de pr\u00e9vention.<\/p>\n<p>Lors de la c\u00e9r\u00e9monie de remise du prix, 21 partenaires de la Vision\u00a0Z\u00e9ro se sont vu remettre le <em>Vision Zero Award<\/em> par l\u2019AISS en guise de r\u00e9compense pour leurs efforts investis pour faire progresser le degr\u00e9 de s\u00e9curit\u00e9, sant\u00e9 et bien-\u00eatre au niveau international ou national, et au sein des entreprises.<\/p>\n<p>L\u2019AAA, membre de l\u2019AISS, a obtenu le Prix Vision Z\u00e9ro pour sa capacit\u00e9 \u00e0 mettre en \u0153uvre la VISION\u00a0ZERO au niveau national. Dans son discours de cl\u00f4ture au congr\u00e8s mondial, le secr\u00e9taire g\u00e9n\u00e9ral de l&rsquo;AISS, Marcelo Caetano, a relev\u00e9 l\u2019exemple de la strat\u00e9gie nationale VISION ZERO au Luxembourg. En effet, le Luxembourg est, avec Singapour, l&rsquo;un des premiers pays \u00e0 avoir mis en \u0153uvre cette strat\u00e9gie au niveau national.<\/p>\n<p>Depuis 2016, la VISION ZERO au Luxembourg porte sur une strat\u00e9gie ax\u00e9e sur la pr\u00e9vention des accidents du travail, des accidents de trajet et des maladies professionnelles. Cette strat\u00e9gie traduit l\u2019engagement solidaire des partenaires nationaux \u00e0 insuffler une nouvelle dynamique \u00e0 la s\u00e9curit\u00e9 et sant\u00e9 au travail et \u00e0 mobiliser toutes les parties prenantes concern\u00e9es, tant au niveau des employeurs que des salari\u00e9s. VISION\u00a0ZERO ne signifie pas que le risque au travail est nul, mais qu\u2019il faut en r\u00e9duire au maximum les sources potentielles dans le but d\u2019\u00e9viter les accidents, et particuli\u00e8rement les accidents graves et mortels. Il s\u2019agit d\u2019une d\u00e9marche d\u2019am\u00e9lioration continue visant \u00e0 davantage sensibiliser et former les salari\u00e9s \u00e0 adopter un comportement s\u00fbr et responsable, tout en s\u2019appuyant sur le leadership des dirigeants d\u2019entreprises.<\/p>\n<p>L\u2019un des objectifs de la charte initiale de la VISION ZERO de 2016 \u00e0 2022 \u00e9tait de parvenir en 2022 \u00e0 une diminution de 20% du taux de fr\u00e9quence national, tous secteurs confondus, des accidents li\u00e9s au travail par rapport \u00e0 l\u2019ann\u00e9e de r\u00e9f\u00e9rence 2014. Avant la pand\u00e9mie, en 2019, une diminution prometteuse de 15% avait d\u00e9j\u00e0 \u00e9t\u00e9 r\u00e9alis\u00e9e. Les ann\u00e9es 2020 et 2021 furent tr\u00e8s particuli\u00e8res en raison de la pand\u00e9mie. Elles ne sont d\u2019ailleurs pas prises en compte d&rsquo;un point de vue statistique, car les diff\u00e9rents confinements et le recours au t\u00e9l\u00e9travail faussent les donn\u00e9es. Finalement, le taux de fr\u00e9quence national affiche une r\u00e9duction de plus de 34\u00a0%, passant de 5,37 % en 2014 \u00e0 3,52 % en 2022. L&rsquo;objectif de la premi\u00e8re phase de la VISION ZERO a ainsi \u00e9t\u00e9 largement d\u00e9pass\u00e9, tout en tenant compte d\u2019une ann\u00e9e 2022 encore l\u00e9g\u00e8rement impact\u00e9e par la COVID.<\/p>\n<p>Fort du succ\u00e8s de la premi\u00e8re phase de 2016 \u00e0 2022 et compte tenu de l\u2019importance de cette th\u00e9matique, les initiateurs de la VISION ZERO, l\u2019AAA, l\u2019UEL et l\u2019INDR, ont d\u00e9cid\u00e9 de poursuivre les efforts en mati\u00e8re de s\u00e9curit\u00e9-sant\u00e9 au travail et de cibler plus particuli\u00e8rement les secteurs \u00e0 risques. La nouvelle phase de la VISION ZERO 2023 \u2013 2030 fut pr\u00e9sent\u00e9e pour la premi\u00e8re fois au 15<sup>e<\/sup> Forum de la S\u00e9curit\u00e9 et la Sant\u00e9 au Travail le 26 octobre 2022. Le gouvernement venait d\u2019exprimer son soutien \u00e0 la strat\u00e9gie nationale lors de sa r\u00e9union en Conseil du 24 octobre 2022. Les partenaires institutionnels et les entreprises sont tous encourag\u00e9s \u00e0 souscrire \u00e0 la strat\u00e9gie nationale VISION ZERO.<\/p>\n<p>Voici quelques actions-cl\u00e9s r\u00e9alis\u00e9es dans le cadre de la VISION ZERO\u00a0:<\/p>\n<ul>\n<li>Deux campagnes cross-m\u00e9dias, mettant en sc\u00e8ne des victimes d&rsquo;accidents du travail et visant des secteurs sp\u00e9cifiques\u00a0;<\/li>\n<li>Lancement d&rsquo;un portail internet trilingue (visionzero.lu), destin\u00e9 \u00e0 sensibiliser et \u00e0 informer les entreprises\u00a0en mati\u00e8re de s\u00e9curit\u00e9-sant\u00e9 au travail ;<\/li>\n<li>Introduction d&rsquo;un syst\u00e8me de bonus-malus en 2019 par l\u2019AAA, permettant de diminuer ou d&rsquo;augmenter le taux de cotisation de base afin d\u2019inciter les cotisants de l\u2019assurance accident \u00e0 investir davantage dans la pr\u00e9vention des accidents du travail\u00a0;<\/li>\n<li>Organisation annuelle du Forum de la S\u00e9curit\u00e9 et Sant\u00e9 au Travail et remise tous les deux ans du Prix S\u00e9curit\u00e9-Sant\u00e9 au Travail ;<\/li>\n<li>R\u00e9alisation de nouveaux supports de pr\u00e9vention (publications, recommandations de pr\u00e9vention et vid\u00e9os)\u00a0;<\/li>\n<li>Mise en \u0153uvre d&rsquo;une s\u00e9rie de mesures de sensibilisation et d&rsquo;actions sp\u00e9cifiques par les partenaires institutionnels et les entreprises luxembourgeoises\u00a0;<\/li>\n<li>Lancement de la deuxi\u00e8me phase de VISION ZERO de 2023 \u00e0 2030, visant une r\u00e9duction suppl\u00e9mentaire de 20\u00a0% du taux de fr\u00e9quence national par rapport \u00e0 2019 en portant un effort particulier sur les secteurs \u00e0 risques par la mise en \u0153uvre d&rsquo;un ensemble d&rsquo;actions plus cibl\u00e9es.<\/li>\n<\/ul>\n","logo":false},"image_text_block":{"side_image":"left","text_description":"","image":{"ID":21867,"id":21867,"title":"Plan LuxExpo","filename":"Plan-LuxExpo.png","filesize":281136,"url":"https:\/\/visionzero.lu\/wp-content\/uploads\/2023\/12\/Plan-LuxExpo.png","link":"https:\/\/visionzero.lu\/fr\/se-rendre-au-forum-sst\/plan-luxexpo\/","alt":"","author":"6","description":"","caption":"","name":"plan-luxexpo","status":"inherit","uploaded_to":21859,"date":"2023-12-12 12:55:20","modified":"2023-12-12 12:56:14","menu_order":0,"mime_type":"image\/png","type":"image","subtype":"png","icon":"https:\/\/visionzero.lu\/wp-includes\/images\/media\/default.png","width":1796,"height":1242,"sizes":{"thumbnail":"https:\/\/visionzero.lu\/wp-content\/uploads\/2023\/12\/Plan-LuxExpo-150x150.png","thumbnail-width":150,"thumbnail-height":150,"medium":"https:\/\/visionzero.lu\/wp-content\/uploads\/2023\/12\/Plan-LuxExpo-300x207.png","medium-width":300,"medium-height":207,"medium_large":"https:\/\/visionzero.lu\/wp-content\/uploads\/2023\/12\/Plan-LuxExpo-768x531.png","medium_large-width":640,"medium_large-height":443,"large":"https:\/\/visionzero.lu\/wp-content\/uploads\/2023\/12\/Plan-LuxExpo-1024x708.png","large-width":640,"large-height":443,"1536x1536":"https:\/\/visionzero.lu\/wp-content\/uploads\/2023\/12\/Plan-LuxExpo-1536x1062.png","1536x1536-width":1536,"1536x1536-height":1062,"2048x2048":"https:\/\/visionzero.lu\/wp-content\/uploads\/2023\/12\/Plan-LuxExpo.png","2048x2048-width":1796,"2048x2048-height":1242}},"image_caption":""},"gallery_block":{"title_gallery":"","gallery":null},"images_grid_block":{"title":"","slider":false,"gallery":false,"gallery_de":false,"images_en":false,"button_text":"","button_link":"","zip_file":false,"zip_file_text":""},"documents_block":{"title_block_documents":"","file_document":false},"subject_block":{"title_subject_block":"","page":false},"new_layout":false,"grid_landscape":false,"grid_square":{"size_edition_label":false,"num_culomns":4,"small_edition":false,"side_edition_label":false,"big_edition_label":false,"edition_block":""},"grid_campagne":{"title":"","campagnes":null},"partners":{"title":"","type_partners":false},"partners_pick":{"title":"","type_partners":null},"editions":{"title":"","edition":false},"collapse_labels":[{"title":"Adresse","description":"<p><a href=\"https:\/\/thebox.lu\/acces\/\" target=\"_blank\" rel=\"noopener\"><strong>LUXEXPO THE BOX<\/strong><\/a><\/p>\n<p>10, Circuit de la Foire Internationale<br \/>\nL-1347 Luxembourg-Kirchberg<\/p>\n<p><a href=\"https:\/\/www.google.com\/maps\/dir\/\/10+Circuit+de+La+Foire+Internationale,+1347+Luxembourg\/@49.636043,6.172955,15z\/data=!4m9!4m8!1m0!1m5!1m1!1s0x47954f639a813a79:0x29efa798e084865a!2m2!1d6.1729548!2d49.6360432!3e0?hl=fr&amp;entry=ttu\" target=\"_blank\" rel=\"noopener\"><strong>Itin\u00e9raire<\/strong><\/a><\/p>\n"},{"title":"Par Transport public gratuit","description":"<p><strong>Arr\u00eat de train<\/strong> : Gare Pfaffenthal &#8211; Kirchberg<\/p>\n<p><strong>Tram :<\/strong> Ligne 1 (station \u00ab Luxexpo \u00bb)<\/p>\n<p><strong>Bus :<\/strong> <a href=\"https:\/\/visionzero.lu\/wp-content\/uploads\/2023\/12\/thebox-bus.pdf\">Horaires de bus<\/a><\/p>\n"},{"title":"Par v\u00e9lo","description":"<p><span class=\"fieldval\"><span class=\"fieldtext\">LUXEXPO THE BOX propose aux visiteurs deux parking v\u00e9los et une station de location de v\u00e9lo. \u00a0\u00a0<\/span><\/span><\/p>\n"},{"title":"Par voiture (Parking)","description":"<p>Parking \u00e0 LUXEXPO THE BOX: (selon disponibilit\u00e9s)<\/p>\n<p><b>Tarif du parking visiteur : \u00a05\u20ac \/ jour<\/b><\/p>\n<ul>\n<li>Parking Nord (750 places)<\/li>\n<li>Parking Sud (650 places)<\/li>\n<\/ul>\n<p>&nbsp;<\/p>\n<p>Places de parking suppl\u00e9mentaires:<\/p>\n<ul>\n<li>Auchan (2 766 places)<\/li>\n<li>Parking Gernsback (595 places)<\/li>\n<li>Place de l&rsquo;Europe (1 324 places)<\/li>\n<li>Parking Trois Glands (400 places)<\/li>\n<li>Parking d&rsquo;Coque (593 places)<\/li>\n<li>Konrad Adenauer (438 places)<\/li>\n<\/ul>\n"}],"testimonial_gallery":false,"testimonial_media":{"title":"","media_testimonial":false},"title_gallery":"","gallery":[{"ID":21867,"id":21867,"title":"Plan LuxExpo","filename":"Plan-LuxExpo.png","filesize":281136,"url":"https:\/\/visionzero.lu\/wp-content\/uploads\/2023\/12\/Plan-LuxExpo.png","link":"https:\/\/visionzero.lu\/fr\/se-rendre-au-forum-sst\/plan-luxexpo\/","alt":"","author":"6","description":"","caption":"","name":"plan-luxexpo","status":"inherit","uploaded_to":21859,"date":"2023-12-12 12:55:20","modified":"2023-12-12 12:56:14","menu_order":0,"mime_type":"image\/png","type":"image","subtype":"png","icon":"https:\/\/visionzero.lu\/wp-includes\/images\/media\/default.png","width":1796,"height":1242,"sizes":{"thumbnail":"https:\/\/visionzero.lu\/wp-content\/uploads\/2023\/12\/Plan-LuxExpo-150x150.png","thumbnail-width":150,"thumbnail-height":150,"medium":"https:\/\/visionzero.lu\/wp-content\/uploads\/2023\/12\/Plan-LuxExpo-300x207.png","medium-width":300,"medium-height":207,"medium_large":"https:\/\/visionzero.lu\/wp-content\/uploads\/2023\/12\/Plan-LuxExpo-768x531.png","medium_large-width":640,"medium_large-height":443,"large":"https:\/\/visionzero.lu\/wp-content\/uploads\/2023\/12\/Plan-LuxExpo-1024x708.png","large-width":640,"large-height":443,"1536x1536":"https:\/\/visionzero.lu\/wp-content\/uploads\/2023\/12\/Plan-LuxExpo-1536x1062.png","1536x1536-width":1536,"1536x1536-height":1062,"2048x2048":"https:\/\/visionzero.lu\/wp-content\/uploads\/2023\/12\/Plan-LuxExpo.png","2048x2048-width":1796,"2048x2048-height":1242}}],"tab_content":{"tab_list":false},"image_text_block_2":{"image":false,"logo":false,"text_description":""}},{"type_content":"gallery","text_block":{"text_description":"<p><img loading=\"lazy\" decoding=\"async\" class=\"aligncenter wp-image-21867 size-full\" src=\"https:\/\/visionzero.lu\/wp-content\/uploads\/2023\/12\/Plan-LuxExpo.png\" alt=\"\" width=\"1796\" height=\"1242\" srcset=\"https:\/\/visionzero.lu\/wp-content\/uploads\/2023\/12\/Plan-LuxExpo.png 1796w, https:\/\/visionzero.lu\/wp-content\/uploads\/2023\/12\/Plan-LuxExpo-300x207.png 300w, https:\/\/visionzero.lu\/wp-content\/uploads\/2023\/12\/Plan-LuxExpo-1024x708.png 1024w, https:\/\/visionzero.lu\/wp-content\/uploads\/2023\/12\/Plan-LuxExpo-768x531.png 768w, https:\/\/visionzero.lu\/wp-content\/uploads\/2023\/12\/Plan-LuxExpo-1536x1062.png 1536w\" sizes=\"auto, (max-width: 1796px) 100vw, 1796px\" \/><\/p>\n","logo":false},"image_text_block":{"side_image":false,"text_description":"","image":false,"image_caption":""},"gallery_block":{"title_gallery":"","gallery":null},"images_grid_block":{"title":"","slider":false,"gallery":false,"gallery_de":false,"images_en":false,"button_text":"","button_link":"","zip_file":false,"zip_file_text":""},"documents_block":{"title_block_documents":"","file_document":false},"subject_block":{"title_subject_block":"","page":false},"new_layout":false,"grid_landscape":false,"grid_square":{"size_edition_label":false,"num_culomns":4,"small_edition":false,"side_edition_label":false,"big_edition_label":false,"edition_block":""},"grid_campagne":{"title":"","campagnes":null},"partners":{"title":"","type_partners":false},"partners_pick":{"title":"","type_partners":null},"editions":{"title":"","edition":false},"collapse_labels":false,"testimonial_gallery":false,"testimonial_media":{"title":"","media_testimonial":false},"title_gallery":"","gallery":[{"ID":23171,"id":23171,"title":"Vision Zero Award ceremony","filename":"VZ-Award-AAA-2-copyright-AISS-scaled.jpg","filesize":659539,"url":"https:\/\/visionzero.lu\/wp-content\/uploads\/2024\/02\/VZ-Award-AAA-2-copyright-AISS-scaled.jpg","link":"https:\/\/visionzero.lu\/fr\/vison-zero-award-2023\/vision-zero-award-ceremony-2\/","alt":"","author":"423","description":"","caption":"Les laur\u00e9ats du Prix Vision Z\u00e9ro \u00a9AISS","name":"vision-zero-award-ceremony-2","status":"inherit","uploaded_to":23173,"date":"2024-02-26 08:52:50","modified":"2024-02-26 09:59:13","menu_order":0,"mime_type":"image\/jpeg","type":"image","subtype":"jpeg","icon":"https:\/\/visionzero.lu\/wp-includes\/images\/media\/default.png","width":2560,"height":1920,"sizes":{"thumbnail":"https:\/\/visionzero.lu\/wp-content\/uploads\/2024\/02\/VZ-Award-AAA-2-copyright-AISS-150x150.jpg","thumbnail-width":150,"thumbnail-height":150,"medium":"https:\/\/visionzero.lu\/wp-content\/uploads\/2024\/02\/VZ-Award-AAA-2-copyright-AISS-300x225.jpg","medium-width":300,"medium-height":225,"medium_large":"https:\/\/visionzero.lu\/wp-content\/uploads\/2024\/02\/VZ-Award-AAA-2-copyright-AISS-768x576.jpg","medium_large-width":640,"medium_large-height":480,"large":"https:\/\/visionzero.lu\/wp-content\/uploads\/2024\/02\/VZ-Award-AAA-2-copyright-AISS-1024x768.jpg","large-width":640,"large-height":480,"1536x1536":"https:\/\/visionzero.lu\/wp-content\/uploads\/2024\/02\/VZ-Award-AAA-2-copyright-AISS-1536x1152.jpg","1536x1536-width":1536,"1536x1536-height":1152,"2048x2048":"https:\/\/visionzero.lu\/wp-content\/uploads\/2024\/02\/VZ-Award-AAA-2-copyright-AISS-2048x1536.jpg","2048x2048-width":2048,"2048x2048-height":1536}},{"ID":23170,"id":23170,"title":"Vision Zero Award ceremony","filename":"VZ-Award-AAA-1-copyright-AISS-scaled.jpg","filesize":541557,"url":"https:\/\/visionzero.lu\/wp-content\/uploads\/2024\/02\/VZ-Award-AAA-1-copyright-AISS-scaled.jpg","link":"https:\/\/visionzero.lu\/fr\/vision-zero-award-ceremony\/","alt":"","author":"423","description":"","caption":"Dr Mohammed Azman, Pr\u00e9sident de l\u2019AISS, et Claude Seywert, Pr\u00e9sident de l\u2019AAA \u00a9AISS","name":"vision-zero-award-ceremony","status":"inherit","uploaded_to":0,"date":"2024-02-26 08:52:34","modified":"2024-02-26 09:59:31","menu_order":0,"mime_type":"image\/jpeg","type":"image","subtype":"jpeg","icon":"https:\/\/visionzero.lu\/wp-includes\/images\/media\/default.png","width":1920,"height":2560,"sizes":{"thumbnail":"https:\/\/visionzero.lu\/wp-content\/uploads\/2024\/02\/VZ-Award-AAA-1-copyright-AISS-150x150.jpg","thumbnail-width":150,"thumbnail-height":150,"medium":"https:\/\/visionzero.lu\/wp-content\/uploads\/2024\/02\/VZ-Award-AAA-1-copyright-AISS-225x300.jpg","medium-width":225,"medium-height":300,"medium_large":"https:\/\/visionzero.lu\/wp-content\/uploads\/2024\/02\/VZ-Award-AAA-1-copyright-AISS-768x1024.jpg","medium_large-width":640,"medium_large-height":853,"large":"https:\/\/visionzero.lu\/wp-content\/uploads\/2024\/02\/VZ-Award-AAA-1-copyright-AISS-768x1024.jpg","large-width":640,"large-height":853,"1536x1536":"https:\/\/visionzero.lu\/wp-content\/uploads\/2024\/02\/VZ-Award-AAA-1-copyright-AISS-1152x1536.jpg","1536x1536-width":1152,"1536x1536-height":1536,"2048x2048":"https:\/\/visionzero.lu\/wp-content\/uploads\/2024\/02\/VZ-Award-AAA-1-copyright-AISS-1536x2048.jpg","2048x2048-width":1536,"2048x2048-height":2048}}],"tab_content":{"tab_list":false},"image_text_block_2":{"image":false,"logo":false,"text_description":""}},{"type_content":"edition","text_block":{"text_description":"<p>Pour en savoir plus :<\/p>\n<ul>\n<li>D\u00e9pliant VISION ZERO\u00a0: <a href=\"https:\/\/visionzero.lu\/fr\/strategie\/\">https:\/\/visionzero.lu\/fr\/strategie\/<\/a><\/li>\n<li>Bilan interm\u00e9diaire de la VISION ZERO\u00a0: <a href=\"https:\/\/visionzero.lu\/fr\/strategie\/\">https:\/\/visionzero.lu\/fr\/strategie\/<\/a><\/li>\n<\/ul>\n","logo":false},"image_text_block":{"side_image":false,"text_description":"","image":false,"image_caption":""},"gallery_block":{"title_gallery":"","gallery":null},"images_grid_block":{"title":"","slider":false,"gallery":false,"gallery_de":false,"images_en":false,"button_text":"","button_link":"","zip_file":false,"zip_file_text":""},"documents_block":{"title_block_documents":"","file_document":false},"subject_block":{"title_subject_block":"","page":false},"new_layout":false,"grid_landscape":false,"grid_square":{"size_edition_label":false,"num_culomns":4,"small_edition":false,"side_edition_label":false,"big_edition_label":false,"edition_block":""},"grid_campagne":{"title":"","campagnes":null},"partners":{"title":"","type_partners":false},"partners_pick":{"title":"Organisateurs","type_partners":[{"ID":6124,"post_author":"1","post_date":"2019-09-02 15:45:43","post_date_gmt":"2019-09-02 13:45:43","post_content":"","post_title":"AAA","post_excerpt":"","post_status":"publish","comment_status":"closed","ping_status":"closed","post_password":"","post_name":"aaa","to_ping":"","pinged":"","post_modified":"2019-10-01 16:06:12","post_modified_gmt":"2019-10-01 14:06:12","post_content_filtered":"","post_parent":0,"guid":"https:\/\/visionzero.lu\/fr\/?post_type=partner&#038;p=6124","menu_order":0,"post_type":"partner","post_mime_type":"","comment_count":"0","filter":"raw"},{"ID":6126,"post_author":"1","post_date":"2019-09-02 15:46:03","post_date_gmt":"2019-09-02 13:46:03","post_content":"","post_title":"UEL","post_excerpt":"","post_status":"publish","comment_status":"closed","ping_status":"closed","post_password":"","post_name":"uel","to_ping":"","pinged":"","post_modified":"2025-10-21 15:13:55","post_modified_gmt":"2025-10-21 13:13:55","post_content_filtered":"","post_parent":0,"guid":"https:\/\/visionzero.lu\/fr\/?post_type=partner&#038;p=6126","menu_order":1,"post_type":"partner","post_mime_type":"","comment_count":"0","filter":"raw"},{"ID":6133,"post_author":"1","post_date":"2019-09-02 15:47:12","post_date_gmt":"2019-09-02 13:47:12","post_content":"","post_title":"INDR","post_excerpt":"","post_status":"publish","comment_status":"closed","ping_status":"closed","post_password":"","post_name":"indr","to_ping":"","pinged":"","post_modified":"2019-09-25 16:37:10","post_modified_gmt":"2019-09-25 14:37:10","post_content_filtered":"","post_parent":0,"guid":"https:\/\/visionzero.lu\/fr\/?post_type=partner&#038;p=6133","menu_order":2,"post_type":"partner","post_mime_type":"","comment_count":"0","filter":"raw"}]},"editions":{"title":"Pour en savoir plus","edition":[{"title":"D\u00e9pliant","description":"VISION ZERO","page":"https:\/\/visionzero.lu\/fr\/strategie-nationale-vision-zero\/"},{"title":"Bilan interm\u00e9diaire","description":"VISION ZERO","page":"https:\/\/visionzero.lu\/fr\/strategie-nationale-vision-zero\/"},{"title":"Campagne","description":"VISION ZERO","page":"https:\/\/visionzero.lu\/fr\/campagne-media\/"}]},"collapse_labels":false,"testimonial_gallery":false,"testimonial_media":{"title":"","media_testimonial":false},"title_gallery":"","gallery":false,"tab_content":{"tab_list":false},"image_text_block_2":{"image":false,"logo":false,"text_description":""}}],"logo_page":false,"gray_line":false,"subtitle":"#"},"_links":{"self":[{"href":"https:\/\/visionzero.lu\/fr\/wp-json\/wp\/v2\/pages\/23173","targetHints":{"allow":["GET"]}}],"collection":[{"href":"https:\/\/visionzero.lu\/fr\/wp-json\/wp\/v2\/pages"}],"about":[{"href":"https:\/\/visionzero.lu\/fr\/wp-json\/wp\/v2\/types\/page"}],"author":[{"embeddable":true,"href":"https:\/\/visionzero.lu\/fr\/wp-json\/wp\/v2\/users\/423"}],"replies":[{"embeddable":true,"href":"https:\/\/visionzero.lu\/fr\/wp-json\/wp\/v2\/comments?post=23173"}],"version-history":[{"count":26,"href":"https:\/\/visionzero.lu\/fr\/wp-json\/wp\/v2\/pages\/23173\/revisions"}],"predecessor-version":[{"id":25619,"href":"https:\/\/visionzero.lu\/fr\/wp-json\/wp\/v2\/pages\/23173\/revisions\/25619"}],"wp:attachment":[{"href":"https:\/\/visionzero.lu\/fr\/wp-json\/wp\/v2\/media?parent=23173"}],"curies":[{"name":"wp","href":"https:\/\/api.w.org\/{rel}","templated":true}]}}