{"id":2120,"date":"2019-07-30T13:57:44","date_gmt":"2019-07-30T11:57:44","guid":{"rendered":"https:\/\/visionzero.lu\/fr\/?page_id=2120"},"modified":"2019-11-11T09:15:10","modified_gmt":"2019-11-11T08:15:10","slug":"liens-internationaux","status":"publish","type":"page","link":"https:\/\/visionzero.lu\/fr\/liens-sst-international\/","title":{"rendered":"Liens internationaux"},"content":{"rendered":"<p>D\u00e9couvrez ci-dessous une liste avec les liens internationaux utiles en mati\u00e8re de s\u00e9curit\u00e9 et de sant\u00e9 au travail.<\/p>","protected":false},"excerpt":{"rendered":"<p>D\u00e9couvrez ci-dessous une liste avec les liens internationaux utiles en mati\u00e8re de s\u00e9curit\u00e9 et de sant\u00e9 au travail.<\/p>\n","protected":false},"author":2,"featured_media":0,"parent":0,"menu_order":65,"comment_status":"closed","ping_status":"closed","template":"","meta":{"_acf_changed":false,"footnotes":""},"class_list":["post-2120","page","type-page","status-publish","hentry"],"acf":{"has_subtitle":false,"has_logo_page":false,"size_content":"12","content":[{"type_content":"subjects_block","text_block":{"text_description":"","logo":false},"image_text_block":{"side_image":false,"text_description":"","image":false,"image_caption":""},"gallery_block":{"title_gallery":"","gallery":null},"images_grid_block":{"title":"","slider":false,"gallery":false,"gallery_de":false,"images_en":false,"button_text":"","button_link":"","zip_file":false,"zip_file_text":""},"documents_block":{"title_block_documents":"","file_document":false},"subject_block":{"title_subject_block":"","page":[{"image_page":{"ID":7527,"id":7527,"title":"osha","filename":"osha-1.png","filesize":35433,"url":"https:\/\/visionzero.lu\/wp-content\/uploads\/2019\/09\/osha-1.png","link":"https:\/\/visionzero.lu\/fr\/liens-sst-international\/osha-2\/","alt":"","author":"2","description":"","caption":"","name":"osha-2","status":"inherit","uploaded_to":2120,"date":"2019-09-28 22:27:46","modified":"2019-09-28 22:27:46","menu_order":0,"mime_type":"image\/png","type":"image","subtype":"png","icon":"https:\/\/visionzero.lu\/wp-includes\/images\/media\/default.png","width":388,"height":297,"sizes":{"thumbnail":"https:\/\/visionzero.lu\/wp-content\/uploads\/2019\/09\/osha-1-150x150.png","thumbnail-width":150,"thumbnail-height":150,"medium":"https:\/\/visionzero.lu\/wp-content\/uploads\/2019\/09\/osha-1-300x230.png","medium-width":300,"medium-height":230,"medium_large":"https:\/\/visionzero.lu\/wp-content\/uploads\/2019\/09\/osha-1.png","medium_large-width":388,"medium_large-height":297,"large":"https:\/\/visionzero.lu\/wp-content\/uploads\/2019\/09\/osha-1.png","large-width":388,"large-height":297,"1536x1536":"https:\/\/visionzero.lu\/wp-content\/uploads\/2019\/09\/osha-1.png","1536x1536-width":388,"1536x1536-height":297,"2048x2048":"https:\/\/visionzero.lu\/wp-content\/uploads\/2019\/09\/osha-1.png","2048x2048-width":388,"2048x2048-height":297}},"title":"Agence Europ\u00e9enne pour la S\u00e9curit\u00e9 et la Sant\u00e9 au Travail (EU-OSHA)","type_file":"ext","file":false,"url":"https:\/\/osha.europa.eu\/","page":null,"gallery":false,"mediatech_link":null},{"image_page":{"ID":7528,"id":7528,"title":"issa","filename":"issa-1.png","filesize":40135,"url":"https:\/\/visionzero.lu\/wp-content\/uploads\/2019\/09\/issa-1.png","link":"https:\/\/visionzero.lu\/fr\/liens-sst-international\/issa-3\/","alt":"","author":"2","description":"","caption":"","name":"issa-3","status":"inherit","uploaded_to":2120,"date":"2019-09-28 22:27:54","modified":"2019-09-28 22:27:54","menu_order":0,"mime_type":"image\/png","type":"image","subtype":"png","icon":"https:\/\/visionzero.lu\/wp-includes\/images\/media\/default.png","width":388,"height":297,"sizes":{"thumbnail":"https:\/\/visionzero.lu\/wp-content\/uploads\/2019\/09\/issa-1-150x150.png","thumbnail-width":150,"thumbnail-height":150,"medium":"https:\/\/visionzero.lu\/wp-content\/uploads\/2019\/09\/issa-1-300x230.png","medium-width":300,"medium-height":230,"medium_large":"https:\/\/visionzero.lu\/wp-content\/uploads\/2019\/09\/issa-1.png","medium_large-width":388,"medium_large-height":297,"large":"https:\/\/visionzero.lu\/wp-content\/uploads\/2019\/09\/issa-1.png","large-width":388,"large-height":297,"1536x1536":"https:\/\/visionzero.lu\/wp-content\/uploads\/2019\/09\/issa-1.png","1536x1536-width":388,"1536x1536-height":297,"2048x2048":"https:\/\/visionzero.lu\/wp-content\/uploads\/2019\/09\/issa-1.png","2048x2048-width":388,"2048x2048-height":297}},"title":"Association Internationale de la S\u00e9curit\u00e9 Sociale","type_file":"ext","file":false,"url":"https:\/\/ww1.issa.int\/fr","page":null,"gallery":false,"mediatech_link":null},{"image_page":{"ID":7529,"id":7529,"title":"zerooo","filename":"zerooo-1.png","filesize":32199,"url":"https:\/\/visionzero.lu\/wp-content\/uploads\/2019\/09\/zerooo-1.png","link":"https:\/\/visionzero.lu\/fr\/liens-sst-international\/zerooo-2\/","alt":"","author":"2","description":"","caption":"","name":"zerooo-2","status":"inherit","uploaded_to":2120,"date":"2019-09-28 22:28:03","modified":"2019-09-28 22:28:03","menu_order":0,"mime_type":"image\/png","type":"image","subtype":"png","icon":"https:\/\/visionzero.lu\/wp-includes\/images\/media\/default.png","width":388,"height":297,"sizes":{"thumbnail":"https:\/\/visionzero.lu\/wp-content\/uploads\/2019\/09\/zerooo-1-150x150.png","thumbnail-width":150,"thumbnail-height":150,"medium":"https:\/\/visionzero.lu\/wp-content\/uploads\/2019\/09\/zerooo-1-300x230.png","medium-width":300,"medium-height":230,"medium_large":"https:\/\/visionzero.lu\/wp-content\/uploads\/2019\/09\/zerooo-1.png","medium_large-width":388,"medium_large-height":297,"large":"https:\/\/visionzero.lu\/wp-content\/uploads\/2019\/09\/zerooo-1.png","large-width":388,"large-height":297,"1536x1536":"https:\/\/visionzero.lu\/wp-content\/uploads\/2019\/09\/zerooo-1.png","1536x1536-width":388,"1536x1536-height":297,"2048x2048":"https:\/\/visionzero.lu\/wp-content\/uploads\/2019\/09\/zerooo-1.png","2048x2048-width":388,"2048x2048-height":297}},"title":"Campagne Internationale Vison Zero Global","type_file":"ext","file":false,"url":"http:\/\/visionzero.global\/","page":null,"gallery":false,"mediatech_link":null},{"image_page":{"ID":7530,"id":7530,"title":"eurogip","filename":"eurogip-6.png","filesize":51976,"url":"https:\/\/visionzero.lu\/wp-content\/uploads\/2019\/09\/eurogip-6.png","link":"https:\/\/visionzero.lu\/fr\/liens-sst-international\/eurogip-7\/","alt":"","author":"2","description":"","caption":"","name":"eurogip-7","status":"inherit","uploaded_to":2120,"date":"2019-09-28 22:28:11","modified":"2019-09-28 22:28:11","menu_order":0,"mime_type":"image\/png","type":"image","subtype":"png","icon":"https:\/\/visionzero.lu\/wp-includes\/images\/media\/default.png","width":388,"height":297,"sizes":{"thumbnail":"https:\/\/visionzero.lu\/wp-content\/uploads\/2019\/09\/eurogip-6-150x150.png","thumbnail-width":150,"thumbnail-height":150,"medium":"https:\/\/visionzero.lu\/wp-content\/uploads\/2019\/09\/eurogip-6-300x230.png","medium-width":300,"medium-height":230,"medium_large":"https:\/\/visionzero.lu\/wp-content\/uploads\/2019\/09\/eurogip-6.png","medium_large-width":388,"medium_large-height":297,"large":"https:\/\/visionzero.lu\/wp-content\/uploads\/2019\/09\/eurogip-6.png","large-width":388,"large-height":297,"1536x1536":"https:\/\/visionzero.lu\/wp-content\/uploads\/2019\/09\/eurogip-6.png","1536x1536-width":388,"1536x1536-height":297,"2048x2048":"https:\/\/visionzero.lu\/wp-content\/uploads\/2019\/09\/eurogip-6.png","2048x2048-width":388,"2048x2048-height":297}},"title":"Groupement de l'Institution Pr\u00e9vention de la S\u00e9curit\u00e9 Sociale pour l'Europe (eurogip)","type_file":"ext","file":false,"url":"https:\/\/www.eurogip.fr\/fr\/","page":null,"gallery":false,"mediatech_link":null},{"image_page":{"ID":10182,"id":10182,"title":"logo imfp","filename":"logo-imfp.jpg","filesize":136337,"url":"https:\/\/visionzero.lu\/wp-content\/uploads\/2019\/11\/logo-imfp.jpg","link":"https:\/\/visionzero.lu\/fr\/liens-sst-international\/logo-imfp\/","alt":"","author":"6","description":"","caption":"","name":"logo-imfp","status":"inherit","uploaded_to":2120,"date":"2019-11-11 08:11:29","modified":"2019-11-11 08:11:29","menu_order":0,"mime_type":"image\/jpeg","type":"image","subtype":"jpeg","icon":"https:\/\/visionzero.lu\/wp-includes\/images\/media\/default.png","width":1890,"height":1417,"sizes":{"thumbnail":"https:\/\/visionzero.lu\/wp-content\/uploads\/2019\/11\/logo-imfp-150x150.jpg","thumbnail-width":150,"thumbnail-height":150,"medium":"https:\/\/visionzero.lu\/wp-content\/uploads\/2019\/11\/logo-imfp-300x225.jpg","medium-width":300,"medium-height":225,"medium_large":"https:\/\/visionzero.lu\/wp-content\/uploads\/2019\/11\/logo-imfp-768x576.jpg","medium_large-width":640,"medium_large-height":480,"large":"https:\/\/visionzero.lu\/wp-content\/uploads\/2019\/11\/logo-imfp-1024x768.jpg","large-width":640,"large-height":480,"1536x1536":"https:\/\/visionzero.lu\/wp-content\/uploads\/2019\/11\/logo-imfp.jpg","1536x1536-width":1536,"1536x1536-height":1152,"2048x2048":"https:\/\/visionzero.lu\/wp-content\/uploads\/2019\/11\/logo-imfp.jpg","2048x2048-width":1890,"2048x2048-height":1417}},"title":"Festival international des m\u00e9dias de la pr\u00e9vention","type_file":"ext","file":false,"url":"https:\/\/mediainprevention.org\/en\/home.html","page":null,"gallery":false,"mediatech_link":null},{"image_page":{"ID":7532,"id":7532,"title":"ilo-1","filename":"ilo-1-1.png","filesize":51976,"url":"https:\/\/visionzero.lu\/wp-content\/uploads\/2019\/09\/ilo-1-1.png","link":"https:\/\/visionzero.lu\/fr\/liens-sst-international\/ilo-1\/","alt":"","author":"2","description":"","caption":"","name":"ilo-1","status":"inherit","uploaded_to":2120,"date":"2019-09-28 22:28:26","modified":"2019-09-28 22:28:26","menu_order":0,"mime_type":"image\/png","type":"image","subtype":"png","icon":"https:\/\/visionzero.lu\/wp-includes\/images\/media\/default.png","width":388,"height":297,"sizes":{"thumbnail":"https:\/\/visionzero.lu\/wp-content\/uploads\/2019\/09\/ilo-1-1-150x150.png","thumbnail-width":150,"thumbnail-height":150,"medium":"https:\/\/visionzero.lu\/wp-content\/uploads\/2019\/09\/ilo-1-1-300x230.png","medium-width":300,"medium-height":230,"medium_large":"https:\/\/visionzero.lu\/wp-content\/uploads\/2019\/09\/ilo-1-1.png","medium_large-width":388,"medium_large-height":297,"large":"https:\/\/visionzero.lu\/wp-content\/uploads\/2019\/09\/ilo-1-1.png","large-width":388,"large-height":297,"1536x1536":"https:\/\/visionzero.lu\/wp-content\/uploads\/2019\/09\/ilo-1-1.png","1536x1536-width":388,"1536x1536-height":297,"2048x2048":"https:\/\/visionzero.lu\/wp-content\/uploads\/2019\/09\/ilo-1-1.png","2048x2048-width":388,"2048x2048-height":297}},"title":"Organisation Internationale du Travail (oit)","type_file":"ext","file":false,"url":"https:\/\/www.ilo.org\/global\/lang--en\/index.htm","page":null,"gallery":false,"mediatech_link":null}]},"new_layout":false,"grid_landscape":false,"grid_square":{"size_edition_label":false,"num_culomns":4,"small_edition":false,"side_edition_label":false,"big_edition_label":false,"edition_block":""},"grid_campagne":{"title":"","campagnes":null},"partners":{"title":"","type_partners":false},"partners_pick":{"title":"","type_partners":null},"editions":{"title":"","edition":false},"collapse_labels":false,"testimonial_gallery":false,"testimonial_media":{"title":"","media_testimonial":false},"title_gallery":"","gallery":false,"tab_content":{"tab_list":false},"image_text_block_2":{"image":false,"logo":false,"text_description":""}},{"type_content":"subjects_block","text_block":{"text_description":"","logo":false},"image_text_block":{"side_image":false,"text_description":"","image":false,"image_caption":""},"gallery_block":{"title_gallery":"","gallery":null},"images_grid_block":{"title":"","slider":false,"gallery":false,"gallery_de":false,"images_en":false,"button_text":"","button_link":"","zip_file":false,"zip_file_text":""},"documents_block":{"title_block_documents":"","file_document":false},"subject_block":{"title_subject_block":"Vers les liens nationaux\u00a0","page":[{"image_page":{"ID":8594,"id":8594,"title":"lux","filename":"lux.jpg","filesize":32027,"url":"https:\/\/visionzero.lu\/wp-content\/uploads\/2019\/10\/lux.jpg","link":"https:\/\/visionzero.lu\/fr\/liens-sst-international\/lux\/","alt":"","author":"2","description":"","caption":"","name":"lux","status":"inherit","uploaded_to":2120,"date":"2019-10-15 11:38:58","modified":"2019-10-15 11:38:58","menu_order":0,"mime_type":"image\/jpeg","type":"image","subtype":"jpeg","icon":"https:\/\/visionzero.lu\/wp-includes\/images\/media\/default.png","width":388,"height":297,"sizes":{"thumbnail":"https:\/\/visionzero.lu\/wp-content\/uploads\/2019\/10\/lux-150x150.jpg","thumbnail-width":150,"thumbnail-height":150,"medium":"https:\/\/visionzero.lu\/wp-content\/uploads\/2019\/10\/lux-300x230.jpg","medium-width":300,"medium-height":230,"medium_large":"https:\/\/visionzero.lu\/wp-content\/uploads\/2019\/10\/lux.jpg","medium_large-width":388,"medium_large-height":297,"large":"https:\/\/visionzero.lu\/wp-content\/uploads\/2019\/10\/lux.jpg","large-width":388,"large-height":297,"1536x1536":"https:\/\/visionzero.lu\/wp-content\/uploads\/2019\/10\/lux.jpg","1536x1536-width":388,"1536x1536-height":297,"2048x2048":"https:\/\/visionzero.lu\/wp-content\/uploads\/2019\/10\/lux.jpg","2048x2048-width":388,"2048x2048-height":297}},"title":"Liens nationaux","type_file":"int","file":false,"url":"","page":"https:\/\/visionzero.lu\/fr\/liens-sst-luxembourg\/","gallery":false,"mediatech_link":null}]},"new_layout":false,"grid_landscape":false,"grid_square":{"size_edition_label":false,"num_culomns":4,"small_edition":false,"side_edition_label":false,"big_edition_label":false,"edition_block":""},"grid_campagne":{"title":"","campagnes":null},"partners":{"title":"","type_partners":false},"partners_pick":{"title":"","type_partners":null},"editions":{"title":"","edition":false},"collapse_labels":false,"testimonial_gallery":false,"testimonial_media":{"title":"","media_testimonial":false},"title_gallery":"","gallery":false,"tab_content":{"tab_list":false},"image_text_block_2":{"image":false,"logo":false,"text_description":""}}]},"_links":{"self":[{"href":"https:\/\/visionzero.lu\/fr\/wp-json\/wp\/v2\/pages\/2120","targetHints":{"allow":["GET"]}}],"collection":[{"href":"https:\/\/visionzero.lu\/fr\/wp-json\/wp\/v2\/pages"}],"about":[{"href":"https:\/\/visionzero.lu\/fr\/wp-json\/wp\/v2\/types\/page"}],"author":[{"embeddable":true,"href":"https:\/\/visionzero.lu\/fr\/wp-json\/wp\/v2\/users\/2"}],"replies":[{"embeddable":true,"href":"https:\/\/visionzero.lu\/fr\/wp-json\/wp\/v2\/comments?post=2120"}],"version-history":[{"count":0,"href":"https:\/\/visionzero.lu\/fr\/wp-json\/wp\/v2\/pages\/2120\/revisions"}],"wp:attachment":[{"href":"https:\/\/visionzero.lu\/fr\/wp-json\/wp\/v2\/media?parent=2120"}],"curies":[{"name":"wp","href":"https:\/\/api.w.org\/{rel}","templated":true}]}}