{"id":2085,"date":"2019-07-30T11:39:09","date_gmt":"2019-07-30T09:39:09","guid":{"rendered":"https:\/\/visionzero.lu\/fr\/?page_id=2085"},"modified":"2026-04-09T08:07:36","modified_gmt":"2026-04-09T06:07:36","slug":"newsletter","status":"publish","type":"page","link":"https:\/\/visionzero.lu\/fr\/newsletter\/","title":{"rendered":"Newsletter"},"content":{"rendered":"<p><\/p>\n<div style=\"max-width: 400px; width: 100%; margin: auto;\">\n<div style=\"text-align: left;\">\n<div class=\"wpcf7 no-js\" id=\"wpcf7-f21371-o1\" lang=\"fr-FR\" dir=\"ltr\" data-wpcf7-id=\"21371\">\n<div class=\"screen-reader-response\"><p role=\"status\" aria-live=\"polite\" aria-atomic=\"true\"><\/p> <ul><\/ul><\/div>\n<form action=\"\/fr\/wp-json\/wp\/v2\/pages\/2085#wpcf7-f21371-o1\" method=\"post\" class=\"wpcf7-form init\" aria-label=\"Formulaire de contact\" novalidate=\"novalidate\" data-status=\"init\">\n<fieldset class=\"hidden-fields-container\"><input type=\"hidden\" name=\"_wpcf7\" value=\"21371\" \/><input type=\"hidden\" name=\"_wpcf7_version\" value=\"6.1.4\" \/><input type=\"hidden\" name=\"_wpcf7_locale\" value=\"fr_FR\" \/><input type=\"hidden\" name=\"_wpcf7_unit_tag\" value=\"wpcf7-f21371-o1\" \/><input type=\"hidden\" name=\"_wpcf7_container_post\" value=\"0\" \/><input type=\"hidden\" name=\"_wpcf7_posted_data_hash\" value=\"\" \/><input type=\"hidden\" name=\"_wpcf7_recaptcha_response\" value=\"\" \/>\n<\/fieldset>\n<div class='row'>\n\t<div class='col-lg-8 col-md-8'>\n\t\t<p><label for=\"your-email\">Votre e-mail*<\/label><br \/>\n<span class=\"wpcf7-form-control-wrap\" data-name=\"your-email\"><input size=\"40\" maxlength=\"400\" class=\"wpcf7-form-control wpcf7-email wpcf7-validates-as-required wpcf7-text wpcf7-validates-as-email\" id=\"your-email\" autocomplete=\"email\" aria-required=\"true\" aria-invalid=\"false\" placeholder=\"example@mail.com\" value=\"\" type=\"email\" name=\"your-email\" \/><\/span><br \/>\n<span class=\"wpcf7-form-control-wrap\" data-name=\"mailjet-opt-in\"><span class=\"wpcf7-form-control wpcf7-acceptance\"><span class=\"wpcf7-list-item\"><label><input type=\"checkbox\" name=\"mailjet-opt-in\" value=\"1\" class=\"form-check-input form__check-input\" aria-invalid=\"false\" \/><span class=\"wpcf7-list-item-label\">J\u2019accepte les <a href=\"\/conditions-dutilisation\/\" target=\"_blank\"><strong>conditions d\u2019utilisation<\/strong><\/a><span class=\"required_star\" title=\"required\">*<\/span><\/span><\/label><\/span><\/span><\/span><small>*Champs requis<\/small>\n\t\t<\/p>\n\t<\/div>\n\t<div class='col-lg-4 col-md-4' style='padding-top:25px;'>\n\t\t<p><input class=\"wpcf7-form-control wpcf7-submit has-spinner inscriptionButton p-0\" type=\"submit\" value=\"S&#039;inscrire\" \/>\n\t\t<\/p>\n\t<\/div>\n<\/div><div class=\"wpcf7-response-output\" aria-hidden=\"true\"><\/div>\n<\/form>\n<\/div>\n<\/div>\n<\/div>\n<h4><strong>Newsletters VISION ZERO envoy\u00e9es<\/strong><\/h4>\n<h5>2026<\/h5>\n<p><a href=\"https:\/\/links.comgouv.lu\/nl3\/dHHE6DYzrRPOiN69zZ8Z8A?hl=fr\" target=\"_blank\" rel=\"noopener\">Newsletter envoy\u00e9e en mars 2026\u00a0<\/a><\/p>\n<h5>2025<\/h5>\n<p><a href=\"https:\/\/links.comgouv.lu\/nl3\/p0RQy_bIAuIBukrEBd1KYg?hl=fr\" target=\"_blank\" rel=\"noopener\">Newsletter envoy\u00e9e en octobre 2025<\/a><\/p>\n<p><a href=\"https:\/\/links.comgouv.lu\/nl3\/HmXocJe83MCPY37ck_t_Sg?hl=fr\" target=\"_blank\" rel=\"noopener\">Newsletter envoy\u00e9e en juillet 2025<\/a><\/p>\n<p><a href=\"http:\/\/links.comgouv.lu\/nl3\/YS6m47udbe5_uXxzCWX3tg?hl=fr\" target=\"_blank\" rel=\"noopener\">Newsletter envoy\u00e9e en juin 2025<\/a><\/p>\n<p><a href=\"http:\/\/links.comgouv.lu\/nl3\/OUFyRSZfFy_ueBsYcwjzBQ?hl=fr\" target=\"_blank\" rel=\"noopener\">Newsletter envoy\u00e9e en mai 2025<\/a><\/p>\n<h5>2024<\/h5>\n<p><a href=\"http:\/\/links.comgouv.lu\/nl3\/nMhxaMJxZJ2Nw8zKM9-7UQ?hl=fr\" target=\"_blank\" rel=\"noopener\">Newsletter envoy\u00e9e en juin 2024<\/a><\/p>\n<p><a href=\"http:\/\/links.comgouv.lu\/nl3\/ECgpyVUCejB-e-RR2PtjCw?hl=fr\" target=\"_blank\" rel=\"noopener\">Newsletter envoy\u00e9e en mai 2024<\/a><\/p>\n<p><a href=\"http:\/\/links.comgouv.lu\/nl3\/r6rVWofbARhq_KqFolN0ow?hl=fr\" target=\"_blank\" rel=\"noopener\">Newsletter envoy\u00e9e en f\u00e9vrier 2024<\/a><\/p>\n<h5>2023<\/h5>\n<p><a href=\"http:\/\/links.comgouv.lu\/nl3\/ZpBxUM9fAQki5wq5fZ1lmA?hl=fr\" target=\"_blank\" rel=\"noopener\">Newsletter envoy\u00e9e en novembre 2023<\/a><\/p>\n<p><a href=\"http:\/\/links.comgouv.lu\/nl3\/74enryWU3h3_qSCkcVTTCQ?hl=fr\" target=\"_blank\" rel=\"noopener\">Newsletter envoy\u00e9e en avril 2023<\/a><\/p>\n<h5>2022<\/h5>\n<p><a href=\"http:\/\/links.comgouv.lu\/nl2\/nnlq\/5ypxy.html\" target=\"_blank\" rel=\"noopener\">Newsletter envoy\u00e9e en novembre 2022<\/a><\/p>\n<p><a href=\"http:\/\/links.comgouv.lu\/nl3\/rkr-zu7r2sZWyHwd7oKG4w?m=AbYAAC_sGNAAAAAAAAAAALImAIwAARqATyIAAAAAAAnLUgBjTkksF2vVFQbuQeasFbmotJP4fwAGzXk&amp;b=643b5361&amp;e=164c9b80&amp;x=MnU09r4l5vNoaWff8xD8tkJuE9w8X48wSvsw1jo-o3o\" target=\"_blank\" rel=\"noopener\">Newsletter envoy\u00e9e en octobre 2022<\/a><\/p>\n<p><a href=\"http:\/\/links.comgouv.lu\/nl3\/ozf94U_rx97WL3pk-_gkUw?m=AMsAANU9QKIAAc3KHQoAAGfdc1wAARqATyIAH0ryAAnLUgBjDFG1iuaFNCfbStKsGI-bcu1VCAAGzXk&amp;b=4f836995&amp;e=edd3fba2&amp;x=KLJ6wROgESnMbKlyg_JjwA\" target=\"_blank\" rel=\"noopener\">Newsletter envoy\u00e9e en ao\u00fbt 2022<\/a><\/p>\n<p><a href=\"http:\/\/links.comgouv.lu\/nl2\/nnlq\/mihu8.html?m=AMQAAMkftD4AAc29P5YAALImAIwAARqATyIAJLymAAnLUgBinu4LJ2X5FYUJRlGic82u7m4lfwAGzXk&amp;b=438cdefd&amp;e=b63f6b81&amp;x=MnU09r4l5vNoaWff8xD8tkJuE9w8X48wSvsw1jo-o3o\" target=\"_blank\" rel=\"noopener\">Newsletter envoy\u00e9e en juin 2022<\/a><\/p>\n<p><a href=\"http:\/\/links.comgouv.lu\/nl2\/nnlq\/mi6i6.html?m=AVUAAE36QLgAAc25KAAAALImAIwAARqATyIAJnJzAAnLUgBiXpokQUUBEU3_Q8u04CNukSUuowAGzXk&amp;b=4e95e839&amp;e=9779014f&amp;x=MnU09r4l5vNoaWff8xD8tkJuE9w8X48wSvsw1jo-o3o\" target=\"_blank\" rel=\"noopener noreferrer\">Newsletter envoy\u00e9e en avril 2022<\/a><\/p>\n<p><a href=\"http:\/\/links.comgouv.lu\/nl2\/nnlq\/mhyz1.html?m=AUYAAEmimIkAAcsllmAAALImAIwAARqATyIAJLymAAnLUgBiA22_aSKTMA8mQBm1pydwM6noRwAGzXk&amp;b=65e96004&amp;e=4f53f5b9&amp;x=MnU09r4l5vNoaWff8xD8tkJuE9w8X48wSvsw1jo-o3o\" target=\"_blank\" rel=\"noopener noreferrer\">Newsletter envoy\u00e9e en f\u00e9vrier 2022<\/a><\/p>\n<h5>2021<\/h5>\n<p><a href=\"http:\/\/links.comgouv.lu\/nl2\/nnlq\/mh71i.html?hl=fr\" target=\"_blank\" rel=\"noopener noreferrer\">Newsletter envoy\u00e9e en novembre 2021<\/a><\/p>\n<p><a href=\"http:\/\/links.comgouv.lu\/nl2\/nnlq\/mhk6z.html?hl=fr\" target=\"_blank\" rel=\"noopener noreferrer\">Newsletter envoy\u00e9e en octobre 2021<\/a><\/p>\n<p><a href=\"http:\/\/links.comgouv.lu\/nl2\/nnlq\/mh54g.html?m=AMAAAJqcxUYAAcshGKwAAKmhAnUAARqATyIAH0ryAAnLUgBgYsZuwNpqKcZpQMq3XKSBu4HhIQAGzXk&amp;b=1efe4c4c&amp;e=d9c14a78&amp;x=envPk-0p6CPPBb2NpF3HHA3IyMmzjG7LdYNytnRZWBw\" target=\"_blank\" rel=\"noopener noreferrer\">Newsletter envoy\u00e9e en mars 2021<\/a><\/p>\n<h5>2020<\/h5>\n<p><a href=\"http:\/\/links.comgouv.lu\/nl2\/nnlq\/mhxrv.html?hl=fr\" target=\"_blank\" rel=\"noopener noreferrer\">Newsletter envoy\u00e9e en octobre 2020<\/a><\/p>\n<h4><strong>Newsletters des initiateurs de la VISION ZERO<\/strong><\/h4>\n<p><a href=\"https:\/\/aaa.public.lu\/fr\/support\/newsletter.html\" target=\"_blank\" rel=\"noopener noreferrer\">La newsletter de l\u2019AAA<\/a><\/p>\n<p><a href=\"https:\/\/indr.lu\/\" target=\"_blank\" rel=\"noopener noreferrer\">La newsletter de l\u2019INDR<\/a><\/p>\n<h4>Newsletters European Forum<\/h4>\n<p><a href=\"https:\/\/www.europeanforum.org\/forum-news-nr-61-december-2024\/\" target=\"_blank\" rel=\"noopener\">Forum News Nr 61 &#8211; December 2024<\/a><\/p>\n<p><a href=\"https:\/\/www.europeanforum.org\/forum-news-nr-60-august-2024\/\" target=\"_blank\" rel=\"noopener\">Forum News Nr 60 &#8211; August 2024<\/a><\/p>\n<p><a href=\"https:\/\/www.europeanforum.org\/forum-news-nr-59-december-2023\/\" target=\"_blank\" rel=\"noopener\">Forum News Nr 59 &#8211; December 2023<\/a><\/p>\n<p><a href=\"https:\/\/www.europeanforum.org\/forum-news-nr-58-july-2023\/\" target=\"_blank\" rel=\"noopener\">Forum News Nr 58 &#8211; July 2023<\/a><\/p>\n<p><a href=\"https:\/\/www.europeanforum.org\/forum-news-nr-57-december-2022\/\" target=\"_blank\" rel=\"noopener\">Forum News Nr 57 &#8211; December 2022<\/a><\/p>\n<p><a href=\"https:\/\/visionzero.lu\/wp-content\/uploads\/2024\/11\/Newsletter-Nr.56-June-2022.pdf\" target=\"_blank\" rel=\"noopener\">Forum News Nr 56 &#8211; June 2022<\/a><\/p>\n<p><a href=\"https:\/\/visionzero.lu\/wp-content\/uploads\/2022\/04\/FN_55_druck.pdf\" target=\"_blank\" rel=\"noopener noreferrer\">Forum News Nr 55 &#8211; December 2021<\/a><\/p>\n<p><a href=\"https:\/\/visionzero.lu\/wp-content\/uploads\/2022\/04\/FN_54_RZ2.pdf\" target=\"_blank\" rel=\"noopener noreferrer\">Forum News Nr 54 &#8211; June 2021<\/a><\/p>\n<p><a href=\"https:\/\/visionzero.lu\/wp-content\/uploads\/2024\/11\/Newsletter-EF-Nr.53-December-2020.pdf\" target=\"_blank\" rel=\"noopener\">Forum News Nr 53 \u2013 December 2020<\/a><\/p>","protected":false},"excerpt":{"rendered":"<p>Newsletters VISION ZERO envoy\u00e9es 2026 Newsletter envoy\u00e9e en mars 2026\u00a0 2025 Newsletter envoy\u00e9e en octobre 2025 Newsletter envoy\u00e9e en juillet 2025 Newsletter envoy\u00e9e en juin 2025 Newsletter envoy\u00e9e en mai 2025 2024 Newsletter envoy\u00e9e en juin 2024 Newsletter envoy\u00e9e en mai 2024 Newsletter envoy\u00e9e en f\u00e9vrier 2024 2023 Newsletter envoy\u00e9e en novembre 2023 Newsletter envoy\u00e9e [&hellip;]<\/p>\n","protected":false},"author":1,"featured_media":0,"parent":0,"menu_order":19,"comment_status":"closed","ping_status":"closed","template":"","meta":{"_acf_changed":false,"footnotes":""},"class_list":["post-2085","page","type-page","status-publish","hentry"],"acf":{"has_subtitle":false,"has_logo_page":false,"size_content":"12","content":false,"agree":"","subscribe_block":"","header_color":"blue"},"_links":{"self":[{"href":"https:\/\/visionzero.lu\/fr\/wp-json\/wp\/v2\/pages\/2085","targetHints":{"allow":["GET"]}}],"collection":[{"href":"https:\/\/visionzero.lu\/fr\/wp-json\/wp\/v2\/pages"}],"about":[{"href":"https:\/\/visionzero.lu\/fr\/wp-json\/wp\/v2\/types\/page"}],"author":[{"embeddable":true,"href":"https:\/\/visionzero.lu\/fr\/wp-json\/wp\/v2\/users\/1"}],"replies":[{"embeddable":true,"href":"https:\/\/visionzero.lu\/fr\/wp-json\/wp\/v2\/comments?post=2085"}],"version-history":[{"count":26,"href":"https:\/\/visionzero.lu\/fr\/wp-json\/wp\/v2\/pages\/2085\/revisions"}],"predecessor-version":[{"id":26943,"href":"https:\/\/visionzero.lu\/fr\/wp-json\/wp\/v2\/pages\/2085\/revisions\/26943"}],"wp:attachment":[{"href":"https:\/\/visionzero.lu\/fr\/wp-json\/wp\/v2\/media?parent=2085"}],"curies":[{"name":"wp","href":"https:\/\/api.w.org\/{rel}","templated":true}]}}