{"id":1977,"date":"2019-07-29T15:39:26","date_gmt":"2019-07-29T13:39:26","guid":{"rendered":"https:\/\/visionzero.lu\/fr\/?page_id=1977"},"modified":"2019-11-11T16:10:14","modified_gmt":"2019-11-11T15:10:14","slug":"citylity","status":"publish","type":"page","link":"https:\/\/visionzero.lu\/fr\/prix-sst-2026\/laureats-2018\/citylity\/","title":{"rendered":"CityLity"},"content":{"rendered":"<p>Secolux est un bureau de contr\u00f4le de la construction au Luxembourg et a pour mission de prot\u00e9ger les humains en \u00e9vitant les cons\u00e9quences de la non-qualit\u00e9 de la construction. L\u2019entreprise poss\u00e8de une branche \u00ab coordination de s\u00e9curit\u00e9 et de sant\u00e9 des chantiers temporaires et mobiles \u00bb compos\u00e9e d\u2019une dizaine de coordinateurs de s\u00e9curit\u00e9 de niveaux B et C.<\/p>\n<p>Secolux d\u00e9veloppe et utilise en partenariat avec City Lity une application mobile, simple et utilisable par tous, appel\u00e9e \u00ab\u00a0CITY LITY\u00a0\u00bb. L\u2019app, instantan\u00e9e, permet de signaler et g\u00e9rer un incident menant \u00e0 une faille de s\u00e9curit\u00e9 sur chantier. Le logiciel adapt\u00e9 \u00e0 la s\u00e9curit\u00e9 sur chantiers est op\u00e9rationnel depuis septembre 2017 et permet une signalisation des incidents par chaque intervenant, m\u00eame en l\u2019absence de d\u00e9l\u00e9gu\u00e9s \u00e0 la s\u00e9curit\u00e9, et une diminution du temps d\u2019exposition aux dangers.<\/p>","protected":false},"excerpt":{"rendered":"<p>Secolux est un bureau de contr\u00f4le de la construction au Luxembourg et a pour mission de prot\u00e9ger les humains en \u00e9vitant les cons\u00e9quences de la non-qualit\u00e9 de la construction. L\u2019entreprise poss\u00e8de une branche \u00ab coordination de s\u00e9curit\u00e9 et de sant\u00e9 des chantiers temporaires et mobiles \u00bb compos\u00e9e d\u2019une dizaine de coordinateurs de s\u00e9curit\u00e9 de niveaux [&hellip;]<\/p>\n","protected":false},"author":2,"featured_media":1979,"parent":1950,"menu_order":4,"comment_status":"closed","ping_status":"closed","template":"template-laureats.php","meta":{"_acf_changed":false,"footnotes":""},"class_list":["post-1977","page","type-page","status-publish","has-post-thumbnail","hentry"],"acf":{"subtitle":"Agent multiplicateur","second_description":"<div><strong>Cat\u00e9gorie<\/strong><br \/>\nAgent multiplicateur<\/div>\n<div><\/div>\n<div><strong>Entreprise<\/strong><br \/>\nSecolux<\/div>\n<div><\/div>\n<div><strong>Site Internet<\/strong><br \/>\n<a href=\"https:\/\/www.groupseco.com\/\" target=\"_blank\" rel=\"noopener\">http:\/\/www.groupseco.com\/en<\/a><\/div>\n"},"_links":{"self":[{"href":"https:\/\/visionzero.lu\/fr\/wp-json\/wp\/v2\/pages\/1977","targetHints":{"allow":["GET"]}}],"collection":[{"href":"https:\/\/visionzero.lu\/fr\/wp-json\/wp\/v2\/pages"}],"about":[{"href":"https:\/\/visionzero.lu\/fr\/wp-json\/wp\/v2\/types\/page"}],"author":[{"embeddable":true,"href":"https:\/\/visionzero.lu\/fr\/wp-json\/wp\/v2\/users\/2"}],"replies":[{"embeddable":true,"href":"https:\/\/visionzero.lu\/fr\/wp-json\/wp\/v2\/comments?post=1977"}],"version-history":[{"count":0,"href":"https:\/\/visionzero.lu\/fr\/wp-json\/wp\/v2\/pages\/1977\/revisions"}],"up":[{"embeddable":true,"href":"https:\/\/visionzero.lu\/fr\/wp-json\/wp\/v2\/pages\/1950"}],"wp:featuredmedia":[{"embeddable":true,"href":"https:\/\/visionzero.lu\/fr\/wp-json\/wp\/v2\/media\/1979"}],"wp:attachment":[{"href":"https:\/\/visionzero.lu\/fr\/wp-json\/wp\/v2\/media?parent=1977"}],"curies":[{"name":"wp","href":"https:\/\/api.w.org\/{rel}","templated":true}]}}