{"id":1970,"date":"2019-07-29T15:33:00","date_gmt":"2019-07-29T13:33:00","guid":{"rendered":"https:\/\/visionzero.lu\/fr\/?page_id=1970"},"modified":"2019-11-11T16:05:40","modified_gmt":"2019-11-11T15:05:40","slug":"c-a-p-s-compagnon-acteur-de-la-prevention-et-de-la-securite","status":"publish","type":"page","link":"https:\/\/visionzero.lu\/fr\/prix-sst-2026\/laureats-2018\/c-a-p-s-compagnon-acteur-de-la-prevention-et-de-la-securite\/","title":{"rendered":"C.A.P.S. \u2013 Compagnon Acteur de la Pr\u00e9vention et de la S\u00e9curit\u00e9"},"content":{"rendered":"<p>A l\u2019origine sp\u00e9cialis\u00e9e en travaux publics avec la r\u00e9alisation des ouvrages d\u2019art sur les autoroutes, TRALUX Construction est aujourd\u2019hui une entreprise g\u00e9n\u00e9rale reconnue offrant une large palette de m\u00e9tiers, du b\u00e2timent et des travaux publics, et proposant diff\u00e9rents services articul\u00e9s autour d\u2019offres d\u00e9di\u00e9es.<\/p>\n<p>Afin d\u2019impliquer les compagnons eux-m\u00eames dans la s\u00e9curit\u00e9 et la sant\u00e9 au travail, TRALUX a mis en place l\u2019initiative du C.A.P.S. (Compagnon Acteur de la Pr\u00e9vention et de la S\u00e9curit\u00e9) sur l\u2019ensemble des chantiers. Le CAPS, d\u00e9sign\u00e9 par rotation tous les 8 ou 15 jours par le chef de chantier parmi les compagnons de l\u2019\u00e9quipe et rev\u00eatu d\u2019un baudrier HV vert, s\u2019engage comme un relais suppl\u00e9mentaire pour la pr\u00e9vention des risques de s\u00e9curit\u00e9 et le respect de l\u2019environnement sur son chantier. Le CAPS aide \u00e0 identifier les risques et les situations dangereuses, et \u00e0 orienter et sensibiliser chacun sur sa propre s\u00e9curit\u00e9.<\/p>","protected":false},"excerpt":{"rendered":"<p>A l\u2019origine sp\u00e9cialis\u00e9e en travaux publics avec la r\u00e9alisation des ouvrages d\u2019art sur les autoroutes, TRALUX Construction est aujourd\u2019hui une entreprise g\u00e9n\u00e9rale reconnue offrant une large palette de m\u00e9tiers, du b\u00e2timent et des travaux publics, et proposant diff\u00e9rents services articul\u00e9s autour d\u2019offres d\u00e9di\u00e9es. Afin d\u2019impliquer les compagnons eux-m\u00eames dans la s\u00e9curit\u00e9 et la sant\u00e9 au [&hellip;]<\/p>\n","protected":false},"author":2,"featured_media":1971,"parent":1950,"menu_order":2,"comment_status":"closed","ping_status":"closed","template":"template-laureats.php","meta":{"_acf_changed":false,"footnotes":""},"class_list":["post-1970","page","type-page","status-publish","has-post-thumbnail","hentry"],"acf":{"subtitle":"Entreprise > 50 salari\u00e9s \u2013 volet s\u00e9curit\u00e9","second_description":"<div><strong>Cat\u00e9gorie<\/strong><br \/>\nEntreprise &gt; 50 salari\u00e9s \u2013 volet s\u00e9curit\u00e9<\/div>\n<div><\/div>\n<div><strong>Entreprise<\/strong><br \/>\nTRALUX Construction<\/div>\n<div><\/div>\n<div><strong>Site Internet<\/strong><br \/>\n<a href=\"http:\/\/www.tralux.lu\/\" target=\"_blank\" rel=\"noopener\">http:\/\/www.tralux.lu\/<\/a><\/div>\n","actual_inscriptions":"1"},"_links":{"self":[{"href":"https:\/\/visionzero.lu\/fr\/wp-json\/wp\/v2\/pages\/1970","targetHints":{"allow":["GET"]}}],"collection":[{"href":"https:\/\/visionzero.lu\/fr\/wp-json\/wp\/v2\/pages"}],"about":[{"href":"https:\/\/visionzero.lu\/fr\/wp-json\/wp\/v2\/types\/page"}],"author":[{"embeddable":true,"href":"https:\/\/visionzero.lu\/fr\/wp-json\/wp\/v2\/users\/2"}],"replies":[{"embeddable":true,"href":"https:\/\/visionzero.lu\/fr\/wp-json\/wp\/v2\/comments?post=1970"}],"version-history":[{"count":0,"href":"https:\/\/visionzero.lu\/fr\/wp-json\/wp\/v2\/pages\/1970\/revisions"}],"up":[{"embeddable":true,"href":"https:\/\/visionzero.lu\/fr\/wp-json\/wp\/v2\/pages\/1950"}],"wp:featuredmedia":[{"embeddable":true,"href":"https:\/\/visionzero.lu\/fr\/wp-json\/wp\/v2\/media\/1971"}],"wp:attachment":[{"href":"https:\/\/visionzero.lu\/fr\/wp-json\/wp\/v2\/media?parent=1970"}],"curies":[{"name":"wp","href":"https:\/\/api.w.org\/{rel}","templated":true}]}}