{"id":1966,"date":"2019-07-29T15:31:06","date_gmt":"2019-07-29T13:31:06","guid":{"rendered":"https:\/\/visionzero.lu\/fr\/?page_id=1966"},"modified":"2019-11-11T16:03:48","modified_gmt":"2019-11-11T15:03:48","slug":"association-du-treuil-powerseat-avec-le-systeme-de-rail-longspan","status":"publish","type":"page","link":"https:\/\/visionzero.lu\/fr\/prix-sst-2026\/laureats-2018\/association-du-treuil-powerseat-avec-le-systeme-de-rail-longspan\/","title":{"rendered":"Association du treuil \u00ab PowerSeat \u00bb avec le syst\u00e8me de rail \u00ab LongSpan \u00bb"},"content":{"rendered":"<p>VTKL est une soci\u00e9t\u00e9 de travaux en hauteur sur corde, ayant pour c\u0153ur de m\u00e9tier l\u2019entretien et la protection d\u2019espaces naturels. L\u2019entreprise intervient dans les arbres, les rivi\u00e8res, sur les falaises et pour la protection des rapaces et apporte ses comp\u00e9tences \u00e0 l\u2019industrie et au b\u00e2timent, pour des actions de maintenance, d\u2019entretien, de protection, et de mise en s\u00e9curit\u00e9.<\/p>\n<p>Le principe du projet consiste en l\u2019association du treuil \u00ab PowerSeat \u00bb et du rail \u00ab LongSpan \u00bb. Le PowerSeat est un winch motoris\u00e9 associ\u00e9 \u00e0 un cadre int\u00e9grant un si\u00e8ge et permet \u00e0 l\u2019utilisateur de se rapprocher au maximum du point d\u2019ancrage. Le rail LongSpan est un nouveau syst\u00e8me de rail avec installation facile et rapide et une rigidit\u00e9 \u00e9lev\u00e9e. L\u2019association du treuil et du rail garantit une efficacit\u00e9 sup\u00e9rieure des travaux (pas de gaspillage d\u2019\u00e9nergie), des d\u00e9placements en hauteur fluide et sans d\u00e9crochements et une augmentation de la s\u00e9curit\u00e9 au travail.<\/p>","protected":false},"excerpt":{"rendered":"<p>VTKL est une soci\u00e9t\u00e9 de travaux en hauteur sur corde, ayant pour c\u0153ur de m\u00e9tier l\u2019entretien et la protection d\u2019espaces naturels. L\u2019entreprise intervient dans les arbres, les rivi\u00e8res, sur les falaises et pour la protection des rapaces et apporte ses comp\u00e9tences \u00e0 l\u2019industrie et au b\u00e2timent, pour des actions de maintenance, d\u2019entretien, de protection, et [&hellip;]<\/p>\n","protected":false},"author":2,"featured_media":1968,"parent":1950,"menu_order":1,"comment_status":"closed","ping_status":"closed","template":"template-laureats.php","meta":{"_acf_changed":false,"footnotes":""},"class_list":["post-1966","page","type-page","status-publish","has-post-thumbnail","hentry"],"acf":{"subtitle":"Entreprise \u2264 50 salari\u00e9s \u2013 volet s\u00e9curit\u00e9","second_description":"<div><strong>Cat\u00e9gorie<\/strong><br \/>\nEntreprise \u2264 50 salari\u00e9s \u2013 volet s\u00e9curit\u00e9<\/div>\n<div><\/div>\n<div><strong>Entreprise<\/strong><br \/>\nVTKL Luxembourg<\/div>\n<div><\/div>\n<div><strong>Site Internet<\/strong><br \/>\n<a href=\"http:\/\/www.vtkl.eu\/\" target=\"_blank\" rel=\"noopener\">http:\/\/www.vtkl.eu\/<\/a><\/div>\n"},"_links":{"self":[{"href":"https:\/\/visionzero.lu\/fr\/wp-json\/wp\/v2\/pages\/1966","targetHints":{"allow":["GET"]}}],"collection":[{"href":"https:\/\/visionzero.lu\/fr\/wp-json\/wp\/v2\/pages"}],"about":[{"href":"https:\/\/visionzero.lu\/fr\/wp-json\/wp\/v2\/types\/page"}],"author":[{"embeddable":true,"href":"https:\/\/visionzero.lu\/fr\/wp-json\/wp\/v2\/users\/2"}],"replies":[{"embeddable":true,"href":"https:\/\/visionzero.lu\/fr\/wp-json\/wp\/v2\/comments?post=1966"}],"version-history":[{"count":0,"href":"https:\/\/visionzero.lu\/fr\/wp-json\/wp\/v2\/pages\/1966\/revisions"}],"up":[{"embeddable":true,"href":"https:\/\/visionzero.lu\/fr\/wp-json\/wp\/v2\/pages\/1950"}],"wp:featuredmedia":[{"embeddable":true,"href":"https:\/\/visionzero.lu\/fr\/wp-json\/wp\/v2\/media\/1968"}],"wp:attachment":[{"href":"https:\/\/visionzero.lu\/fr\/wp-json\/wp\/v2\/media?parent=1966"}],"curies":[{"name":"wp","href":"https:\/\/api.w.org\/{rel}","templated":true}]}}