{"id":1950,"date":"2019-07-29T15:09:23","date_gmt":"2019-07-29T13:09:23","guid":{"rendered":"https:\/\/visionzero.lu\/fr\/prix-securite-sante-2\/laureats-2\/"},"modified":"2024-12-19T10:57:15","modified_gmt":"2024-12-19T09:57:15","slug":"laureats-2","status":"publish","type":"page","link":"https:\/\/visionzero.lu\/fr\/prix-sst-2026\/laureats-2018\/","title":{"rendered":"Prix s\u00e9curit\u00e9-sant\u00e9 au Travail &#8211; Laur\u00e9ats 2018"},"content":{"rendered":"<p><\/p>\n<h2>Laur\u00e9ats 2018<\/h2>\n<p>D\u00e9couvrez ci-dessous les laur\u00e9ats du Prix national s\u00e9curit\u00e9-sant\u00e9 au travail 2018. La remise des prix a eu lieu le 19 avril 2018 dans le cadre du Forum de la s\u00e9curit\u00e9 et de la sant\u00e9 au travail. P\u00e9tillances a \u00e9galement remport\u00e9 le prix \u00ab\u00a0Coup de c\u0153ur du public\u00a0\u00bb.<\/p>","protected":false},"excerpt":{"rendered":"<p>Laur\u00e9ats 2018 D\u00e9couvrez ci-dessous les laur\u00e9ats du Prix national s\u00e9curit\u00e9-sant\u00e9 au travail 2018. La remise des prix a eu lieu le 19 avril 2018 dans le cadre du Forum de la s\u00e9curit\u00e9 et de la sant\u00e9 au travail. P\u00e9tillances a \u00e9galement remport\u00e9 le prix \u00ab\u00a0Coup de c\u0153ur du public\u00a0\u00bb.<\/p>\n","protected":false},"author":2,"featured_media":0,"parent":640,"menu_order":6,"comment_status":"closed","ping_status":"closed","template":"template-laureatsliste.php","meta":{"_acf_changed":false,"footnotes":""},"class_list":["post-1950","page","type-page","status-publish","hentry"],"acf":{"has_subtitle":false,"has_logo_page":false,"size_content":"9","content":false,"header_color":"orange","top_description":"","bottom_description":""},"_links":{"self":[{"href":"https:\/\/visionzero.lu\/fr\/wp-json\/wp\/v2\/pages\/1950","targetHints":{"allow":["GET"]}}],"collection":[{"href":"https:\/\/visionzero.lu\/fr\/wp-json\/wp\/v2\/pages"}],"about":[{"href":"https:\/\/visionzero.lu\/fr\/wp-json\/wp\/v2\/types\/page"}],"author":[{"embeddable":true,"href":"https:\/\/visionzero.lu\/fr\/wp-json\/wp\/v2\/users\/2"}],"replies":[{"embeddable":true,"href":"https:\/\/visionzero.lu\/fr\/wp-json\/wp\/v2\/comments?post=1950"}],"version-history":[{"count":1,"href":"https:\/\/visionzero.lu\/fr\/wp-json\/wp\/v2\/pages\/1950\/revisions"}],"predecessor-version":[{"id":25809,"href":"https:\/\/visionzero.lu\/fr\/wp-json\/wp\/v2\/pages\/1950\/revisions\/25809"}],"up":[{"embeddable":true,"href":"https:\/\/visionzero.lu\/fr\/wp-json\/wp\/v2\/pages\/640"}],"wp:attachment":[{"href":"https:\/\/visionzero.lu\/fr\/wp-json\/wp\/v2\/media?parent=1950"}],"curies":[{"name":"wp","href":"https:\/\/api.w.org\/{rel}","templated":true}]}}