{"id":17,"date":"2021-07-01T09:08:38","date_gmt":"2021-07-01T07:08:38","guid":{"rendered":"https:\/\/visionzero.lu\/?page_id=17"},"modified":"2026-02-24T11:34:00","modified_gmt":"2026-02-24T10:34:00","slug":"accueil","status":"publish","type":"page","link":"https:\/\/visionzero.lu\/fr\/","title":{"rendered":"Accueil"},"content":{"rendered":"","protected":false},"excerpt":{"rendered":"","protected":false},"author":1,"featured_media":19,"parent":0,"menu_order":20,"comment_status":"closed","ping_status":"closed","template":"template-homepage.php","meta":{"_acf_changed":false,"footnotes":""},"class_list":["post-17","page","type-page","status-publish","has-post-thumbnail","hentry"],"acf":{"subtitle":"","content":[{"type_content":"slider","slider":[{"title":"Campagne S\u00e9curit\u00e9 Routi\u00e8re au Travail - Les petites contraintes","description":"<p>Froisser son v\u00eatement en attachant sa ceinture, ignorer un appel parce qu\u2019on conduit, refuser un verre d\u2019alcool lors d\u2019un moment convivial\u2026 \u2028Ces gestes, qui peuvent sembler contraignants, sauvent des vies.<\/p>\n<p>Avec \u00ab <strong>Les petites contraintes<\/strong> \u00bb, la nouvelle <strong>Campagne S\u00e9curit\u00e9 Routi\u00e8re au Travail<\/strong> illustre avec <strong>humour et r\u00e9alisme<\/strong> ces situations du quotidien, dans lesquelles chacun peut se reconna\u00eetre.<\/p>\n<p>Engagez-vous pour la s\u00e9curit\u00e9 routi\u00e8re de vos \u00e9quipes !<\/p>\n","page_link":"https:\/\/visionzero.lu\/fr\/securiteroutiere\/","secondary_link_text":"","secondary_link":"https:\/\/visionzero.lu\/fr\/securiteroutiere\/","image":{"ID":26843,"id":26843,"title":"01569_AAA_SRT_C1_Slider_FR-900x650px-v1","filename":"01569_AAA_SRT_C1_Slider_FR-900x650px-v1.png","filesize":1549221,"url":"https:\/\/visionzero.lu\/wp-content\/uploads\/2026\/02\/01569_AAA_SRT_C1_Slider_FR-900x650px-v1.png","link":"https:\/\/visionzero.lu\/fr\/accueil-2\/01569_aaa_srt_c1_slider_fr-900x650px-v1\/","alt":"","author":"469","description":"","caption":"","name":"01569_aaa_srt_c1_slider_fr-900x650px-v1","status":"inherit","uploaded_to":17,"date":"2026-02-24 10:10:54","modified":"2026-02-24 10:10:54","menu_order":0,"mime_type":"image\/png","type":"image","subtype":"png","icon":"https:\/\/visionzero.lu\/wp-includes\/images\/media\/default.png","width":1875,"height":1354,"sizes":{"thumbnail":"https:\/\/visionzero.lu\/wp-content\/uploads\/2026\/02\/01569_AAA_SRT_C1_Slider_FR-900x650px-v1-150x150.png","thumbnail-width":150,"thumbnail-height":150,"medium":"https:\/\/visionzero.lu\/wp-content\/uploads\/2026\/02\/01569_AAA_SRT_C1_Slider_FR-900x650px-v1-300x217.png","medium-width":300,"medium-height":217,"medium_large":"https:\/\/visionzero.lu\/wp-content\/uploads\/2026\/02\/01569_AAA_SRT_C1_Slider_FR-900x650px-v1-768x555.png","medium_large-width":640,"medium_large-height":463,"large":"https:\/\/visionzero.lu\/wp-content\/uploads\/2026\/02\/01569_AAA_SRT_C1_Slider_FR-900x650px-v1-1024x739.png","large-width":640,"large-height":462,"1536x1536":"https:\/\/visionzero.lu\/wp-content\/uploads\/2026\/02\/01569_AAA_SRT_C1_Slider_FR-900x650px-v1-1536x1109.png","1536x1536-width":1536,"1536x1536-height":1109,"2048x2048":"https:\/\/visionzero.lu\/wp-content\/uploads\/2026\/02\/01569_AAA_SRT_C1_Slider_FR-900x650px-v1.png","2048x2048-width":1875,"2048x2048-height":1354}}},{"title":"Forum S\u00e9curit\u00e9-Sant\u00e9 au Travail 2026","description":"<p>Inscrivez-vous maintenant au 19e Forum SST 2026, d\u00e9couvrez le programme des animations et des workshops (inscription gratuite mais obligatoire.)<\/p>\n","page_link":"https:\/\/visionzero.lu\/fr\/event\/19e-forum-securite-sante-au-travail\/","secondary_link_text":"","secondary_link":"","image":{"ID":26849,"id":26849,"title":"FORUM-2026_VISITEUR_FR_900x650_Slide-Vision-Zero","filename":"FORUM-2026_VISITEUR_FR_900x650_Slide-Vision-Zero.png","filesize":154205,"url":"https:\/\/visionzero.lu\/wp-content\/uploads\/2026\/02\/FORUM-2026_VISITEUR_FR_900x650_Slide-Vision-Zero.png","link":"https:\/\/visionzero.lu\/fr\/accueil-2\/forum-2026_visiteur_fr_900x650_slide-vision-zero\/","alt":"","author":"469","description":"","caption":"","name":"forum-2026_visiteur_fr_900x650_slide-vision-zero","status":"inherit","uploaded_to":17,"date":"2026-02-24 10:21:58","modified":"2026-02-24 10:21:58","menu_order":0,"mime_type":"image\/png","type":"image","subtype":"png","icon":"https:\/\/visionzero.lu\/wp-includes\/images\/media\/default.png","width":900,"height":650,"sizes":{"thumbnail":"https:\/\/visionzero.lu\/wp-content\/uploads\/2026\/02\/FORUM-2026_VISITEUR_FR_900x650_Slide-Vision-Zero-150x150.png","thumbnail-width":150,"thumbnail-height":150,"medium":"https:\/\/visionzero.lu\/wp-content\/uploads\/2026\/02\/FORUM-2026_VISITEUR_FR_900x650_Slide-Vision-Zero-300x217.png","medium-width":300,"medium-height":217,"medium_large":"https:\/\/visionzero.lu\/wp-content\/uploads\/2026\/02\/FORUM-2026_VISITEUR_FR_900x650_Slide-Vision-Zero-768x555.png","medium_large-width":640,"medium_large-height":463,"large":"https:\/\/visionzero.lu\/wp-content\/uploads\/2026\/02\/FORUM-2026_VISITEUR_FR_900x650_Slide-Vision-Zero.png","large-width":640,"large-height":462,"1536x1536":"https:\/\/visionzero.lu\/wp-content\/uploads\/2026\/02\/FORUM-2026_VISITEUR_FR_900x650_Slide-Vision-Zero.png","1536x1536-width":900,"1536x1536-height":650,"2048x2048":"https:\/\/visionzero.lu\/wp-content\/uploads\/2026\/02\/FORUM-2026_VISITEUR_FR_900x650_Slide-Vision-Zero.png","2048x2048-width":900,"2048x2048-height":650}}},{"title":"VISION ZERO Award","description":"<p>L\u2019AAA s\u2019est vu attribuer le Prix Vision Z\u00e9ro lors du 23e congr\u00e8s mondial sur la s\u00e9curit\u00e9 et la sant\u00e9 au travail \u00e0 Sydney, Australie, en novembre 2023!<\/p>\n","page_link":"https:\/\/visionzero.lu\/fr\/vison-zero-award-2023\/","secondary_link_text":"","secondary_link":"","image":{"ID":23447,"id":23447,"title":"VZ-Award-2023-FR","filename":"VZ-Award-2023-FR.png","filesize":667410,"url":"https:\/\/visionzero.lu\/wp-content\/uploads\/2024\/03\/VZ-Award-2023-FR.png","link":"https:\/\/visionzero.lu\/fr\/accueil-2\/vz-award-2023-fr-2\/","alt":"","author":"2","description":"","caption":"","name":"vz-award-2023-fr-2","status":"inherit","uploaded_to":17,"date":"2024-03-12 14:15:12","modified":"2024-03-12 14:15:12","menu_order":0,"mime_type":"image\/png","type":"image","subtype":"png","icon":"https:\/\/visionzero.lu\/wp-includes\/images\/media\/default.png","width":774,"height":650,"sizes":{"thumbnail":"https:\/\/visionzero.lu\/wp-content\/uploads\/2024\/03\/VZ-Award-2023-FR-150x150.png","thumbnail-width":150,"thumbnail-height":150,"medium":"https:\/\/visionzero.lu\/wp-content\/uploads\/2024\/03\/VZ-Award-2023-FR-300x252.png","medium-width":300,"medium-height":252,"medium_large":"https:\/\/visionzero.lu\/wp-content\/uploads\/2024\/03\/VZ-Award-2023-FR-768x645.png","medium_large-width":640,"medium_large-height":538,"large":"https:\/\/visionzero.lu\/wp-content\/uploads\/2024\/03\/VZ-Award-2023-FR.png","large-width":640,"large-height":537,"1536x1536":"https:\/\/visionzero.lu\/wp-content\/uploads\/2024\/03\/VZ-Award-2023-FR.png","1536x1536-width":774,"1536x1536-height":650,"2048x2048":"https:\/\/visionzero.lu\/wp-content\/uploads\/2024\/03\/VZ-Award-2023-FR.png","2048x2048-width":774,"2048x2048-height":650}}},{"title":"Strat\u00e9gie nationale VISION ZERO 2023 \u2013 2030","description":"<p>Adh\u00e9rez \u00e0 la nouvelle phase de la strat\u00e9gie VISION ZERO, soutenue par le Gouvernement luxembourgeois, dont le but est de poursuivre les efforts en mati\u00e8re de SST et de faire un effort particulier dans les secteurs \u00e0 risque.<\/p>\n","page_link":"https:\/\/visionzero.lu\/fr\/strategie-nationale-vision-zero\/","secondary_link_text":"","secondary_link":"","image":{"ID":23450,"id":23450,"title":"FR-Slider-Site-VZ-Strategie-VZ-2023-2030-","filename":"FR-Slider-Site-VZ-Strategie-VZ-2023-2030-.png","filesize":89648,"url":"https:\/\/visionzero.lu\/wp-content\/uploads\/2024\/03\/FR-Slider-Site-VZ-Strategie-VZ-2023-2030-.png","link":"https:\/\/visionzero.lu\/fr\/accueil-2\/fr-slider-site-vz-strategie-vz-2023-2030-2\/","alt":"","author":"2","description":"","caption":"","name":"fr-slider-site-vz-strategie-vz-2023-2030-2","status":"inherit","uploaded_to":17,"date":"2024-03-12 14:15:37","modified":"2024-03-12 14:15:37","menu_order":0,"mime_type":"image\/png","type":"image","subtype":"png","icon":"https:\/\/visionzero.lu\/wp-includes\/images\/media\/default.png","width":875,"height":650,"sizes":{"thumbnail":"https:\/\/visionzero.lu\/wp-content\/uploads\/2024\/03\/FR-Slider-Site-VZ-Strategie-VZ-2023-2030--150x150.png","thumbnail-width":150,"thumbnail-height":150,"medium":"https:\/\/visionzero.lu\/wp-content\/uploads\/2024\/03\/FR-Slider-Site-VZ-Strategie-VZ-2023-2030--300x223.png","medium-width":300,"medium-height":223,"medium_large":"https:\/\/visionzero.lu\/wp-content\/uploads\/2024\/03\/FR-Slider-Site-VZ-Strategie-VZ-2023-2030--768x571.png","medium_large-width":640,"medium_large-height":476,"large":"https:\/\/visionzero.lu\/wp-content\/uploads\/2024\/03\/FR-Slider-Site-VZ-Strategie-VZ-2023-2030-.png","large-width":640,"large-height":475,"1536x1536":"https:\/\/visionzero.lu\/wp-content\/uploads\/2024\/03\/FR-Slider-Site-VZ-Strategie-VZ-2023-2030-.png","1536x1536-width":875,"1536x1536-height":650,"2048x2048":"https:\/\/visionzero.lu\/wp-content\/uploads\/2024\/03\/FR-Slider-Site-VZ-Strategie-VZ-2023-2030-.png","2048x2048-width":875,"2048x2048-height":650}}}],"documentation_elements":null},{"type_content":"documentation","slider":[{"title":"Forum SST 2024","description":"<p>Les inscriptions pour les visiteurs et les exposants du Forum S\u00e9curit\u00e9-Sant\u00e9 au Travail en format salon, le 15 mai 2024 \u00e0 LUXEXPO THE BOX, sont d\u00e9sormais ouvertes.<\/p>\n","page_link":"https:\/\/visionzero.lu\/fr\/forum-sst\/","secondary_link_text":"","secondary_link":"","image":{"ID":22707,"id":22707,"title":"Slider Site VZ -Forum SST - 2024 - FR(1)","filename":"Slider-Site-VZ-Forum-SST-2025-FR1.png","filesize":356694,"url":"https:\/\/visionzero.lu\/wp-content\/uploads\/2024\/02\/Slider-Site-VZ-Forum-SST-2025-FR1.png","link":"https:\/\/visionzero.lu\/fr\/accueil-2\/slider-site-vz-forum-sst-2025-fr1\/","alt":"","author":"423","description":"","caption":"","name":"slider-site-vz-forum-sst-2025-fr1","status":"inherit","uploaded_to":17,"date":"2024-02-06 09:07:32","modified":"2024-02-06 13:48:11","menu_order":0,"mime_type":"image\/png","type":"image","subtype":"png","icon":"https:\/\/visionzero.lu\/wp-includes\/images\/media\/default.png","width":1250,"height":650,"sizes":{"thumbnail":"https:\/\/visionzero.lu\/wp-content\/uploads\/2024\/02\/Slider-Site-VZ-Forum-SST-2025-FR1-150x150.png","thumbnail-width":150,"thumbnail-height":150,"medium":"https:\/\/visionzero.lu\/wp-content\/uploads\/2024\/02\/Slider-Site-VZ-Forum-SST-2025-FR1-300x156.png","medium-width":300,"medium-height":156,"medium_large":"https:\/\/visionzero.lu\/wp-content\/uploads\/2024\/02\/Slider-Site-VZ-Forum-SST-2025-FR1-768x399.png","medium_large-width":640,"medium_large-height":333,"large":"https:\/\/visionzero.lu\/wp-content\/uploads\/2024\/02\/Slider-Site-VZ-Forum-SST-2025-FR1-1024x532.png","large-width":640,"large-height":333,"1536x1536":"https:\/\/visionzero.lu\/wp-content\/uploads\/2024\/02\/Slider-Site-VZ-Forum-SST-2025-FR1.png","1536x1536-width":1250,"1536x1536-height":650,"2048x2048":"https:\/\/visionzero.lu\/wp-content\/uploads\/2024\/02\/Slider-Site-VZ-Forum-SST-2025-FR1.png","2048x2048-width":1250,"2048x2048-height":650}}},{"title":"VISION ZERO Award","description":"<p>L\u2019AAA s\u2019est vu attribuer le Prix Vision Z\u00e9ro lors du 23e congr\u00e8s mondial sur la s\u00e9curit\u00e9 et la sant\u00e9 au travail \u00e0 Sydney, Australie, en novembre 2023!<\/p>\n","page_link":"https:\/\/visionzero.lu\/fr\/vison-zero-award-2023\/","secondary_link_text":"","secondary_link":"","image":{"ID":23282,"id":23282,"title":"VZ Award - 2023 - FR","filename":"VZ-Award-2023-FR.png","filesize":548206,"url":"https:\/\/visionzero.lu\/wp-content\/uploads\/2024\/02\/VZ-Award-2023-FR.png","link":"https:\/\/visionzero.lu\/fr\/accueil-2\/vz-award-2023-fr\/","alt":"","author":"423","description":"","caption":"","name":"vz-award-2023-fr","status":"inherit","uploaded_to":17,"date":"2024-02-29 09:43:08","modified":"2024-02-29 09:47:14","menu_order":0,"mime_type":"image\/png","type":"image","subtype":"png","icon":"https:\/\/visionzero.lu\/wp-includes\/images\/media\/default.png","width":1250,"height":650,"sizes":{"thumbnail":"https:\/\/visionzero.lu\/wp-content\/uploads\/2024\/02\/VZ-Award-2023-FR-150x150.png","thumbnail-width":150,"thumbnail-height":150,"medium":"https:\/\/visionzero.lu\/wp-content\/uploads\/2024\/02\/VZ-Award-2023-FR-300x156.png","medium-width":300,"medium-height":156,"medium_large":"https:\/\/visionzero.lu\/wp-content\/uploads\/2024\/02\/VZ-Award-2023-FR-768x399.png","medium_large-width":640,"medium_large-height":333,"large":"https:\/\/visionzero.lu\/wp-content\/uploads\/2024\/02\/VZ-Award-2023-FR-1024x532.png","large-width":640,"large-height":333,"1536x1536":"https:\/\/visionzero.lu\/wp-content\/uploads\/2024\/02\/VZ-Award-2023-FR.png","1536x1536-width":1250,"1536x1536-height":650,"2048x2048":"https:\/\/visionzero.lu\/wp-content\/uploads\/2024\/02\/VZ-Award-2023-FR.png","2048x2048-width":1250,"2048x2048-height":650}}},{"title":"Nouvelle \u00e9dition R02 : Conduite d\u2019engins en s\u00e9curit\u00e9 (R02)","description":"<p>Nouvelle \u00e9dition de la recommandation de pr\u00e9vention \u00ab R02 Conduite d\u2019engins en s\u00e9curit\u00e9 \u00bb, des adaptations ont \u00e9t\u00e9 apport\u00e9es, entre autres, aux formations pratiques et un module suppl\u00e9mentaire a \u00e9t\u00e9 \u00e9labor\u00e9 pour les tracteurs agricoles.<\/p>\n","page_link":"https:\/\/visionzero.lu\/fr\/mediatech\/r02-aaa\/","secondary_link_text":"","secondary_link":"","image":{"ID":21809,"id":21809,"title":"Slider Site VZ - R02 - 2023 - FR","filename":"Slider-Site-VZ-R02-2023-FR.png","filesize":541683,"url":"https:\/\/visionzero.lu\/wp-content\/uploads\/2023\/12\/Slider-Site-VZ-R02-2023-FR.png","link":"https:\/\/visionzero.lu\/fr\/accueil-2\/slider-site-vz-r02-2023-fr\/","alt":"","author":"6","description":"","caption":"","name":"slider-site-vz-r02-2023-fr","status":"inherit","uploaded_to":17,"date":"2023-12-04 15:07:20","modified":"2023-12-04 15:09:43","menu_order":0,"mime_type":"image\/png","type":"image","subtype":"png","icon":"https:\/\/visionzero.lu\/wp-includes\/images\/media\/default.png","width":1250,"height":650,"sizes":{"thumbnail":"https:\/\/visionzero.lu\/wp-content\/uploads\/2023\/12\/Slider-Site-VZ-R02-2023-FR-150x150.png","thumbnail-width":150,"thumbnail-height":150,"medium":"https:\/\/visionzero.lu\/wp-content\/uploads\/2023\/12\/Slider-Site-VZ-R02-2023-FR-300x156.png","medium-width":300,"medium-height":156,"medium_large":"https:\/\/visionzero.lu\/wp-content\/uploads\/2023\/12\/Slider-Site-VZ-R02-2023-FR-768x399.png","medium_large-width":640,"medium_large-height":333,"large":"https:\/\/visionzero.lu\/wp-content\/uploads\/2023\/12\/Slider-Site-VZ-R02-2023-FR-1024x532.png","large-width":640,"large-height":333,"1536x1536":"https:\/\/visionzero.lu\/wp-content\/uploads\/2023\/12\/Slider-Site-VZ-R02-2023-FR.png","1536x1536-width":1250,"1536x1536-height":650,"2048x2048":"https:\/\/visionzero.lu\/wp-content\/uploads\/2023\/12\/Slider-Site-VZ-R02-2023-FR.png","2048x2048-width":1250,"2048x2048-height":650}}},{"title":"Nouvelle vague de la campagne VISION ZERO","description":"<p>D\u00e9couvrez la nouvelle vague de la campagne m\u00e9dia de notre strat\u00e9gie nationale VISION ZERO.<\/p>\n","page_link":"https:\/\/visionzero.lu\/fr\/campagne-media\/","secondary_link_text":"","secondary_link":"","image":{"ID":21619,"id":21619,"title":"Slider Site VZ - Campagne trajet 2023","filename":"Slider-Site-VZ-Campagne-trajet-2023.png","filesize":422133,"url":"https:\/\/visionzero.lu\/wp-content\/uploads\/2023\/08\/Slider-Site-VZ-Campagne-trajet-2023.png","link":"https:\/\/visionzero.lu\/fr\/accueil-2\/slider-site-vz-campagne-trajet-2023\/","alt":"","author":"6","description":"","caption":"","name":"slider-site-vz-campagne-trajet-2023","status":"inherit","uploaded_to":17,"date":"2023-08-29 13:25:37","modified":"2023-08-29 13:27:16","menu_order":0,"mime_type":"image\/png","type":"image","subtype":"png","icon":"https:\/\/visionzero.lu\/wp-includes\/images\/media\/default.png","width":1250,"height":650,"sizes":{"thumbnail":"https:\/\/visionzero.lu\/wp-content\/uploads\/2023\/08\/Slider-Site-VZ-Campagne-trajet-2023-150x150.png","thumbnail-width":150,"thumbnail-height":150,"medium":"https:\/\/visionzero.lu\/wp-content\/uploads\/2023\/08\/Slider-Site-VZ-Campagne-trajet-2023-300x156.png","medium-width":300,"medium-height":156,"medium_large":"https:\/\/visionzero.lu\/wp-content\/uploads\/2023\/08\/Slider-Site-VZ-Campagne-trajet-2023-768x399.png","medium_large-width":640,"medium_large-height":333,"large":"https:\/\/visionzero.lu\/wp-content\/uploads\/2023\/08\/Slider-Site-VZ-Campagne-trajet-2023-1024x532.png","large-width":640,"large-height":333,"1536x1536":"https:\/\/visionzero.lu\/wp-content\/uploads\/2023\/08\/Slider-Site-VZ-Campagne-trajet-2023.png","1536x1536-width":1250,"1536x1536-height":650,"2048x2048":"https:\/\/visionzero.lu\/wp-content\/uploads\/2023\/08\/Slider-Site-VZ-Campagne-trajet-2023.png","2048x2048-width":1250,"2048x2048-height":650}}},{"title":"Strat\u00e9gie nationale VISION ZERO 2023 \u2013 2030","description":"<p>Adh\u00e9rez \u00e0 la nouvelle phase de la strat\u00e9gie VISION ZERO, soutenue par le Gouvernement luxembourgeois, dont le but est de poursuivre les efforts en mati\u00e8re de SST et de faire un effort particulier dans les secteurs \u00e0 risque.<\/p>\n","page_link":"https:\/\/visionzero.lu\/fr\/strategie-nationale-vision-zero\/","secondary_link_text":"","secondary_link":"","image":{"ID":17153,"id":17153,"title":"FR - Slider Site VZ - Strat\u00e9gie VZ 2023 - 2030","filename":"FR-Slider-Site-VZ-Strategie-VZ-2023-2030-.png","filesize":116678,"url":"https:\/\/visionzero.lu\/wp-content\/uploads\/2022\/10\/FR-Slider-Site-VZ-Strategie-VZ-2023-2030-.png","link":"https:\/\/visionzero.lu\/fr\/accueil-2\/fr-slider-site-vz-strategie-vz-2023-2030\/","alt":"","author":"6","description":"","caption":"","name":"fr-slider-site-vz-strategie-vz-2023-2030","status":"inherit","uploaded_to":17,"date":"2022-10-25 13:23:29","modified":"2022-10-25 13:40:28","menu_order":0,"mime_type":"image\/png","type":"image","subtype":"png","icon":"https:\/\/visionzero.lu\/wp-includes\/images\/media\/default.png","width":1250,"height":650,"sizes":{"thumbnail":"https:\/\/visionzero.lu\/wp-content\/uploads\/2022\/10\/FR-Slider-Site-VZ-Strategie-VZ-2023-2030--150x150.png","thumbnail-width":150,"thumbnail-height":150,"medium":"https:\/\/visionzero.lu\/wp-content\/uploads\/2022\/10\/FR-Slider-Site-VZ-Strategie-VZ-2023-2030--300x156.png","medium-width":300,"medium-height":156,"medium_large":"https:\/\/visionzero.lu\/wp-content\/uploads\/2022\/10\/FR-Slider-Site-VZ-Strategie-VZ-2023-2030--768x399.png","medium_large-width":640,"medium_large-height":333,"large":"https:\/\/visionzero.lu\/wp-content\/uploads\/2022\/10\/FR-Slider-Site-VZ-Strategie-VZ-2023-2030--1024x532.png","large-width":640,"large-height":333,"1536x1536":"https:\/\/visionzero.lu\/wp-content\/uploads\/2022\/10\/FR-Slider-Site-VZ-Strategie-VZ-2023-2030-.png","1536x1536-width":1250,"1536x1536-height":650,"2048x2048":"https:\/\/visionzero.lu\/wp-content\/uploads\/2022\/10\/FR-Slider-Site-VZ-Strategie-VZ-2023-2030-.png","2048x2048-width":1250,"2048x2048-height":650}}}],"documentation_elements":[{"ID":22057,"post_author":"6","post_date":"2024-01-09 14:26:45","post_date_gmt":"2024-01-09 13:26:45","post_content":"","post_title":"Le vrac sur camion benne","post_excerpt":"","post_status":"publish","comment_status":"closed","ping_status":"closed","post_password":"","post_name":"le-vrac-sur-camion-benne","to_ping":"","pinged":"","post_modified":"2024-01-09 14:27:15","post_modified_gmt":"2024-01-09 13:27:15","post_content_filtered":"","post_parent":0,"guid":"https:\/\/visionzero.lu\/fr\/?post_type=mediatech&#038;p=22057","menu_order":0,"post_type":"mediatech","post_mime_type":"","comment_count":"0","filter":"raw","post_title_ml":"[:fr]Le vrac sur camion benne[:de]Sch\u00fcttgut auf Kipperfahrzeugen[:en]Bulk on tipper trucks[:]","post_title_langs":{"fr":true,"de":true,"en":true}},{"ID":19935,"post_author":"6","post_date":"2023-02-16 08:11:43","post_date_gmt":"2023-02-16 07:11:43","post_content":"","post_title":"Strat\u00e9gie VISION ZERO 2023 - 2030","post_excerpt":"","post_status":"publish","comment_status":"closed","ping_status":"closed","post_password":"","post_name":"strategie-vision-zero-2023-2030","to_ping":"","pinged":"","post_modified":"2025-01-16 08:43:47","post_modified_gmt":"2025-01-16 07:43:47","post_content_filtered":"","post_parent":0,"guid":"https:\/\/visionzero.lu\/fr\/?post_type=mediatech&#038;p=19935","menu_order":0,"post_type":"mediatech","post_mime_type":"","comment_count":"0","filter":"raw","post_title_ml":"[:fr]Strat\u00e9gie VISION ZERO 2023 - 2030[:de]VISION ZERO-Strategie 2023 \u2013 2030[:en]VISION ZERO 2023 - 2030 strategy[:]","post_title_langs":{"fr":true,"de":true,"en":true}},{"ID":5574,"post_author":"1","post_date":"2019-08-12 11:49:39","post_date_gmt":"2019-08-12 09:49:39","post_content":"Guide 7 r\u00e8gles d\u2019or \u2013 pour un travail sain et sans accidents","post_title":"Guide 7 r\u00e8gles d\u2019or \u2013 pour un travail sain et sans accidents","post_excerpt":"","post_status":"publish","comment_status":"closed","ping_status":"closed","post_password":"","post_name":"guide-7-regles-dor-pour-un-travail-sain-et-sans-accidents","to_ping":"","pinged":"","post_modified":"2020-02-19 10:56:44","post_modified_gmt":"2020-02-19 09:56:44","post_content_filtered":"","post_parent":0,"guid":"https:\/\/visionzero.lu\/fr\/mediatech\/guide-7-regles-dor-pour-un-travail-sain-et-sans-accidents\/","menu_order":0,"post_type":"mediatech","post_mime_type":"","comment_count":"0","filter":"raw","post_content_ml":"[:fr]Guide 7 r\u00e8gles d\u2019or \u2013 pour un travail sain et sans accidents[:de]Leitfaden 7 Goldene Regeln - F\u00fcr gesunde Arbeit ohne Unf\u00e4lle[:en]Guide 7 Golden Rules - for zero accidents and healthy work[:]","post_content_langs":{"fr":true,"de":true,"en":true},"post_title_ml":"[:fr]Guide 7 r\u00e8gles d\u2019or \u2013 pour un travail sain et sans accidents[:de]Leitfaden 7 Goldene Regeln - F\u00fcr gesunde Arbeit ohne Unf\u00e4lle[:en]Guide 7 Golden Rules - for zero accidents and healthy work[:]","post_title_langs":{"fr":true,"de":true,"en":true}}]}],"strategy":{"title":"Strat\u00e9gie nationale VISION ZERO","description":"La VISION ZERO est la strat\u00e9gie nationale de pr\u00e9vention des accidents du travail, des accidents de trajet et des maladies professionnelles. Cette strat\u00e9gie traduit la volont\u00e9 solidaire des partenaires nationaux \u00e0 redynamiser la s\u00e9curit\u00e9 et la sant\u00e9 au travail et \u00e0 mobiliser toutes les parties prenantes au niveau des employeurs et des salari\u00e9s.","link":"https:\/\/visionzero.lu\/fr\/strategie-nationale-vision-zero\/"},"header_color":"blue"},"_links":{"self":[{"href":"https:\/\/visionzero.lu\/fr\/wp-json\/wp\/v2\/pages\/17","targetHints":{"allow":["GET"]}}],"collection":[{"href":"https:\/\/visionzero.lu\/fr\/wp-json\/wp\/v2\/pages"}],"about":[{"href":"https:\/\/visionzero.lu\/fr\/wp-json\/wp\/v2\/types\/page"}],"author":[{"embeddable":true,"href":"https:\/\/visionzero.lu\/fr\/wp-json\/wp\/v2\/users\/1"}],"replies":[{"embeddable":true,"href":"https:\/\/visionzero.lu\/fr\/wp-json\/wp\/v2\/comments?post=17"}],"version-history":[{"count":95,"href":"https:\/\/visionzero.lu\/fr\/wp-json\/wp\/v2\/pages\/17\/revisions"}],"predecessor-version":[{"id":26855,"href":"https:\/\/visionzero.lu\/fr\/wp-json\/wp\/v2\/pages\/17\/revisions\/26855"}],"wp:featuredmedia":[{"embeddable":true,"href":"https:\/\/visionzero.lu\/fr\/wp-json\/wp\/v2\/media\/19"}],"wp:attachment":[{"href":"https:\/\/visionzero.lu\/fr\/wp-json\/wp\/v2\/media?parent=17"}],"curies":[{"name":"wp","href":"https:\/\/api.w.org\/{rel}","templated":true}]}}