{"id":16760,"date":"2022-10-26T08:00:52","date_gmt":"2022-10-26T06:00:52","guid":{"rendered":"https:\/\/visionzero.lu\/fr\/?page_id=16760"},"modified":"2024-02-29T10:04:38","modified_gmt":"2024-02-29T09:04:38","slug":"security-academy","status":"publish","type":"page","link":"https:\/\/visionzero.lu\/fr\/prix-sst-2026\/laureats-2022\/syndicat-intercommunal-cni-syrdall-schwem\/","title":{"rendered":"Syndicat Intercommunal CNI Syrdall Schwemm"},"content":{"rendered":"<p>La \u00ab\u2009Syrdall Schwemm\u2009\u00bb est une piscine r\u00e9cr\u00e9ative et scolaire situ\u00e9e \u00e0 Niederanven, qui a obtenu le label de qualit\u00e9 de l&rsquo;AAA \u00ab\u2009S\u00e9cher a Gesond mat System\u2009\u00bb. \u00c0 la \u00ab\u2009Syrdall Schw\u00ebmm\u2009\u00bb, les employ\u00e9s sp\u00e9cialis\u00e9s dans l&rsquo;exploitation des piscines (ma\u00eetresnageurs) exercent plusieurs activit\u00e9s \u00e0 la fois\u2009: outre la surveillance classique des visiteurs et l&rsquo;animation de cours aquatiques, ils sont \u00e9galement charg\u00e9s du contr\u00f4le visuel des installations et des petits travaux d&rsquo;entretien.<\/p>\n<p>Le produit innovant dans le domaine de la s\u00e9curit\u00e9 au travail, avec lequel la \u00ab\u2009Syrdall Schw\u00ebmm\u2009\u00bb a contribu\u00e9 au Prix SST 2022, est un outil d&rsquo;e-learning appel\u00e9 \u00ab\u2009Security-Academy\u2009\u00bb. Cet outil contient toutes les formations en mati\u00e8re de s\u00e9curit\u00e9-sant\u00e9 qui ont \u00e9t\u00e9 \u00e9labor\u00e9es par le salari\u00e9 d\u00e9sign\u00e9 et que les collaborateurs de la \u00ab\u2009Syrdall Schwemm\u2009\u00bb doivent suivre avec succ\u00e8s. Cet outil peut \u00e9galement \u00eatre utilis\u00e9 pour les manuels d&rsquo;utilisation, les formations g\u00e9n\u00e9rales internes \u00e0 l&rsquo;entreprise et les syst\u00e8mes de gestion de l&rsquo;apprentissage. Chaque formation en mati\u00e8re de s\u00e9curit\u00e9 se termine par des questions tir\u00e9es d&rsquo;un catalogue de questions pr\u00e9alablement d\u00e9fini.<\/p>\n<p>Le syst\u00e8me permet ainsi un mode de formation moderne, ind\u00e9pendant du temps et du lieu, et donc une formation rapide des collaborateurs. Le principe de ce syst\u00e8me qui se repose sur une base de donn\u00e9es, permet \u00e0 l&#8217;employeur de v\u00e9rifier \u00e0 tout moment si les formations attribu\u00e9es aux employ\u00e9s ont \u00e9t\u00e9 suivies avec succ\u00e8s.<\/p>","protected":false},"excerpt":{"rendered":"<p>La \u00ab\u2009Syrdall Schwemm\u2009\u00bb est une piscine r\u00e9cr\u00e9ative et scolaire situ\u00e9e \u00e0 Niederanven, qui a obtenu le label de qualit\u00e9 de l&rsquo;AAA \u00ab\u2009S\u00e9cher a Gesond mat System\u2009\u00bb. \u00c0 la \u00ab\u2009Syrdall Schw\u00ebmm\u2009\u00bb, les employ\u00e9s sp\u00e9cialis\u00e9s dans l&rsquo;exploitation des piscines (ma\u00eetresnageurs) exercent plusieurs activit\u00e9s \u00e0 la fois\u2009: outre la surveillance classique des visiteurs et l&rsquo;animation de cours aquatiques, [&hellip;]<\/p>\n","protected":false},"author":2,"featured_media":0,"parent":15654,"menu_order":2,"comment_status":"closed","ping_status":"closed","template":"template-laureats.php","meta":{"_acf_changed":false,"footnotes":""},"class_list":["post-16760","page","type-page","status-publish","hentry"],"acf":{"subtitle":"Security-Academy","second_description":"<div><strong>Cat\u00e9gorie<\/strong><br \/>\nEntreprise &lt; 50 salari\u00e9s &#8211; volet s\u00e9curit\u00e9<\/p>\n<div><\/div>\n<div><strong>Entreprise<\/strong><br \/>\nSyndicat Intercommunal CNI Syrdall Schwem<\/div>\n<\/div>\n","width":"6","actual_inscriptions":"51","header_color":"blue"},"_links":{"self":[{"href":"https:\/\/visionzero.lu\/fr\/wp-json\/wp\/v2\/pages\/16760","targetHints":{"allow":["GET"]}}],"collection":[{"href":"https:\/\/visionzero.lu\/fr\/wp-json\/wp\/v2\/pages"}],"about":[{"href":"https:\/\/visionzero.lu\/fr\/wp-json\/wp\/v2\/types\/page"}],"author":[{"embeddable":true,"href":"https:\/\/visionzero.lu\/fr\/wp-json\/wp\/v2\/users\/2"}],"replies":[{"embeddable":true,"href":"https:\/\/visionzero.lu\/fr\/wp-json\/wp\/v2\/comments?post=16760"}],"version-history":[{"count":3,"href":"https:\/\/visionzero.lu\/fr\/wp-json\/wp\/v2\/pages\/16760\/revisions"}],"predecessor-version":[{"id":23274,"href":"https:\/\/visionzero.lu\/fr\/wp-json\/wp\/v2\/pages\/16760\/revisions\/23274"}],"up":[{"embeddable":true,"href":"https:\/\/visionzero.lu\/fr\/wp-json\/wp\/v2\/pages\/15654"}],"wp:attachment":[{"href":"https:\/\/visionzero.lu\/fr\/wp-json\/wp\/v2\/media?parent=16760"}],"curies":[{"name":"wp","href":"https:\/\/api.w.org\/{rel}","templated":true}]}}