{"id":1614,"date":"2019-07-22T17:50:16","date_gmt":"2019-07-22T15:50:16","guid":{"rendered":"https:\/\/visionzero.lu\/fr\/?page_id=1614"},"modified":"2023-05-24T17:06:44","modified_gmt":"2023-05-24T15:06:44","slug":"entreprises-certifiees","status":"publish","type":"page","link":"https:\/\/visionzero.lu\/fr\/label-sgs\/entreprises-certifiees\/","title":{"rendered":"Entreprises certifi\u00e9es"},"content":{"rendered":"<p>Nous tenons \u00e0 f\u00e9liciter les <span id=\"entreprisecount\"><\/span> entreprises labellis\u00e9es reprises ci-dessous pour leur engagement et la mise en place d\u2019une culture de pr\u00e9vention en mati\u00e8re de s\u00e9curit\u00e9-sant\u00e9 au travail.<\/p>\n<p>La date reprise en-dessous du nom de l\u2019entreprise repr\u00e9sente la date de la premi\u00e8re certification.<\/p>","protected":false},"excerpt":{"rendered":"<p>Nous tenons \u00e0 f\u00e9liciter les entreprises labellis\u00e9es reprises ci-dessous pour leur engagement et la mise en place d\u2019une culture de pr\u00e9vention en mati\u00e8re de s\u00e9curit\u00e9-sant\u00e9 au travail. La date reprise en-dessous du nom de l\u2019entreprise repr\u00e9sente la date de la premi\u00e8re certification.<\/p>\n","protected":false},"author":1,"featured_media":14561,"parent":292,"menu_order":1,"comment_status":"closed","ping_status":"closed","template":"template-partners-list.php","meta":{"_acf_changed":false,"footnotes":""},"class_list":["post-1614","page","type-page","status-publish","has-post-thumbnail","hentry"],"acf":{"logo_page":true,"certified":true,"header_color":"purple"},"_links":{"self":[{"href":"https:\/\/visionzero.lu\/fr\/wp-json\/wp\/v2\/pages\/1614","targetHints":{"allow":["GET"]}}],"collection":[{"href":"https:\/\/visionzero.lu\/fr\/wp-json\/wp\/v2\/pages"}],"about":[{"href":"https:\/\/visionzero.lu\/fr\/wp-json\/wp\/v2\/types\/page"}],"author":[{"embeddable":true,"href":"https:\/\/visionzero.lu\/fr\/wp-json\/wp\/v2\/users\/1"}],"replies":[{"embeddable":true,"href":"https:\/\/visionzero.lu\/fr\/wp-json\/wp\/v2\/comments?post=1614"}],"version-history":[{"count":1,"href":"https:\/\/visionzero.lu\/fr\/wp-json\/wp\/v2\/pages\/1614\/revisions"}],"predecessor-version":[{"id":21322,"href":"https:\/\/visionzero.lu\/fr\/wp-json\/wp\/v2\/pages\/1614\/revisions\/21322"}],"up":[{"embeddable":true,"href":"https:\/\/visionzero.lu\/fr\/wp-json\/wp\/v2\/pages\/292"}],"wp:featuredmedia":[{"embeddable":true,"href":"https:\/\/visionzero.lu\/fr\/wp-json\/wp\/v2\/media\/14561"}],"wp:attachment":[{"href":"https:\/\/visionzero.lu\/fr\/wp-json\/wp\/v2\/media?parent=1614"}],"curies":[{"name":"wp","href":"https:\/\/api.w.org\/{rel}","templated":true}]}}