{"id":15654,"date":"2022-10-26T08:00:17","date_gmt":"2022-10-26T06:00:17","guid":{"rendered":"https:\/\/visionzero.lu\/fr\/?page_id=15654"},"modified":"2024-12-19T10:54:26","modified_gmt":"2024-12-19T09:54:26","slug":"prix-securite-sante-au-travail-laureats-2022","status":"publish","type":"page","link":"https:\/\/visionzero.lu\/fr\/prix-sst-2026\/laureats-2022\/","title":{"rendered":"Prix s\u00e9curit\u00e9-sant\u00e9 au Travail &#8211; Laur\u00e9ats 2022"},"content":{"rendered":"<p><\/p>\n<h4><a href=\"https:\/\/visionzero.lu\/fr\/prix-sst\/laureats-2022\/sodexo-luxembourg-s-a\/\" target=\"_blank\" rel=\"noopener\">Sodexo Luxembourg S.A.<\/a> avec son projet \u00ab\u00a0Ma s\u00e9curit\u00e9, c\u2019est aussi pour eux\u00a0!\u00a0\u00bb remporte le Prix du public 2022!<\/h4>\n<p>D\u00e9couvrez ci-dessous tous les laur\u00e9ats du Prix s\u00e9curit\u00e9-sant\u00e9 au travail 2022.<\/p>","protected":false},"excerpt":{"rendered":"<p>Sodexo Luxembourg S.A. avec son projet \u00ab\u00a0Ma s\u00e9curit\u00e9, c\u2019est aussi pour eux\u00a0!\u00a0\u00bb remporte le Prix du public 2022! D\u00e9couvrez ci-dessous tous les laur\u00e9ats du Prix s\u00e9curit\u00e9-sant\u00e9 au travail 2022.<\/p>\n","protected":false},"author":6,"featured_media":13859,"parent":640,"menu_order":8,"comment_status":"closed","ping_status":"closed","template":"template-laureatsliste.php","meta":{"_acf_changed":false,"footnotes":""},"class_list":["post-15654","page","type-page","status-publish","has-post-thumbnail","hentry"],"acf":{"has_subtitle":false,"has_logo_page":false,"size_content":"9","content":false,"header_color":"orange","top_description":"","bottom_description":""},"_links":{"self":[{"href":"https:\/\/visionzero.lu\/fr\/wp-json\/wp\/v2\/pages\/15654","targetHints":{"allow":["GET"]}}],"collection":[{"href":"https:\/\/visionzero.lu\/fr\/wp-json\/wp\/v2\/pages"}],"about":[{"href":"https:\/\/visionzero.lu\/fr\/wp-json\/wp\/v2\/types\/page"}],"author":[{"embeddable":true,"href":"https:\/\/visionzero.lu\/fr\/wp-json\/wp\/v2\/users\/6"}],"replies":[{"embeddable":true,"href":"https:\/\/visionzero.lu\/fr\/wp-json\/wp\/v2\/comments?post=15654"}],"version-history":[{"count":1,"href":"https:\/\/visionzero.lu\/fr\/wp-json\/wp\/v2\/pages\/15654\/revisions"}],"predecessor-version":[{"id":25803,"href":"https:\/\/visionzero.lu\/fr\/wp-json\/wp\/v2\/pages\/15654\/revisions\/25803"}],"up":[{"embeddable":true,"href":"https:\/\/visionzero.lu\/fr\/wp-json\/wp\/v2\/pages\/640"}],"wp:featuredmedia":[{"embeddable":true,"href":"https:\/\/visionzero.lu\/fr\/wp-json\/wp\/v2\/media\/13859"}],"wp:attachment":[{"href":"https:\/\/visionzero.lu\/fr\/wp-json\/wp\/v2\/media?parent=15654"}],"curies":[{"name":"wp","href":"https:\/\/api.w.org\/{rel}","templated":true}]}}