{"id":155,"date":"2019-06-07T15:30:23","date_gmt":"2019-06-07T13:30:23","guid":{"rendered":"https:\/\/visionzero.lu\/?page_id=155"},"modified":"2019-09-05T17:38:17","modified_gmt":"2019-09-05T15:38:17","slug":"forum-workshop","status":"publish","type":"page","link":"https:\/\/visionzero.lu\/fr\/forum-sst-2019-2\/workshops-2019\/","title":{"rendered":"Forum &#8211; workshop"},"content":{"rendered":"<p>Pour participer aux workshops, il ne faut pas s&rsquo;inscrire au pr\u00e9alable. Mais attention, les places sont limit\u00e9es (Salle 1 = 80 places, Salle 2 = 60 places) . Il suffit d&rsquo;\u00eatre inscrit en tant que visiteur. Merci de vous pr\u00e9senter chez les h\u00f4tesses devant les salles au d\u00e9but et \u00e0 la fin de chaque workshop afin de recevoir votre certificat de participation par e-mail. Les workshops sont reconnus comme formation continue pour travailleurs d\u00e9sign\u00e9s au Luxembourg.<\/p>","protected":false},"excerpt":{"rendered":"<p>Pour participer aux workshops, il ne faut pas s&rsquo;inscrire au pr\u00e9alable. Mais attention, les places sont limit\u00e9es (Salle 1 = 80 places, Salle 2 = 60 places) . Il suffit d&rsquo;\u00eatre inscrit en tant que visiteur. Merci de vous pr\u00e9senter chez les h\u00f4tesses devant les salles au d\u00e9but et \u00e0 la fin de chaque workshop [&hellip;]<\/p>\n","protected":false},"author":1,"featured_media":150,"parent":571,"menu_order":1,"comment_status":"closed","ping_status":"closed","template":"","meta":{"_acf_changed":false,"footnotes":""},"class_list":["post-155","page","type-page","status-publish","has-post-thumbnail","hentry"],"acf":{"subtitle":"","content":false,"date_workshop":"17\/06\/2019","workshop":[{"begin_workshop":"10:00","end_workshop":"11:00","title_workshop":"Les bonnes pratiques dans la pr\u00e9vention des risques psychosociaux","organiser":"Service de Sant\u00e9 au Travail Multisectoriel (STM)","room":"Salle 1","language":"Fran\u00e7ais","duration":"1h","description":"La promotion du bien-\u00eatre au travail passe par la pr\u00e9vention des risques psychosociaux. Des bonnes pratiques peuvent \u00eatre mises en place dans l\u2019entreprise pour promouvoir le bien-\u00eatre au travail : une d\u00e9marche de pr\u00e9vention des risques psychosociaux ; la sensibilisation et la formation des salari\u00e9s, des managers ou des acteurs de pr\u00e9vention. L\u2019objectif de ce workshop sera donc de mieux appr\u00e9hender la pr\u00e9vention des risques psychosociaux et de conna\u00eetre les bonnes pratiques dans la promotion de la sant\u00e9 au travail en entreprise o\u00f9 chacun a un r\u00f4le \u00e0 jouer dans la pr\u00e9vention des souffrances au travail."},{"begin_workshop":"10:00","end_workshop":"12:00","title_workshop":"Lorem ipsum dolor sit, amet","organiser":"srgertgrthrtzhzt tr ze rth tzhe rtzh ","room":"Salle 2","language":"Anglais","duration":"2h","description":"Lorem ipsum dolor sit, amet consectetur adipisicing elit. Veritatis, nemo. Deserunt hic sit delectus sint repellat. Incidunt voluptatibus, distinctio eligendi facilis et rem doloremque aliquid dolorem aspernatur quas harum vel expedita dolorum dignissimos magnam commodi sunt esse officia aut! Tenetur modi aspernatur vitae aut quo corrupti, quia debitis numquam magnam!"},{"begin_workshop":"12:00","end_workshop":"13:00","title_workshop":"New Test","organiser":"Luxembourg Ville","room":"Salle 3","language":"Chinoise","duration":"1h","description":"Lorem Ipsum is simply dummy text of the printing and typesetting industry. Lorem Ipsum has been the industry's standard dummy text ever since the 1500s, when an unknown printer took a galley of type and scrambled it to make a type specimen book. It has survived not only five centuries, but also the leap into electronic typesetting, remaining essentially unchanged. It was popularised in the 1960s with the release of Letraset sheets containing Lorem Ipsum passages, and more recently with desktop publishing software like Aldus PageMaker including versions of Lorem Ipsum"}],"has_subtitle":false,"has_logo_page":false,"size_content":"12","secher_&_gesond":false,"management":false,"esr":false},"_links":{"self":[{"href":"https:\/\/visionzero.lu\/fr\/wp-json\/wp\/v2\/pages\/155","targetHints":{"allow":["GET"]}}],"collection":[{"href":"https:\/\/visionzero.lu\/fr\/wp-json\/wp\/v2\/pages"}],"about":[{"href":"https:\/\/visionzero.lu\/fr\/wp-json\/wp\/v2\/types\/page"}],"author":[{"embeddable":true,"href":"https:\/\/visionzero.lu\/fr\/wp-json\/wp\/v2\/users\/1"}],"replies":[{"embeddable":true,"href":"https:\/\/visionzero.lu\/fr\/wp-json\/wp\/v2\/comments?post=155"}],"version-history":[{"count":0,"href":"https:\/\/visionzero.lu\/fr\/wp-json\/wp\/v2\/pages\/155\/revisions"}],"up":[{"embeddable":true,"href":"https:\/\/visionzero.lu\/fr\/wp-json\/wp\/v2\/pages\/571"}],"wp:featuredmedia":[{"embeddable":true,"href":"https:\/\/visionzero.lu\/fr\/wp-json\/wp\/v2\/media\/150"}],"wp:attachment":[{"href":"https:\/\/visionzero.lu\/fr\/wp-json\/wp\/v2\/media?parent=155"}],"curies":[{"name":"wp","href":"https:\/\/api.w.org\/{rel}","templated":true}]}}