{"id":1412,"date":"2019-07-17T09:44:54","date_gmt":"2019-07-17T07:44:54","guid":{"rendered":"https:\/\/visionzero.lu\/fr\/?page_id=1412"},"modified":"2024-12-19T08:47:56","modified_gmt":"2024-12-19T07:47:56","slug":"origine-de-la-strategie-nationale-vision-zero","status":"publish","type":"page","link":"https:\/\/visionzero.lu\/fr\/origine\/","title":{"rendered":"Origine de l\u2019initiative"},"content":{"rendered":"<p><\/p>\n<div>En Europe, le concept de \u00ab z\u00e9ro accident \u00bb a pris de l\u2019ampleur dans les ann\u00e9es 1990 dans le cadre du d\u00e9veloppement de strat\u00e9gies politiques en mati\u00e8re de s\u00e9curit\u00e9 routi\u00e8re. La Su\u00e8de \u00e9tait un des premiers pays \u00e0 mettre ce concept officiellement en place dans sa <strong>politique de s\u00e9curit\u00e9 routi\u00e8re<\/strong> et en utilisant pour la premi\u00e8re fois la d\u00e9nomination de \u00ab VISION ZERO \u00bb.<\/div>\n<p>Au Luxembourg, le Minist\u00e8re du Travail, l\u2019Association d\u2019assurance accident (AAA), l\u2019Inspection du travail et des mines (ITM), l\u2019Union des Entreprises Luxembourgeoises (UEL), le LCGB et l\u2019OGBL avaient sign\u00e9, en 2003, une d\u00e9claration commune visant la promotion de la s\u00e9curit\u00e9, de la sant\u00e9 et du bien-\u00eatre des travailleurs. Ce plan d\u2019action de lutte contre les accidents du travail portait sur les ann\u00e9es 2003 \u00e0 2007.<\/p>\n<p>Les principaux objectifs fix\u00e9s par rapport \u00e0 l\u2019ann\u00e9e 2002 \u00e9taient la r\u00e9duction substantielle du taux de fr\u00e9quence des accidents du travail et de trajet (10,66% en 2002) et le renversement de la tendance du nombre croissant des accidents de trajet (5.689 en 2002). Alors que ces objectifs avaient \u00e9t\u00e9 atteints en 2007, les chiffres de 2014 montrent qu\u2019ils ont depuis lors \u00e9t\u00e9 largement d\u00e9pass\u00e9s. En effet, le taux de fr\u00e9quence des accidents du travail et de trajet est tomb\u00e9 \u00e0 5,37% et les accidents de trajet sont descendus \u00e0 3.516 cas en 2014.<\/p>\n<p>Malgr\u00e9 le fait que le taux de fr\u00e9quence des accidents du travail (nombre d\u2019accidents reconnus * 100 \/ nombre de travailleurs-unit\u00e9) a connu une baisse significative tout au long des derni\u00e8res ann\u00e9es, passant de 27,44 en 1960 pour atteindre 5,37 en 2014, tous secteurs confondus, il se maintient \u00e0 ce niveau depuis 2011.<\/p>\n<p>En 2014, lors du congr\u00e8s mondial de la s\u00e9curit\u00e9 et de la sant\u00e9 au travail \u00e0 Francfort, <a href=\"https:\/\/ww1.issa.int\/\" target=\"_blank\" rel=\"noopener noreferrer\">l\u2019Association internationale de la s\u00e9curit\u00e9 sociale (ISSA)<\/a> a repris le concept de VISION ZERO, tout en l\u2019\u00e9tendant aux accidents li\u00e9s au travail.<\/p>\n<p>En mars 2015, au Luxembourg, tous les membres du Gouvernement ont sign\u00e9 une Charte nationale de la s\u00e9curit\u00e9 routi\u00e8re en vue de contribuer \u00e0 la r\u00e9alisation de l\u2019objectif europ\u00e9en de r\u00e9duire de moiti\u00e9 le nombre de tu\u00e9s sur les routes europ\u00e9ennes et de diminuer le nombre des bless\u00e9s graves d\u2019ici 2020. Suite \u00e0 ce plan d\u2019action, \u00e9galement connu sous la d\u00e9nomination \u00ab Vision Z\u00e9ro \u00bb, l\u2019Union des Entreprises Luxembourgeoises et son Institut national pour le d\u00e9veloppement durable et la responsabilit\u00e9 sociale des entreprises (INDR) ont conclu le 1er octobre 2015 un <strong>accord de partenariat avec le Gouvernement en mati\u00e8re de pr\u00e9vention des accidents de la route li\u00e9s au travail.<\/strong><\/p>\n<p>En mars 2016, la <a href=\"https:\/\/visionzero.lu\/wp-content\/uploads\/2019\/07\/Charte_Vision_ZERO_24_03_2016_signe%CC%81e-1.pdf\" target=\"_blank\" rel=\"noopener noreferrer\">Charte nationale VISION ZERO 2016 &#8211; 2022<\/a> pour la promotion de la s\u00e9curit\u00e9 et de la sant\u00e9 au travail a \u00e9t\u00e9 sign\u00e9e par les partenaires nationaux \u00e0 l\u2019occasion de la 10\u00e8me \u00e9dition du Forum de la s\u00e9curit\u00e9 et de la sant\u00e9 au travail, en pr\u00e9sence de Leurs Altesses Royales le Grand-Duc H\u00e9ritier et la Grande-Duchesse H\u00e9riti\u00e8re. La VISION ZERO est une strat\u00e9gie nationale de pr\u00e9vention en mati\u00e8re de s\u00e9curit\u00e9 et de sant\u00e9 au travail qui a trouv\u00e9 un consensus au niveau mondial.<\/p>\n<p>L\u2019Association internationale de la s\u00e9curit\u00e9 sociale (ISSA) a lanc\u00e9 en septembre 2017 la <strong>campagne mondiale <a href=\"http:\/\/visionzero.global\/fr\" target=\"_blank\" rel=\"noopener noreferrer\">Vision Zero Global<\/a>.<\/strong> Les initiateurs de la strat\u00e9gie nationale VISION ZERO (AAA, UEL, INDR) sont \u00e9galement partenaires officiels de cette communaut\u00e9 globale.<\/p>\n<p>Compte tenu du succ\u00e8s de la premi\u00e8re phase (2016-2022) et de l\u2019importance de cette th\u00e9matique, les initiateurs de la VISION ZERO ont d\u00e9cid\u00e9 de poursuivre les efforts en mati\u00e8re de s\u00e9curit\u00e9-sant\u00e9 au travail et de d\u00e9ployer des efforts particuliers dans les secteurs \u00e0 risques. La pr\u00e9sentation de cette nouvelle phase de la VISION ZERO 2023 \u2013 2030, soutenue par le gouvernement, s\u2019est faite au 15<sup>e<\/sup> Forum S\u00e9curit\u00e9-Sant\u00e9 au Travail organis\u00e9 par l\u2019AAA, l\u2019UEL et l\u2019INDR, le 26 octobre 2022.<\/p>","protected":false},"excerpt":{"rendered":"<p>En Europe, le concept de \u00ab z\u00e9ro accident \u00bb a pris de l\u2019ampleur dans les ann\u00e9es 1990 dans le cadre du d\u00e9veloppement de strat\u00e9gies politiques en mati\u00e8re de s\u00e9curit\u00e9 routi\u00e8re. La Su\u00e8de \u00e9tait un des premiers pays \u00e0 mettre ce concept officiellement en place dans sa politique de s\u00e9curit\u00e9 routi\u00e8re et en utilisant pour la [&hellip;]<\/p>\n","protected":false},"author":1,"featured_media":0,"parent":0,"menu_order":21,"comment_status":"closed","ping_status":"closed","template":"","meta":{"_acf_changed":false,"footnotes":""},"class_list":["post-1412","page","type-page","status-publish","hentry"],"acf":{"subtitle":"Origine de la strat\u00e9gie nationale VISION ZERO","content":[{"type_content":"documents_block","text_block":{"text_description":"","logo":false},"image_text_block":{"side_image":false,"text_description":"","image":false,"image_caption":""},"gallery_block":{"title_gallery":"","gallery":null},"images_grid_block":{"title":"","slider":false,"gallery":false,"gallery_de":false,"images_en":false,"button_text":"","button_link":"","zip_file":false,"zip_file_text":""},"documents_block":{"title_block_documents":"Documents","file_document":[{"title_file":"Charte nationale VISION ZERO 2016 - 2022","file":{"ID":1382,"id":1382,"title":"Charte_Vision_ZERO_24_03_2016_signe\u0301e-1","filename":"Charte_Vision_ZERO_24_03_2016_signe\u0301e-1.pdf","filesize":1413248,"url":"https:\/\/visionzero.lu\/wp-content\/uploads\/2019\/07\/Charte_Vision_ZERO_24_03_2016_signe\u0301e-1.pdf","link":"https:\/\/visionzero.lu\/fr\/strategie-nationale-vision-zero\/charte_vision_zero_24_03_2016_signee-1\/","alt":"","author":"1","description":"","caption":"","name":"charte_vision_zero_24_03_2016_signee-1","status":"inherit","uploaded_to":1374,"date":"2019-07-16 14:40:03","modified":"2019-07-16 14:40:03","menu_order":0,"mime_type":"application\/pdf","type":"application","subtype":"pdf","icon":"https:\/\/visionzero.lu\/wp-includes\/images\/media\/document.png"}},{"title_file":"D\u00e9pliant - Strat\u00e9gie VISION ZERO 2023 - 2030","file":{"ID":21690,"id":21690,"title":"Strategie-VISION-ZERO-2023-2030-VF","filename":"Strategie-VISION-ZERO-2023-2030-VF.pdf","filesize":89176,"url":"https:\/\/visionzero.lu\/wp-content\/uploads\/2023\/09\/Strategie-VISION-ZERO-2023-2030-VF.pdf","link":"https:\/\/visionzero.lu\/fr\/strategie-nationale-vision-zero\/strategie-vision-zero-2023-2030-vf\/","alt":"","author":"6","description":"","caption":"","name":"strategie-vision-zero-2023-2030-vf","status":"inherit","uploaded_to":1374,"date":"2023-09-22 06:31:44","modified":"2023-09-22 06:32:16","menu_order":0,"mime_type":"application\/pdf","type":"application","subtype":"pdf","icon":"https:\/\/visionzero.lu\/wp-includes\/images\/media\/document.png"}}]},"subject_block":{"title_subject_block":"","page":false},"new_layout":false,"grid_landscape":false,"grid_square":{"size_edition_label":false,"num_culomns":4,"small_edition":false,"side_edition_label":false,"big_edition_label":false,"edition_block":""},"grid_campagne":{"title":"","campagnes":null},"partners":{"title":"","type_partners":false},"partners_pick":{"title":"","type_partners":null},"editions":{"title":"","edition":false},"collapse_labels":false,"testimonial_gallery":false,"testimonial_media":{"title":"","media_testimonial":false},"title_gallery":"","gallery":false,"tab_content":{"tab_list":false},"image_text_block_2":{"image":false,"logo":false,"text_description":""}},{"type_content":"subjects_block","text_block":{"text_description":"","logo":false},"image_text_block":{"side_image":false,"text_description":"","image":false,"image_caption":""},"gallery_block":{"title_gallery":"","gallery":null},"images_grid_block":{"title":"","slider":false,"gallery":false,"gallery_de":false,"images_en":false,"button_text":"","button_link":"","zip_file":false,"zip_file_text":""},"documents_block":{"title_block_documents":"","file_document":false},"subject_block":{"title_subject_block":"Sujets li\u00e9s","page":[{"image_page":{"ID":19822,"id":19822,"title":"Strat\u00e9gie VZ 2023 - 2030 - FR","filename":"Strategie-VZ-2023-2030-FR.png","filesize":108085,"url":"https:\/\/visionzero.lu\/wp-content\/uploads\/2023\/01\/Strategie-VZ-2023-2030-FR.png","link":"https:\/\/visionzero.lu\/fr\/origine\/strategie-vz-2023-2030-fr\/","alt":"","author":"6","description":"","caption":"","name":"strategie-vz-2023-2030-fr","status":"inherit","uploaded_to":1412,"date":"2023-01-19 14:37:01","modified":"2023-01-19 14:39:19","menu_order":0,"mime_type":"image\/png","type":"image","subtype":"png","icon":"https:\/\/visionzero.lu\/wp-includes\/images\/media\/default.png","width":940,"height":788,"sizes":{"thumbnail":"https:\/\/visionzero.lu\/wp-content\/uploads\/2023\/01\/Strategie-VZ-2023-2030-FR-150x150.png","thumbnail-width":150,"thumbnail-height":150,"medium":"https:\/\/visionzero.lu\/wp-content\/uploads\/2023\/01\/Strategie-VZ-2023-2030-FR-300x251.png","medium-width":300,"medium-height":251,"medium_large":"https:\/\/visionzero.lu\/wp-content\/uploads\/2023\/01\/Strategie-VZ-2023-2030-FR-768x644.png","medium_large-width":640,"medium_large-height":537,"large":"https:\/\/visionzero.lu\/wp-content\/uploads\/2023\/01\/Strategie-VZ-2023-2030-FR.png","large-width":640,"large-height":537,"1536x1536":"https:\/\/visionzero.lu\/wp-content\/uploads\/2023\/01\/Strategie-VZ-2023-2030-FR.png","1536x1536-width":940,"1536x1536-height":788,"2048x2048":"https:\/\/visionzero.lu\/wp-content\/uploads\/2023\/01\/Strategie-VZ-2023-2030-FR.png","2048x2048-width":940,"2048x2048-height":788}},"title":"Strat\u00e9gie nationale","type_file":"int","file":false,"url":"","page":"https:\/\/visionzero.lu\/fr\/strategie-nationale-vision-zero\/","gallery":false,"mediatech_link":null},{"image_page":{"ID":3183,"id":3183,"title":"WCHS_2017-26-1024x649","filename":"WCHS_2017-26-1024x649.jpg","filesize":142439,"url":"https:\/\/visionzero.lu\/wp-content\/uploads\/2019\/08\/WCHS_2017-26-1024x649.jpg","link":"https:\/\/visionzero.lu\/fr\/gallery\/xxi-world-congress-on-safety-health-at-work-2017\/wchs_2017-26-1024x649\/","alt":"","author":"1","description":"","caption":"","name":"wchs_2017-26-1024x649","status":"inherit","uploaded_to":3168,"date":"2019-08-08 10:41:11","modified":"2019-08-08 10:41:11","menu_order":0,"mime_type":"image\/jpeg","type":"image","subtype":"jpeg","icon":"https:\/\/visionzero.lu\/wp-includes\/images\/media\/default.png","width":1024,"height":649,"sizes":{"thumbnail":"https:\/\/visionzero.lu\/wp-content\/uploads\/2019\/08\/WCHS_2017-26-1024x649-150x150.jpg","thumbnail-width":150,"thumbnail-height":150,"medium":"https:\/\/visionzero.lu\/wp-content\/uploads\/2019\/08\/WCHS_2017-26-1024x649-300x190.jpg","medium-width":300,"medium-height":190,"medium_large":"https:\/\/visionzero.lu\/wp-content\/uploads\/2019\/08\/WCHS_2017-26-1024x649-768x487.jpg","medium_large-width":640,"medium_large-height":406,"large":"https:\/\/visionzero.lu\/wp-content\/uploads\/2019\/08\/WCHS_2017-26-1024x649-1024x649.jpg","large-width":640,"large-height":406,"1536x1536":"https:\/\/visionzero.lu\/wp-content\/uploads\/2019\/08\/WCHS_2017-26-1024x649.jpg","1536x1536-width":1024,"1536x1536-height":649,"2048x2048":"https:\/\/visionzero.lu\/wp-content\/uploads\/2019\/08\/WCHS_2017-26-1024x649.jpg","2048x2048-width":1024,"2048x2048-height":649}},"title":"World Congress on Safety & Health at work 2017","type_file":"gallery","file":false,"url":"","page":"https:\/\/visionzero.lu\/fr\/forum-sst\/","gallery":{"ID":3168,"post_author":"1","post_date":"2019-08-08 12:41:44","post_date_gmt":"2019-08-08 10:41:44","post_content":"L\u2019AAA a pr\u00e9sent\u00e9 la strat\u00e9gie nationale VISION ZERO lors du <a href=\"https:\/\/www.safety2017singapore.com\/about-the-congress\/?lang=fr\" target=\"_blank\" rel=\"noopener noreferrer\">World Congress on Safety and Health at Work<\/a>. Lors du congr\u00e8s mondial, qui s\u2019est d\u00e9roul\u00e9 du 3 au 6 septembre 2017 \u00e0 Singapour, l\u2019International Social Security Association (issa) a \u00e9galement lanc\u00e9 la <a href=\"http:\/\/visionzero.global\/\" target=\"_blank\" rel=\"noopener noreferrer\">VISION ZERO GLOBAL<\/a>. D\u00e9couvrez les impressions d\u2019un congr\u00e8s riche en \u00e9changes en mati\u00e8re de s\u00e9curit\u00e9 et de sant\u00e9 au travail.","post_title":"XXI World Congress on Safety & Health at work 2017","post_excerpt":"","post_status":"publish","comment_status":"closed","ping_status":"closed","post_password":"","post_name":"xxi-world-congress-on-safety-health-at-work-2017","to_ping":"","pinged":"","post_modified":"2019-08-08 12:41:44","post_modified_gmt":"2019-08-08 10:41:44","post_content_filtered":"","post_parent":0,"guid":"https:\/\/visionzero.lu\/fr\/?post_type=gallery&#038;p=3168","menu_order":0,"post_type":"gallery","post_mime_type":"","comment_count":"0","filter":"raw","post_content_ml":"[:fr]L\u2019AAA a pr\u00e9sent\u00e9 la strat\u00e9gie nationale VISION ZERO lors du <a href=\"https:\/\/www.safety2017singapore.com\/about-the-congress\/?lang=fr\" target=\"_blank\" rel=\"noopener noreferrer\">World Congress on Safety and Health at Work<\/a>. Lors du congr\u00e8s mondial, qui s\u2019est d\u00e9roul\u00e9 du 3 au 6 septembre 2017 \u00e0 Singapour, l\u2019International Social Security Association (issa) a \u00e9galement lanc\u00e9 la <a href=\"http:\/\/visionzero.global\/\" target=\"_blank\" rel=\"noopener noreferrer\">VISION ZERO GLOBAL<\/a>. D\u00e9couvrez les impressions d\u2019un congr\u00e8s riche en \u00e9changes en mati\u00e8re de s\u00e9curit\u00e9 et de sant\u00e9 au travail.[:]","post_content_langs":{"fr":true},"post_title_ml":"[:fr]XXI World Congress on Safety & Health at work 2017[:]","post_title_langs":{"fr":true}},"mediatech_link":null}]},"new_layout":false,"grid_landscape":false,"grid_square":{"size_edition_label":false,"num_culomns":4,"small_edition":false,"side_edition_label":false,"big_edition_label":false,"edition_block":""},"grid_campagne":{"title":"","campagnes":null},"partners":{"title":"","type_partners":false},"partners_pick":{"title":"","type_partners":null},"editions":{"title":"","edition":false},"collapse_labels":false,"testimonial_gallery":false,"testimonial_media":{"title":"","media_testimonial":false},"title_gallery":"","gallery":false,"tab_content":{"tab_list":false},"image_text_block_2":{"image":false,"logo":false,"text_description":""}}],"has_subtitle":false,"has_logo_page":false,"size_content":"9","gray_line":false,"header_color":"blue"},"_links":{"self":[{"href":"https:\/\/visionzero.lu\/fr\/wp-json\/wp\/v2\/pages\/1412","targetHints":{"allow":["GET"]}}],"collection":[{"href":"https:\/\/visionzero.lu\/fr\/wp-json\/wp\/v2\/pages"}],"about":[{"href":"https:\/\/visionzero.lu\/fr\/wp-json\/wp\/v2\/types\/page"}],"author":[{"embeddable":true,"href":"https:\/\/visionzero.lu\/fr\/wp-json\/wp\/v2\/users\/1"}],"replies":[{"embeddable":true,"href":"https:\/\/visionzero.lu\/fr\/wp-json\/wp\/v2\/comments?post=1412"}],"version-history":[{"count":5,"href":"https:\/\/visionzero.lu\/fr\/wp-json\/wp\/v2\/pages\/1412\/revisions"}],"predecessor-version":[{"id":25781,"href":"https:\/\/visionzero.lu\/fr\/wp-json\/wp\/v2\/pages\/1412\/revisions\/25781"}],"wp:attachment":[{"href":"https:\/\/visionzero.lu\/fr\/wp-json\/wp\/v2\/media?parent=1412"}],"curies":[{"name":"wp","href":"https:\/\/api.w.org\/{rel}","templated":true}]}}