{"id":1248,"date":"2019-07-16T08:10:40","date_gmt":"2019-07-16T06:10:40","guid":{"rendered":"https:\/\/visionzero.lu\/fr\/?page_id=1248"},"modified":"2023-07-13T15:52:36","modified_gmt":"2023-07-13T13:52:36","slug":"mentions-legales","status":"publish","type":"page","link":"https:\/\/visionzero.lu\/fr\/mentions-legales\/","title":{"rendered":"Mentions l\u00e9gales"},"content":{"rendered":"<p>Vous \u00eates sur le site Internet officiel de la strat\u00e9gie nationale VISION ZERO. Les initiateurs de la VISION ZERO sont : l\u2019Association d\u2019Assurance Accident, en abr\u00e9g\u00e9 AAA, l\u2019Union des Entreprises Luxembourgeoises, en abr\u00e9g\u00e9 UEL, l\u2019Institut National pour le D\u00e9veloppement durable et la Responsabilit\u00e9 sociale des entreprises, en abr\u00e9g\u00e9 INDR.<\/p>\n<p>Le pr\u00e9sent site Internet est \u00e9dit\u00e9 et exploit\u00e9 par l\u2019organisme comp\u00e9tent, l\u2019AAA, en \u00e9troite concertation avec l\u2019UEL et l\u2019INDR. Il est h\u00e9berg\u00e9 par VISUAL ONLINE. Les d\u00e9veloppements du site Internet sont r\u00e9alis\u00e9s par les agences COMED et MIDORI. Un soin particulier a \u00e9t\u00e9 accord\u00e9 au niveau de qualit\u00e9 et d\u2019accessibilit\u00e9.<\/p>\n<p>L\u2019AAA est un \u00e9tablissement public cr\u00e9\u00e9 en 1901 et plac\u00e9 sous la tutelle du minist\u00e8re de la S\u00e9curit\u00e9 sociale. Le si\u00e8ge social est situ\u00e9 \u00e0 4, rue Mercier, L-2144 Luxembourg. L\u2019AAA est enregistr\u00e9e au Registre du Commerce et des Soci\u00e9t\u00e9s de Luxembourg sous le num\u00e9ro J16.<\/p>\n<p>L\u2019UEL est l\u2019organisation fa\u00eeti\u00e8re du patronat luxembourgeois. Le si\u00e8ge social est situ\u00e9 \u00e0 7, rue Alcide Gasperi, L-1615 Luxembourg. L\u2019UEL est enregistr\u00e9e au Registre du Commerce et des Soci\u00e9t\u00e9s de Luxembourg sous le num\u00e9ro F2065.<\/p>\n<p>L\u2019INDR a pour mission de guider les entreprises nationales dans l\u2019adoption de la RSE afin qu\u2019elles contribuent au d\u00e9veloppement durable et am\u00e9liorent leur comp\u00e9titivit\u00e9 et leur image. Le si\u00e8ge social est situ\u00e9 \u00e0 7, rue Alcide Gasperi, L-1030 Luxembourg. L\u2019INDR est enregistr\u00e9 au Registre du Commerce et des Soci\u00e9t\u00e9s de Luxembourg sous le num\u00e9ro F7455.<\/p>\n<p>Nous vous invitons \u00e0 consulter les informations relatives \u00e0 la <a href=\"https:\/\/visionzero.lu\/fr\/protection-des-donnees\/\">Protection des donn\u00e9es<\/a> et les <a href=\"https:\/\/visionzero.lu\/fr\/conditions-generales-dutilisation-du-site-internet\/\">Conditions g\u00e9n\u00e9rales d\u2019utilisation du site Internet<\/a>.<\/p>","protected":false},"excerpt":{"rendered":"<p>Vous \u00eates sur le site Internet officiel de la strat\u00e9gie nationale VISION ZERO. Les initiateurs de la VISION ZERO sont : l\u2019Association d\u2019Assurance Accident, en abr\u00e9g\u00e9 AAA, l\u2019Union des Entreprises Luxembourgeoises, en abr\u00e9g\u00e9 UEL, l\u2019Institut National pour le D\u00e9veloppement durable et la Responsabilit\u00e9 sociale des entreprises, en abr\u00e9g\u00e9 INDR. Le pr\u00e9sent site Internet est \u00e9dit\u00e9 [&hellip;]<\/p>\n","protected":false},"author":1,"featured_media":0,"parent":0,"menu_order":71,"comment_status":"closed","ping_status":"closed","template":"","meta":{"_acf_changed":false,"footnotes":""},"class_list":["post-1248","page","type-page","status-publish","hentry"],"acf":{"subtitle":"","content":false,"has_subtitle":false,"has_logo_page":false,"size_content":"9","header_color":"blue"},"_links":{"self":[{"href":"https:\/\/visionzero.lu\/fr\/wp-json\/wp\/v2\/pages\/1248","targetHints":{"allow":["GET"]}}],"collection":[{"href":"https:\/\/visionzero.lu\/fr\/wp-json\/wp\/v2\/pages"}],"about":[{"href":"https:\/\/visionzero.lu\/fr\/wp-json\/wp\/v2\/types\/page"}],"author":[{"embeddable":true,"href":"https:\/\/visionzero.lu\/fr\/wp-json\/wp\/v2\/users\/1"}],"replies":[{"embeddable":true,"href":"https:\/\/visionzero.lu\/fr\/wp-json\/wp\/v2\/comments?post=1248"}],"version-history":[{"count":2,"href":"https:\/\/visionzero.lu\/fr\/wp-json\/wp\/v2\/pages\/1248\/revisions"}],"predecessor-version":[{"id":21419,"href":"https:\/\/visionzero.lu\/fr\/wp-json\/wp\/v2\/pages\/1248\/revisions\/21419"}],"wp:attachment":[{"href":"https:\/\/visionzero.lu\/fr\/wp-json\/wp\/v2\/media?parent=1248"}],"curies":[{"name":"wp","href":"https:\/\/api.w.org\/{rel}","templated":true}]}}