{"id":11910,"date":"2020-10-01T16:37:08","date_gmt":"2020-10-01T14:37:08","guid":{"rendered":"https:\/\/visionzero.lu\/fr\/?page_id=11910"},"modified":"2024-12-19T10:56:14","modified_gmt":"2024-12-19T09:56:14","slug":"communiques","status":"publish","type":"page","link":"https:\/\/visionzero.lu\/fr\/prix-sst-2026\/communiques-prixsst-2020\/","title":{"rendered":"Communiqu\u00e9s &#8211; Prix SST 2020"},"content":{"rendered":"","protected":false},"excerpt":{"rendered":"","protected":false},"author":2,"featured_media":0,"parent":640,"menu_order":5,"comment_status":"closed","ping_status":"closed","template":"","meta":{"_acf_changed":false,"footnotes":""},"class_list":["post-11910","page","type-page","status-publish","hentry"],"acf":{"has_subtitle":false,"has_logo_page":true,"size_content":"12","content":[{"type_content":"documents_block","text_block":{"text_description":"","logo":false},"image_text_block":{"side_image":false,"text_description":"","image":false,"image_caption":""},"gallery_block":{"title_gallery":"","gallery":null},"images_grid_block":{"title":"","slider":false,"gallery":false,"gallery_de":false,"images_en":false,"button_text":"","button_link":"","zip_file":false,"zip_file_text":""},"documents_block":{"title_block_documents":"Communiqu\u00e9s","file_document":[{"title_file":"Communiqu\u00e9 de la remise du 1.10.2020 Minist\u00e8re de la Sant\u00e9","file":{"ID":11935,"id":11935,"title":"Communique - Laur\u00e9ats 01.10.20-final","filename":"Communique-Laureats-01.10.20-final.pdf","filesize":1018411,"url":"https:\/\/visionzero.lu\/wp-content\/uploads\/2020\/10\/Communique-Laureats-01.10.20-final.pdf","link":"https:\/\/visionzero.lu\/fr\/prix-sst-2026\/communiques-prixsst-2020\/communique-laureats-01-10-20-final\/","alt":"","author":"6","description":"","caption":"","name":"communique-laureats-01-10-20-final","status":"inherit","uploaded_to":11910,"date":"2020-10-01 15:25:49","modified":"2020-10-01 15:25:49","menu_order":0,"mime_type":"application\/pdf","type":"application","subtype":"pdf","icon":"https:\/\/visionzero.lu\/wp-includes\/images\/media\/document.png"}},{"title_file":"Communiqu\u00e9 de la remise du 5.10.2020 Minist\u00e8re de la S\u00e9curit\u00e9 sociale","file":{"ID":11988,"id":11988,"title":"Communiqu\u00e9 de presse-Remise 5.10.2020","filename":"Communique-de-presse-Remise-5.10.2020.pdf","filesize":913243,"url":"https:\/\/visionzero.lu\/wp-content\/uploads\/2020\/10\/Communique-de-presse-Remise-5.10.2020.pdf","link":"https:\/\/visionzero.lu\/fr\/prix-sst-2026\/communiques-prixsst-2020\/communique-de-presse-remise-5-10-2020\/","alt":"","author":"6","description":"","caption":"","name":"communique-de-presse-remise-5-10-2020","status":"inherit","uploaded_to":11910,"date":"2020-10-06 13:52:26","modified":"2020-10-06 13:52:26","menu_order":0,"mime_type":"application\/pdf","type":"application","subtype":"pdf","icon":"https:\/\/visionzero.lu\/wp-includes\/images\/media\/document.png"}},{"title_file":"Communiqu\u00e9 de la remise du 12.10.2020 Minist\u00e8re du Travail, de l'Emoploi et de l'Economie sociale et solidaire","file":{"ID":12056,"id":12056,"title":"Communique - Laur\u00e9ats 12.10.20 VF","filename":"Communique-Laureats-12.10.20-VF.pdf","filesize":794150,"url":"https:\/\/visionzero.lu\/wp-content\/uploads\/2020\/10\/Communique-Laureats-12.10.20-VF.pdf","link":"https:\/\/visionzero.lu\/fr\/prix-sst-2026\/communiques-prixsst-2020\/communique-laureats-12-10-20-vf\/","alt":"","author":"6","description":"","caption":"","name":"communique-laureats-12-10-20-vf","status":"inherit","uploaded_to":11910,"date":"2020-10-13 08:56:43","modified":"2020-10-13 08:56:43","menu_order":0,"mime_type":"application\/pdf","type":"application","subtype":"pdf","icon":"https:\/\/visionzero.lu\/wp-includes\/images\/media\/document.png"}},{"title_file":"Communiqu\u00e9 - Appel au vote du coup de coeur du public","file":{"ID":12369,"id":12369,"title":"Communique-Laur\u00e9ats-PrixSST20-20-10-14","filename":"Communique-Laureats-PrixSST20-20-10-14.pdf","filesize":909542,"url":"https:\/\/visionzero.lu\/wp-content\/uploads\/2020\/10\/Communique-Laureats-PrixSST20-20-10-14.pdf","link":"https:\/\/visionzero.lu\/fr\/prix-sst-2026\/communiques-prixsst-2020\/communique-laureats-prixsst20-20-10-14\/","alt":"","author":"6","description":"","caption":"","name":"communique-laureats-prixsst20-20-10-14","status":"inherit","uploaded_to":11910,"date":"2020-10-20 05:35:36","modified":"2020-10-20 05:35:36","menu_order":0,"mime_type":"application\/pdf","type":"application","subtype":"pdf","icon":"https:\/\/visionzero.lu\/wp-includes\/images\/media\/document.png"}},{"title_file":"Communiqu\u00e9 - Le Centre Hospitalier du Nord remporte le prix du public","file":{"ID":12610,"id":12610,"title":"09.11.2020 Communiqu\u00e9 de presse - Coup de Coeur CHdN VF","filename":"09.11.2020-Communique-de-presse-Coup-de-Coeur-CHdN-VF.pdf","filesize":987161,"url":"https:\/\/visionzero.lu\/wp-content\/uploads\/2020\/11\/09.11.2020-Communique-de-presse-Coup-de-Coeur-CHdN-VF.pdf","link":"https:\/\/visionzero.lu\/fr\/prix-sst-2026\/communiques-prixsst-2020\/09-11-2020-communique-de-presse-coup-de-coeur-chdn-vf\/","alt":"","author":"6","description":"","caption":"","name":"09-11-2020-communique-de-presse-coup-de-coeur-chdn-vf","status":"inherit","uploaded_to":11910,"date":"2020-11-10 13:59:38","modified":"2020-11-10 13:59:38","menu_order":0,"mime_type":"application\/pdf","type":"application","subtype":"pdf","icon":"https:\/\/visionzero.lu\/wp-includes\/images\/media\/document.png"}}]},"subject_block":{"title_subject_block":"","page":false},"new_layout":false,"grid_landscape":false,"grid_square":{"size_edition_label":false,"num_culomns":4,"small_edition":false,"side_edition_label":false,"big_edition_label":false,"edition_block":""},"grid_campagne":{"title":"","campagnes":null},"partners":{"title":"","type_partners":false},"partners_pick":{"title":"","type_partners":null},"editions":{"title":"","edition":false},"collapse_labels":false,"testimonial_gallery":false,"testimonial_media":{"title":"","media_testimonial":false},"title_gallery":"","gallery":false,"tab_content":{"tab_list":false},"image_text_block_2":{"image":false,"logo":false,"text_description":""}}],"logo_page":"https:\/\/visionzero.lu\/wp-content\/uploads\/2022\/03\/RVB_SST_Prix_fr-1.png","header_color":"orange"},"_links":{"self":[{"href":"https:\/\/visionzero.lu\/fr\/wp-json\/wp\/v2\/pages\/11910","targetHints":{"allow":["GET"]}}],"collection":[{"href":"https:\/\/visionzero.lu\/fr\/wp-json\/wp\/v2\/pages"}],"about":[{"href":"https:\/\/visionzero.lu\/fr\/wp-json\/wp\/v2\/types\/page"}],"author":[{"embeddable":true,"href":"https:\/\/visionzero.lu\/fr\/wp-json\/wp\/v2\/users\/2"}],"replies":[{"embeddable":true,"href":"https:\/\/visionzero.lu\/fr\/wp-json\/wp\/v2\/comments?post=11910"}],"version-history":[{"count":1,"href":"https:\/\/visionzero.lu\/fr\/wp-json\/wp\/v2\/pages\/11910\/revisions"}],"predecessor-version":[{"id":25807,"href":"https:\/\/visionzero.lu\/fr\/wp-json\/wp\/v2\/pages\/11910\/revisions\/25807"}],"up":[{"embeddable":true,"href":"https:\/\/visionzero.lu\/fr\/wp-json\/wp\/v2\/pages\/640"}],"wp:attachment":[{"href":"https:\/\/visionzero.lu\/fr\/wp-json\/wp\/v2\/media?parent=11910"}],"curies":[{"name":"wp","href":"https:\/\/api.w.org\/{rel}","templated":true}]}}