{"id":11902,"date":"2020-10-05T15:00:13","date_gmt":"2020-10-05T13:00:13","guid":{"rendered":"https:\/\/visionzero.lu\/fr\/prix-sst\/laureats-2020\/husky\/"},"modified":"2020-12-09T11:34:10","modified_gmt":"2020-12-09T10:34:10","slug":"husky","status":"publish","type":"page","link":"https:\/\/visionzero.lu\/fr\/prix-sst-2026\/laureats-2020\/voltige\/","title":{"rendered":"VOLTIGE BENELUX"},"content":{"rendered":"<p>L\u2019entreprise VOLTIGE BENELUX, une entreprise du groupe \u00ab\u00a0CAN\u00a0\u00bb, est sp\u00e9cialis\u00e9e dans les interventions et travaux d\u2019acc\u00e8s difficiles, les travaux en hauteur, les travaux sur cordes et les installations de syst\u00e8mes de s\u00e9curit\u00e9 contre les chutes de hauteur, l\u2019abattage et l\u2019\u00e9lagage d\u2019arbres et la s\u00e9curisation de parois rocheuses. Organisme de formation continue, l\u2019entreprise VOLTIGE BENELUX dispense en outre des formations \u00ab\u00a0S\u00e9curit\u00e9 Travaux en Hauteur et Cordistes\u00a0\u00bb et conseille sur le choix d\u2019\u00e9quipements adapt\u00e9s \u00e0 chaque besoin sp\u00e9cifique.<\/p>\n<p>Lors des travaux en hauteur avec l\u2019utilisation du harnais, une formation pr\u00e9alable sur les <strong>mesures \u00e0 prendre en cas d\u2019\u00e9vacuation et de secours<\/strong> est obligatoire. L\u2019entreprise VOLTIGE BENELUX a cr\u00e9\u00e9, dans ce but, un outil de formation adapt\u00e9, nomm\u00e9 \u00ab\u00a0<strong>Plan d\u2019Intervention Secours Travaux en Hauteur<\/strong>\u00a0\u00bb pour <strong>am\u00e9liorer la s\u00e9curit\u00e9 du travailleur \u00e0 secourir<\/strong> ainsi que celle du <strong>secouriste<\/strong>. Ce plan d\u2019intervention repr\u00e9sente le protocole \u00e0 appliquer au sauvetage d\u2019un travailleur en hauteur en s\u2019appuyant sur les 4 grandes actions du secouriste \u00ab\u00a0<strong>Prot\u00e9ger \u2013 Examiner \u2013 Faire Alerter ou Alerter \u2013 Secourir<\/strong>\u00a0\u00bb. Les pictogrammes utilis\u00e9s ressemblent \u00e0 ceux du plan \u00ab\u00a0Sauveteur Secouriste du Travail\u00a0\u00bb classique, mais sont adapt\u00e9s aux sp\u00e9cificit\u00e9s des m\u00e9tiers incluant des travaux et interventions en hauteur n\u00e9cessitant le port des \u00e9quipements de protection individuelle (EPI) sp\u00e9cifiques.<\/p>","protected":false},"excerpt":{"rendered":"<p>L\u2019entreprise VOLTIGE BENELUX, une entreprise du groupe \u00ab\u00a0CAN\u00a0\u00bb, est sp\u00e9cialis\u00e9e dans les interventions et travaux d\u2019acc\u00e8s difficiles, les travaux en hauteur, les travaux sur cordes et les installations de syst\u00e8mes de s\u00e9curit\u00e9 contre les chutes de hauteur, l\u2019abattage et l\u2019\u00e9lagage d\u2019arbres et la s\u00e9curisation de parois rocheuses. Organisme de formation continue, l\u2019entreprise VOLTIGE BENELUX dispense [&hellip;]<\/p>\n","protected":false},"author":2,"featured_media":0,"parent":1940,"menu_order":1,"comment_status":"closed","ping_status":"closed","template":"template-laureats.php","meta":{"_acf_changed":false,"footnotes":""},"class_list":["post-11902","page","type-page","status-publish","hentry"],"acf":{"subtitle":"Plan d\u2019intervention de secours pour les travaux en hauteur","second_description":"","width":"6","actual_inscriptions":"128"},"_links":{"self":[{"href":"https:\/\/visionzero.lu\/fr\/wp-json\/wp\/v2\/pages\/11902","targetHints":{"allow":["GET"]}}],"collection":[{"href":"https:\/\/visionzero.lu\/fr\/wp-json\/wp\/v2\/pages"}],"about":[{"href":"https:\/\/visionzero.lu\/fr\/wp-json\/wp\/v2\/types\/page"}],"author":[{"embeddable":true,"href":"https:\/\/visionzero.lu\/fr\/wp-json\/wp\/v2\/users\/2"}],"replies":[{"embeddable":true,"href":"https:\/\/visionzero.lu\/fr\/wp-json\/wp\/v2\/comments?post=11902"}],"version-history":[{"count":0,"href":"https:\/\/visionzero.lu\/fr\/wp-json\/wp\/v2\/pages\/11902\/revisions"}],"up":[{"embeddable":true,"href":"https:\/\/visionzero.lu\/fr\/wp-json\/wp\/v2\/pages\/1940"}],"wp:attachment":[{"href":"https:\/\/visionzero.lu\/fr\/wp-json\/wp\/v2\/media?parent=11902"}],"curies":[{"name":"wp","href":"https:\/\/api.w.org\/{rel}","templated":true}]}}