{"id":11892,"date":"2020-10-05T15:00:01","date_gmt":"2020-10-05T13:00:01","guid":{"rendered":"https:\/\/visionzero.lu\/fr\/prix-sst\/laureats-2020\/kinaesthetics-dans-le-secteur-hospitalier-2\/"},"modified":"2020-12-09T11:34:01","modified_gmt":"2020-12-09T10:34:01","slug":"kinaesthetics-dans-le-secteur-hospitalier-2","status":"publish","type":"page","link":"https:\/\/visionzero.lu\/fr\/prix-sst-2026\/laureats-2020\/husky\/","title":{"rendered":"HUSKY Injection Molding Systems S.A."},"content":{"rendered":"<p>HUSKY Injection Molding Systems Ltd. est le plus grand fournisseur de solutions industrielles au monde. L\u2019entreprise a entre autres un site \u00e0 Dudeldange employant pr\u00e8s de 1.000 collaborateurs. L\u2019entreprise con\u00e7oit et fabrique une large gamme de machines de moulage par injection, de canaux chauds, de robots, de moules et de syst\u00e8mes int\u00e9gr\u00e9s qui sont utilis\u00e9s pour fabriquer un large \u00e9ventail de produits en plastique.<\/p>\n<p>Dans le cadre de son programme \u00ab\u00a0TargetZERO\u00a0\u00bb, HUSKY Luxembourg a mis en place en janvier 2019 un programme d\u2019incitation \u00e0 la s\u00e9curit\u00e9 nomm\u00e9 \u00ab\u00a0<strong>EHS incentive program<\/strong>\u00a0\u00bb afin d\u2019am\u00e9liorer les conditions de travail au sein du site. Chaque mois, les \u00e9quipes participant \u00e0 ce programme peuvent <strong>gagner ou perdre des points<\/strong> selon des <strong>crit\u00e8res dans 4 cat\u00e9gories<\/strong> \u00ab\u00a0Travail en s\u00e9curit\u00e9\u00a0\u00bb, \u00ab\u00a0Proactivit\u00e9\u00a0\u00bb, \u00ab\u00a0Leadership\u00a0\u00bb et \u00ab\u00a0Engagement\u00a0\u00bb. A la fin de l\u2019ann\u00e9e, les 3 \u00e9quipes ayant obtenu le meilleur score sont r\u00e9compens\u00e9es. L\u2019objectif de ce programme est de sensibiliser tous les acteurs, \u00e0 chaque niveau hi\u00e9rarchique, au fait que <strong>chacun doit jouer un r\u00f4le \u00ab\u00a0actif\u00a0\u00bb en mati\u00e8re de pr\u00e9vention<\/strong>.<\/p>","protected":false},"excerpt":{"rendered":"<p>HUSKY Injection Molding Systems Ltd. est le plus grand fournisseur de solutions industrielles au monde. L\u2019entreprise a entre autres un site \u00e0 Dudeldange employant pr\u00e8s de 1.000 collaborateurs. L\u2019entreprise con\u00e7oit et fabrique une large gamme de machines de moulage par injection, de canaux chauds, de robots, de moules et de syst\u00e8mes int\u00e9gr\u00e9s qui sont utilis\u00e9s [&hellip;]<\/p>\n","protected":false},"author":2,"featured_media":0,"parent":1940,"menu_order":3,"comment_status":"closed","ping_status":"closed","template":"template-laureats.php","meta":{"_acf_changed":false,"footnotes":""},"class_list":["post-11892","page","type-page","status-publish","hentry"],"acf":{"subtitle":"Programme d\u2019encouragement \u00e0 la s\u00e9curit\u00e9","second_description":"","width":"6","actual_inscriptions":"18"},"_links":{"self":[{"href":"https:\/\/visionzero.lu\/fr\/wp-json\/wp\/v2\/pages\/11892","targetHints":{"allow":["GET"]}}],"collection":[{"href":"https:\/\/visionzero.lu\/fr\/wp-json\/wp\/v2\/pages"}],"about":[{"href":"https:\/\/visionzero.lu\/fr\/wp-json\/wp\/v2\/types\/page"}],"author":[{"embeddable":true,"href":"https:\/\/visionzero.lu\/fr\/wp-json\/wp\/v2\/users\/2"}],"replies":[{"embeddable":true,"href":"https:\/\/visionzero.lu\/fr\/wp-json\/wp\/v2\/comments?post=11892"}],"version-history":[{"count":0,"href":"https:\/\/visionzero.lu\/fr\/wp-json\/wp\/v2\/pages\/11892\/revisions"}],"up":[{"embeddable":true,"href":"https:\/\/visionzero.lu\/fr\/wp-json\/wp\/v2\/pages\/1940"}],"wp:attachment":[{"href":"https:\/\/visionzero.lu\/fr\/wp-json\/wp\/v2\/media?parent=11892"}],"curies":[{"name":"wp","href":"https:\/\/api.w.org\/{rel}","templated":true}]}}