{"id":11881,"date":"2020-10-01T15:20:02","date_gmt":"2020-10-01T13:20:02","guid":{"rendered":"https:\/\/visionzero.lu\/fr\/prix-sst\/laureats-2020\/kinaesthetics-dans-le-secteur-hospitalier\/"},"modified":"2020-12-09T11:33:56","modified_gmt":"2020-12-09T10:33:56","slug":"kinaesthetics-dans-le-secteur-hospitalier","status":"publish","type":"page","link":"https:\/\/visionzero.lu\/fr\/prix-sst-2026\/laureats-2020\/prevention-et-gestion-des-situations-dagressions-physiques-et-verbales-au-travail\/","title":{"rendered":"Centre Hospitalier Emile Mayrisch (CHEM)"},"content":{"rendered":"<p>Le Centre Hospitalier Emile Mayrisch (CHEM), qui est n\u00e9 de la fusion entre l\u2019H\u00f4pital de la Ville d\u2019Esch, l\u2019H\u00f4pital Princesse Marie-Astrid de Niederkorn et l\u2019H\u00f4pital de la Ville de Dudelange, est aujourd\u2019hui l\u2019un des plus grands h\u00f4pitaux du Luxembourg, employant plus de 1.860 collaborateurs, dont 260 m\u00e9decins, et soigne plus de 100.000 patients par an. Fid\u00e8le \u00e0 son slogan \u00ab E Spidol vun de Leit fir d&rsquo;Leit\u00a0\u00bb, le CHEM met tout en \u0153uvre afin d\u2019offrir un lieu de travail stable et humain, qui favorise le dialogue.<\/p>\n<p>L\u2019\u00e9valuation des enqu\u00eates de satisfaction et des accidents du travail des collaborateurs du CHEM au cours des derni\u00e8res ann\u00e9es a montr\u00e9 que le <strong>probl\u00e8me des agressions<\/strong> est bien r\u00e9el au sein du CHEM. Le projet \u00ab\u00a0<strong>Pr\u00e9vention et gestion des situations d\u2019agressions physiques et verbales au travail<\/strong>\u00a0\u00bb du CHEM, signataire de la strat\u00e9gie nationale VISION ZERO depuis juillet 2017, a pour objectif de mettre en place un <strong>outil de d\u00e9claration des agressions au travail<\/strong> simple et rapide en <strong>regroupant les agressions en quatre grands types<\/strong>\u00a0: les agressions verbales, les agressions physiques, les menaces et les incivilit\u00e9s. Un deuxi\u00e8me objectif de ce projet est de <strong>soutenir le collaborateur<\/strong> \u00e0 diff\u00e9rents niveaux en lui proposant plusieurs <strong>types de prises en charge<\/strong> : la prise en charge psychologique, l\u2019accompagnement pr\u00e9ventif de futurs accidents et l\u2019accompagnement juridique.<\/p>","protected":false},"excerpt":{"rendered":"<p>Le Centre Hospitalier Emile Mayrisch (CHEM), qui est n\u00e9 de la fusion entre l\u2019H\u00f4pital de la Ville d\u2019Esch, l\u2019H\u00f4pital Princesse Marie-Astrid de Niederkorn et l\u2019H\u00f4pital de la Ville de Dudelange, est aujourd\u2019hui l\u2019un des plus grands h\u00f4pitaux du Luxembourg, employant plus de 1.860 collaborateurs, dont 260 m\u00e9decins, et soigne plus de 100.000 patients par an. [&hellip;]<\/p>\n","protected":false},"author":2,"featured_media":0,"parent":1940,"menu_order":4,"comment_status":"closed","ping_status":"closed","template":"template-laureats.php","meta":{"_acf_changed":false,"footnotes":""},"class_list":["post-11881","page","type-page","status-publish","hentry"],"acf":{"subtitle":"Pr\u00e9vention et gestion des situations d\u2019agressions physiques et verbales au travail","second_description":"","width":"6","actual_inscriptions":"23"},"_links":{"self":[{"href":"https:\/\/visionzero.lu\/fr\/wp-json\/wp\/v2\/pages\/11881","targetHints":{"allow":["GET"]}}],"collection":[{"href":"https:\/\/visionzero.lu\/fr\/wp-json\/wp\/v2\/pages"}],"about":[{"href":"https:\/\/visionzero.lu\/fr\/wp-json\/wp\/v2\/types\/page"}],"author":[{"embeddable":true,"href":"https:\/\/visionzero.lu\/fr\/wp-json\/wp\/v2\/users\/2"}],"replies":[{"embeddable":true,"href":"https:\/\/visionzero.lu\/fr\/wp-json\/wp\/v2\/comments?post=11881"}],"version-history":[{"count":0,"href":"https:\/\/visionzero.lu\/fr\/wp-json\/wp\/v2\/pages\/11881\/revisions"}],"up":[{"embeddable":true,"href":"https:\/\/visionzero.lu\/fr\/wp-json\/wp\/v2\/pages\/1940"}],"wp:attachment":[{"href":"https:\/\/visionzero.lu\/fr\/wp-json\/wp\/v2\/media?parent=11881"}],"curies":[{"name":"wp","href":"https:\/\/api.w.org\/{rel}","templated":true}]}}