{"id":11879,"date":"2020-10-01T15:17:34","date_gmt":"2020-10-01T13:17:34","guid":{"rendered":"https:\/\/visionzero.lu\/fr\/prix-sst\/laureats-2018\/keskonfaisi-2\/"},"modified":"2020-12-09T11:33:52","modified_gmt":"2020-12-09T10:33:52","slug":"keskonfaisi-2","status":"publish","type":"page","link":"https:\/\/visionzero.lu\/fr\/prix-sst-2026\/laureats-2020\/kinaesthetics-dans-le-secteur-hospitalier-2\/","title":{"rendered":"Centre Hospitalier du Nord (CHdN)"},"content":{"rendered":"<p>Le Centre Hospitalier du Nord (CHdN) est l\u2019un des quatre centres hospitaliers du pays occupant plus de 1000 collaborateurs, dont environ 160 m\u00e9decin. Depuis 2018, le CHdN est signataire de la strat\u00e9gie nationale VISION ZERO qui a \u00e9t\u00e9 mise en place en interne sous le slogan\u00a0\u00ab\u00a0#Bewosst_S\u00e9cher_Gesond\u00a0\u00bb. Le CHdN s\u2019engage \u00e0 inscrire la sant\u00e9 et la s\u00e9curit\u00e9 au premier plan des pr\u00e9occupations de toutes les personnes actives au CHdN. C\u2019est pourquoi l\u2019ensemble du management, du conseil de direction et du management de proximit\u00e9 a \u00e9t\u00e9 form\u00e9 selon les 7 r\u00e8gles d\u2019or de la VISION ZERO.<\/p>\n<p>En 2007, le CHdN a mis en \u0153uvre le projet \u00ab\u00a0<strong>Kinaesthetics<\/strong>\u00a0\u00bb pour r\u00e9duire les accidents du travail li\u00e9s aux <strong>troubles musculo-squelettiques<\/strong> parmi ses collaborateurs. La Kinaesthetics est un enseignement de mouvement qui repose sur le raisonnement que la qualit\u00e9 du mouvement en soi influence de mani\u00e8re essentielle les processus d\u2019apprentissage et de sant\u00e9 durant toute la vie. Cette interaction entre le professionnel de sant\u00e9 et le patient, qui ressemble \u00e0 une danse, permet non seulement de <strong>prot\u00e9ger le professionnel de sant\u00e9<\/strong> du mal de dos et des troubles musculo-squelettiques, mais aussi de <strong>respecter, voire de r\u00e9tablir l\u2019autonomie du patient<\/strong>. Gr\u00e2ce \u00e0 cette fa\u00e7on de contact, l\u2019<strong>humanit\u00e9<\/strong> et le <strong>respect<\/strong> sont remis au centre des pratiques de soins appliqu\u00e9es au CHdN.<\/p>","protected":false},"excerpt":{"rendered":"<p>Le Centre Hospitalier du Nord (CHdN) est l\u2019un des quatre centres hospitaliers du pays occupant plus de 1000 collaborateurs, dont environ 160 m\u00e9decin. Depuis 2018, le CHdN est signataire de la strat\u00e9gie nationale VISION ZERO qui a \u00e9t\u00e9 mise en place en interne sous le slogan\u00a0\u00ab\u00a0#Bewosst_S\u00e9cher_Gesond\u00a0\u00bb. Le CHdN s\u2019engage \u00e0 inscrire la sant\u00e9 et la [&hellip;]<\/p>\n","protected":false},"author":2,"featured_media":0,"parent":1940,"menu_order":5,"comment_status":"closed","ping_status":"closed","template":"template-laureats.php","meta":{"_acf_changed":false,"footnotes":""},"class_list":["post-11879","page","type-page","status-publish","hentry"],"acf":{"subtitle":"Kinaesthetics dans le secteur hospitalier","second_description":"","width":"6","actual_inscriptions":"235"},"_links":{"self":[{"href":"https:\/\/visionzero.lu\/fr\/wp-json\/wp\/v2\/pages\/11879","targetHints":{"allow":["GET"]}}],"collection":[{"href":"https:\/\/visionzero.lu\/fr\/wp-json\/wp\/v2\/pages"}],"about":[{"href":"https:\/\/visionzero.lu\/fr\/wp-json\/wp\/v2\/types\/page"}],"author":[{"embeddable":true,"href":"https:\/\/visionzero.lu\/fr\/wp-json\/wp\/v2\/users\/2"}],"replies":[{"embeddable":true,"href":"https:\/\/visionzero.lu\/fr\/wp-json\/wp\/v2\/comments?post=11879"}],"version-history":[{"count":0,"href":"https:\/\/visionzero.lu\/fr\/wp-json\/wp\/v2\/pages\/11879\/revisions"}],"up":[{"embeddable":true,"href":"https:\/\/visionzero.lu\/fr\/wp-json\/wp\/v2\/pages\/1940"}],"wp:attachment":[{"href":"https:\/\/visionzero.lu\/fr\/wp-json\/wp\/v2\/media?parent=11879"}],"curies":[{"name":"wp","href":"https:\/\/api.w.org\/{rel}","templated":true}]}}