{"id":11600,"date":"2020-06-08T11:26:06","date_gmt":"2020-06-08T09:26:06","guid":{"rendered":"https:\/\/visionzero.lu\/fr\/?page_id=11600"},"modified":"2021-11-11T13:31:58","modified_gmt":"2021-11-11T12:31:58","slug":"recommandations-covid-19","status":"publish","type":"page","link":"https:\/\/visionzero.lu\/fr\/bonnes-pratiques\/recommandations-covid-19\/","title":{"rendered":"Recommandations Covid-19"},"content":{"rendered":"<p>Dans le cadre de la crise sanitaire Covid-19, veuillez trouver ci-dessous des liens utiles:<\/p>\n<h3>Site officiel du Gouvernement<\/h3>\n<p>Le gouvernement a publi\u00e9 une s\u00e9rie d\u2019informations et de mesures sp\u00e9cifiques sur son site \u00e0 retrouver ici :<\/p>\n<ul>\n<li><a class=\"moz-txt-link-abbreviated\" href=\"https:\/\/coronavirus.gouvernement.lu\/fr.html\" target=\"_blank\" rel=\"noopener noreferrer\">www.covid19.lu<\/a><\/li>\n<li><a href=\"https:\/\/covid19.public.lu\/fr\/informations-sectorielles.html\" target=\"_blank\" rel=\"noopener noreferrer\">Informations sectorielles<\/a><\/li>\n<\/ul>\n<h3>Toolbox<\/h3>\n<p>La toolbox offre du mat\u00e9riel (flyers, affiches, vid\u00e9os, pictogrammes\u2026) \u00e9labor\u00e9 par le gouvernement luxembourgeois dans le cadre de la pand\u00e9mie du Covid-19. Le mat\u00e9riel est r\u00e9parti dans diff\u00e9rentes rubriques afin de garantir une recherche bien cibl\u00e9e. Le mat\u00e9riel peut \u00eatre t\u00e9l\u00e9charg\u00e9 et utilis\u00e9 librement pour toute action de sensibilisation et d&rsquo;information.<\/p>\n<ul>\n<li><a href=\"https:\/\/coronavirus.gouvernement.lu\/fr\/toolbox.html\" target=\"_blank\" rel=\"noopener noreferrer\">Toolbox<\/a><\/li>\n<\/ul>\n<h3>Informations et recommandations pour les entreprises<\/h3>\n<p>Les chambres et f\u00e9d\u00e9rations membres de l\u2019UEL, ensemble avec les services de sant\u00e9, ont \u00e9labor\u00e9 diff\u00e9rents outils afin d\u2019aider les entreprises \u00e0 mettre en place les mesures ad\u00e9quates pour prot\u00e9ger les salari\u00e9s qui reprennent le travail dans le contexte du Covid-19. Retrouvez ici ces guides et recommandations pour la gestion sanitaire de la reprise du travail dans les entreprises, ainsi que diff\u00e9rentes ressources propos\u00e9es par la STM, STI et ASTF pour accompagner les entreprises qui poursuivent ou red\u00e9marrent leurs activit\u00e9s:<\/p>\n<ul>\n<li><a href=\"https:\/\/uel.lu\/fr\/article\/securite-et-sante-au-travail-en-temps-de-covid-19\/\" target=\"_blank\" rel=\"noopener noreferrer\">S\u00e9curit\u00e9 et sant\u00e9 au travail en temps de Covid-19 (UEL)<\/a><\/li>\n<li><a href=\"https:\/\/www.uel.lu\/fr\/article\/faq-sur-le-regime-covidcheck-dans-les-entreprises\/\" target=\"_blank\" rel=\"noopener noreferrer\">FAQ sur le r\u00e9gime CovidCheck dans les entreprises (UEL)<\/a><\/li>\n<\/ul>\n<p>&nbsp;<\/p>\n<p><span id=\"ember1206\" class=\"ember-view\">Consultez le FAQ de l&rsquo;AAA sur le Covid-19 regroupant les sujets suivants: la contamination sur le lieu de travail, la d\u00e9claration d&rsquo;une maladie professionnelle, les d\u00e9marches administratives pour faire du t\u00e9l\u00e9travail et les couvertures lors du t\u00e9l\u00e9travail:<\/span><\/p>\n<ul>\n<li><a href=\"https:\/\/aaa.public.lu\/fr\/support\/faq\/Covid-19.html\" target=\"_blank\" rel=\"noopener noreferrer\">FAQ Covid-19 (AAA)<\/a><\/li>\n<\/ul>\n<p>&nbsp;<\/p>\n<p><img loading=\"lazy\" decoding=\"async\" class=\" wp-image-11437 aligncenter\" src=\"https:\/\/visionzero.lu\/wp-content\/uploads\/2020\/03\/Coronavirus-Informations.jpg\" alt=\"\" width=\"675\" height=\"900\" srcset=\"https:\/\/visionzero.lu\/wp-content\/uploads\/2020\/03\/Coronavirus-Informations.jpg 1200w, https:\/\/visionzero.lu\/wp-content\/uploads\/2020\/03\/Coronavirus-Informations-225x300.jpg 225w, https:\/\/visionzero.lu\/wp-content\/uploads\/2020\/03\/Coronavirus-Informations-768x1024.jpg 768w, https:\/\/visionzero.lu\/wp-content\/uploads\/2020\/03\/Coronavirus-Informations-1152x1536.jpg 1152w\" sizes=\"auto, (max-width: 675px) 100vw, 675px\" \/><\/p>","protected":false},"excerpt":{"rendered":"<p>Dans le cadre de la crise sanitaire Covid-19, veuillez trouver ci-dessous des liens utiles: Site officiel du Gouvernement Le gouvernement a publi\u00e9 une s\u00e9rie d\u2019informations et de mesures sp\u00e9cifiques sur son site \u00e0 retrouver ici : www.covid19.lu Informations sectorielles Toolbox La toolbox offre du mat\u00e9riel (flyers, affiches, vid\u00e9os, pictogrammes\u2026) \u00e9labor\u00e9 par le gouvernement luxembourgeois dans [&hellip;]<\/p>\n","protected":false},"author":2,"featured_media":7321,"parent":1139,"menu_order":0,"comment_status":"closed","ping_status":"closed","template":"","meta":{"_acf_changed":false,"footnotes":""},"class_list":["post-11600","page","type-page","status-publish","has-post-thumbnail","hentry"],"acf":{"subtitle":"","content":false,"has_subtitle":false,"has_logo_page":false,"size_content":"9"},"_links":{"self":[{"href":"https:\/\/visionzero.lu\/fr\/wp-json\/wp\/v2\/pages\/11600","targetHints":{"allow":["GET"]}}],"collection":[{"href":"https:\/\/visionzero.lu\/fr\/wp-json\/wp\/v2\/pages"}],"about":[{"href":"https:\/\/visionzero.lu\/fr\/wp-json\/wp\/v2\/types\/page"}],"author":[{"embeddable":true,"href":"https:\/\/visionzero.lu\/fr\/wp-json\/wp\/v2\/users\/2"}],"replies":[{"embeddable":true,"href":"https:\/\/visionzero.lu\/fr\/wp-json\/wp\/v2\/comments?post=11600"}],"version-history":[{"count":0,"href":"https:\/\/visionzero.lu\/fr\/wp-json\/wp\/v2\/pages\/11600\/revisions"}],"up":[{"embeddable":true,"href":"https:\/\/visionzero.lu\/fr\/wp-json\/wp\/v2\/pages\/1139"}],"wp:featuredmedia":[{"embeddable":true,"href":"https:\/\/visionzero.lu\/fr\/wp-json\/wp\/v2\/media\/7321"}],"wp:attachment":[{"href":"https:\/\/visionzero.lu\/fr\/wp-json\/wp\/v2\/media?parent=11600"}],"curies":[{"name":"wp","href":"https:\/\/api.w.org\/{rel}","templated":true}]}}