{"id":1139,"date":"2019-07-11T15:08:55","date_gmt":"2019-07-11T13:08:55","guid":{"rendered":"https:\/\/visionzero.lu\/fr\/?page_id=1139"},"modified":"2019-09-05T18:26:42","modified_gmt":"2019-09-05T16:26:42","slug":"bonnes-pratiques-3","status":"publish","type":"page","link":"https:\/\/visionzero.lu\/fr\/bonnes-pratiques\/","title":{"rendered":"Bonnes pratiques des entreprises"},"content":{"rendered":"<p>Les bonnes pratiques sont un moyen efficace pour sensibiliser les employeurs et les salari\u00e9s \u00e0 la culture de la pr\u00e9vention en mati\u00e8re de s\u00e9curit\u00e9-sant\u00e9 au travail. Il s\u2019agit de partager des solutions concr\u00e8tes et de mettre \u00e0 disposition des outils facilement transposables pour inspirer d\u2019autres entreprises dans leur gestion quotidienne. Cette transmission \u00e0 terme permettra de contribuer activement \u00e0 la mise en place d\u2019une politique ambitieuse de pr\u00e9vention et de gestion du risque dans toutes les entreprises.<\/p>","protected":false},"excerpt":{"rendered":"<p>Les bonnes pratiques sont un moyen efficace pour sensibiliser les employeurs et les salari\u00e9s \u00e0 la culture de la pr\u00e9vention en mati\u00e8re de s\u00e9curit\u00e9-sant\u00e9 au travail. Il s\u2019agit de partager des solutions concr\u00e8tes et de mettre \u00e0 disposition des outils facilement transposables pour inspirer d\u2019autres entreprises dans leur gestion quotidienne. Cette transmission \u00e0 terme permettra [&hellip;]<\/p>\n","protected":false},"author":1,"featured_media":0,"parent":0,"menu_order":57,"comment_status":"closed","ping_status":"closed","template":"","meta":{"_acf_changed":false,"footnotes":""},"class_list":["post-1139","page","type-page","status-publish","hentry"],"acf":{"has_subtitle":false,"pages":[{"page":"https:\/\/visionzero.lu\/fr\/bonnes-pratiques\/exemples\/","icon":false,"title":"Bonnes pratiques des entreprises","external_page":false,"url":""},{"page":"https:\/\/visionzero.lu\/fr\/bonnes-pratiques\/demarche-2\/","icon":false,"title":"D\u00e9marche de publication","external_page":false,"url":""},{"page":"https:\/\/visionzero.lu\/fr\/bonnes-pratiques\/partage\/","icon":false,"title":"Partage de votre bonne pratique","external_page":false,"url":""}],"has_logo_page":true,"logo_page":"https:\/\/visionzero.lu\/wp-content\/uploads\/2019\/06\/Vison_Zero_logo_Outil_Q.png","size_content":"9","content":[{"type_content":"grid_landscape","text_block":{"text_description":"","logo":false},"image_text_block":{"side_image":false,"text_description":"","image":false,"image_caption":""},"gallery_block":{"title_gallery":"","gallery":null},"images_grid_block":{"title":"","slider":false,"gallery":false,"gallery_de":false,"images_en":false,"button_text":"","button_link":"","zip_file":false,"zip_file_text":""},"documents_block":{"title_block_documents":"","file_document":false},"subject_block":{"title_subject_block":"","page":false},"new_layout":false,"grid_landscape":[{"external_page":false,"mediatheque":false,"title":"Bonnes pratiques des entreprises","page":"https:\/\/visionzero.lu\/fr\/bonnes-pratiques\/exemples\/","url":"","mediaurl":"https:\/\/visionzero.lu\/en\/media-library\/?typeFile=videos","icon":"https:\/\/visionzero.lu\/wp-content\/uploads\/2019\/06\/Groupe-67.png"},{"external_page":false,"mediatheque":false,"title":"D\u00e9marche de publication","page":"https:\/\/visionzero.lu\/fr\/bonnes-pratiques\/demarche-2\/","url":"","mediaurl":"https:\/\/visionzero.lu\/en\/media-library\/?typeFile=videos","icon":"https:\/\/visionzero.lu\/wp-content\/uploads\/2019\/06\/Groupe-49@2x-1.png"},{"external_page":false,"mediatheque":false,"title":"Partage de votre bonne pratique","page":"https:\/\/visionzero.lu\/fr\/bonnes-pratiques\/partage\/","url":"","mediaurl":"https:\/\/visionzero.lu\/en\/media-library\/?typeFile=videos","icon":"https:\/\/visionzero.lu\/wp-content\/uploads\/2019\/06\/Groupe-68.png"}],"grid_square":{"size_edition_label":false,"num_culomns":4,"small_edition":false,"side_edition_label":false,"big_edition_label":false,"edition_block":""},"grid_campagne":{"title":"","campagnes":null},"partners":{"title":"","type_partners":false},"partners_pick":{"title":"","type_partners":null},"editions":{"title":"","edition":false},"collapse_labels":false,"testimonial_gallery":false,"testimonial_media":{"title":"","media_testimonial":false},"title_gallery":"","gallery":false,"tab_content":{"tab_list":false},"image_text_block_2":{"image":false,"logo":false,"text_description":""}}]},"_links":{"self":[{"href":"https:\/\/visionzero.lu\/fr\/wp-json\/wp\/v2\/pages\/1139","targetHints":{"allow":["GET"]}}],"collection":[{"href":"https:\/\/visionzero.lu\/fr\/wp-json\/wp\/v2\/pages"}],"about":[{"href":"https:\/\/visionzero.lu\/fr\/wp-json\/wp\/v2\/types\/page"}],"author":[{"embeddable":true,"href":"https:\/\/visionzero.lu\/fr\/wp-json\/wp\/v2\/users\/1"}],"replies":[{"embeddable":true,"href":"https:\/\/visionzero.lu\/fr\/wp-json\/wp\/v2\/comments?post=1139"}],"version-history":[{"count":0,"href":"https:\/\/visionzero.lu\/fr\/wp-json\/wp\/v2\/pages\/1139\/revisions"}],"wp:attachment":[{"href":"https:\/\/visionzero.lu\/fr\/wp-json\/wp\/v2\/media?parent=1139"}],"curies":[{"name":"wp","href":"https:\/\/api.w.org\/{rel}","templated":true}]}}