{"id":409,"date":"2019-06-18T13:46:05","date_gmt":"2019-06-18T11:46:05","guid":{"rendered":"https:\/\/visionzero.lu\/?page_id=409"},"modified":"2025-05-27T09:35:03","modified_gmt":"2025-05-27T07:35:03","slug":"campagne-trajet","status":"publish","type":"page","link":"https:\/\/visionzero.lu\/en\/commute-campaign-2\/","title":{"rendered":"Safe commute campaign"},"content":{"rendered":"<p>The initiators of VISION ZERO are committed to health and safety at work, including on the road. The AAA has also signed up to the European Road Safety Charter.<\/p>\n<p>The safe commute campaign \u201c<strong>TRAJET, s\u00e9curisons-le!<\/strong>\u201c is designed in 12 modules addressing different themes that can usefully be promoted within businesses, e.g. at a rate of one module per quarter or at a pace chosen by the business. The campaign serves as a tool to inform and raise awareness among employees about adopting responsible road safety behaviour and to help reduce human losses on the roads.<\/p>","protected":false},"excerpt":{"rendered":"<p>The initiators of VISION ZERO are committed to health and safety at work, including on the road. The AAA has also signed up to the European Road Safety Charter. The safe commute campaign \u201cTRAJET, s\u00e9curisons-le!\u201c is designed in 12 modules addressing different themes that can usefully be promoted within businesses, e.g. at a rate of [&hellip;]<\/p>\n","protected":false},"author":1,"featured_media":427,"parent":0,"menu_order":46,"comment_status":"closed","ping_status":"closed","template":"template-campagne.php","meta":{"_acf_changed":false,"footnotes":""},"class_list":["post-409","page","type-page","status-publish","has-post-thumbnail","hentry"],"acf":{"content":false,"testimonials_links":[{"type_link":"youtube","text_link":"Cindy is a victim of a road accident. Discover her experience","link":null,"url":"https:\/\/www.youtube.com\/watch?v=XQVj34XQ_xo"}],"disclaimer":"<p>Under the logo \u201cSafe commute\u201d (\u201cTrajet, s\u00e9curisons-le !\u201d), these campaigns fall within the sustainable development policy pursued by employers\u2019 organisations as set out in the charter adopted by UEL on 31<sup>st<\/sup> October 2003. Furthermore, the UEL has signed the <a href=\"http:\/\/erscharter.eu\/node_en\" target=\"_blank\" rel=\"noopener\">European road safety charter<\/a>. The following partners were actively involved in developing the content for the 2012 campaign:<\/p>\n","footer_links":[{"link":{"title":"Association d\u2019assurance accident","url":"https:\/\/aaa.public.lu","target":"_blank"}},{"link":{"title":"ArcelorMittal","url":"https:\/\/luxembourg.arcelormittal.com\/","target":"_blank"}},{"link":{"title":"Association pour la Sant\u00e9 au travail des secteurs Tertiaire et Financier","url":"https:\/\/www.astf.lu\/","target":"_blank"}},{"link":{"title":"AXA Assurances Luxembourg","url":"https:\/\/www.axa.lu\/","target":"_blank"}},{"link":{"title":"Chambre des salari\u00e9s","url":"https:\/\/www.csl.lu\/","target":"_blank"}},{"link":{"title":"Centre de Formation pour Conducteurs","url":"http:\/\/www.cfc.lu\/","target":"_blank"}},{"link":{"title":"DuPont de Nemours","url":"http:\/\/www.dupont.com\/","target":"_blank"}},{"link":{"title":"Inspection du travail et des Mines","url":"https:\/\/itm.public.lu\/fr.html","target":"_blank"}},{"link":{"title":"La S\u00e9curit\u00e9 Routi\u00e8re","url":"http:\/\/www.securite-routiere.lu","target":"_blank"}},{"link":{"title":"Minist\u00e8re de la Mobilit\u00e9 et des Travaux publiques ","url":"https:\/\/mmtp.gouvernement.lu\/fr.html","target":"_blank"}},{"link":{"title":"Service de Sant\u00e9 au Travail multisectoriel","url":"https:\/\/www.stm.lu\/","target":"_blank"}},{"link":{"title":"Union des Entreprises Luxembourgeoises","url":"https:\/\/www.uel.lu\/fr\/","target":"_blank"}}],"header_color":"green","campagne_category":[183]},"_links":{"self":[{"href":"https:\/\/visionzero.lu\/en\/wp-json\/wp\/v2\/pages\/409","targetHints":{"allow":["GET"]}}],"collection":[{"href":"https:\/\/visionzero.lu\/en\/wp-json\/wp\/v2\/pages"}],"about":[{"href":"https:\/\/visionzero.lu\/en\/wp-json\/wp\/v2\/types\/page"}],"author":[{"embeddable":true,"href":"https:\/\/visionzero.lu\/en\/wp-json\/wp\/v2\/users\/1"}],"replies":[{"embeddable":true,"href":"https:\/\/visionzero.lu\/en\/wp-json\/wp\/v2\/comments?post=409"}],"version-history":[{"count":11,"href":"https:\/\/visionzero.lu\/en\/wp-json\/wp\/v2\/pages\/409\/revisions"}],"predecessor-version":[{"id":26224,"href":"https:\/\/visionzero.lu\/en\/wp-json\/wp\/v2\/pages\/409\/revisions\/26224"}],"wp:featuredmedia":[{"embeddable":true,"href":"https:\/\/visionzero.lu\/en\/wp-json\/wp\/v2\/media\/427"}],"wp:attachment":[{"href":"https:\/\/visionzero.lu\/en\/wp-json\/wp\/v2\/media?parent=409"}],"curies":[{"name":"wp","href":"https:\/\/api.w.org\/{rel}","templated":true}]}}