{"id":24033,"date":"2024-04-29T13:11:21","date_gmt":"2024-04-29T11:11:21","guid":{"rendered":"https:\/\/visionzero.lu\/fr\/?page_id=24033"},"modified":"2024-05-15T07:53:37","modified_gmt":"2024-05-15T05:53:37","slug":"sodexo-luxembourg-s-a","status":"publish","type":"page","link":"https:\/\/visionzero.lu\/en\/prix-sst-2026\/laureats-2024\/dussmann-service\/","title":{"rendered":"Dussmann Service"},"content":{"rendered":"<p class=\"qtranxs-available-languages-message qtranxs-available-languages-message-en\"> <\/p><p>Le groupe Dussmann, employant environ 4700 personnes au Luxembourg, op\u00e8re dans 4 secteurs : Dussmann Service dans le nettoyage, Dussmann Catering dans la restauration, Dussmann Security dans le gardiennage\/surveillance, Dussmann Lavador dans la blanchisserie industrielle.<\/p>\n<p>Chez Dussmann Service, une salle est d\u00e9di\u00e9e \u00e0 la formation des employ\u00e9(e)s intervenant sur divers types de chantier. La particularit\u00e9 de cette salle r\u00e9side dans sa capacit\u00e9 \u00e0 reproduire les environnements quotidiens des agents, tels que l\u2019environnement scolaire, industriel et hospitalier. Les mat\u00e9riaux pr\u00e9sents ont \u00e9t\u00e9 soigneusement s\u00e9lectionn\u00e9s afin de permettre aux collaborateurs de s\u2019exercer sur des \u00e9l\u00e9ments qu\u2019ils rencontrent sur le terrain. De plus, la salle est \u00e9quip\u00e9e du mat\u00e9riel n\u00e9cessaire pour dispenser des formations aux premiers secours. Cette salle de formation a facilit\u00e9 le d\u00e9veloppement d\u2019ateliers th\u00e9matiques sur des sujets li\u00e9s \u00e0 la s\u00e9curit\u00e9 et sant\u00e9 au travail, tels que les bonnes pratiques en mati\u00e8re de gestes et de postures, l\u2019importance et l\u2019utilisation correct des EPI, ainsi que les r\u00e8gles de s\u00e9curit\u00e9 propres aux b\u00e2timents des clients.<\/p>","protected":false},"excerpt":{"rendered":"<p>Le groupe Dussmann, employant environ 4700 personnes au Luxembourg, op\u00e8re dans 4 secteurs : Dussmann Service dans le nettoyage, Dussmann Catering dans la restauration, Dussmann Security dans le gardiennage\/surveillance, Dussmann Lavador dans la blanchisserie industrielle. Chez Dussmann Service, une salle est d\u00e9di\u00e9e \u00e0 la formation des employ\u00e9(e)s intervenant sur divers types de chantier. La particularit\u00e9 [&hellip;]<\/p>\n","protected":false},"author":2,"featured_media":0,"parent":24027,"menu_order":2,"comment_status":"closed","ping_status":"closed","template":"template-laureats.php","meta":{"_acf_changed":false,"footnotes":""},"class_list":["post-24033","page","type-page","status-publish","hentry"],"acf":{"subtitle":"Formation, \u00e9volution et protection des collaborateurs","second_description":"<p><strong>Category<\/strong><br \/>\nCompany &gt; 50 employees &#8211; Safety<\/p>\n<p><strong>Company<\/strong><\/p>\n<p>Dussmann Service<\/p>\n","width":"6","actual_inscriptions":"320","header_color":"blue"},"_links":{"self":[{"href":"https:\/\/visionzero.lu\/en\/wp-json\/wp\/v2\/pages\/24033","targetHints":{"allow":["GET"]}}],"collection":[{"href":"https:\/\/visionzero.lu\/en\/wp-json\/wp\/v2\/pages"}],"about":[{"href":"https:\/\/visionzero.lu\/en\/wp-json\/wp\/v2\/types\/page"}],"author":[{"embeddable":true,"href":"https:\/\/visionzero.lu\/en\/wp-json\/wp\/v2\/users\/2"}],"replies":[{"embeddable":true,"href":"https:\/\/visionzero.lu\/en\/wp-json\/wp\/v2\/comments?post=24033"}],"version-history":[{"count":5,"href":"https:\/\/visionzero.lu\/en\/wp-json\/wp\/v2\/pages\/24033\/revisions"}],"predecessor-version":[{"id":24488,"href":"https:\/\/visionzero.lu\/en\/wp-json\/wp\/v2\/pages\/24033\/revisions\/24488"}],"up":[{"embeddable":true,"href":"https:\/\/visionzero.lu\/en\/wp-json\/wp\/v2\/pages\/24027"}],"wp:attachment":[{"href":"https:\/\/visionzero.lu\/en\/wp-json\/wp\/v2\/media?parent=24033"}],"curies":[{"name":"wp","href":"https:\/\/api.w.org\/{rel}","templated":true}]}}