{"id":1974,"date":"2019-07-29T15:36:30","date_gmt":"2019-07-29T13:36:30","guid":{"rendered":"https:\/\/visionzero.lu\/fr\/?page_id=1974"},"modified":"2019-11-11T16:08:20","modified_gmt":"2019-11-11T15:08:20","slug":"scalp-securisation-conteneurs-a-aiguilles-pour-lieux-publics","status":"publish","type":"page","link":"https:\/\/visionzero.lu\/en\/prix-sst-2026\/winners-2018\/scalp-securisation-conteneurs-a-aiguilles-pour-lieux-publics\/","title":{"rendered":"SCALP \u2013 S\u00e9curisation Conteneurs \u00e0 Aiguilles pour Lieux Publics"},"content":{"rendered":"<p>Le Centre Hospitalier de Luxembourg est implant\u00e9 sur deux sites avec environ 2.240 employ\u00e9s et une capacit\u00e9 totale de 579 lits d\u2019hospitalisation. En 2016, le CHL a compt\u00e9 presque 30.000 hospitalisations stationnaires, 4.200 hospitalisations en h\u00f4pital de jour et 510.000 prises en charge ambulatoires.<\/p>\n<p>Le suivi des accidents du travail a montr\u00e9 une augmentation du nombre de piq\u00fbres du personnel de nettoyage avec des aiguilles de pens \u00e0 insuline dans les toilettes utilis\u00e9es par le public. Ces aiguilles \u00e9taient souvent abandonn\u00e9es par terre ou dans les poubelles et repr\u00e9sentaient ainsi un risque accru de piq\u00fbre pour tous les utilisateurs de toilettes et surtout pour le personnel de nettoyage. Le projet SCALP (S\u00e9curisation Conteneurs \u00e0 Aiguilles pour Lieux Publics) a r\u00e9solu ce probl\u00e8me par l\u2019installation de conteneurs \u00e0 aiguilles transparents, robustes, verrouillables par clefs et facilement nettoyables dans toutes les toilettes publiques. Depuis la mise en place des conteneurs en juillet 2017, plus aucun accident par piq\u00fbre dans les WC publiques du CHL n\u2019a \u00e9t\u00e9 d\u00e9clar\u00e9.<\/p>","protected":false},"excerpt":{"rendered":"<p>Le Centre Hospitalier de Luxembourg est implant\u00e9 sur deux sites avec environ 2.240 employ\u00e9s et une capacit\u00e9 totale de 579 lits d\u2019hospitalisation. En 2016, le CHL a compt\u00e9 presque 30.000 hospitalisations stationnaires, 4.200 hospitalisations en h\u00f4pital de jour et 510.000 prises en charge ambulatoires. Le suivi des accidents du travail a montr\u00e9 une augmentation du [&hellip;]<\/p>\n","protected":false},"author":2,"featured_media":1975,"parent":1950,"menu_order":3,"comment_status":"closed","ping_status":"closed","template":"template-laureats.php","meta":{"_acf_changed":false,"footnotes":""},"class_list":["post-1974","page","type-page","status-publish","has-post-thumbnail","hentry"],"acf":{"subtitle":"Company  > 50 employees, Health and Well-being section","second_description":"<div><strong>Category<\/strong><br \/>\nCompany &gt; 50 employees, Health and Well-being section<\/div>\n<p><strong>Company<\/strong><\/p>\n<div>Centre Hospitalier de Luxembourg<\/div>\n<div><\/div>\n<div><strong>Website<\/strong><br \/>\n<a href=\"https:\/\/www.chl.lu\/\" target=\"_blank\" rel=\"noopener\">https:\/\/www.chl.lu\/<\/a><\/div>\n"},"_links":{"self":[{"href":"https:\/\/visionzero.lu\/en\/wp-json\/wp\/v2\/pages\/1974","targetHints":{"allow":["GET"]}}],"collection":[{"href":"https:\/\/visionzero.lu\/en\/wp-json\/wp\/v2\/pages"}],"about":[{"href":"https:\/\/visionzero.lu\/en\/wp-json\/wp\/v2\/types\/page"}],"author":[{"embeddable":true,"href":"https:\/\/visionzero.lu\/en\/wp-json\/wp\/v2\/users\/2"}],"replies":[{"embeddable":true,"href":"https:\/\/visionzero.lu\/en\/wp-json\/wp\/v2\/comments?post=1974"}],"version-history":[{"count":0,"href":"https:\/\/visionzero.lu\/en\/wp-json\/wp\/v2\/pages\/1974\/revisions"}],"up":[{"embeddable":true,"href":"https:\/\/visionzero.lu\/en\/wp-json\/wp\/v2\/pages\/1950"}],"wp:featuredmedia":[{"embeddable":true,"href":"https:\/\/visionzero.lu\/en\/wp-json\/wp\/v2\/media\/1975"}],"wp:attachment":[{"href":"https:\/\/visionzero.lu\/en\/wp-json\/wp\/v2\/media?parent=1974"}],"curies":[{"name":"wp","href":"https:\/\/api.w.org\/{rel}","templated":true}]}}