{"id":1970,"date":"2019-07-29T15:33:00","date_gmt":"2019-07-29T13:33:00","guid":{"rendered":"https:\/\/visionzero.lu\/fr\/?page_id=1970"},"modified":"2019-11-11T16:05:40","modified_gmt":"2019-11-11T15:05:40","slug":"c-a-p-s-compagnon-acteur-de-la-prevention-et-de-la-securite","status":"publish","type":"page","link":"https:\/\/visionzero.lu\/en\/prix-sst-2026\/winners-2018\/c-a-p-s-compagnon-acteur-de-la-prevention-et-de-la-securite\/","title":{"rendered":"C.A.P.S. \u2013 Compagnon Acteur de la Pr\u00e9vention et de la S\u00e9curit\u00e9"},"content":{"rendered":"<p>Originally specialising in civil engineering and installing structures along motorways, TRALUX Construction is now a well-known general contractor offering a wide range of trades, construction and civil engineering services as well as a variety of services for dedicated offerings.<\/p>\n<p>&nbsp;<\/p>\n<p>In order to involve the \u201ccompagnons\u201d themselves in occupational health and safety, TRALUX has implemented the CAPS initiative (Compagnon Acteur de la Pr\u00e9vention et de la S\u00e9curit\u00e9 [Acting Prevention and Safety Partner] at all its sites. The CAPS is designated site foreman by the team members and clad in a special green hi-vis harness every week or every other week and serves as an additional point of contact for the prevention of safety risks and for the respect of the environment on site. The CAPS helps identify the risks and hazardous situations and to train and inform everyone about their own safety.<\/p>","protected":false},"excerpt":{"rendered":"<p>Originally specialising in civil engineering and installing structures along motorways, TRALUX Construction is now a well-known general contractor offering a wide range of trades, construction and civil engineering services as well as a variety of services for dedicated offerings. &nbsp; In order to involve the \u201ccompagnons\u201d themselves in occupational health and safety, TRALUX has implemented [&hellip;]<\/p>\n","protected":false},"author":2,"featured_media":1971,"parent":1950,"menu_order":2,"comment_status":"closed","ping_status":"closed","template":"template-laureats.php","meta":{"_acf_changed":false,"footnotes":""},"class_list":["post-1970","page","type-page","status-publish","has-post-thumbnail","hentry"],"acf":{"subtitle":"Company  > 50 employees, Safety section","second_description":"<div><strong>Category<\/strong><\/div>\n<div>Company &gt; 50 employees, Safety section<\/div>\n<div><\/div>\n<div><strong>Company<\/strong><br \/>\nTRALUX Construction<\/div>\n<div><\/div>\n<div><strong>Website<\/strong><br \/>\n<a href=\"http:\/\/www.tralux.lu\/\" target=\"_blank\" rel=\"noopener\">http:\/\/www.tralux.lu\/<\/a><\/div>\n","actual_inscriptions":"1"},"_links":{"self":[{"href":"https:\/\/visionzero.lu\/en\/wp-json\/wp\/v2\/pages\/1970","targetHints":{"allow":["GET"]}}],"collection":[{"href":"https:\/\/visionzero.lu\/en\/wp-json\/wp\/v2\/pages"}],"about":[{"href":"https:\/\/visionzero.lu\/en\/wp-json\/wp\/v2\/types\/page"}],"author":[{"embeddable":true,"href":"https:\/\/visionzero.lu\/en\/wp-json\/wp\/v2\/users\/2"}],"replies":[{"embeddable":true,"href":"https:\/\/visionzero.lu\/en\/wp-json\/wp\/v2\/comments?post=1970"}],"version-history":[{"count":0,"href":"https:\/\/visionzero.lu\/en\/wp-json\/wp\/v2\/pages\/1970\/revisions"}],"up":[{"embeddable":true,"href":"https:\/\/visionzero.lu\/en\/wp-json\/wp\/v2\/pages\/1950"}],"wp:featuredmedia":[{"embeddable":true,"href":"https:\/\/visionzero.lu\/en\/wp-json\/wp\/v2\/media\/1971"}],"wp:attachment":[{"href":"https:\/\/visionzero.lu\/en\/wp-json\/wp\/v2\/media?parent=1970"}],"curies":[{"name":"wp","href":"https:\/\/api.w.org\/{rel}","templated":true}]}}