{"id":17,"date":"2021-07-01T09:08:38","date_gmt":"2021-07-01T07:08:38","guid":{"rendered":"https:\/\/visionzero.lu\/?page_id=17"},"modified":"2026-04-09T16:10:00","modified_gmt":"2026-04-09T14:10:00","slug":"accueil","status":"publish","type":"page","link":"https:\/\/visionzero.lu\/en\/","title":{"rendered":"Home"},"content":{"rendered":"","protected":false},"excerpt":{"rendered":"","protected":false},"author":1,"featured_media":19,"parent":0,"menu_order":20,"comment_status":"closed","ping_status":"closed","template":"template-homepage.php","meta":{"_acf_changed":false,"footnotes":""},"class_list":["post-17","page","type-page","status-publish","has-post-thumbnail","hentry"],"acf":{"subtitle":"","content":[{"type_content":"slider","slider":[{"title":"Campaign Road Safety at Work - Little efforts","description":"<p>Wrinkling your clothes when fastening your seatbelt, ignoring a call because you are driving, refusing a drink during a social event\u2026 These actions, which may seem restrictive, save lives.<\/p>\n<p>With \u2018<strong>Little efforts<\/strong>\u2019, the new <strong>Road Safety at Work Campaign<\/strong> illustrates with <strong>humour and realism<\/strong> these everyday situations that everyone can relate to.<\/p>\n<p>Commit to road safety for your teams!<\/p>\n<p>&nbsp;<\/p>\n","page_link":"https:\/\/visionzero.lu\/en\/roadsafety\/","secondary_link_text":"","secondary_link":"https:\/\/visionzero.lu\/en\/roadsafety\/","image":{"ID":26842,"id":26842,"title":"01569_AAA_SRT_C1_Slider_EN-900x650px-v1","filename":"01569_AAA_SRT_C1_Slider_EN-900x650px-v1.png","filesize":1544794,"url":"https:\/\/visionzero.lu\/wp-content\/uploads\/2026\/02\/01569_AAA_SRT_C1_Slider_EN-900x650px-v1.png","link":"https:\/\/visionzero.lu\/en\/home-2\/01569_aaa_srt_c1_slider_en-900x650px-v1\/","alt":"","author":"469","description":"","caption":"","name":"01569_aaa_srt_c1_slider_en-900x650px-v1","status":"inherit","uploaded_to":17,"date":"2026-02-24 10:10:40","modified":"2026-02-24 10:10:40","menu_order":0,"mime_type":"image\/png","type":"image","subtype":"png","icon":"https:\/\/visionzero.lu\/wp-includes\/images\/media\/default.png","width":1875,"height":1354,"sizes":{"thumbnail":"https:\/\/visionzero.lu\/wp-content\/uploads\/2026\/02\/01569_AAA_SRT_C1_Slider_EN-900x650px-v1-150x150.png","thumbnail-width":150,"thumbnail-height":150,"medium":"https:\/\/visionzero.lu\/wp-content\/uploads\/2026\/02\/01569_AAA_SRT_C1_Slider_EN-900x650px-v1-300x217.png","medium-width":300,"medium-height":217,"medium_large":"https:\/\/visionzero.lu\/wp-content\/uploads\/2026\/02\/01569_AAA_SRT_C1_Slider_EN-900x650px-v1-768x555.png","medium_large-width":640,"medium_large-height":463,"large":"https:\/\/visionzero.lu\/wp-content\/uploads\/2026\/02\/01569_AAA_SRT_C1_Slider_EN-900x650px-v1-1024x739.png","large-width":640,"large-height":462,"1536x1536":"https:\/\/visionzero.lu\/wp-content\/uploads\/2026\/02\/01569_AAA_SRT_C1_Slider_EN-900x650px-v1-1536x1109.png","1536x1536-width":1536,"1536x1536-height":1109,"2048x2048":"https:\/\/visionzero.lu\/wp-content\/uploads\/2026\/02\/01569_AAA_SRT_C1_Slider_EN-900x650px-v1.png","2048x2048-width":1875,"2048x2048-height":1354}}},{"title":"VISION ZERO Award","description":"<p>The AAA has been awarded the Vision Zero Prize at the 23rd World Congress on Safety and Health at Work in Sydney, Australia, in November 2023!<\/p>\n","page_link":"https:\/\/visionzero.lu\/en\/vison-zero-award-2023\/","secondary_link_text":"","secondary_link":"","image":{"ID":23283,"id":23283,"title":"VZ Award - 2023 - EN","filename":"VZ-Award-2023-EN.png","filesize":548273,"url":"https:\/\/visionzero.lu\/wp-content\/uploads\/2024\/02\/VZ-Award-2023-EN.png","link":"https:\/\/visionzero.lu\/en\/home-2\/vz-award-2023-en\/","alt":"","author":"423","description":"","caption":"","name":"vz-award-2023-en","status":"inherit","uploaded_to":17,"date":"2024-02-29 09:43:10","modified":"2024-02-29 09:48:10","menu_order":0,"mime_type":"image\/png","type":"image","subtype":"png","icon":"https:\/\/visionzero.lu\/wp-includes\/images\/media\/default.png","width":1250,"height":650,"sizes":{"thumbnail":"https:\/\/visionzero.lu\/wp-content\/uploads\/2024\/02\/VZ-Award-2023-EN-150x150.png","thumbnail-width":150,"thumbnail-height":150,"medium":"https:\/\/visionzero.lu\/wp-content\/uploads\/2024\/02\/VZ-Award-2023-EN-300x156.png","medium-width":300,"medium-height":156,"medium_large":"https:\/\/visionzero.lu\/wp-content\/uploads\/2024\/02\/VZ-Award-2023-EN-768x399.png","medium_large-width":640,"medium_large-height":333,"large":"https:\/\/visionzero.lu\/wp-content\/uploads\/2024\/02\/VZ-Award-2023-EN-1024x532.png","large-width":640,"large-height":333,"1536x1536":"https:\/\/visionzero.lu\/wp-content\/uploads\/2024\/02\/VZ-Award-2023-EN.png","1536x1536-width":1250,"1536x1536-height":650,"2048x2048":"https:\/\/visionzero.lu\/wp-content\/uploads\/2024\/02\/VZ-Award-2023-EN.png","2048x2048-width":1250,"2048x2048-height":650}}}],"documentation_elements":null},{"type_content":"documentation","slider":[{"title":"OHS Forum 2024","description":"<p>Registration is now open for visitors and exhibitors at the Occupational Health and Safety Forum in exhibition format, to be held on 15 May 2024 at LUXEXPO THE BOX.<\/p>\n","page_link":"https:\/\/visionzero.lu\/en\/forum-sst\/","secondary_link_text":"","secondary_link":"","image":{"ID":22752,"id":22752,"title":"Slider Site VZ -Forum SST - 2024 - EN","filename":"Slider-Site-VZ-Forum-SST-2024-EN.png","filesize":357988,"url":"https:\/\/visionzero.lu\/wp-content\/uploads\/2024\/02\/Slider-Site-VZ-Forum-SST-2024-EN.png","link":"https:\/\/visionzero.lu\/en\/home-2\/slider-site-vz-forum-sst-2024-en\/","alt":"","author":"423","description":"","caption":"","name":"slider-site-vz-forum-sst-2024-en","status":"inherit","uploaded_to":17,"date":"2024-02-06 13:47:57","modified":"2024-02-06 13:48:51","menu_order":0,"mime_type":"image\/png","type":"image","subtype":"png","icon":"https:\/\/visionzero.lu\/wp-includes\/images\/media\/default.png","width":1250,"height":650,"sizes":{"thumbnail":"https:\/\/visionzero.lu\/wp-content\/uploads\/2024\/02\/Slider-Site-VZ-Forum-SST-2024-EN-150x150.png","thumbnail-width":150,"thumbnail-height":150,"medium":"https:\/\/visionzero.lu\/wp-content\/uploads\/2024\/02\/Slider-Site-VZ-Forum-SST-2024-EN-300x156.png","medium-width":300,"medium-height":156,"medium_large":"https:\/\/visionzero.lu\/wp-content\/uploads\/2024\/02\/Slider-Site-VZ-Forum-SST-2024-EN-768x399.png","medium_large-width":640,"medium_large-height":333,"large":"https:\/\/visionzero.lu\/wp-content\/uploads\/2024\/02\/Slider-Site-VZ-Forum-SST-2024-EN-1024x532.png","large-width":640,"large-height":333,"1536x1536":"https:\/\/visionzero.lu\/wp-content\/uploads\/2024\/02\/Slider-Site-VZ-Forum-SST-2024-EN.png","1536x1536-width":1250,"1536x1536-height":650,"2048x2048":"https:\/\/visionzero.lu\/wp-content\/uploads\/2024\/02\/Slider-Site-VZ-Forum-SST-2024-EN.png","2048x2048-width":1250,"2048x2048-height":650}}},{"title":"VISION ZERO Award","description":"<p>The AAA has been awarded the Vision Zero Prize at the 23rd World Congress on Safety and Health at Work in Sydney, Australia, in November 2023!<\/p>\n","page_link":"https:\/\/visionzero.lu\/en\/vison-zero-award-2023\/","secondary_link_text":"","secondary_link":"","image":{"ID":23283,"id":23283,"title":"VZ Award - 2023 - EN","filename":"VZ-Award-2023-EN.png","filesize":548273,"url":"https:\/\/visionzero.lu\/wp-content\/uploads\/2024\/02\/VZ-Award-2023-EN.png","link":"https:\/\/visionzero.lu\/en\/home-2\/vz-award-2023-en\/","alt":"","author":"423","description":"","caption":"","name":"vz-award-2023-en","status":"inherit","uploaded_to":17,"date":"2024-02-29 09:43:10","modified":"2024-02-29 09:48:10","menu_order":0,"mime_type":"image\/png","type":"image","subtype":"png","icon":"https:\/\/visionzero.lu\/wp-includes\/images\/media\/default.png","width":1250,"height":650,"sizes":{"thumbnail":"https:\/\/visionzero.lu\/wp-content\/uploads\/2024\/02\/VZ-Award-2023-EN-150x150.png","thumbnail-width":150,"thumbnail-height":150,"medium":"https:\/\/visionzero.lu\/wp-content\/uploads\/2024\/02\/VZ-Award-2023-EN-300x156.png","medium-width":300,"medium-height":156,"medium_large":"https:\/\/visionzero.lu\/wp-content\/uploads\/2024\/02\/VZ-Award-2023-EN-768x399.png","medium_large-width":640,"medium_large-height":333,"large":"https:\/\/visionzero.lu\/wp-content\/uploads\/2024\/02\/VZ-Award-2023-EN-1024x532.png","large-width":640,"large-height":333,"1536x1536":"https:\/\/visionzero.lu\/wp-content\/uploads\/2024\/02\/VZ-Award-2023-EN.png","1536x1536-width":1250,"1536x1536-height":650,"2048x2048":"https:\/\/visionzero.lu\/wp-content\/uploads\/2024\/02\/VZ-Award-2023-EN.png","2048x2048-width":1250,"2048x2048-height":650}}},{"title":"New edition - R02: Safe driving of machinery (R02)","description":"<p>A new edition of the prevention recommendation &#8220;R02 Safe driving of machinery&#8221; has been published, with a number of changes to the practical training courses and an additional module for agricultural tractors.<\/p>\n","page_link":"https:\/\/visionzero.lu\/en\/?post_type=mediatech&p=14470","secondary_link_text":"","secondary_link":"","image":{"ID":21810,"id":21810,"title":"Slider Site VZ - R02 - 2023 - EN","filename":"Slider-Site-VZ-R02-2023-EN.png","filesize":540273,"url":"https:\/\/visionzero.lu\/wp-content\/uploads\/2023\/12\/Slider-Site-VZ-R02-2023-EN.png","link":"https:\/\/visionzero.lu\/en\/home-2\/slider-site-vz-r02-2023-en\/","alt":"","author":"6","description":"","caption":"","name":"slider-site-vz-r02-2023-en","status":"inherit","uploaded_to":17,"date":"2023-12-04 15:07:22","modified":"2023-12-04 15:11:38","menu_order":0,"mime_type":"image\/png","type":"image","subtype":"png","icon":"https:\/\/visionzero.lu\/wp-includes\/images\/media\/default.png","width":1250,"height":650,"sizes":{"thumbnail":"https:\/\/visionzero.lu\/wp-content\/uploads\/2023\/12\/Slider-Site-VZ-R02-2023-EN-150x150.png","thumbnail-width":150,"thumbnail-height":150,"medium":"https:\/\/visionzero.lu\/wp-content\/uploads\/2023\/12\/Slider-Site-VZ-R02-2023-EN-300x156.png","medium-width":300,"medium-height":156,"medium_large":"https:\/\/visionzero.lu\/wp-content\/uploads\/2023\/12\/Slider-Site-VZ-R02-2023-EN-768x399.png","medium_large-width":640,"medium_large-height":333,"large":"https:\/\/visionzero.lu\/wp-content\/uploads\/2023\/12\/Slider-Site-VZ-R02-2023-EN-1024x532.png","large-width":640,"large-height":333,"1536x1536":"https:\/\/visionzero.lu\/wp-content\/uploads\/2023\/12\/Slider-Site-VZ-R02-2023-EN.png","1536x1536-width":1250,"1536x1536-height":650,"2048x2048":"https:\/\/visionzero.lu\/wp-content\/uploads\/2023\/12\/Slider-Site-VZ-R02-2023-EN.png","2048x2048-width":1250,"2048x2048-height":650}}},{"title":"New phase of the VISION ZERO campaign","description":"<p>Discover the new phase of the VISION ZERO media campaign<\/p>\n","page_link":"https:\/\/visionzero.lu\/en\/media-campaign\/","secondary_link_text":"","secondary_link":"","image":{"ID":21619,"id":21619,"title":"Slider Site VZ - Campagne trajet 2023","filename":"Slider-Site-VZ-Campagne-trajet-2023.png","filesize":422133,"url":"https:\/\/visionzero.lu\/wp-content\/uploads\/2023\/08\/Slider-Site-VZ-Campagne-trajet-2023.png","link":"https:\/\/visionzero.lu\/en\/home-2\/slider-site-vz-campagne-trajet-2023\/","alt":"","author":"6","description":"","caption":"","name":"slider-site-vz-campagne-trajet-2023","status":"inherit","uploaded_to":17,"date":"2023-08-29 13:25:37","modified":"2023-08-29 13:27:16","menu_order":0,"mime_type":"image\/png","type":"image","subtype":"png","icon":"https:\/\/visionzero.lu\/wp-includes\/images\/media\/default.png","width":1250,"height":650,"sizes":{"thumbnail":"https:\/\/visionzero.lu\/wp-content\/uploads\/2023\/08\/Slider-Site-VZ-Campagne-trajet-2023-150x150.png","thumbnail-width":150,"thumbnail-height":150,"medium":"https:\/\/visionzero.lu\/wp-content\/uploads\/2023\/08\/Slider-Site-VZ-Campagne-trajet-2023-300x156.png","medium-width":300,"medium-height":156,"medium_large":"https:\/\/visionzero.lu\/wp-content\/uploads\/2023\/08\/Slider-Site-VZ-Campagne-trajet-2023-768x399.png","medium_large-width":640,"medium_large-height":333,"large":"https:\/\/visionzero.lu\/wp-content\/uploads\/2023\/08\/Slider-Site-VZ-Campagne-trajet-2023-1024x532.png","large-width":640,"large-height":333,"1536x1536":"https:\/\/visionzero.lu\/wp-content\/uploads\/2023\/08\/Slider-Site-VZ-Campagne-trajet-2023.png","1536x1536-width":1250,"1536x1536-height":650,"2048x2048":"https:\/\/visionzero.lu\/wp-content\/uploads\/2023\/08\/Slider-Site-VZ-Campagne-trajet-2023.png","2048x2048-width":1250,"2048x2048-height":650}}},{"title":"National VISION ZERO strategy 2023 - 2030","description":"<p>Adhere to the new phase of the VISION ZERO strategy, supported by the Luxembourg Government, the aim of which is to pursue efforts in the field of OHS and to make a particular effort in high-risk sectors.<\/p>\n","page_link":"https:\/\/visionzero.lu\/en\/national-vision-zero-strategy\/","secondary_link_text":"","secondary_link":"","image":{"ID":17155,"id":17155,"title":"EN - Slider Site VZ - Strat\u00e9gie VZ 2023 - 2030","filename":"EN-Slider-Site-VZ-Strategie-VZ-2023-2030.png","filesize":115584,"url":"https:\/\/visionzero.lu\/wp-content\/uploads\/2022\/10\/EN-Slider-Site-VZ-Strategie-VZ-2023-2030.png","link":"https:\/\/visionzero.lu\/en\/home-2\/en-slider-site-vz-strategie-vz-2023-2030\/","alt":"","author":"6","description":"","caption":"","name":"en-slider-site-vz-strategie-vz-2023-2030","status":"inherit","uploaded_to":17,"date":"2022-10-25 13:23:31","modified":"2022-10-25 13:56:18","menu_order":0,"mime_type":"image\/png","type":"image","subtype":"png","icon":"https:\/\/visionzero.lu\/wp-includes\/images\/media\/default.png","width":1250,"height":650,"sizes":{"thumbnail":"https:\/\/visionzero.lu\/wp-content\/uploads\/2022\/10\/EN-Slider-Site-VZ-Strategie-VZ-2023-2030-150x150.png","thumbnail-width":150,"thumbnail-height":150,"medium":"https:\/\/visionzero.lu\/wp-content\/uploads\/2022\/10\/EN-Slider-Site-VZ-Strategie-VZ-2023-2030-300x156.png","medium-width":300,"medium-height":156,"medium_large":"https:\/\/visionzero.lu\/wp-content\/uploads\/2022\/10\/EN-Slider-Site-VZ-Strategie-VZ-2023-2030-768x399.png","medium_large-width":640,"medium_large-height":333,"large":"https:\/\/visionzero.lu\/wp-content\/uploads\/2022\/10\/EN-Slider-Site-VZ-Strategie-VZ-2023-2030-1024x532.png","large-width":640,"large-height":333,"1536x1536":"https:\/\/visionzero.lu\/wp-content\/uploads\/2022\/10\/EN-Slider-Site-VZ-Strategie-VZ-2023-2030.png","1536x1536-width":1250,"1536x1536-height":650,"2048x2048":"https:\/\/visionzero.lu\/wp-content\/uploads\/2022\/10\/EN-Slider-Site-VZ-Strategie-VZ-2023-2030.png","2048x2048-width":1250,"2048x2048-height":650}}}],"documentation_elements":[{"ID":22057,"post_author":"6","post_date":"2024-01-09 14:26:45","post_date_gmt":"2024-01-09 13:26:45","post_content":"","post_title":"Bulk on tipper trucks","post_excerpt":"","post_status":"publish","comment_status":"closed","ping_status":"closed","post_password":"","post_name":"le-vrac-sur-camion-benne","to_ping":"","pinged":"","post_modified":"2024-01-09 14:27:15","post_modified_gmt":"2024-01-09 13:27:15","post_content_filtered":"","post_parent":0,"guid":"https:\/\/visionzero.lu\/fr\/?post_type=mediatech&#038;p=22057","menu_order":0,"post_type":"mediatech","post_mime_type":"","comment_count":"0","filter":"raw","post_title_ml":"[:fr]Le vrac sur camion benne[:de]Sch\u00fcttgut auf Kipperfahrzeugen[:en]Bulk on tipper trucks[:]","post_title_langs":{"fr":true,"de":true,"en":true}},{"ID":19935,"post_author":"6","post_date":"2023-02-16 08:11:43","post_date_gmt":"2023-02-16 07:11:43","post_content":"","post_title":"VISION ZERO 2023 - 2030 strategy","post_excerpt":"","post_status":"draft","comment_status":"closed","ping_status":"closed","post_password":"","post_name":"strategie-vision-zero-2023-2030","to_ping":"","pinged":"","post_modified":"2026-04-14 13:24:07","post_modified_gmt":"2026-04-14 11:24:07","post_content_filtered":"","post_parent":0,"guid":"https:\/\/visionzero.lu\/fr\/?post_type=mediatech&#038;p=19935","menu_order":0,"post_type":"mediatech","post_mime_type":"","comment_count":"0","filter":"raw","post_title_ml":"[:fr]Strat\u00e9gie VISION ZERO 2023 - 2030[:de]VISION ZERO-Strategie 2023 \u2013 2030[:en]VISION ZERO 2023 - 2030 strategy[:]","post_title_langs":{"fr":true,"de":true,"en":true}},{"ID":5574,"post_author":"1","post_date":"2019-08-12 11:49:39","post_date_gmt":"2019-08-12 09:49:39","post_content":"Guide 7 Golden Rules - for zero accidents and healthy work","post_title":"Guide 7 Golden Rules - for zero accidents and healthy work","post_excerpt":"","post_status":"publish","comment_status":"closed","ping_status":"closed","post_password":"","post_name":"guide-7-regles-dor-pour-un-travail-sain-et-sans-accidents","to_ping":"","pinged":"","post_modified":"2020-02-19 10:56:44","post_modified_gmt":"2020-02-19 09:56:44","post_content_filtered":"","post_parent":0,"guid":"https:\/\/visionzero.lu\/fr\/mediatech\/guide-7-regles-dor-pour-un-travail-sain-et-sans-accidents\/","menu_order":0,"post_type":"mediatech","post_mime_type":"","comment_count":"0","filter":"raw","post_content_ml":"[:fr]Guide 7 r\u00e8gles d\u2019or \u2013 pour un travail sain et sans accidents[:de]Leitfaden 7 Goldene Regeln - F\u00fcr gesunde Arbeit ohne Unf\u00e4lle[:en]Guide 7 Golden Rules - for zero accidents and healthy work[:]","post_content_langs":{"fr":true,"de":true,"en":true},"post_title_ml":"[:fr]Guide 7 r\u00e8gles d\u2019or \u2013 pour un travail sain et sans accidents[:de]Leitfaden 7 Goldene Regeln - F\u00fcr gesunde Arbeit ohne Unf\u00e4lle[:en]Guide 7 Golden Rules - for zero accidents and healthy work[:]","post_title_langs":{"fr":true,"de":true,"en":true}}]}],"strategy":{"title":"National strategy VISION ZERO","description":"La VISION ZERO est la strat\u00e9gie nationale de pr\u00e9vention des accidents du travail, des accidents de trajet et des maladies professionnelles. Cette strat\u00e9gie traduit la volont\u00e9 solidaire des partenaires nationaux \u00e0 redynamiser la s\u00e9curit\u00e9 et la sant\u00e9 au travail et \u00e0 mobiliser toutes les parties prenantes au niveau des employeurs et des salari\u00e9s.","link":"https:\/\/visionzero.lu\/en\/national-vision-zero-strategy\/"},"header_color":"blue"},"_links":{"self":[{"href":"https:\/\/visionzero.lu\/en\/wp-json\/wp\/v2\/pages\/17","targetHints":{"allow":["GET"]}}],"collection":[{"href":"https:\/\/visionzero.lu\/en\/wp-json\/wp\/v2\/pages"}],"about":[{"href":"https:\/\/visionzero.lu\/en\/wp-json\/wp\/v2\/types\/page"}],"author":[{"embeddable":true,"href":"https:\/\/visionzero.lu\/en\/wp-json\/wp\/v2\/users\/1"}],"replies":[{"embeddable":true,"href":"https:\/\/visionzero.lu\/en\/wp-json\/wp\/v2\/comments?post=17"}],"version-history":[{"count":96,"href":"https:\/\/visionzero.lu\/en\/wp-json\/wp\/v2\/pages\/17\/revisions"}],"predecessor-version":[{"id":26957,"href":"https:\/\/visionzero.lu\/en\/wp-json\/wp\/v2\/pages\/17\/revisions\/26957"}],"wp:featuredmedia":[{"embeddable":true,"href":"https:\/\/visionzero.lu\/en\/wp-json\/wp\/v2\/media\/19"}],"wp:attachment":[{"href":"https:\/\/visionzero.lu\/en\/wp-json\/wp\/v2\/media?parent=17"}],"curies":[{"name":"wp","href":"https:\/\/api.w.org\/{rel}","templated":true}]}}