{"id":16758,"date":"2022-10-26T08:00:40","date_gmt":"2022-10-26T06:00:40","guid":{"rendered":"https:\/\/visionzero.lu\/fr\/?page_id=16758"},"modified":"2023-08-29T11:46:03","modified_gmt":"2023-08-29T09:46:03","slug":"le-cercle-vertueux-de-la-securite-sante-en-entreprise-equipe-clients-et-productivite","status":"publish","type":"page","link":"https:\/\/visionzero.lu\/en\/prix-sst-2026\/laureats-2022\/cocottes\/","title":{"rendered":"Cocottes"},"content":{"rendered":"<p class=\"qtranxs-available-languages-message qtranxs-available-languages-message-en\"> <\/p><p>Depuis l\u2019ann\u00e9e 2014, Cocottes est l\u2019enseigne commerciale de SRB Lux S\u00e0rl, une soci\u00e9t\u00e9 \u00e9tant active dans le secteur de l\u2019alimentation. Cocottes pr\u00e9pare chaque jour dans ses propres cuisines \u00e0 Grass des plats cuisin\u00e9s (\u00ab pr\u00eat-\u00e0-manger \u00bb) de qualit\u00e9 \u00e0 base de produits sains, vari\u00e9s et authentiques qui sont distribu\u00e9s dans 17 boutiques au Luxembourg.<\/p>\n<p>Cocottes a d\u00e9velopp\u00e9 un concept global de s\u00e9curit\u00e9-sant\u00e9 qui identifie les risques de s\u00e9curit\u00e9, forme et sensibilise le personnel pour am\u00e9liorer d\u2019une part la s\u00e9curit\u00e9 de ses employeurs et d\u2019autre part leur sentiment de bien-\u00eatre. Ce concept s\u2019appuie essentiellement sur 3 axes interconnect\u00e9s, \u00e0 savoir l\u2019ergonomie, la s\u00e9curit\u00e9 et le bien-\u00eatre au travail. En mati\u00e8re d\u2019ergonomie et de bien-\u00eatre, l\u2019acquisition de nouveaux \u00e9quipements de travail, en grande partie automatiques, a soulag\u00e9 les collaborateurs dans leurs t\u00e2ches en r\u00e9duisant les mouvements r\u00e9p\u00e9titifs. Des formations en termes de 1<sup>er<\/sup> secours, d\u2019incendie et d\u2019\u00e9vacuation sont organis\u00e9es r\u00e9guli\u00e8rement et des mesures techniques (des rev\u00eatements antid\u00e9rapants, des zones pi\u00e9tonnes \u00e0 l\u2019ext\u00e9rieure, des produits de nettoyage sans alcalins chlor\u00e9s, \u2026) ont augment\u00e9 la s\u00e9curit\u00e9 des employeurs. Pour garantir en continu la s\u00e9curit\u00e9 et le bien-\u00eatre de ses collaborateurs, les besoins de l\u2019entreprise Cocottes ainsi que les r\u00e9sultats de leur concept de s\u00e9curit\u00e9-sant\u00e9 sont r\u00e9guli\u00e8rement revus et analys\u00e9s \u00e0 l\u2019occasion des entretiens individuels.<\/p>","protected":false},"excerpt":{"rendered":"<p>Depuis l\u2019ann\u00e9e 2014, Cocottes est l\u2019enseigne commerciale de SRB Lux S\u00e0rl, une soci\u00e9t\u00e9 \u00e9tant active dans le secteur de l\u2019alimentation. Cocottes pr\u00e9pare chaque jour dans ses propres cuisines \u00e0 Grass des plats cuisin\u00e9s (\u00ab pr\u00eat-\u00e0-manger \u00bb) de qualit\u00e9 \u00e0 base de produits sains, vari\u00e9s et authentiques qui sont distribu\u00e9s dans 17 boutiques au Luxembourg. Cocottes [&hellip;]<\/p>\n","protected":false},"author":2,"featured_media":0,"parent":15654,"menu_order":1,"comment_status":"closed","ping_status":"closed","template":"template-laureats.php","meta":{"_acf_changed":false,"footnotes":""},"class_list":["post-16758","page","type-page","status-publish","hentry"],"acf":{"subtitle":"Le cercle vertueux de la s\u00e9curit\u00e9 sant\u00e9 en entreprise : \u00e9quipe, clients et productivit\u00e9","second_description":"<div><strong>Cat\u00e9gorie<\/strong><br \/>\nEntreprise &gt; 50 salari\u00e9s &#8211; volet sant\u00e9 et bien-\u00eatre<\/p>\n<div><\/div>\n<div><strong>Entreprise<\/strong><br \/>\nCocottes<\/div>\n<\/div>\n","width":"6","actual_inscriptions":"112","header_color":"blue"},"_links":{"self":[{"href":"https:\/\/visionzero.lu\/en\/wp-json\/wp\/v2\/pages\/16758","targetHints":{"allow":["GET"]}}],"collection":[{"href":"https:\/\/visionzero.lu\/en\/wp-json\/wp\/v2\/pages"}],"about":[{"href":"https:\/\/visionzero.lu\/en\/wp-json\/wp\/v2\/types\/page"}],"author":[{"embeddable":true,"href":"https:\/\/visionzero.lu\/en\/wp-json\/wp\/v2\/users\/2"}],"replies":[{"embeddable":true,"href":"https:\/\/visionzero.lu\/en\/wp-json\/wp\/v2\/comments?post=16758"}],"version-history":[{"count":1,"href":"https:\/\/visionzero.lu\/en\/wp-json\/wp\/v2\/pages\/16758\/revisions"}],"predecessor-version":[{"id":21592,"href":"https:\/\/visionzero.lu\/en\/wp-json\/wp\/v2\/pages\/16758\/revisions\/21592"}],"up":[{"embeddable":true,"href":"https:\/\/visionzero.lu\/en\/wp-json\/wp\/v2\/pages\/15654"}],"wp:attachment":[{"href":"https:\/\/visionzero.lu\/en\/wp-json\/wp\/v2\/media?parent=16758"}],"curies":[{"name":"wp","href":"https:\/\/api.w.org\/{rel}","templated":true}]}}