{"id":16754,"date":"2022-10-26T08:00:27","date_gmt":"2022-10-26T06:00:27","guid":{"rendered":"https:\/\/visionzero.lu\/fr\/?page_id=16754"},"modified":"2022-10-25T14:28:03","modified_gmt":"2022-10-25T12:28:03","slug":"take-care","status":"publish","type":"page","link":"https:\/\/visionzero.lu\/en\/prix-sst-2026\/laureats-2022\/ceratizit-luxembourg-sarl\/","title":{"rendered":"Ceratizit Luxembourg S\u00e0rl"},"content":{"rendered":"<p class=\"qtranxs-available-languages-message qtranxs-available-languages-message-en\"> <\/p><p>CERATIZIT est un acteur mondial dans le d\u00e9veloppement et la fabrication de solutions en carbure de tungst\u00e8ne. N\u00e9e de la fusion des deux soci\u00e9t\u00e9s CERAMETAL et Plansee Tizit en 2002, CERATIZIT dispose de plus de 100 ans d\u2019exp\u00e9rience dans la fabrication d\u2019outils coupants r\u00e9pondant aux exigences les plus pointues pour la coupe et la protection contre l&#8217;usure ainsi que dans le d\u00e9veloppement de nouvelles nuances de carbure et de cermet. CERATIZIT compte plus de 300 sites r\u00e9partis sur diff\u00e9rents continents, dont le si\u00e8ge social au Grand-Duch\u00e9 de Luxembourg se situe \u00e0 Mamer o\u00f9 sont engag\u00e9s environ 1100 salari\u00e9s.<\/p>\n<p>\u00ab\u00a0TAKE CARE\u00a0\u00bb, la d\u00e9marche interne de pr\u00e9vention de CERATIZIT, vise \u00e0 pr\u00e9venir les troubles musculosquelettiques (TMS) et les maladies professionnelles par une \u00e9valuation des diff\u00e9rentes situations de travail \u00e0 l\u2019aide d\u2019outils de cotations ergonomiques. Cette d\u00e9marche, conduite par une \u00e9quipe pluridisciplinaire, a pour but d\u2019identifier les risques de TMS et de trouver des solutions pour am\u00e9liorer la sant\u00e9 au travail de ses salari\u00e9s. Ces solutions ne servent non seulement \u00e0 sensibiliser le personnel voire modifier compl\u00e8tement l\u2019environnement de travail existant, mais sont \u00e9galement prises en compte dans la conception des nouveaux postes de travail ou lors de l&#8217;acquisition de nouvelles machines de production. Tout cela dans le but d\u2019augmenter la qualit\u00e9 de vie au travail de ses collaborateurs.<\/p>","protected":false},"excerpt":{"rendered":"<p>CERATIZIT est un acteur mondial dans le d\u00e9veloppement et la fabrication de solutions en carbure de tungst\u00e8ne. N\u00e9e de la fusion des deux soci\u00e9t\u00e9s CERAMETAL et Plansee Tizit en 2002, CERATIZIT dispose de plus de 100 ans d\u2019exp\u00e9rience dans la fabrication d\u2019outils coupants r\u00e9pondant aux exigences les plus pointues pour la coupe et la protection [&hellip;]<\/p>\n","protected":false},"author":2,"featured_media":0,"parent":15654,"menu_order":0,"comment_status":"closed","ping_status":"closed","template":"template-laureats.php","meta":{"_acf_changed":false,"footnotes":""},"class_list":["post-16754","page","type-page","status-publish","hentry"],"acf":{"subtitle":"Take Care","second_description":"<div><strong>Cat\u00e9gorie<\/strong><br \/>\nEntreprise &gt; 50 salari\u00e9s &#8211; volet sant\u00e9 et bien-\u00eatre<\/div>\n<div><\/div>\n<div><strong>Entreprise<\/strong><br \/>\nCeratizit Luxembourg S\u00e0rl<\/div>\n","width":"6","actual_inscriptions":"70"},"_links":{"self":[{"href":"https:\/\/visionzero.lu\/en\/wp-json\/wp\/v2\/pages\/16754","targetHints":{"allow":["GET"]}}],"collection":[{"href":"https:\/\/visionzero.lu\/en\/wp-json\/wp\/v2\/pages"}],"about":[{"href":"https:\/\/visionzero.lu\/en\/wp-json\/wp\/v2\/types\/page"}],"author":[{"embeddable":true,"href":"https:\/\/visionzero.lu\/en\/wp-json\/wp\/v2\/users\/2"}],"replies":[{"embeddable":true,"href":"https:\/\/visionzero.lu\/en\/wp-json\/wp\/v2\/comments?post=16754"}],"version-history":[{"count":0,"href":"https:\/\/visionzero.lu\/en\/wp-json\/wp\/v2\/pages\/16754\/revisions"}],"up":[{"embeddable":true,"href":"https:\/\/visionzero.lu\/en\/wp-json\/wp\/v2\/pages\/15654"}],"wp:attachment":[{"href":"https:\/\/visionzero.lu\/en\/wp-json\/wp\/v2\/media?parent=16754"}],"curies":[{"name":"wp","href":"https:\/\/api.w.org\/{rel}","templated":true}]}}