{"id":1412,"date":"2019-07-17T09:44:54","date_gmt":"2019-07-17T07:44:54","guid":{"rendered":"https:\/\/visionzero.lu\/fr\/?page_id=1412"},"modified":"2024-12-19T08:47:56","modified_gmt":"2024-12-19T07:47:56","slug":"origine-de-la-strategie-nationale-vision-zero","status":"publish","type":"page","link":"https:\/\/visionzero.lu\/en\/origin\/","title":{"rendered":"Origin of the initiative"},"content":{"rendered":"<p>In Europe, the \u201czero accident\u201d concept was on the rise in the 90\u2019s as part of the development of <strong>political strategies in terms of road safety<\/strong>. Sweden was one of the first countries to officially implement this concept in its road safety policy while using for the first time the term of \u201cVision Zero\u201d.<\/p>\n<p>In Luxembourg, the Ministry of Labour, the Accident Insurance Association (Association d\u2019assurance accident, AAA), the Inspectorate of Labour and Mines (Inspection du travail et des mines, ITM), the Employers Association (Union des Entreprises Luxembourgeoises, UEL) and the trade unions LCGB and OBGL reached an agreement in 2003 to promote workers\u2019 safety, health and well-being. This action plan to fight occupational accidents lasted from 2003 to 2007.<\/p>\n<p>The main objectives set in comparison to 2002 were to substantially decrease the frequency rate of work and commuting accidents (10.66% in 2002) and to reverse the upward trend of commuting accidents (5,689 in 2002). While these objectives were reached by 2007, the 2014 figures show that they had largely been exceeded. Indeed, in 2014, the frequency rate of work and commuting accidents had dropped to 5.37% and the number of commuting accidents had decreased to 3,516.<\/p>\n<p>Even though the frequency rate of work accidents (number of recognised accidents * 100 \/ number of standardised full-time workers) significantly dropped throughout the past years, i.e. from 27.44 in 1960 to 5.37 in 2017, in all sectors, it has not moved since 2011.<\/p>\n<p>In 2014, during the world congress on occupational health and safety in Frankfurt, the <a href=\"https:\/\/ww1.issa.int\/\" target=\"_blank\" rel=\"noopener noreferrer\">International Social Security Association (ISSA)<\/a> took up the VISION ZERO concept and extended it to work accidents.<\/p>\n<p>In March 2015 in Luxembourg, the whole Government signed a National road safety charter with the aim to contribute to the European objective to decrease the number of deaths and seriously injured by 50% on European roads by 2020. In line with this action plan, also known as Vision Zero, the Luxembourg Employers\u2019 Association (Union des Entreprises Luxembourgeoises, UEL) and its National institute for sustainable development and corporate social responsibility (Institut National pour le D\u00e9veloppement durable et la Responsabilit\u00e9 sociale des entreprises, INDR) signed with the Government on 1st October 2015 a <strong>partnership<\/strong> to help prevent commuting accidents.<\/p>\n<p>The <a href=\"https:\/\/visionzero.lu\/wp-content\/uploads\/2019\/07\/Charte_Vision_ZERO_24_03_2016_signe%CC%81e-1.pdf\" target=\"_blank\" rel=\"noopener noreferrer\">national VISION ZERO charter<\/a> for the promotion of occupational health and safety was signed by key national partners on 24th March 2016. This took place at the 10th forum on occupational health and safety, in the presence of Their Royal Highnesses the Hereditary Grand Duke and the Hereditary Grand Duchess. VISION ZERO is the national prevention strategy for work-related and commuting accidents as well as occupational diseases. This vision has found worldwide consensus.<\/p>\n<p>In September 2017, the International Social Security Association (ISSA) launched <strong>the campaign<\/strong> <a href=\"http:\/\/visionzero.global\/\" target=\"_blank\" rel=\"noopener noreferrer\">Vision Zero Global<\/a> to improve safety, health and wellbeing at work. The initiators of the national strategy VISION ZERO (AAA, UEL, INDR) are also official partners of this global community.<\/p>\n<p>Given the achievements of the first phase (2016-2022) and the importance of this topic, the initiators of VISION ZERO have decided to continue their efforts in the field of occupational health and safety and to focus specifically on the risk sectors. This new phase of VISION ZERO 2023 &#8211; 2030, supported by the government, was presented at the 15th Occupational Health and Safety Forum organised by AAA, UEL and INDR on 26 October 2022.<\/p>","protected":false},"excerpt":{"rendered":"<p>In Europe, the \u201czero accident\u201d concept was on the rise in the 90\u2019s as part of the development of political strategies in terms of road safety. Sweden was one of the first countries to officially implement this concept in its road safety policy while using for the first time the term of \u201cVision Zero\u201d. In [&hellip;]<\/p>\n","protected":false},"author":1,"featured_media":0,"parent":0,"menu_order":21,"comment_status":"closed","ping_status":"closed","template":"","meta":{"_acf_changed":false,"footnotes":""},"class_list":["post-1412","page","type-page","status-publish","hentry"],"acf":{"subtitle":"","content":[{"type_content":"documents_block","text_block":{"text_description":"","logo":false},"image_text_block":{"side_image":false,"text_description":"","image":false,"image_caption":""},"gallery_block":{"title_gallery":"","gallery":null},"images_grid_block":{"title":"","slider":false,"gallery":false,"gallery_de":false,"images_en":false,"button_text":"","button_link":"","zip_file":false,"zip_file_text":""},"documents_block":{"title_block_documents":"Documents","file_document":[{"title_file":"National Charter","file":{"ID":1382,"id":1382,"title":"Charte_Vision_ZERO_24_03_2016_signe\u0301e-1","filename":"Charte_Vision_ZERO_24_03_2016_signe\u0301e-1.pdf","filesize":1413248,"url":"https:\/\/visionzero.lu\/wp-content\/uploads\/2019\/07\/Charte_Vision_ZERO_24_03_2016_signe\u0301e-1.pdf","link":"https:\/\/visionzero.lu\/en\/national-vision-zero-strategy\/charte_vision_zero_24_03_2016_signee-1\/","alt":"","author":"1","description":"","caption":"","name":"charte_vision_zero_24_03_2016_signee-1","status":"inherit","uploaded_to":1374,"date":"2019-07-16 14:40:03","modified":"2019-07-16 14:40:03","menu_order":0,"mime_type":"application\/pdf","type":"application","subtype":"pdf","icon":"https:\/\/visionzero.lu\/wp-includes\/images\/media\/document.png"}},{"title_file":"Flyer - VISION ZERO Strategy 2023 - 2030 (FR)","file":{"ID":21690,"id":21690,"title":"Strategie-VISION-ZERO-2023-2030-VF","filename":"Strategie-VISION-ZERO-2023-2030-VF.pdf","filesize":89176,"url":"https:\/\/visionzero.lu\/wp-content\/uploads\/2023\/09\/Strategie-VISION-ZERO-2023-2030-VF.pdf","link":"https:\/\/visionzero.lu\/en\/national-vision-zero-strategy\/strategie-vision-zero-2023-2030-vf\/","alt":"","author":"6","description":"","caption":"","name":"strategie-vision-zero-2023-2030-vf","status":"inherit","uploaded_to":1374,"date":"2023-09-22 06:31:44","modified":"2023-09-22 06:32:16","menu_order":0,"mime_type":"application\/pdf","type":"application","subtype":"pdf","icon":"https:\/\/visionzero.lu\/wp-includes\/images\/media\/document.png"}}]},"subject_block":{"title_subject_block":"","page":false},"new_layout":false,"grid_landscape":false,"grid_square":{"size_edition_label":false,"num_culomns":4,"small_edition":false,"side_edition_label":false,"big_edition_label":false,"edition_block":""},"grid_campagne":{"title":"","campagnes":null},"partners":{"title":"","type_partners":false},"partners_pick":{"title":"","type_partners":null},"editions":{"title":"","edition":false},"collapse_labels":false,"testimonial_gallery":false,"testimonial_media":{"title":"","media_testimonial":false},"title_gallery":"","gallery":false,"tab_content":{"tab_list":false},"image_text_block_2":{"image":false,"logo":false,"text_description":""}},{"type_content":"subjects_block","text_block":{"text_description":"","logo":false},"image_text_block":{"side_image":false,"text_description":"","image":false,"image_caption":""},"gallery_block":{"title_gallery":"","gallery":null},"images_grid_block":{"title":"","slider":false,"gallery":false,"gallery_de":false,"images_en":false,"button_text":"","button_link":"","zip_file":false,"zip_file_text":""},"documents_block":{"title_block_documents":"","file_document":false},"subject_block":{"title_subject_block":"Related topics","page":[{"image_page":{"ID":19822,"id":19822,"title":"Strat\u00e9gie VZ 2023 - 2030 - FR","filename":"Strategie-VZ-2023-2030-FR.png","filesize":108085,"url":"https:\/\/visionzero.lu\/wp-content\/uploads\/2023\/01\/Strategie-VZ-2023-2030-FR.png","link":"https:\/\/visionzero.lu\/en\/origin\/strategie-vz-2023-2030-fr\/","alt":"","author":"6","description":"","caption":"","name":"strategie-vz-2023-2030-fr","status":"inherit","uploaded_to":1412,"date":"2023-01-19 14:37:01","modified":"2023-01-19 14:39:19","menu_order":0,"mime_type":"image\/png","type":"image","subtype":"png","icon":"https:\/\/visionzero.lu\/wp-includes\/images\/media\/default.png","width":940,"height":788,"sizes":{"thumbnail":"https:\/\/visionzero.lu\/wp-content\/uploads\/2023\/01\/Strategie-VZ-2023-2030-FR-150x150.png","thumbnail-width":150,"thumbnail-height":150,"medium":"https:\/\/visionzero.lu\/wp-content\/uploads\/2023\/01\/Strategie-VZ-2023-2030-FR-300x251.png","medium-width":300,"medium-height":251,"medium_large":"https:\/\/visionzero.lu\/wp-content\/uploads\/2023\/01\/Strategie-VZ-2023-2030-FR-768x644.png","medium_large-width":640,"medium_large-height":537,"large":"https:\/\/visionzero.lu\/wp-content\/uploads\/2023\/01\/Strategie-VZ-2023-2030-FR.png","large-width":640,"large-height":537,"1536x1536":"https:\/\/visionzero.lu\/wp-content\/uploads\/2023\/01\/Strategie-VZ-2023-2030-FR.png","1536x1536-width":940,"1536x1536-height":788,"2048x2048":"https:\/\/visionzero.lu\/wp-content\/uploads\/2023\/01\/Strategie-VZ-2023-2030-FR.png","2048x2048-width":940,"2048x2048-height":788}},"title":"National strategy","type_file":"int","file":false,"url":"","page":"https:\/\/visionzero.lu\/en\/national-vision-zero-strategy\/","gallery":false,"mediatech_link":null},{"image_page":{"ID":3183,"id":3183,"title":"WCHS_2017-26-1024x649","filename":"WCHS_2017-26-1024x649.jpg","filesize":142439,"url":"https:\/\/visionzero.lu\/wp-content\/uploads\/2019\/08\/WCHS_2017-26-1024x649.jpg","link":"https:\/\/visionzero.lu\/en\/gallery\/xxi-world-congress-on-safety-health-at-work-2017\/wchs_2017-26-1024x649\/","alt":"","author":"1","description":"","caption":"","name":"wchs_2017-26-1024x649","status":"inherit","uploaded_to":3168,"date":"2019-08-08 10:41:11","modified":"2019-08-08 10:41:11","menu_order":0,"mime_type":"image\/jpeg","type":"image","subtype":"jpeg","icon":"https:\/\/visionzero.lu\/wp-includes\/images\/media\/default.png","width":1024,"height":649,"sizes":{"thumbnail":"https:\/\/visionzero.lu\/wp-content\/uploads\/2019\/08\/WCHS_2017-26-1024x649-150x150.jpg","thumbnail-width":150,"thumbnail-height":150,"medium":"https:\/\/visionzero.lu\/wp-content\/uploads\/2019\/08\/WCHS_2017-26-1024x649-300x190.jpg","medium-width":300,"medium-height":190,"medium_large":"https:\/\/visionzero.lu\/wp-content\/uploads\/2019\/08\/WCHS_2017-26-1024x649-768x487.jpg","medium_large-width":640,"medium_large-height":406,"large":"https:\/\/visionzero.lu\/wp-content\/uploads\/2019\/08\/WCHS_2017-26-1024x649-1024x649.jpg","large-width":640,"large-height":406,"1536x1536":"https:\/\/visionzero.lu\/wp-content\/uploads\/2019\/08\/WCHS_2017-26-1024x649.jpg","1536x1536-width":1024,"1536x1536-height":649,"2048x2048":"https:\/\/visionzero.lu\/wp-content\/uploads\/2019\/08\/WCHS_2017-26-1024x649.jpg","2048x2048-width":1024,"2048x2048-height":649}},"title":"World Congress on Safety & Health at work 2017","type_file":"gallery","file":false,"url":"","page":"https:\/\/visionzero.lu\/en\/forum-sst\/","gallery":{"ID":3168,"post_author":"1","post_date":"2019-08-08 12:41:44","post_date_gmt":"2019-08-08 10:41:44","post_content":"<p class=\"qtranxs-available-languages-message qtranxs-available-languages-message-en\"> <\/p>L\u2019AAA a pr\u00e9sent\u00e9 la strat\u00e9gie nationale VISION ZERO lors du <a href=\"https:\/\/www.safety2017singapore.com\/about-the-congress\/?lang=fr\" target=\"_blank\" rel=\"noopener noreferrer\">World Congress on Safety and Health at Work<\/a>. Lors du congr\u00e8s mondial, qui s\u2019est d\u00e9roul\u00e9 du 3 au 6 septembre 2017 \u00e0 Singapour, l\u2019International Social Security Association (issa) a \u00e9galement lanc\u00e9 la <a href=\"http:\/\/visionzero.global\/\" target=\"_blank\" rel=\"noopener noreferrer\">VISION ZERO GLOBAL<\/a>. D\u00e9couvrez les impressions d\u2019un congr\u00e8s riche en \u00e9changes en mati\u00e8re de s\u00e9curit\u00e9 et de sant\u00e9 au travail.","post_title":"XXI World Congress on Safety & Health at work 2017","post_excerpt":"","post_status":"publish","comment_status":"closed","ping_status":"closed","post_password":"","post_name":"xxi-world-congress-on-safety-health-at-work-2017","to_ping":"","pinged":"","post_modified":"2019-08-08 12:41:44","post_modified_gmt":"2019-08-08 10:41:44","post_content_filtered":"","post_parent":0,"guid":"https:\/\/visionzero.lu\/fr\/?post_type=gallery&#038;p=3168","menu_order":0,"post_type":"gallery","post_mime_type":"","comment_count":"0","filter":"raw","post_content_ml":"[:fr]L\u2019AAA a pr\u00e9sent\u00e9 la strat\u00e9gie nationale VISION ZERO lors du <a href=\"https:\/\/www.safety2017singapore.com\/about-the-congress\/?lang=fr\" target=\"_blank\" rel=\"noopener noreferrer\">World Congress on Safety and Health at Work<\/a>. Lors du congr\u00e8s mondial, qui s\u2019est d\u00e9roul\u00e9 du 3 au 6 septembre 2017 \u00e0 Singapour, l\u2019International Social Security Association (issa) a \u00e9galement lanc\u00e9 la <a href=\"http:\/\/visionzero.global\/\" target=\"_blank\" rel=\"noopener noreferrer\">VISION ZERO GLOBAL<\/a>. D\u00e9couvrez les impressions d\u2019un congr\u00e8s riche en \u00e9changes en mati\u00e8re de s\u00e9curit\u00e9 et de sant\u00e9 au travail.[:]","post_content_langs":{"fr":true},"post_title_ml":"[:fr]XXI World Congress on Safety & Health at work 2017[:]","post_title_langs":{"fr":true}},"mediatech_link":null}]},"new_layout":false,"grid_landscape":false,"grid_square":{"size_edition_label":false,"num_culomns":4,"small_edition":false,"side_edition_label":false,"big_edition_label":false,"edition_block":""},"grid_campagne":{"title":"","campagnes":null},"partners":{"title":"","type_partners":false},"partners_pick":{"title":"","type_partners":null},"editions":{"title":"","edition":false},"collapse_labels":false,"testimonial_gallery":false,"testimonial_media":{"title":"","media_testimonial":false},"title_gallery":"","gallery":false,"tab_content":{"tab_list":false},"image_text_block_2":{"image":false,"logo":false,"text_description":""}}],"has_subtitle":false,"has_logo_page":false,"size_content":"9","gray_line":false,"header_color":"blue"},"_links":{"self":[{"href":"https:\/\/visionzero.lu\/en\/wp-json\/wp\/v2\/pages\/1412","targetHints":{"allow":["GET"]}}],"collection":[{"href":"https:\/\/visionzero.lu\/en\/wp-json\/wp\/v2\/pages"}],"about":[{"href":"https:\/\/visionzero.lu\/en\/wp-json\/wp\/v2\/types\/page"}],"author":[{"embeddable":true,"href":"https:\/\/visionzero.lu\/en\/wp-json\/wp\/v2\/users\/1"}],"replies":[{"embeddable":true,"href":"https:\/\/visionzero.lu\/en\/wp-json\/wp\/v2\/comments?post=1412"}],"version-history":[{"count":5,"href":"https:\/\/visionzero.lu\/en\/wp-json\/wp\/v2\/pages\/1412\/revisions"}],"predecessor-version":[{"id":25781,"href":"https:\/\/visionzero.lu\/en\/wp-json\/wp\/v2\/pages\/1412\/revisions\/25781"}],"wp:attachment":[{"href":"https:\/\/visionzero.lu\/en\/wp-json\/wp\/v2\/media?parent=1412"}],"curies":[{"name":"wp","href":"https:\/\/api.w.org\/{rel}","templated":true}]}}