{"id":11897,"date":"2020-10-12T12:00:28","date_gmt":"2020-10-12T10:00:28","guid":{"rendered":"https:\/\/visionzero.lu\/fr\/?page_id=11897"},"modified":"2020-12-09T11:34:05","modified_gmt":"2020-12-09T10:34:05","slug":"ilqvt","status":"publish","type":"page","link":"https:\/\/visionzero.lu\/en\/prix-sst-2026\/laureats-2020\/ilqvt\/","title":{"rendered":"Institut Luxembourgeois de la Qualit\u00e9 de Vie au Travail (ILQVT)"},"content":{"rendered":"<p class=\"qtranxs-available-languages-message qtranxs-available-languages-message-en\"> <\/p><p>L\u2019Institut Luxembourgeois de la Qualit\u00e9 de Vie au Travail (ILQVT) est une initiative de co-cr\u00e9ation dans le domaine de la pr\u00e9vention et de la gestion des risques psychosociaux (RPS), mise en place gr\u00e2ce \u00e0 l\u2019expertise b\u00e9n\u00e9vole de l\u2019association de pr\u00e9vention et gestion du stress chronique (APGS) et de diff\u00e9rents experts de la pr\u00e9vention des RPS, des troubles musculo-squelettiques (TMS) ainsi que des risques professionnels. L\u2019ILQVT accompagne les entreprises priv\u00e9es et publiques dans leur \u00e9volution vers une organisation qui allie performance op\u00e9rationnelle et performance sociale \u00e0 travers du consulting, de la formation-action, des journ\u00e9es QVT\/Sant\u00e9 au travail et de workshops.<\/p>\n<p>Avec la mise en \u0153uvre du projet nomm\u00e9 \u00ab\u00a0<strong>Qualit\u00e9 de Vie au Travail\u00a0: tous acteurs\u00a0!<\/strong>\u00a0\u00bb, l\u2019ILQVT vise \u00e0 <strong>am\u00e9liorer la fa\u00e7on de travailler<\/strong> en liant le bien-\u00eatre des salari\u00e9s et la performance en entreprise. Le travail est au centre de cette d\u00e9marche. L\u2019accompagnement par l\u2019ILQVT permet de r\u00e9soudre les probl\u00e8mes les plus importants dans les entreprises, voire l\u2019absent\u00e9isme, la pr\u00e9vention des risques professionnels ainsi que les probl\u00e8mes de production. Gr\u00e2ce \u00e0 cette d\u00e9marche, les entreprises peuvent <strong>monter en comp\u00e9tence<\/strong> pour que <strong>chacun<\/strong>, dirigeant, manager, agent, collaborateur et op\u00e9rateur, <strong>soit force de proposition<\/strong> et participe ainsi \u00e0 une am\u00e9lioration du travail. Cela permet \u00e0 chacun de trouver <strong>plus de sens \u00e0 son travail<\/strong> et de <strong>s\u2019engager pour son entreprise<\/strong>. Les entreprises vont acqu\u00e9rir une nouvelle comp\u00e9tence collective qui va leur permettre de devenir <strong>autonome dans leur processus d&#8217;am\u00e9lioration continue<\/strong> de qualit\u00e9 de vie au travail et de performance.<\/p>","protected":false},"excerpt":{"rendered":"<p>L\u2019Institut Luxembourgeois de la Qualit\u00e9 de Vie au Travail (ILQVT) est une initiative de co-cr\u00e9ation dans le domaine de la pr\u00e9vention et de la gestion des risques psychosociaux (RPS), mise en place gr\u00e2ce \u00e0 l\u2019expertise b\u00e9n\u00e9vole de l\u2019association de pr\u00e9vention et gestion du stress chronique (APGS) et de diff\u00e9rents experts de la pr\u00e9vention des RPS, [&hellip;]<\/p>\n","protected":false},"author":2,"featured_media":0,"parent":1940,"menu_order":2,"comment_status":"closed","ping_status":"closed","template":"template-laureats.php","meta":{"_acf_changed":false,"footnotes":""},"class_list":["post-11897","page","type-page","status-publish","hentry"],"acf":{"subtitle":"Qualit\u00e9 de Vie au Travail : tous acteurs !","second_description":"","width":"6","actual_inscriptions":"26"},"_links":{"self":[{"href":"https:\/\/visionzero.lu\/en\/wp-json\/wp\/v2\/pages\/11897","targetHints":{"allow":["GET"]}}],"collection":[{"href":"https:\/\/visionzero.lu\/en\/wp-json\/wp\/v2\/pages"}],"about":[{"href":"https:\/\/visionzero.lu\/en\/wp-json\/wp\/v2\/types\/page"}],"author":[{"embeddable":true,"href":"https:\/\/visionzero.lu\/en\/wp-json\/wp\/v2\/users\/2"}],"replies":[{"embeddable":true,"href":"https:\/\/visionzero.lu\/en\/wp-json\/wp\/v2\/comments?post=11897"}],"version-history":[{"count":0,"href":"https:\/\/visionzero.lu\/en\/wp-json\/wp\/v2\/pages\/11897\/revisions"}],"up":[{"embeddable":true,"href":"https:\/\/visionzero.lu\/en\/wp-json\/wp\/v2\/pages\/1940"}],"wp:attachment":[{"href":"https:\/\/visionzero.lu\/en\/wp-json\/wp\/v2\/media?parent=11897"}],"curies":[{"name":"wp","href":"https:\/\/api.w.org\/{rel}","templated":true}]}}