{"id":11892,"date":"2020-10-05T15:00:01","date_gmt":"2020-10-05T13:00:01","guid":{"rendered":"https:\/\/visionzero.lu\/fr\/prix-sst\/laureats-2020\/kinaesthetics-dans-le-secteur-hospitalier-2\/"},"modified":"2020-12-09T11:34:01","modified_gmt":"2020-12-09T10:34:01","slug":"kinaesthetics-dans-le-secteur-hospitalier-2","status":"publish","type":"page","link":"https:\/\/visionzero.lu\/en\/prix-sst-2026\/laureats-2020\/husky\/","title":{"rendered":"HUSKY Injection Molding Systems S.A."},"content":{"rendered":"<p>HUSKY Injection Molding Systems Ltd. is the world&#8217;s largest supplier of industrial solutions and employs almost 1,000 people at its site in Dudelange. The company designs and manufactures a wide range of injection moulding machines, hot runners, robots, moulds and integrated systems that are used to manufacture a wide range of plastic products.<\/p>\n<p>In January 2019, as part of its \u201cTargetZERO\u201d program, HUSKY Luxembourg implemented a safety incentive program called &#8220;<strong>EHS incentive program<\/strong>&#8221; to improve working conditions at the site. Teams participating in this program can <strong>gain or lose points<\/strong> monthly according to <strong>criteria in 4 categories<\/strong>: \u201cSafe Work\u201d, \u201cProactivity\u201d, \u201cLeadership\u201d and \u201cCommitment\u201d. At the end of the year, the 3 teams which scored the most points are rewarded. The aim of this program is to make the involved parties at every level of the hierarchy aware that <strong>everyone must play an \u201cactive\u201d role in prevention<\/strong>.<\/p>","protected":false},"excerpt":{"rendered":"<p>HUSKY Injection Molding Systems Ltd. is the world&#8217;s largest supplier of industrial solutions and employs almost 1,000 people at its site in Dudelange. The company designs and manufactures a wide range of injection moulding machines, hot runners, robots, moulds and integrated systems that are used to manufacture a wide range of plastic products. In January [&hellip;]<\/p>\n","protected":false},"author":2,"featured_media":0,"parent":1940,"menu_order":3,"comment_status":"closed","ping_status":"closed","template":"template-laureats.php","meta":{"_acf_changed":false,"footnotes":""},"class_list":["post-11892","page","type-page","status-publish","hentry"],"acf":{"subtitle":"Programme d\u2019encouragement \u00e0 la s\u00e9curit\u00e9","second_description":"","width":"6","actual_inscriptions":"18"},"_links":{"self":[{"href":"https:\/\/visionzero.lu\/en\/wp-json\/wp\/v2\/pages\/11892","targetHints":{"allow":["GET"]}}],"collection":[{"href":"https:\/\/visionzero.lu\/en\/wp-json\/wp\/v2\/pages"}],"about":[{"href":"https:\/\/visionzero.lu\/en\/wp-json\/wp\/v2\/types\/page"}],"author":[{"embeddable":true,"href":"https:\/\/visionzero.lu\/en\/wp-json\/wp\/v2\/users\/2"}],"replies":[{"embeddable":true,"href":"https:\/\/visionzero.lu\/en\/wp-json\/wp\/v2\/comments?post=11892"}],"version-history":[{"count":0,"href":"https:\/\/visionzero.lu\/en\/wp-json\/wp\/v2\/pages\/11892\/revisions"}],"up":[{"embeddable":true,"href":"https:\/\/visionzero.lu\/en\/wp-json\/wp\/v2\/pages\/1940"}],"wp:attachment":[{"href":"https:\/\/visionzero.lu\/en\/wp-json\/wp\/v2\/media?parent=11892"}],"curies":[{"name":"wp","href":"https:\/\/api.w.org\/{rel}","templated":true}]}}