{"id":496,"date":"2019-06-19T11:30:35","date_gmt":"2019-06-19T09:30:35","guid":{"rendered":"https:\/\/visionzero.lu\/?page_id=496"},"modified":"2019-10-25T11:20:11","modified_gmt":"2019-10-25T09:20:11","slug":"bonnes-pratiques-2","status":"publish","type":"page","link":"https:\/\/visionzero.lu\/de\/beste-praktiken\/beispiele\/","title":{"rendered":"Beste Praktiken"},"content":{"rendered":"<p><\/p>\n<h2>Beste Praktiken der Unternehmen<\/h2>\n<p>Sie finden nachfolgend beste Praktiken von luxemburgischen Unternehmen aus dem Bereich Sicherheit und Gesundheit am Arbeitsplatz. Mithilfe der Suchmaske und der verschiedenen Filter k\u00f6nnen Sie Ihre Suche verfeinern um die gew\u00fcnschten Praktiken anzusehen.<\/p>\n<p>Luxemburgische Unternehmen, die ihre besten Praktiken teilen m\u00f6chten, gehen bitte zur <a href=\"https:\/\/visionzero.lu\/de\/beste-praktiken\/ablauf\/\">Seite Ablauf<\/a> wo die Annahmekriterien und die praktischen Modalit\u00e4ten aufgelistet sind.<\/p>","protected":false},"excerpt":{"rendered":"<p>Beste Praktiken der Unternehmen Sie finden nachfolgend beste Praktiken von luxemburgischen Unternehmen aus dem Bereich Sicherheit und Gesundheit am Arbeitsplatz. Mithilfe der Suchmaske und der verschiedenen Filter k\u00f6nnen Sie Ihre Suche verfeinern um die gew\u00fcnschten Praktiken anzusehen. Luxemburgische Unternehmen, die ihre besten Praktiken teilen m\u00f6chten, gehen bitte zur Seite Ablauf wo die Annahmekriterien und die [&hellip;]<\/p>\n","protected":false},"author":1,"featured_media":468,"parent":1139,"menu_order":2,"comment_status":"closed","ping_status":"closed","template":"template-bonne-pratique.php","meta":{"_acf_changed":false,"footnotes":""},"class_list":["post-496","page","type-page","status-publish","has-post-thumbnail","hentry"],"acf":{"has_description":false,"subtitle":"Bonnes pratiques des entreprises","has_footer":false,"footer":""},"_links":{"self":[{"href":"https:\/\/visionzero.lu\/de\/wp-json\/wp\/v2\/pages\/496","targetHints":{"allow":["GET"]}}],"collection":[{"href":"https:\/\/visionzero.lu\/de\/wp-json\/wp\/v2\/pages"}],"about":[{"href":"https:\/\/visionzero.lu\/de\/wp-json\/wp\/v2\/types\/page"}],"author":[{"embeddable":true,"href":"https:\/\/visionzero.lu\/de\/wp-json\/wp\/v2\/users\/1"}],"replies":[{"embeddable":true,"href":"https:\/\/visionzero.lu\/de\/wp-json\/wp\/v2\/comments?post=496"}],"version-history":[{"count":0,"href":"https:\/\/visionzero.lu\/de\/wp-json\/wp\/v2\/pages\/496\/revisions"}],"up":[{"embeddable":true,"href":"https:\/\/visionzero.lu\/de\/wp-json\/wp\/v2\/pages\/1139"}],"wp:featuredmedia":[{"embeddable":true,"href":"https:\/\/visionzero.lu\/de\/wp-json\/wp\/v2\/media\/468"}],"wp:attachment":[{"href":"https:\/\/visionzero.lu\/de\/wp-json\/wp\/v2\/media?parent=496"}],"curies":[{"name":"wp","href":"https:\/\/api.w.org\/{rel}","templated":true}]}}