{"id":456,"date":"2019-06-19T10:12:22","date_gmt":"2019-06-19T08:12:54","guid":{"rendered":"https:\/\/visionzero.lu\/?page_id=456"},"modified":"2019-09-12T17:12:45","modified_gmt":"2019-09-12T15:12:45","slug":"demarche","status":"publish","type":"page","link":"https:\/\/visionzero.lu\/de\/beste-praktiken\/ablauf\/","title":{"rendered":"Beste Praktiken"},"content":{"rendered":"<p><\/p>\n<h2>Ablauf zur Ver\u00f6ffentlichung bester Praktiken<\/h2>\n<p>Unternehmen, die ihre besten Praktiken teilen m\u00f6chten, finden nachfolgend die Annahmekriterien und die praktischen Modalit\u00e4ten.<\/p>\n<p><u>Annahmekriterien (betreffend das Unternehmen):<\/u><\/p>\n<ul>\n<li>Luxemburgisches Unternehmen<\/li>\n<li>Unternehmen (mindestens eine der folgenden Bedingungen muss erf\u00fcllt sein)\n<ul>\n<li>Mitglied VISION ZERO<\/li>\n<li>Unternehmen zertifiziert mit dem\u00a0Label \u201eS\u00e9cher &amp; Gesond mat System\u201c\u00a0der AAA<\/li>\n<li>Unternehmen zertifiziert mit dem\u00a0Label \u201eESR-ENTREPRISE RESPONSABLE\u201c\u00a0des INDR<\/li>\n<li>Managementsystem f\u00fcr die Sicherheit und Gesundheit am Arbeitsplatz\u00a0(z. B.: ISO 45001, OHSAS 18001, MASE, VCA)<\/li>\n<li>Preistr\u00e4ger Arbeits- und Gesundheitsschutzpreis (fr\u00fcher Pr\u00e4ventionspreis)<\/li>\n<\/ul>\n<\/li>\n<\/ul>\n<p><u>Annahmekriterien (betreffend die besten Praktiken):<\/u><\/p>\n<ul>\n<li>Es muss sich um konkrete Beispiele bester Praktiken handeln, die durch die Zusammenarbeit von Firmenleitung und Mitarbeitern die Sicherheit und Gesundheit am Arbeitsplatz f\u00f6rdern.<\/li>\n<li>Die besten Praktiken m\u00fcssen \u00fcber den rechtlichen Rahmen der Sicherheit und Gesundheit am Arbeitsplatz hinausgehen.<\/li>\n<li>Die Unterlagen m\u00fcssen die Zielsetzung, die Beschreibung und die Wirkung der im Unternehmen umgesetzten besten Praxis enthalten.<\/li>\n<\/ul>\n<p><u>Parktische Modalit\u00e4ten:<\/u><\/p>\n<ul>\n<li>Ein Unternehmen kann mehrere beste Praktiken \u00fcber <a href=\"https:\/\/visionzero.lu\/de\/best-practices\/partage\/\">dieses Formular<\/a> einsenden. Jedoch kann immer nur eine beste Praxis pro Anfrage eingesandt werden.<\/li>\n<li>Pro Anfrage k\u00f6nnen mehrere Dateien eingesandt werden (z. B. Office-Dokumente, Videos, Audio-Dateien\u00a0\u2026). Das Unternehmen kann ein Foto beilegen, das als Titelbild in der Rubrik Beste Praktiken verwendet werden kann.<\/li>\n<li>Nach dem Versand Ihrer Anfrage erhalten Sie per E-Mail eine Kopie Ihrer Anfrage.<\/li>\n<li>Nach der Durchsicht Ihrer Unterlagen setzen wir uns mit Ihnen in Verbindung, um Ihnen mitzuteilen, ob Ihre besten Praktiken auf der Internetseite der VISION ZERO ver\u00f6ffentlicht werden.<\/li>\n<\/ul>\n<p><\/p>","protected":false},"excerpt":{"rendered":"<p>Ablauf zur Ver\u00f6ffentlichung bester Praktiken Unternehmen, die ihre besten Praktiken teilen m\u00f6chten, finden nachfolgend die Annahmekriterien und die praktischen Modalit\u00e4ten. Annahmekriterien (betreffend das Unternehmen): Luxemburgisches Unternehmen Unternehmen (mindestens eine der folgenden Bedingungen muss erf\u00fcllt sein) Mitglied VISION ZERO Unternehmen zertifiziert mit dem\u00a0Label \u201eS\u00e9cher &amp; Gesond mat System\u201c\u00a0der AAA Unternehmen zertifiziert mit dem\u00a0Label \u201eESR-ENTREPRISE RESPONSABLE\u201c\u00a0des INDR [&hellip;]<\/p>\n","protected":false},"author":1,"featured_media":0,"parent":1139,"menu_order":3,"comment_status":"closed","ping_status":"closed","template":"","meta":{"_acf_changed":false,"footnotes":""},"class_list":["post-456","page","type-page","status-publish","hentry"],"acf":{"subtitle":"Ablauf zur Ver\u00f6ffentlichung","content":false,"has_subtitle":false,"pages":false,"gray_line":true,"has_logo_page":true,"size_content":"9","logo_page":"https:\/\/visionzero.lu\/wp-content\/uploads\/2019\/06\/Vison_Zero_logo_Outil_Q.png"},"_links":{"self":[{"href":"https:\/\/visionzero.lu\/de\/wp-json\/wp\/v2\/pages\/456","targetHints":{"allow":["GET"]}}],"collection":[{"href":"https:\/\/visionzero.lu\/de\/wp-json\/wp\/v2\/pages"}],"about":[{"href":"https:\/\/visionzero.lu\/de\/wp-json\/wp\/v2\/types\/page"}],"author":[{"embeddable":true,"href":"https:\/\/visionzero.lu\/de\/wp-json\/wp\/v2\/users\/1"}],"replies":[{"embeddable":true,"href":"https:\/\/visionzero.lu\/de\/wp-json\/wp\/v2\/comments?post=456"}],"version-history":[{"count":0,"href":"https:\/\/visionzero.lu\/de\/wp-json\/wp\/v2\/pages\/456\/revisions"}],"up":[{"embeddable":true,"href":"https:\/\/visionzero.lu\/de\/wp-json\/wp\/v2\/pages\/1139"}],"wp:attachment":[{"href":"https:\/\/visionzero.lu\/de\/wp-json\/wp\/v2\/media?parent=456"}],"curies":[{"name":"wp","href":"https:\/\/api.w.org\/{rel}","templated":true}]}}