{"id":409,"date":"2019-06-18T13:46:05","date_gmt":"2019-06-18T11:46:05","guid":{"rendered":"https:\/\/visionzero.lu\/?page_id=409"},"modified":"2025-05-27T09:35:03","modified_gmt":"2025-05-27T07:35:03","slug":"campagne-trajet","status":"publish","type":"page","link":"https:\/\/visionzero.lu\/de\/arbeitsweg-kampagne-2\/","title":{"rendered":"Kampagne Sicherer Arbeitsweg"},"content":{"rendered":"<p>Die Initiatoren von VISION ZERO setzen sich f\u00fcr Sicherheit und Gesundheit am Arbeitsplatz ein, auch im Stra\u00dfenverkehr. Die AAA hat sich ebenfalls der Europ\u00e4ischen Charta der Stra\u00dfenverkehrssicherheit angeschlossen.<\/p>\n<p>Die Kampagne Sicherer Arbeitsweg <strong>\u201eTRAJET, s\u00e9curisons-le!\u201c<\/strong> ist in\u00a012\u00a0Module\u00a0unterteilt, die verschiedene Themen aufgreifen, die in den Unternehmen sinnvoll verbreitet werden k\u00f6nnen, beispielsweise in Form eines Moduls pro Quartal oder in einem anderen, vom Unternehmen gew\u00e4hlten Rhythmus. Die Kampagne dient dazu, die Arbeitnehmer zu informieren und zu sensibilisieren, damit diese im Stra\u00dfenverkehr ein verantwortungsbewusstes Verhalten an den Tag legen und so dazu beitragen, die Verluste an Menschenleben auf den Stra\u00dfen zu verringern.<\/p>","protected":false},"excerpt":{"rendered":"<p>Die Initiatoren von VISION ZERO setzen sich f\u00fcr Sicherheit und Gesundheit am Arbeitsplatz ein, auch im Stra\u00dfenverkehr. Die AAA hat sich ebenfalls der Europ\u00e4ischen Charta der Stra\u00dfenverkehrssicherheit angeschlossen. Die Kampagne Sicherer Arbeitsweg \u201eTRAJET, s\u00e9curisons-le!\u201c ist in\u00a012\u00a0Module\u00a0unterteilt, die verschiedene Themen aufgreifen, die in den Unternehmen sinnvoll verbreitet werden k\u00f6nnen, beispielsweise in Form eines Moduls pro Quartal [&hellip;]<\/p>\n","protected":false},"author":1,"featured_media":427,"parent":0,"menu_order":46,"comment_status":"closed","ping_status":"closed","template":"template-campagne.php","meta":{"_acf_changed":false,"footnotes":""},"class_list":["post-409","page","type-page","status-publish","has-post-thumbnail","hentry"],"acf":{"content":false,"testimonials_links":[{"type_link":"youtube","text_link":"Cindy ist Opfer eines Wegeunfalls. Entdecken Sie Ihren Testimonial","link":null,"url":"https:\/\/www.youtube.com\/watch?v=XQVj34XQ_xo"}],"disclaimer":"<p>Diese unter dem Logo \u201eTRAJET, s\u00e9curisons-le!\u201c vereinten Kampagnen dienen dem Ziel einer nachhaltigen Entwicklung, das von den Arbeitgeberverb\u00e4nden verfolgt wird und sich in einer von der UEL am 31. Oktober verabschiedeten\u00a0<a href=\"http:\/\/uel.lu\/images\/stories\/Documents_public\/Charte.pdf\">Charta<\/a>\u00a0niederschl\u00e4gt. Die UEL geh\u00f6rt auch zu den Unterzeichnern der\u00a0<a href=\"http:\/\/www.erscharter.eu\/node_de\">Europ\u00e4ischen Charta f\u00fcr Stra\u00dfenverkehrssicherheit<\/a>. Die folgenden Partner waren aktiv an der Entwicklung der Inhalte f\u00fcr die Kampagne 2012 beteiligt:<\/p>\n","footer_links":[{"link":{"title":"Association d\u2019assurance accident","url":"https:\/\/aaa.public.lu","target":"_blank"}},{"link":{"title":"ArcelorMittal","url":"https:\/\/luxembourg.arcelormittal.com\/","target":"_blank"}},{"link":{"title":"Association pour la Sant\u00e9 au travail des secteurs Tertiaire et Financier","url":"https:\/\/www.astf.lu\/","target":"_blank"}},{"link":{"title":"AXA Assurances Luxembourg","url":"https:\/\/www.axa.lu\/","target":"_blank"}},{"link":{"title":"Chambre des salari\u00e9s","url":"https:\/\/www.csl.lu\/","target":"_blank"}},{"link":{"title":"Centre de Formation pour Conducteurs","url":"http:\/\/www.cfc.lu\/","target":"_blank"}},{"link":{"title":"DuPont de Nemours","url":"http:\/\/www.dupont.com\/","target":"_blank"}},{"link":{"title":"Inspection du travail et des Mines","url":"https:\/\/itm.public.lu\/fr.html","target":"_blank"}},{"link":{"title":"La S\u00e9curit\u00e9 Routi\u00e8re","url":"http:\/\/www.securite-routiere.lu","target":"_blank"}},{"link":{"title":"Minist\u00e8re de la Mobilit\u00e9 et des Travaux publiques ","url":"https:\/\/mmtp.gouvernement.lu\/fr.html","target":"_blank"}},{"link":{"title":"Service de Sant\u00e9 au Travail multisectoriel","url":"https:\/\/www.stm.lu\/","target":"_blank"}},{"link":{"title":"Union des Entreprises Luxembourgeoises","url":"https:\/\/www.uel.lu\/fr\/","target":"_blank"}}],"header_color":"green","campagne_category":[183]},"_links":{"self":[{"href":"https:\/\/visionzero.lu\/de\/wp-json\/wp\/v2\/pages\/409","targetHints":{"allow":["GET"]}}],"collection":[{"href":"https:\/\/visionzero.lu\/de\/wp-json\/wp\/v2\/pages"}],"about":[{"href":"https:\/\/visionzero.lu\/de\/wp-json\/wp\/v2\/types\/page"}],"author":[{"embeddable":true,"href":"https:\/\/visionzero.lu\/de\/wp-json\/wp\/v2\/users\/1"}],"replies":[{"embeddable":true,"href":"https:\/\/visionzero.lu\/de\/wp-json\/wp\/v2\/comments?post=409"}],"version-history":[{"count":11,"href":"https:\/\/visionzero.lu\/de\/wp-json\/wp\/v2\/pages\/409\/revisions"}],"predecessor-version":[{"id":26224,"href":"https:\/\/visionzero.lu\/de\/wp-json\/wp\/v2\/pages\/409\/revisions\/26224"}],"wp:featuredmedia":[{"embeddable":true,"href":"https:\/\/visionzero.lu\/de\/wp-json\/wp\/v2\/media\/427"}],"wp:attachment":[{"href":"https:\/\/visionzero.lu\/de\/wp-json\/wp\/v2\/media?parent=409"}],"curies":[{"name":"wp","href":"https:\/\/api.w.org\/{rel}","templated":true}]}}