{"id":372,"date":"2019-06-17T17:24:22","date_gmt":"2019-06-17T15:24:22","guid":{"rendered":"https:\/\/visionzero.lu\/?page_id=372"},"modified":"2026-02-25T12:07:21","modified_gmt":"2026-02-25T11:07:21","slug":"adhesion-a-la-vision-zero","status":"publish","type":"page","link":"https:\/\/visionzero.lu\/de\/vision-zero-beitreten\/","title":{"rendered":"VISION ZERO Beitritt"},"content":{"rendered":"<p>Der Beitritt von Unternehmen und institutionellen Partnern zu VISION ZERO ist eine freiwillige Verpflichtung, um die Anzahl und Schwere von Arbeitsunf\u00e4llen, Wegeunf\u00e4llen und Berufskrankheiten zu reduzieren.<\/p>\n<p>Die Mitgliedschaft bei VISION ZERO ist Unternehmen und institutionellen Partnern vorbehalten, die in Luxemburg ans\u00e4ssig sind.<\/p>\n<p><a href=\"https:\/\/visionzero.lu\/fr\/actuality\/nouveautes-pour-les-adherents-de-la-premiere-phase-2016-2022-de-la-vision-zero\/\" target=\"_blank\" rel=\"noopener\">Entdecken Sie die Neuerungen f\u00fcr Mitglieder in der ersten Phase (2016 &#8211; 2022) der VISION ZERO<\/a><\/p>\n<h4 data-start=\"478\" data-end=\"507\">Neues VISION ZERO-Logo<\/h4>\n<p data-start=\"509\" data-end=\"639\">Mitglieder d\u00fcrfen ab sofort das neue <strong data-start=\"546\" data-end=\"578\">Gemeinsam F\u00fcr &#8211;<\/strong> <strong data-start=\"546\" data-end=\"578\">VISION ZERO\u00a0 <\/strong>Logo f\u00fcr ihre interne und externe Kommunikation verwenden.<\/p>\n<p data-start=\"641\" data-end=\"694\">Das Logo wird Ihnen in K\u00fcrze per E-Mail zugesendet.<\/p>\n<p data-start=\"696\" data-end=\"784\">Bei dringenden Anfragen wenden Sie sich bitte an die <strong data-start=\"749\" data-end=\"781\">Kommunikationsabteillung der AAA<\/strong>:<\/p>\n<p data-start=\"696\" data-end=\"784\"><a href=\"mailto:communication.aaa@secu.lu\">communication.aaa@secu.lu<\/a><\/p>\n<p><\/p>","protected":false},"excerpt":{"rendered":"<p>Der Beitritt von Unternehmen und institutionellen Partnern zu VISION ZERO ist eine freiwillige Verpflichtung, um die Anzahl und Schwere von Arbeitsunf\u00e4llen, Wegeunf\u00e4llen und Berufskrankheiten zu reduzieren. Die Mitgliedschaft bei VISION ZERO ist Unternehmen und institutionellen Partnern vorbehalten, die in Luxemburg ans\u00e4ssig sind. Entdecken Sie die Neuerungen f\u00fcr Mitglieder in der ersten Phase (2016 &#8211; 2022) [&hellip;]<\/p>\n","protected":false},"author":1,"featured_media":19,"parent":0,"menu_order":28,"comment_status":"closed","ping_status":"closed","template":"","meta":{"_acf_changed":false,"footnotes":""},"class_list":["post-372","page","type-page","status-publish","has-post-thumbnail","hentry"],"acf":{"has_subtitle":false,"pages":[{"page":"https:\/\/visionzero.lu\/de\/vision-zero-beitreten\/prozedur\/","icon":"https:\/\/visionzero.lu\/wp-content\/uploads\/2019\/06\/Groupe-49@2x.png","title":"Prozedur","external_page":false,"url":""},{"page":"https:\/\/visionzero.lu\/de\/vision-zero-beitreten\/vorteile\/","icon":"https:\/\/visionzero.lu\/wp-content\/uploads\/2019\/06\/Groupe-67.png","title":"Vorteile des Beitritts","external_page":false,"url":""},{"page":"https:\/\/visionzero.lu\/de\/vision-zero-beitreten\/registrieren\/","icon":"https:\/\/visionzero.lu\/wp-content\/uploads\/2019\/07\/inscription-01.png","title":"Registrieren","external_page":false,"url":""}],"subtitle":"VISION ZERO Beitritt","gray_line":true,"has_logo_page":true,"logo_page":false,"size_content":"9","content":[{"type_content":"grid_landscape","text_block":{"text_description":"","logo":false},"image_text_block":{"side_image":false,"text_description":"","image":false,"image_caption":""},"gallery_block":{"title_gallery":"","gallery":null},"images_grid_block":{"title":"","slider":false,"gallery":false,"gallery_de":false,"images_en":false,"button_text":"","button_link":"","zip_file":false,"zip_file_text":""},"documents_block":{"title_block_documents":"","file_document":false},"subject_block":{"title_subject_block":"","page":false},"new_layout":false,"grid_landscape":[{"external_page":false,"mediatheque":false,"title":"Prozedur","page":"https:\/\/visionzero.lu\/de\/vision-zero-beitreten\/prozedur\/","url":"","mediaurl":"https:\/\/visionzero.lu\/en\/media-library\/?typeFile=videos","icon":"https:\/\/visionzero.lu\/wp-content\/uploads\/2019\/06\/Groupe-49@2x-1.png"},{"external_page":false,"mediatheque":false,"title":"Registrieren","page":"https:\/\/visionzero.lu\/de\/vision-zero-beitreten\/registrieren\/","url":"","mediaurl":"https:\/\/visionzero.lu\/en\/media-library\/?typeFile=videos","icon":"https:\/\/visionzero.lu\/wp-content\/uploads\/2019\/07\/inscription-01.png"},{"external_page":false,"mediatheque":false,"title":"Liste der VISION ZERO Mitglieder","page":"https:\/\/visionzero.lu\/de\/liste-der-mitglieder\/","url":"","mediaurl":"https:\/\/visionzero.lu\/en\/media-library\/?typeFile=videos","icon":"https:\/\/visionzero.lu\/wp-content\/uploads\/2019\/07\/Groupe-37.png"}],"grid_square":{"size_edition_label":false,"num_culomns":4,"small_edition":false,"side_edition_label":false,"big_edition_label":false,"edition_block":""},"grid_campagne":{"title":"","campagnes":null},"partners":{"title":"","type_partners":false},"partners_pick":{"title":"","type_partners":null},"editions":{"title":"","edition":false},"collapse_labels":false,"testimonial_gallery":false,"testimonial_media":{"title":"","media_testimonial":false},"title_gallery":"","gallery":false,"tab_content":{"tab_list":false},"image_text_block_2":{"image":false,"logo":false,"text_description":""}},{"type_content":"text_block","text_block":{"text_description":"<h3 class=\"lateralGrayline\">Vorteile des Beitritts f\u00fcr Ihr Unternehmen<\/h3>\n<div class=\"col-md-9 px-0 wysiwyg\">\n<p>Die Mitgliedschaft bei der VISION ZERO ist eine freiwillige Beteiligung, um die Anzahl und Schwere von Arbeitsunf\u00e4llen, Wegeunf\u00e4llen und Berufskrankheiten zu verringern. Die Vorteile sind vielf\u00e4ltig:<\/p>\n<ul>\n<li>Weniger Arbeitsunf\u00e4lle, Wegeunf\u00e4lle und Berufskrankheiten<\/li>\n<li>Schutz der Besch\u00e4ftigten und Steigerung der Motivation jedes Einzelnen<\/li>\n<li>Verbesserung der Produktivit\u00e4t<\/li>\n<li>Beitrag zu einem positiven Unternehmensimage<\/li>\n<li>Aktive Beteiligung am Erfolg der nationalen VISION ZERO-Strategie<\/li>\n<li>Bereitstellung der spezifischen VISION ZERO-Logos<\/li>\n<\/ul>\n<\/div>\n","logo":false},"image_text_block":{"side_image":false,"text_description":"","image":false,"image_caption":""},"gallery_block":{"title_gallery":"","gallery":null},"images_grid_block":{"title":"","slider":false,"gallery":false,"gallery_de":false,"images_en":false,"button_text":"","button_link":"","zip_file":false,"zip_file_text":""},"documents_block":{"title_block_documents":"","file_document":false},"subject_block":{"title_subject_block":"","page":false},"new_layout":false,"grid_landscape":false,"grid_square":{"size_edition_label":false,"num_culomns":4,"small_edition":false,"side_edition_label":false,"big_edition_label":false,"edition_block":""},"grid_campagne":{"title":"","campagnes":null},"partners":{"title":"","type_partners":false},"partners_pick":{"title":"","type_partners":null},"editions":{"title":"","edition":false},"collapse_labels":false,"testimonial_gallery":false,"testimonial_media":{"title":"","media_testimonial":false},"title_gallery":"","gallery":false,"tab_content":{"tab_list":false},"image_text_block_2":{"image":false,"logo":false,"text_description":""}}],"header_color":"blue"},"_links":{"self":[{"href":"https:\/\/visionzero.lu\/de\/wp-json\/wp\/v2\/pages\/372","targetHints":{"allow":["GET"]}}],"collection":[{"href":"https:\/\/visionzero.lu\/de\/wp-json\/wp\/v2\/pages"}],"about":[{"href":"https:\/\/visionzero.lu\/de\/wp-json\/wp\/v2\/types\/page"}],"author":[{"embeddable":true,"href":"https:\/\/visionzero.lu\/de\/wp-json\/wp\/v2\/users\/1"}],"replies":[{"embeddable":true,"href":"https:\/\/visionzero.lu\/de\/wp-json\/wp\/v2\/comments?post=372"}],"version-history":[{"count":2,"href":"https:\/\/visionzero.lu\/de\/wp-json\/wp\/v2\/pages\/372\/revisions"}],"predecessor-version":[{"id":26876,"href":"https:\/\/visionzero.lu\/de\/wp-json\/wp\/v2\/pages\/372\/revisions\/26876"}],"wp:featuredmedia":[{"embeddable":true,"href":"https:\/\/visionzero.lu\/de\/wp-json\/wp\/v2\/media\/19"}],"wp:attachment":[{"href":"https:\/\/visionzero.lu\/de\/wp-json\/wp\/v2\/media?parent=372"}],"curies":[{"name":"wp","href":"https:\/\/api.w.org\/{rel}","templated":true}]}}