{"id":364,"date":"2019-06-17T17:08:28","date_gmt":"2019-06-17T15:08:28","guid":{"rendered":"https:\/\/visionzero.lu\/?page_id=364"},"modified":"2023-01-26T15:26:56","modified_gmt":"2023-01-26T14:26:56","slug":"avantages-de-ladhesion","status":"publish","type":"page","link":"https:\/\/visionzero.lu\/de\/vision-zero-beitreten\/vorteile\/","title":{"rendered":"VISION ZERO Beitritt"},"content":{"rendered":"<p>Die Mitgliedschaft bei der VISION ZERO ist eine freiwillige Beteiligung, um die Anzahl und Schwere von Arbeitsunf\u00e4llen, Wegeunf\u00e4llen und Berufskrankheiten zu verringern. Die Vorteile sind vielf\u00e4ltig:<\/p>\n<ul>\n<li>Weniger Arbeitsunf\u00e4lle, Wegeunf\u00e4lle und Berufskrankheiten<\/li>\n<li>Schutz der Besch\u00e4ftigten und Steigerung der Motivation jedes Einzelnen<\/li>\n<li>Verbesserung der Produktivit\u00e4t<\/li>\n<li>Beitrag zu einem positiven Unternehmensimage<\/li>\n<li>Aktive Beteiligung am Erfolg der nationalen VISION ZERO-Strategie<\/li>\n<li>Bereitstellung der spezifischen VISION ZERO-Logos<\/li>\n<\/ul>\n<p><\/p>","protected":false},"excerpt":{"rendered":"<p>Die Mitgliedschaft bei der VISION ZERO ist eine freiwillige Beteiligung, um die Anzahl und Schwere von Arbeitsunf\u00e4llen, Wegeunf\u00e4llen und Berufskrankheiten zu verringern. Die Vorteile sind vielf\u00e4ltig: Weniger Arbeitsunf\u00e4lle, Wegeunf\u00e4lle und Berufskrankheiten Schutz der Besch\u00e4ftigten und Steigerung der Motivation jedes Einzelnen Verbesserung der Produktivit\u00e4t Beitrag zu einem positiven Unternehmensimage Aktive Beteiligung am Erfolg der nationalen VISION [&hellip;]<\/p>\n","protected":false},"author":1,"featured_media":0,"parent":372,"menu_order":1,"comment_status":"closed","ping_status":"closed","template":"","meta":{"_acf_changed":false,"footnotes":""},"class_list":["post-364","page","type-page","status-publish","hentry"],"acf":{"pages":false,"has_subtitle":true,"subtitle":"Vorteile des Beitritts f\u00fcr Ihr Unternehmen","gray_line":true,"has_logo_page":true,"logo_page":"https:\/\/visionzero.lu\/wp-content\/uploads\/2019\/10\/Vison_Zero_logo_EntrepriseEngagee_Q.png","size_content":"9","content":false},"_links":{"self":[{"href":"https:\/\/visionzero.lu\/de\/wp-json\/wp\/v2\/pages\/364","targetHints":{"allow":["GET"]}}],"collection":[{"href":"https:\/\/visionzero.lu\/de\/wp-json\/wp\/v2\/pages"}],"about":[{"href":"https:\/\/visionzero.lu\/de\/wp-json\/wp\/v2\/types\/page"}],"author":[{"embeddable":true,"href":"https:\/\/visionzero.lu\/de\/wp-json\/wp\/v2\/users\/1"}],"replies":[{"embeddable":true,"href":"https:\/\/visionzero.lu\/de\/wp-json\/wp\/v2\/comments?post=364"}],"version-history":[{"count":0,"href":"https:\/\/visionzero.lu\/de\/wp-json\/wp\/v2\/pages\/364\/revisions"}],"up":[{"embeddable":true,"href":"https:\/\/visionzero.lu\/de\/wp-json\/wp\/v2\/pages\/372"}],"wp:attachment":[{"href":"https:\/\/visionzero.lu\/de\/wp-json\/wp\/v2\/media?parent=364"}],"curies":[{"name":"wp","href":"https:\/\/api.w.org\/{rel}","templated":true}]}}